{"id":6148,"date":"2018-02-13T11:50:16","date_gmt":"2018-02-13T10:50:16","guid":{"rendered":"http:\/\/marcottestyle.com\/?page_id=6148"},"modified":"2018-02-22T09:43:24","modified_gmt":"2018-02-22T08:43:24","slug":"sessel","status":"publish","type":"page","link":"https:\/\/marcottestyle.com\/de\/sessel\/","title":{"rendered":"Sessel"},"content":{"rendered":"<h3>Eigene Kollektionen:<\/h3>\n<p>Das Ausw\u00e4hlen der passenden Sessel und Sofas ist einer der Grundsteine f\u00fcr eine gelungene Inneneinrichtung. Marcottestyle wird Ihnen nicht einfach einen Wohnzimmersessel oder Sofa mit einem Wohnzimmertisch verkaufen, ohne erst die vollst\u00e4ndige Einrichtung zumindest des kompletten Wohnbereichs zu \u00fcberarbeiten.<\/p>\n<p>Nur ein neues Sofa mit einem Tischchen in einem Einkaufspark kaufen, ohne dabei zu ber\u00fccksichtigen, ob diese in die Umgebung und Dekoration des Wohnbereichs passen, ist eine verlorene Investierung. Marcottestyle wird Ihnen nicht nur einen besseren Preis anbieten k\u00f6nnen, weil wir direkt und ohne Zwischenhandel arbeiten, sondern auch eine pers\u00f6nliche professionelle Beratung anbieten. Es wird immer dieselbe Ansprechperson zu Ihnen nach Hause kommen und das Projekt weiter begleiten. Daher sind Missverst\u00e4ndnisse hier normalerweise unm\u00f6glich.<\/p>\n<p>Bei Marcottestyle ist eine Gesamteinrichtung also immer eine Win\/Win-Situation f\u00fcr beide Parteien, auch ohne Honorar f\u00fcr die Ausf\u00fchrung.<\/p>\n<p>In unseren im ganzen Land verteilten Showrooms k\u00f6nnen Sie auf mehr als 6000 m\u00b2 Ihre Wahl treffen. Bei einem Gesamtkonzept k\u00f6nnen wir auch andere Alternativen suchen, die perfekt in die gesamte Einrichtung passen, falls Sie trotzdem nicht die passenden Wohnzimmerm\u00f6bel gefunden haben.<\/p>\n<p>[seo-gallery type=&#8221;3-columns&#8221; taxonomy=&#8221;132&#8243; num=&#8221;4,11&#8243;]<\/p>\n<p>Da es so viele Modelle gibt und regelm\u00e4\u00dfig neue Kreationen in die Kollektion kommen, k\u00f6nnen wir Ihnen hier nur einige Modelle zeigen.<\/p>\n<p>Verw\u00f6hnen Sie sich selbst und entdecken Sie mehr von Marcottestyle. Schauen Sie sich einige\u00a0unserer Realisierungen\u00a0an!<\/p>\n<p>Our interior designer will help you pick suitable seats and sofas with matching colours: the foundation of successful interior decoration.<\/p>\n","protected":false},"excerpt":{"rendered":"<p>Eigene Kollektionen: Das Ausw\u00e4hlen der passenden Sessel und Sofas ist einer der Grundsteine f\u00fcr eine gelungene Inneneinrichtung. Marcottestyle wird Ihnen nicht einfach einen Wohnzimmersessel oder&#8230;<\/p>\n","protected":false},"author":2,"featured_media":0,"parent":0,"menu_order":23,"comment_status":"closed","ping_status":"closed","template":"elementor_header_footer","meta":{"ngg_post_thumbnail":0,"footnotes":""},"class_list":["post-6148","page","type-page","status-publish","hentry"],"_links":{"self":[{"href":"https:\/\/marcottestyle.com\/de\/wp-json\/wp\/v2\/pages\/6148","targetHints":{"allow":["GET"]}}],"collection":[{"href":"https:\/\/marcottestyle.com\/de\/wp-json\/wp\/v2\/pages"}],"about":[{"href":"https:\/\/marcottestyle.com\/de\/wp-json\/wp\/v2\/types\/page"}],"author":[{"embeddable":true,"href":"https:\/\/marcottestyle.com\/de\/wp-json\/wp\/v2\/users\/2"}],"replies":[{"embeddable":true,"href":"https:\/\/marcottestyle.com\/de\/wp-json\/wp\/v2\/comments?post=6148"}],"version-history":[{"count":2,"href":"https:\/\/marcottestyle.com\/de\/wp-json\/wp\/v2\/pages\/6148\/revisions"}],"predecessor-version":[{"id":6150,"href":"https:\/\/marcottestyle.com\/de\/wp-json\/wp\/v2\/pages\/6148\/revisions\/6150"}],"wp:attachment":[{"href":"https:\/\/marcottestyle.com\/de\/wp-json\/wp\/v2\/media?parent=6148"}],"curies":[{"name":"wp","href":"https:\/\/api.w.org\/{rel}","templated":true}]}}