{"id":6153,"date":"2018-02-13T12:02:29","date_gmt":"2018-02-13T11:02:29","guid":{"rendered":"http:\/\/marcottestyle.com\/?page_id=6153"},"modified":"2020-01-20T11:39:30","modified_gmt":"2020-01-20T10:39:30","slug":"stuhle","status":"publish","type":"page","link":"https:\/\/marcottestyle.com\/de\/stuhle\/","title":{"rendered":"St\u00fchle"},"content":{"rendered":"<h3>Eigene Kollektionen:<\/h3>\n<p>Hier erhalten Sie bereits einen Vorgeschmack von einigen St\u00fchlen, die Marcottestyle st\u00e4ndig verf\u00fcgbar hat und die in den Stil Ihrer neuen Einrichtung passen k\u00f6nnten. Da Sie direkt beim Gro\u00dfh\u00e4ndler oder Importeur kaufen, sparen Sie auch hierbei die Gewinnspanne des Zwischenhandels. Im Rahmen eines Gesamtprojektes macht der Innenarchitekt f\u00fcr Sie eine Vorauswahl von den St\u00fchlen, die am besten zum Rest der Einrichtung passen. Auf diese Weise kann der Innenarchitekt Ihnen bereits in den Architektur-Unterlagen eine \u00dcbersicht Ihrer vorl\u00e4ufigen Auswahl des Mobiliars geben, das in die neue Einrichtung passen w\u00fcrde und Ihnen auch den Preis f\u00fcr dieses Mobiliar nennen. Das gibt Ihnen die Gelegenheit, entweder teurere oder preiswertere St\u00fchle in Betracht zu ziehen. Sie werden sich gemeinsam mit dem Raumausstatter in unseren Showrooms umschauen und die endg\u00fcltige Wahl treffen.<\/p>\n<blockquote><p>Eine gelungene Inneneinrichtung ist das Formen einer Einheit, die der Raumgestalter nur vervollst\u00e4ndigen kann, wenn fast alle R\u00e4ume in Angriff genommen werden.<\/p><\/blockquote>\n<p>[seo-gallery type=&#8221;3-columns&#8221; taxonomy=&#8221;134&#8243; num=&#8221;4,11&#8243;]<\/p>\n<p>Die meisten St\u00fchle sind auf Vorrat und sind in verschiedenen Stoffen erh\u00e4ltlich. Ein Innenarchitekt kann die Stoffe der St\u00fchle auch auf die der Sessel abstimmen, die ihrerseits zu den Farben der Gardinen, Tapeten und Wandfarbe passen werden.<\/p>\n<p>Bei einer Ausf\u00fchrung eines gesamten Einrichtungsentwurfs wird kein Honorar berechnet, und die Inneneinrichtung Ihres Wohnzimmers wird so aussehen, wie Sie es sich w\u00fcnschen, wobei der Raumgestalter Sie auch durch das Farbsortiment f\u00fchren wird, damit die richtige Wahl f\u00fcr die Malerarbeiten gemacht werden kann. Diese Farbenberatung ist vollkommen kostenlos, da unser Ziel nur dann erreicht ist, wenn die gesamte Einrichtung harmonisch ist und alles zueinander passt.<\/p>\n<p>Verw\u00f6hnen Sie sich selbst und entdecken Sie mehr von Marcottestyle. Schauen Sie sich einige\u00a0unserer Realisierungen!<\/p>\n<p>Hier gibt es einen Vorgeschmack einiger St\u00fchle, die Marcotte Style st\u00e4ndig auf Vorrat hat und die perfekt zu dem Stil von Ihrer neuen Einrichtung passen k\u00f6nnten.<\/p>\n","protected":false},"excerpt":{"rendered":"<p>Eigene Kollektionen: Hier erhalten Sie bereits einen Vorgeschmack von einigen St\u00fchlen, die Marcottestyle st\u00e4ndig verf\u00fcgbar hat und die in den Stil Ihrer neuen Einrichtung passen&#8230;<\/p>\n","protected":false},"author":2,"featured_media":0,"parent":0,"menu_order":24,"comment_status":"closed","ping_status":"closed","template":"elementor_header_footer","meta":{"ngg_post_thumbnail":0,"footnotes":""},"class_list":["post-6153","page","type-page","status-publish","hentry"],"_links":{"self":[{"href":"https:\/\/marcottestyle.com\/de\/wp-json\/wp\/v2\/pages\/6153","targetHints":{"allow":["GET"]}}],"collection":[{"href":"https:\/\/marcottestyle.com\/de\/wp-json\/wp\/v2\/pages"}],"about":[{"href":"https:\/\/marcottestyle.com\/de\/wp-json\/wp\/v2\/types\/page"}],"author":[{"embeddable":true,"href":"https:\/\/marcottestyle.com\/de\/wp-json\/wp\/v2\/users\/2"}],"replies":[{"embeddable":true,"href":"https:\/\/marcottestyle.com\/de\/wp-json\/wp\/v2\/comments?post=6153"}],"version-history":[{"count":3,"href":"https:\/\/marcottestyle.com\/de\/wp-json\/wp\/v2\/pages\/6153\/revisions"}],"predecessor-version":[{"id":6383,"href":"https:\/\/marcottestyle.com\/de\/wp-json\/wp\/v2\/pages\/6153\/revisions\/6383"}],"wp:attachment":[{"href":"https:\/\/marcottestyle.com\/de\/wp-json\/wp\/v2\/media?parent=6153"}],"curies":[{"name":"wp","href":"https:\/\/api.w.org\/{rel}","templated":true}]}}