{"id":6161,"date":"2018-02-13T12:05:49","date_gmt":"2018-02-13T11:05:49","guid":{"rendered":"http:\/\/marcottestyle.com\/?page_id=6161"},"modified":"2024-09-28T13:20:12","modified_gmt":"2024-09-28T11:20:12","slug":"decke","status":"publish","type":"page","link":"https:\/\/marcottestyle.com\/de\/decke\/","title":{"rendered":"Decken"},"content":{"rendered":"<h3>Orte<\/h3>\n<p>  Die Installation von abgeh\u00e4ngten Decken mit Querlatten auf kleinen Balken ist typisch f\u00fcr eine Inneneinrichtung im Landhausstil.<br \/>\nIhr Innenarchitekt wird daf\u00fcr sorgen, dass alle Strahler an den Stellen, an denen das Licht wirklich ben\u00f6tigt wird, gut verteilt sind und an anderen Stellen etwas weniger, um Atmosph\u00e4re zu schaffen.<br \/>\nDank CNC-Maschinen werden gro\u00dfe MDF-Platten zu einem fast nahtlosen Ganzen verarbeitet.<br \/>\nIn diesem Fall gibt es weniger oder gar kein Schrumpfen oder Ausdehnen des Holzes, wie man es von einem solide verarbeiteten Interieur erwartet.<br \/>\nNehmen Sie unverbindlich Kontakt mit uns auf Nat\u00fcrlich werden Zwischendecken aus flachem Gyprox auch als Teil einer kompletten Inneneinrichtung realisiert.<br \/>\nSo baut der Innenarchitekt in der Regel neben ein paar Strahlern auch Spieluhren ein, die der Inneneinrichtung bereits einen gewissen Wert verleihen.<br \/>\nAchtung: Eine sch\u00f6ne, glatte, streichfertige Decke zu installieren ist eine kleine Kunst.<br \/>\nSie erfordert zwar mehr Zeit, wird aber durch die Zeitersparnis des Malers doppelt entsch\u00e4digt.         [seo-gallery type=&#8221;3-columns&#8221; taxonomy=&#8221;136&#8243; num=&#8221;4,11&#8243;]<\/p>\n<h3>Deckenrenovierungen und Deckenverkleidungen<\/h3>\n<p>  Denken Sie daran, eine neue Decke zu installieren oder Ihre bestehende zu renovieren?<br \/>\nMarcotte Style ist spezialisiert auf Deckenverkleidungen, Deckenrenovierungen und Deckenreparaturen.<br \/>\nWir garantieren Ihnen eine perfekte Deckenverkleidung, ganz nach Ihrem Geschmack und Stil.<br \/>\nW\u00fcnschen Sie sich etwas L\u00e4ndliches oder lieber etwas Modernes?<br \/>\nEs ist alles m\u00f6glich.<br \/>\nF\u00fcr uns ist die Herstellung einer Decke immer ein neues Projekt, das von Grund auf neu begonnen wird.<br \/>\nSie k\u00f6nnen Ihre Deckenrenovierung ruhigen Gewissens Marcotte Style \u00fcberlassen, vom Konzept bis zum letzten Schliff.<br \/>\nWir verwenden nur die hochwertigsten Materialien f\u00fcr unsere Deckenverkleidungen.         <\/p>\n<blockquote><p>Auch Decken geh\u00f6ren zu einem bestimmten Stil.<br \/>\nMarcotte Style sorgt daf\u00fcr, dass Ihre Decke auch in die Inneneinrichtung integriert wird. <\/p><\/blockquote>\n","protected":false},"excerpt":{"rendered":"<p>Orte Die Installation von abgeh\u00e4ngten Decken mit Querlatten auf kleinen Balken ist typisch f\u00fcr eine Inneneinrichtung im Landhausstil. Ihr Innenarchitekt wird daf\u00fcr sorgen, dass alle&#8230;<\/p>\n","protected":false},"author":2,"featured_media":0,"parent":0,"menu_order":26,"comment_status":"closed","ping_status":"closed","template":"elementor_header_footer","meta":{"ngg_post_thumbnail":0,"footnotes":""},"class_list":["post-6161","page","type-page","status-publish","hentry"],"_links":{"self":[{"href":"https:\/\/marcottestyle.com\/de\/wp-json\/wp\/v2\/pages\/6161","targetHints":{"allow":["GET"]}}],"collection":[{"href":"https:\/\/marcottestyle.com\/de\/wp-json\/wp\/v2\/pages"}],"about":[{"href":"https:\/\/marcottestyle.com\/de\/wp-json\/wp\/v2\/types\/page"}],"author":[{"embeddable":true,"href":"https:\/\/marcottestyle.com\/de\/wp-json\/wp\/v2\/users\/2"}],"replies":[{"embeddable":true,"href":"https:\/\/marcottestyle.com\/de\/wp-json\/wp\/v2\/comments?post=6161"}],"version-history":[{"count":3,"href":"https:\/\/marcottestyle.com\/de\/wp-json\/wp\/v2\/pages\/6161\/revisions"}],"predecessor-version":[{"id":39329,"href":"https:\/\/marcottestyle.com\/de\/wp-json\/wp\/v2\/pages\/6161\/revisions\/39329"}],"wp:attachment":[{"href":"https:\/\/marcottestyle.com\/de\/wp-json\/wp\/v2\/media?parent=6161"}],"curies":[{"name":"wp","href":"https:\/\/api.w.org\/{rel}","templated":true}]}}