{"id":6166,"date":"2018-02-13T12:08:38","date_gmt":"2018-02-13T11:08:38","guid":{"rendered":"http:\/\/marcottestyle.com\/?page_id=6166"},"modified":"2024-09-28T13:20:14","modified_gmt":"2024-09-28T11:20:14","slug":"outdoor-mobel","status":"publish","type":"page","link":"https:\/\/marcottestyle.com\/de\/raume\/outdoor-mobel\/","title":{"rendered":"Terrasse"},"content":{"rendered":"<h3>Dekoration der Terrasse<\/h3>\n<p>  Die Dekoration einer Terrasse wird bei dem rauen Wetter im Norden manchmal vergessen.<br \/>\nWir von Marcotte Style sehen die Terrasse als eine Erweiterung des Hauses, wo auch die Einrichtung angemessen sein sollte.<br \/>\nSo ber\u00fccksichtigt die Terrasseneinrichtung Ihre W\u00fcnsche und die Umgebung, um eine charaktervolle und harmonische Terrassengestaltung zu schaffen.<br \/>\nMarcotte Style ist Hauptvertriebsh\u00e4ndler der bekannten Luxusmarke VONDOM.<br \/>\nDiese Gartenm\u00f6bel werden normalerweise in F\u00fcnf-Sterne-Hotels mit Dachterrasse oder gro\u00dfen Luxusterrassen aufgestellt.<br \/>\nDie Kissen k\u00f6nnen nach Ihrer Wahl auch UV- und wasserbest\u00e4ndig gemacht werden.<br \/>\nAu\u00dferdem sind viele Farben sowohl f\u00fcr die Kissen als auch f\u00fcr die Materialien erh\u00e4ltlich.<br \/>\nMarcotte Style ist immer auf der Suche nach neuen Formen und Materialien, um einzigartige St\u00fccke zu schaffen.<br \/>\nDank der verschiedenen Kombinationen von Materialien und Farben ist jede Marcotte Style Terrasseneinrichtung einzigartig.<br \/>\nWerfen Sie auch <a href=\"http:\/\/marcottestyle.com\/dak-terrassen\/\" target=\"_blank\" rel=\"noopener\">einen<\/a> Blick <a href=\"http:\/\/marcottestyle.com\/dak-terrassen\/\" target=\"_blank\" rel=\"noopener\">auf<\/a> unsere exklusive Dachterrasse von Marcotte Style <a href=\"http:\/\/marcottestyle.com\/dak-terrassen\/\" target=\"_blank\" rel=\"noopener\">\u00fcber diesen Link<\/a>. [seo-gallery type=&#8221;3-columns&#8221; taxonomy=&#8221;138&#8243; num=&#8221;4,11&#8243;]<\/p>\n<blockquote><p>Gartenm\u00f6bel aus der Marcotte-Kollektion haben immer ein besonderes Design, das sie einzigartig macht.<\/p><\/blockquote>\n<p> Nehmen Sie Kontakt mit <a href=\"http:\/\/marcottestyle.com\/contact\/\">uns<\/a> auf oder <a href=\"http:\/\/marcottestyle.com\/portfolio\/\">schauen Sie sich unser Portfolio an<\/a>.         <\/p>\n","protected":false},"excerpt":{"rendered":"<p>Dekoration der Terrasse Die Dekoration einer Terrasse wird bei dem rauen Wetter im Norden manchmal vergessen. Wir von Marcotte Style sehen die Terrasse als eine&#8230;<\/p>\n","protected":false},"author":2,"featured_media":0,"parent":6163,"menu_order":1,"comment_status":"closed","ping_status":"closed","template":"elementor_header_footer","meta":{"ngg_post_thumbnail":0,"footnotes":""},"class_list":["post-6166","page","type-page","status-publish","hentry"],"_links":{"self":[{"href":"https:\/\/marcottestyle.com\/de\/wp-json\/wp\/v2\/pages\/6166","targetHints":{"allow":["GET"]}}],"collection":[{"href":"https:\/\/marcottestyle.com\/de\/wp-json\/wp\/v2\/pages"}],"about":[{"href":"https:\/\/marcottestyle.com\/de\/wp-json\/wp\/v2\/types\/page"}],"author":[{"embeddable":true,"href":"https:\/\/marcottestyle.com\/de\/wp-json\/wp\/v2\/users\/2"}],"replies":[{"embeddable":true,"href":"https:\/\/marcottestyle.com\/de\/wp-json\/wp\/v2\/comments?post=6166"}],"version-history":[{"count":3,"href":"https:\/\/marcottestyle.com\/de\/wp-json\/wp\/v2\/pages\/6166\/revisions"}],"predecessor-version":[{"id":39334,"href":"https:\/\/marcottestyle.com\/de\/wp-json\/wp\/v2\/pages\/6166\/revisions\/39334"}],"up":[{"embeddable":true,"href":"https:\/\/marcottestyle.com\/de\/wp-json\/wp\/v2\/pages\/6163"}],"wp:attachment":[{"href":"https:\/\/marcottestyle.com\/de\/wp-json\/wp\/v2\/media?parent=6166"}],"curies":[{"name":"wp","href":"https:\/\/api.w.org\/{rel}","templated":true}]}}