{"id":6171,"date":"2018-02-13T12:10:41","date_gmt":"2018-02-13T11:10:41","guid":{"rendered":"http:\/\/marcottestyle.com\/?page_id=6171"},"modified":"2024-09-28T13:20:09","modified_gmt":"2024-09-28T11:20:09","slug":"dressings","status":"publish","type":"page","link":"https:\/\/marcottestyle.com\/de\/raume\/dressings\/","title":{"rendered":"Dressing"},"content":{"rendered":"<h3>Einrichtung<\/h3>\n<p>  Marcotte Style ist ein Spezialist f\u00fcr den Entwurf und die Anbringung der perfekten Verkleidung.<br \/>\nBei der Gestaltung sieht sich der Innenarchitekt den Raum an und bespricht die Anforderungen mit dem Kunden.<br \/>\nDer Innenarchitekt entwirft dann in Zusammenarbeit mit der Fabrik in Nordfrankreich den endg\u00fcltigen CAD-Plan.<br \/>\nDie Umkleidekabinen werden dann direkt in der Werkstatt nach Ma\u00df gefertigt.<br \/>\nUnd dank Hightech-S\u00e4ge- und Fr\u00e4smaschinen kann eine ma\u00dfgeschneiderte Garderobe zum Preis eines Standardschranks entworfen werden.      <\/p>\n<h3>Einrichten im Rahmen Ihres Budgets<\/h3>\n<p>  Marcotte Style kann sowohl gro\u00dfe als auch kleine R\u00e4ume einrichten, sorgt aber immer daf\u00fcr, dass der Platz optimal genutzt wird.<br \/>\nSie k\u00f6nnen die Einrichtung nach Ihren W\u00fcnschen gestalten: mehrere Schubladen, lackierte Oberfl\u00e4chen, zus\u00e4tzliche Regale, Stangen, spezielle Krawatten-, Hosen- und Rockhalter, ausziehbare Regale, Schuhregale, ausziehbare Spiegel, usw.<br \/>\nDer Innenarchitekt wird Ihnen dabei nat\u00fcrlich helfen.<br \/>\nKontaktieren Sie uns unverbindlich Lassen Sie sich eine hochwertige Garderobe entwerfen F\u00fcr eine komplette Inneneinrichtung kann Marcotte Style Ihnen auch eine hochwertige Luxusversion vorschlagen.<br \/>\nDort passen wir wirklich alles mit sch\u00f6n abgerundeten Tafeln an.<br \/>\nUnser Zweikomponenten-M\u00f6bellack verleiht Ihrer Ankleide nicht nur ein schickes Aussehen, sondern sorgt auch f\u00fcr Langlebigkeit.<br \/>\nIn unserem Showroom zeigen wir Ihnen nicht nur ein Dressing-Design von 40 laufenden Metern in dieser Luxusversion, sondern auch eine Ma\u00dfanfertigung nach dem ersten Prinzip.        \n\t\t<style type=\"text\/css\">\n\t\t\t#gallery-1 {\n\t\t\t\tmargin: auto;\n\t\t\t}\n\t\t\t#gallery-1 .gallery-item {\n\t\t\t\tfloat: left;\n\t\t\t\tmargin-top: 10px;\n\t\t\t\ttext-align: center;\n\t\t\t\twidth: 33%;\n\t\t\t}\n\t\t\t#gallery-1 img {\n\t\t\t\tborder: 2px solid #cfcfcf;\n\t\t\t}\n\t\t\t#gallery-1 .gallery-caption {\n\t\t\t\tmargin-left: 0;\n\t\t\t}\n\t\t\t\/* see gallery_shortcode() in wp-includes\/media.php *\/\n\t\t<\/style>\n\t\t<div id='gallery-1' class='gallery galleryid-6171 gallery-columns-3 gallery-size-thumbnail'><dl class='gallery-item'>\n\t\t\t<dt class='gallery-icon landscape'>\n\t\t\t\t<a href='https:\/\/marcottestyle.com\/de\/massgeschneidertes-dressing\/marcottestyle-dressing-2-2\/'><img decoding=\"async\" width=\"150\" height=\"150\" src=\"https:\/\/marcottestyle.com\/wp-content\/uploads\/xstore\/xstore-placeholder-1x1.png\" class=\"attachment-thumbnail size-thumbnail lazyload lazyload-simple et-lazyload-fadeIn\" alt=\"\" data-src=\"https:\/\/marcottestyle.com\/wp-content\/uploads\/2023\/11\/Marcottestyle-dressing-2-150x150.jpg\" title=\"\"><\/a>\n\t\t\t<\/dt><\/dl><dl class='gallery-item'>\n\t\t\t<dt class='gallery-icon landscape'>\n\t\t\t\t<a href='https:\/\/marcottestyle.com\/de\/massgeschneidertes-dressing\/marcottestyle-dressing-b-5-2\/'><img decoding=\"async\" width=\"150\" height=\"150\" src=\"https:\/\/marcottestyle.com\/wp-content\/uploads\/xstore\/xstore-placeholder-1x1.png\" class=\"attachment-thumbnail size-thumbnail lazyload lazyload-simple et-lazyload-fadeIn\" alt=\"\" data-src=\"https:\/\/marcottestyle.com\/wp-content\/uploads\/2023\/11\/Marcottestyle-dressing-b-5-150x150.jpg\" title=\"\"><\/a>\n\t\t\t<\/dt><\/dl><dl class='gallery-item'>\n\t\t\t<dt class='gallery-icon portrait'>\n\t\t\t\t<a href='https:\/\/marcottestyle.com\/de\/massgeschneidertes-dressing\/marcottestyle-dressing-13-2\/'><img decoding=\"async\" width=\"150\" height=\"150\" src=\"https:\/\/marcottestyle.com\/wp-content\/uploads\/xstore\/xstore-placeholder-1x1.png\" class=\"attachment-thumbnail size-thumbnail lazyload lazyload-simple et-lazyload-fadeIn\" alt=\"\" data-src=\"https:\/\/marcottestyle.com\/wp-content\/uploads\/2023\/11\/Marcottestyle-dressing-13-150x150.jpg\" title=\"\"><\/a>\n\t\t\t<\/dt><\/dl><br style=\"clear: both\" \/><dl class='gallery-item'>\n\t\t\t<dt class='gallery-icon portrait'>\n\t\t\t\t<a href='https:\/\/marcottestyle.com\/de\/massgeschneidertes-dressing\/marcottestyle-dressing-15-2\/'><img loading=\"lazy\" decoding=\"async\" width=\"150\" height=\"150\" src=\"https:\/\/marcottestyle.com\/wp-content\/uploads\/xstore\/xstore-placeholder-1x1.png\" class=\"attachment-thumbnail size-thumbnail lazyload lazyload-simple et-lazyload-fadeIn\" alt=\"\" data-src=\"https:\/\/marcottestyle.com\/wp-content\/uploads\/2023\/11\/Marcottestyle-dressing-15-150x150.jpg\" title=\"\"><\/a>\n\t\t\t<\/dt><\/dl><dl class='gallery-item'>\n\t\t\t<dt class='gallery-icon landscape'>\n\t\t\t\t<a href='https:\/\/marcottestyle.com\/de\/massgeschneidertes-dressing\/marcottestyle-dressing-10-2\/'><img loading=\"lazy\" decoding=\"async\" width=\"150\" height=\"150\" src=\"https:\/\/marcottestyle.com\/wp-content\/uploads\/xstore\/xstore-placeholder-1x1.png\" class=\"attachment-thumbnail size-thumbnail lazyload lazyload-simple et-lazyload-fadeIn\" alt=\"\" data-src=\"https:\/\/marcottestyle.com\/wp-content\/uploads\/2023\/11\/Marcottestyle-dressing-10-150x150.jpg\" title=\"\"><\/a>\n\t\t\t<\/dt><\/dl><dl class='gallery-item'>\n\t\t\t<dt class='gallery-icon landscape'>\n\t\t\t\t<a href='https:\/\/marcottestyle.com\/de\/massgeschneidertes-dressing\/marcottestyle-voor-en-na-kapellen-1-2\/'><img loading=\"lazy\" decoding=\"async\" width=\"150\" height=\"150\" src=\"https:\/\/marcottestyle.com\/wp-content\/uploads\/xstore\/xstore-placeholder-1x1.png\" class=\"attachment-thumbnail size-thumbnail lazyload lazyload-simple et-lazyload-fadeIn\" alt=\"\" data-src=\"https:\/\/marcottestyle.com\/wp-content\/uploads\/2023\/11\/Marcottestyle-voor-en-na-kapellen-1-150x150.jpg\" title=\"\"><\/a>\n\t\t\t<\/dt><\/dl><br style=\"clear: both\" \/><dl class='gallery-item'>\n\t\t\t<dt class='gallery-icon landscape'>\n\t\t\t\t<a href='https:\/\/marcottestyle.com\/de\/massgeschneidertes-dressing\/marcottestyle-voor-en-na-kapellen-3-2\/'><img loading=\"lazy\" decoding=\"async\" width=\"150\" height=\"150\" src=\"https:\/\/marcottestyle.com\/wp-content\/uploads\/xstore\/xstore-placeholder-1x1.png\" class=\"attachment-thumbnail size-thumbnail lazyload lazyload-simple et-lazyload-fadeIn\" alt=\"\" data-src=\"https:\/\/marcottestyle.com\/wp-content\/uploads\/2023\/11\/Marcottestyle-voor-en-na-kapellen-3-150x150.jpg\" title=\"\"><\/a>\n\t\t\t<\/dt><\/dl>\n\t\t\t<br style='clear: both' \/>\n\t\t<\/div>\n  Sie k\u00f6nnen sich die Ausf\u00fchrung dieses Verbandes jederzeit in einem unserer Ausstellungsr\u00e4ume nach Vereinbarung ansehen.  &nbsp;<\/p>\n<p>&nbsp;<\/p>\n<p>[seo-gallery type=&#8221;3-columns&#8221; taxonomy=&#8221;139&#8243; num=&#8221;4,11&#8243;]<\/p>\n<blockquote><p>Sie brauchen eine neue Garderobe?<br \/>\nMarcotte Style ist ein Spezialist f\u00fcr Design und kann Ihre Umgebung auch f\u00fcr kleinere Bereiche einrichten. <\/p><\/blockquote>\n<p> <a href=\"http:\/\/marcottestyle.com\/contact\/\">Kontaktieren Sie<\/a> uns unverbindlich oder <a href=\"http:\/\/marcottestyle.com\/portfolio\/\">schauen Sie sich unsere Referenzen an<\/a>.  [seo-gallery type=&#8221;4-columns&#8221; taxonomy=&#8221;139&#8243; num=&#8221;4,11&#8243;]<\/p>\n","protected":false},"excerpt":{"rendered":"<p>Einrichtung Marcotte Style ist ein Spezialist f\u00fcr den Entwurf und die Anbringung der perfekten Verkleidung. Bei der Gestaltung sieht sich der Innenarchitekt den Raum an&#8230;<\/p>\n","protected":false},"author":2,"featured_media":12301,"parent":6163,"menu_order":2,"comment_status":"closed","ping_status":"closed","template":"elementor_header_footer","meta":{"ngg_post_thumbnail":0,"footnotes":""},"class_list":["post-6171","page","type-page","status-publish","has-post-thumbnail","hentry"],"_links":{"self":[{"href":"https:\/\/marcottestyle.com\/de\/wp-json\/wp\/v2\/pages\/6171","targetHints":{"allow":["GET"]}}],"collection":[{"href":"https:\/\/marcottestyle.com\/de\/wp-json\/wp\/v2\/pages"}],"about":[{"href":"https:\/\/marcottestyle.com\/de\/wp-json\/wp\/v2\/types\/page"}],"author":[{"embeddable":true,"href":"https:\/\/marcottestyle.com\/de\/wp-json\/wp\/v2\/users\/2"}],"replies":[{"embeddable":true,"href":"https:\/\/marcottestyle.com\/de\/wp-json\/wp\/v2\/comments?post=6171"}],"version-history":[{"count":6,"href":"https:\/\/marcottestyle.com\/de\/wp-json\/wp\/v2\/pages\/6171\/revisions"}],"predecessor-version":[{"id":39328,"href":"https:\/\/marcottestyle.com\/de\/wp-json\/wp\/v2\/pages\/6171\/revisions\/39328"}],"up":[{"embeddable":true,"href":"https:\/\/marcottestyle.com\/de\/wp-json\/wp\/v2\/pages\/6163"}],"wp:featuredmedia":[{"embeddable":true,"href":"https:\/\/marcottestyle.com\/de\/wp-json\/wp\/v2\/media\/12301"}],"wp:attachment":[{"href":"https:\/\/marcottestyle.com\/de\/wp-json\/wp\/v2\/media?parent=6171"}],"curies":[{"name":"wp","href":"https:\/\/api.w.org\/{rel}","templated":true}]}}