{"id":6176,"date":"2018-02-13T12:12:25","date_gmt":"2018-02-13T11:12:25","guid":{"rendered":"http:\/\/marcottestyle.com\/?page_id=6176"},"modified":"2024-09-28T13:20:05","modified_gmt":"2024-09-28T11:20:05","slug":"buro","status":"publish","type":"page","link":"https:\/\/marcottestyle.com\/de\/raume\/buro\/","title":{"rendered":"B\u00fcro"},"content":{"rendered":"<h3>B\u00fcrogestaltung<\/h3>\n<p>  Geh\u00f6rt ein B\u00fcro auch zur Einrichtung Ihrer Wohnung?<br \/>\nMarcotte Style verwirklicht es f\u00fcr Sie.<br \/>\nIn einem neu gebauten Haus wird oft ein kleines und gem\u00fctliches B\u00fcro gew\u00fcnscht.<br \/>\nIn einem Haus auf dem Land schaffen wir mit massiven Eichenschreibtischen eine angenehme Atmosph\u00e4re f\u00fcr das B\u00fcro.<br \/>\nBei einem modernen Stil entwerfen wir lieber einen ma\u00dfgeschneiderten Schreibtisch mit Designer-B\u00fcrom\u00f6beln.<br \/>\nSie k\u00f6nnen sich ein B\u00fcrodesign vorstellen, das aus Glas, gespritztem Glas, PVC mit synthetischen Fasern oder einem massiven, hochglanzlackierten MDF besteht.       <\/p>\n<h3>Richten Sie Ihr B\u00fcro in demselben Stil ein<\/h3>\n<p>  Bei der B\u00fcrogestaltung in einem modernen Wohnzimmer k\u00f6nnen Sie an einen integrierten Schreibtisch im Wohnzimmer denken.<br \/>\nDieser sollte dann nat\u00fcrlich auf den Stil abgestimmt sein, den der Innenarchitekt mit Ihnen f\u00fcr die gesamte Wohnung festgelegt hat.<br \/>\nDer Innenarchitekt wird das B\u00fcro so einrichten, dass Sie nicht das Gef\u00fchl haben, in einem normalen B\u00fcro zu arbeiten.<br \/>\nDie Gem\u00fctlichkeit Ihres Zuhauses wird im Mittelpunkt stehen und sich in der Inneneinrichtung widerspiegeln.<br \/>\nKontaktieren Sie uns unverbindlich B\u00fcroeinrichtung f\u00fcr den Business-Markt Marcotte Style bietet auch B\u00fcrodesign f\u00fcr komplette B\u00fcros.<br \/>\nBei diesem Design steht die Funktionalit\u00e4t des Raums und der M\u00f6bel an erster Stelle.<br \/>\nDa Marcotte Style seine eigenen M\u00f6bel herstellt, ist es m\u00f6glich, ein komplettes B\u00fcro nach Ihrem eigenen Stil einzurichten.<br \/>\nSie k\u00f6nnen sich zum Beispiel f\u00fcr ein schlichtes B\u00fcrodesign oder ein moderneres B\u00fcrodesign entscheiden.         [seo-gallery type=&#8221;3-columns&#8221; taxonomy=&#8221;140&#8243; num=&#8221;4,11&#8243;]<\/p>\n<blockquote><p>Sind Sie auf der Suche nach neuen Designer-B\u00fcrom\u00f6beln oder m\u00f6chten Sie ein komplettes B\u00fcrodesign?<br \/>\nMarcotte Style verwirklicht es f\u00fcr Sie. <\/p><\/blockquote>\n<p> <a href=\"http:\/\/marcottestyle.com\/contact\/\">Kontaktieren Sie<\/a> uns unverbindlich oder <a href=\"http:\/\/marcottestyle.com\/portfolio\/\">schauen Sie sich unsere Referenzen an<\/a>.  &nbsp;<\/p>\n","protected":false},"excerpt":{"rendered":"<p>B\u00fcrogestaltung Geh\u00f6rt ein B\u00fcro auch zur Einrichtung Ihrer Wohnung? Marcotte Style verwirklicht es f\u00fcr Sie. In einem neu gebauten Haus wird oft ein kleines und&#8230;<\/p>\n","protected":false},"author":2,"featured_media":0,"parent":6163,"menu_order":3,"comment_status":"closed","ping_status":"closed","template":"elementor_header_footer","meta":{"ngg_post_thumbnail":0,"footnotes":""},"class_list":["post-6176","page","type-page","status-publish","hentry"],"_links":{"self":[{"href":"https:\/\/marcottestyle.com\/de\/wp-json\/wp\/v2\/pages\/6176","targetHints":{"allow":["GET"]}}],"collection":[{"href":"https:\/\/marcottestyle.com\/de\/wp-json\/wp\/v2\/pages"}],"about":[{"href":"https:\/\/marcottestyle.com\/de\/wp-json\/wp\/v2\/types\/page"}],"author":[{"embeddable":true,"href":"https:\/\/marcottestyle.com\/de\/wp-json\/wp\/v2\/users\/2"}],"replies":[{"embeddable":true,"href":"https:\/\/marcottestyle.com\/de\/wp-json\/wp\/v2\/comments?post=6176"}],"version-history":[{"count":4,"href":"https:\/\/marcottestyle.com\/de\/wp-json\/wp\/v2\/pages\/6176\/revisions"}],"predecessor-version":[{"id":39322,"href":"https:\/\/marcottestyle.com\/de\/wp-json\/wp\/v2\/pages\/6176\/revisions\/39322"}],"up":[{"embeddable":true,"href":"https:\/\/marcottestyle.com\/de\/wp-json\/wp\/v2\/pages\/6163"}],"wp:attachment":[{"href":"https:\/\/marcottestyle.com\/de\/wp-json\/wp\/v2\/media?parent=6176"}],"curies":[{"name":"wp","href":"https:\/\/api.w.org\/{rel}","templated":true}]}}