{"id":6183,"date":"2018-02-13T12:14:03","date_gmt":"2018-02-13T11:14:03","guid":{"rendered":"http:\/\/marcottestyle.com\/?page_id=6183"},"modified":"2024-09-28T13:20:08","modified_gmt":"2024-09-28T11:20:08","slug":"orangerie","status":"publish","type":"page","link":"https:\/\/marcottestyle.com\/de\/raume\/orangerie\/","title":{"rendered":"Orangerie"},"content":{"rendered":"<p>Die Orangerie ist ein gem\u00fctlicher Ort, an dem man sich zur\u00fcckziehen und in eine andere Welt eintauchen kann.<br \/>\nEgal, ob es sich um eine l\u00e4ndliche Einrichtung, ein Landhaus, ein modernes Haus oder ein Designhaus handelt, der Innenarchitekt von Marcotte Style sorgt immer f\u00fcr ein Design, bei dem alles zusammenpasst und man sich vollkommen entspannen kann.<br \/>\nDie Orangerie ist oft eine Erweiterung des Hauses, aber das Design muss so sein, dass sie Teil der gesamten Inneneinrichtung ist.    <\/p>\n<h3>Unser Angebot:<\/h3>\n<p>  Marcotte Style verf\u00fcgt \u00fcber eigene M\u00f6bel in verschiedenen Farben und Materialien, so dass die Einrichtung der Orangerie immer vollst\u00e4ndig auf den Stil der \u00fcbrigen Einrichtung abgestimmt werden kann.<br \/>\nDas macht sie zu einem Ort, an dem Sie sich v\u00f6llig austoben k\u00f6nnen.   [seo-gallery type=&#8221;3-columns&#8221; taxonomy=&#8221;141&#8243; num=&#8221;4,11&#8243;]<\/p>\n<blockquote><p>Bei der Inneneinrichtung der Orangerie passen alle Elemente zusammen, damit Sie sich vollkommen entspannen k\u00f6nnen.<br \/>\nZ\u00e4hlen Sie auf Marcotte Style! <\/p><\/blockquote>\n<p>  Nehmen Sie Kontakt mit <a href=\"http:\/\/marcottestyle.com\/contact\/\">uns<\/a> auf oder <a href=\"http:\/\/marcottestyle.com\/portfolio\/\">sehen Sie sich unsere Immobilien an<\/a>.<\/p>\n","protected":false},"excerpt":{"rendered":"<p>Die Orangerie ist ein gem\u00fctlicher Ort, an dem man sich zur\u00fcckziehen und in eine andere Welt eintauchen kann. Egal, ob es sich um eine l\u00e4ndliche&#8230;<\/p>\n","protected":false},"author":2,"featured_media":0,"parent":6163,"menu_order":4,"comment_status":"closed","ping_status":"closed","template":"elementor_header_footer","meta":{"ngg_post_thumbnail":0,"footnotes":""},"class_list":["post-6183","page","type-page","status-publish","hentry"],"_links":{"self":[{"href":"https:\/\/marcottestyle.com\/de\/wp-json\/wp\/v2\/pages\/6183","targetHints":{"allow":["GET"]}}],"collection":[{"href":"https:\/\/marcottestyle.com\/de\/wp-json\/wp\/v2\/pages"}],"about":[{"href":"https:\/\/marcottestyle.com\/de\/wp-json\/wp\/v2\/types\/page"}],"author":[{"embeddable":true,"href":"https:\/\/marcottestyle.com\/de\/wp-json\/wp\/v2\/users\/2"}],"replies":[{"embeddable":true,"href":"https:\/\/marcottestyle.com\/de\/wp-json\/wp\/v2\/comments?post=6183"}],"version-history":[{"count":3,"href":"https:\/\/marcottestyle.com\/de\/wp-json\/wp\/v2\/pages\/6183\/revisions"}],"predecessor-version":[{"id":39325,"href":"https:\/\/marcottestyle.com\/de\/wp-json\/wp\/v2\/pages\/6183\/revisions\/39325"}],"up":[{"embeddable":true,"href":"https:\/\/marcottestyle.com\/de\/wp-json\/wp\/v2\/pages\/6163"}],"wp:attachment":[{"href":"https:\/\/marcottestyle.com\/de\/wp-json\/wp\/v2\/media?parent=6183"}],"curies":[{"name":"wp","href":"https:\/\/api.w.org\/{rel}","templated":true}]}}