{"id":6186,"date":"2018-02-13T12:16:06","date_gmt":"2018-02-13T11:16:06","guid":{"rendered":"http:\/\/marcottestyle.com\/?page_id=6186"},"modified":"2024-09-28T13:20:04","modified_gmt":"2024-09-28T11:20:04","slug":"tv-raum","status":"publish","type":"page","link":"https:\/\/marcottestyle.com\/de\/raume\/tv-raum\/","title":{"rendered":"Fernsehzimmer"},"content":{"rendered":"<h3>Ein Fernsehzimmer dekorieren<\/h3>\n<p>  Das Fernsehzimmer ist ein Ort im Haus, an dem Sie Ihr Lieblingsfernsehprogramm genie\u00dfen oder sich mit der Familie zu einem Film treffen k\u00f6nnen.<br \/>\nDaher ist es wichtig, dass die Gestaltung des Fernsehzimmers Komfort ausstrahlt, aber auch noch zum Rest der Einrichtung passt.<br \/>\nDer Innenarchitekt von Marcotte Style wird immer daf\u00fcr sorgen, dass Komfort und Stil Hand in Hand gehen.<br \/>\nEin TV-Ger\u00e4t allein ist kein sch\u00f6nes Dekorationsobjekt, aber wenn man es in einem M\u00f6belst\u00fcck tarnt, kann es den M\u00f6beln und dem TV-Ger\u00e4t eine ganz neue Dimension verleihen.<br \/>\nSie k\u00f6nnen also auch die Inneneinrichtung dem Innenarchitekten von Marcotte Style \u00fcberlassen. [seo-gallery type=&#8221;3-columns&#8221; taxonomy=&#8221;142&#8243; num=&#8221;4,11&#8243;]<\/p>\n<blockquote><p>Der Innenarchitekt wird daf\u00fcr sorgen, dass Ihr Fernsehzimmer oder Ihr Fernsehraum in den Landhausstil, den Landhausstil, den modernen Stil oder den zeitgen\u00f6ssischen Stil passt.<\/p><\/blockquote>\n<p> Kontaktieren Sie <a href=\"http:\/\/marcottestyle.com\/contact\/\">uns<\/a> unverbindlich oder <a href=\"http:\/\/marcottestyle.com\/portfolio\/\">sehen Sie sich unser Portfolio an<\/a>.    <\/p>\n","protected":false},"excerpt":{"rendered":"<p>Ein Fernsehzimmer dekorieren Das Fernsehzimmer ist ein Ort im Haus, an dem Sie Ihr Lieblingsfernsehprogramm genie\u00dfen oder sich mit der Familie zu einem Film treffen&#8230;<\/p>\n","protected":false},"author":2,"featured_media":0,"parent":6163,"menu_order":5,"comment_status":"closed","ping_status":"closed","template":"elementor_header_footer","meta":{"ngg_post_thumbnail":0,"footnotes":""},"class_list":["post-6186","page","type-page","status-publish","hentry"],"_links":{"self":[{"href":"https:\/\/marcottestyle.com\/de\/wp-json\/wp\/v2\/pages\/6186","targetHints":{"allow":["GET"]}}],"collection":[{"href":"https:\/\/marcottestyle.com\/de\/wp-json\/wp\/v2\/pages"}],"about":[{"href":"https:\/\/marcottestyle.com\/de\/wp-json\/wp\/v2\/types\/page"}],"author":[{"embeddable":true,"href":"https:\/\/marcottestyle.com\/de\/wp-json\/wp\/v2\/users\/2"}],"replies":[{"embeddable":true,"href":"https:\/\/marcottestyle.com\/de\/wp-json\/wp\/v2\/comments?post=6186"}],"version-history":[{"count":4,"href":"https:\/\/marcottestyle.com\/de\/wp-json\/wp\/v2\/pages\/6186\/revisions"}],"predecessor-version":[{"id":39319,"href":"https:\/\/marcottestyle.com\/de\/wp-json\/wp\/v2\/pages\/6186\/revisions\/39319"}],"up":[{"embeddable":true,"href":"https:\/\/marcottestyle.com\/de\/wp-json\/wp\/v2\/pages\/6163"}],"wp:attachment":[{"href":"https:\/\/marcottestyle.com\/de\/wp-json\/wp\/v2\/media?parent=6186"}],"curies":[{"name":"wp","href":"https:\/\/api.w.org\/{rel}","templated":true}]}}