{"id":6197,"date":"2026-01-02T12:19:34","date_gmt":"2026-01-02T11:19:34","guid":{"rendered":"http:\/\/marcottestyle.com\/?page_id=6197"},"modified":"2024-12-15T23:12:15","modified_gmt":"2024-12-15T22:12:15","slug":"esszimmer","status":"publish","type":"page","link":"https:\/\/marcottestyle.com\/de\/raume\/esszimmer\/","title":{"rendered":"Essecke"},"content":{"rendered":"\t\t<div data-elementor-type=\"wp-page\" data-elementor-id=\"6197\" class=\"elementor elementor-6197 elementor-5498\" data-elementor-settings=\"{&quot;ha_cmc_init_switcher&quot;:&quot;no&quot;}\" data-elementor-post-type=\"page\">\n\t\t\t\t<div class=\"elementor-element elementor-element-833dbdc e-flex e-con-boxed e-con e-parent\" data-id=\"833dbdc\" data-element_type=\"container\" data-e-type=\"container\" data-settings=\"{&quot;_ha_eqh_enable&quot;:false}\">\n\t\t\t\t\t<div class=\"e-con-inner\">\n\t\t\t\t\t<\/div>\n\t\t\t\t<\/div>\n\t\t<div class=\"elementor-element elementor-element-e4f970c e-flex e-con-boxed e-con e-parent\" data-id=\"e4f970c\" data-element_type=\"container\" data-e-type=\"container\" data-settings=\"{&quot;_ha_eqh_enable&quot;:false}\">\n\t\t\t\t\t<div class=\"e-con-inner\">\n\t\t\t\t<div class=\"elementor-element elementor-element-1e16221 elementor-widget elementor-widget-spacer\" data-id=\"1e16221\" data-element_type=\"widget\" data-e-type=\"widget\" data-widget_type=\"spacer.default\">\n\t\t\t\t<div class=\"elementor-widget-container\">\n\t\t\t\t\t\t\t<div class=\"elementor-spacer\">\n\t\t\t<div class=\"elementor-spacer-inner\"><\/div>\n\t\t<\/div>\n\t\t\t\t\t\t<\/div>\n\t\t\t\t<\/div>\n\t\t\t\t\t<\/div>\n\t\t\t\t<\/div>\n\t\t<div class=\"elementor-element elementor-element-6ffbf93 e-flex e-con-boxed e-con e-parent\" data-id=\"6ffbf93\" data-element_type=\"container\" data-e-type=\"container\" data-settings=\"{&quot;_ha_eqh_enable&quot;:false}\">\n\t\t\t\t\t<div class=\"e-con-inner\">\n\t\t\t\t<div class=\"elementor-element elementor-element-20fb51b elementor-align-left elementor-widget elementor-widget-etheme_advanced_headline\" data-id=\"20fb51b\" data-element_type=\"widget\" data-e-type=\"widget\" data-widget_type=\"etheme_advanced_headline.default\">\n\t\t\t\t<div class=\"elementor-widget-container\">\n\t\t\t\t\t        \n        <div class=\"etheme-a-h-wrapper\">\n        \n            \n\t\t\t\n        <h2 class=\"etheme-advanced-headline etheme-advanced-headline-mask\">\n\n            Alle M\u00f6bel werden nach Ma\u00df angefertigt:\n        <\/h2>\n\t\t\n                    \n        <\/div>\n        \n\t\t\t\t\t\t<\/div>\n\t\t\t\t<\/div>\n\t\t\t\t\t<\/div>\n\t\t\t\t<\/div>\n\t\t<div class=\"elementor-element elementor-element-199688f e-flex e-con-boxed e-con e-parent\" data-id=\"199688f\" data-element_type=\"container\" data-e-type=\"container\" data-settings=\"{&quot;_ha_eqh_enable&quot;:false}\">\n\t\t\t\t\t<div class=\"e-con-inner\">\n\t\t\t\t<div class=\"elementor-element elementor-element-e548937 elementor-widget elementor-widget-text-editor\" data-id=\"e548937\" data-element_type=\"widget\" data-e-type=\"widget\" data-widget_type=\"text-editor.default\">\n\t\t\t\t<div class=\"elementor-widget-container\">\n\t\t\t\t\t\t\t\t\t<p><a href=\"https:\/\/shop.marcottestyle.com\/\" target=\"_blank\" rel=\"noopener noreferrer\"><span style=\"text-decoration: underline;\"><span style=\"color: #96825b; text-decoration: underline;\">Werfen Sie hier einen kurzen Blick auf einen Teil unserer St\u00fchle<\/span><\/span><\/a>, Barhockern und B\u00fcrost\u00fchlen, die ganz nach Ihren W\u00fcnschen <strong>angefertigt<\/strong> werden.<br \/>\nJeder Artikel ist ein Unikat: Sowohl die Abmessungen, die Farben und die Art des Stoffes oder Kunstleders oder italienischen Leders werden nach Ma\u00df gefertigt. <\/p>\n\t\t\t\t\t\t\t\t<\/div>\n\t\t\t\t<\/div>\n\t\t\t\t\t<\/div>\n\t\t\t\t<\/div>\n\t\t<div class=\"elementor-element elementor-element-3f6254d e-flex e-con-boxed e-con e-parent\" data-id=\"3f6254d\" data-element_type=\"container\" data-e-type=\"container\" data-settings=\"{&quot;_ha_eqh_enable&quot;:false}\">\n\t\t\t\t\t<div class=\"e-con-inner\">\n\t\t\t\t<div class=\"elementor-element elementor-element-0f21030 elementor-align-left elementor-widget elementor-widget-etheme_advanced_headline\" data-id=\"0f21030\" data-element_type=\"widget\" data-e-type=\"widget\" data-widget_type=\"etheme_advanced_headline.default\">\n\t\t\t\t<div class=\"elementor-widget-container\">\n\t\t\t\t\t        \n        <div class=\"etheme-a-h-wrapper\">\n        \n            \n\t\t\t\n        <h2 class=\"etheme-advanced-headline etheme-advanced-headline-mask\">\n\n            Moderne oder im Landhausstil eingerichtete Esszimmer\n        <\/h2>\n\t\t\n                    \n        <\/div>\n        \n\t\t\t\t\t\t<\/div>\n\t\t\t\t<\/div>\n\t\t\t\t\t<\/div>\n\t\t\t\t<\/div>\n\t\t<div class=\"elementor-element elementor-element-a016fa4 e-flex e-con-boxed e-con e-parent\" data-id=\"a016fa4\" data-element_type=\"container\" data-e-type=\"container\" data-settings=\"{&quot;_ha_eqh_enable&quot;:false}\">\n\t\t\t\t\t<div class=\"e-con-inner\">\n\t\t\t\t<div class=\"elementor-element elementor-element-7d4972a elementor-widget elementor-widget-text-editor\" data-id=\"7d4972a\" data-element_type=\"widget\" data-e-type=\"widget\" data-widget_type=\"text-editor.default\">\n\t\t\t\t<div class=\"elementor-widget-container\">\n\t\t\t\t\t\t\t\t\t<p>Ganz gleich, ob es sich um ein Esszimmer im Landhausstil oder ein modernes Esszimmer handelt, die Gestaltung des Esszimmers sollte immer im gleichen Stil erfolgen wie der Rest der Wohnung.<br \/>\nDie <span style=\"text-decoration: underline;\"><span style=\"color: #96825b;\"><a style=\"color: #96825b; text-decoration: underline;\" title=\"Innenarchitekt\" href=\"https:\/\/marcottestyle.com\/de\/innenarchitekt\/\">Innenarchitekt<\/a><\/span><\/span> von Marcotte Style wird daf\u00fcr sorgen, dass der Stil des Esszimmers perfekt zur gesamten Einrichtung passt.<br \/>\nVon der K\u00fcche bis zu den M\u00f6beln und der Garderobe; alle Elemente tragen zu einer v\u00f6llig homogenen Einrichtung bei.<br \/>\nEin modernes Esszimmer erfordert andere M\u00f6bel als ein Esszimmer im Landhausstil.<br \/>\nMarcotte Style hat eine eigene Kollektion von Designer-Esszimmerst\u00fchlen und -designs, die in verschiedenen Farben und Materialien erh\u00e4ltlich sind.    <\/p>\n\t\t\t\t\t\t\t\t<\/div>\n\t\t\t\t<\/div>\n\t\t\t\t\t<\/div>\n\t\t\t\t<\/div>\n\t\t<div class=\"elementor-element elementor-element-1570d24 e-flex e-con-boxed e-con e-parent\" data-id=\"1570d24\" data-element_type=\"container\" data-e-type=\"container\" data-settings=\"{&quot;_ha_eqh_enable&quot;:false}\">\n\t\t\t\t\t<div class=\"e-con-inner\">\n\t\t\t\t<div class=\"elementor-element elementor-element-ee27d96 elementor-align-left elementor-widget elementor-widget-etheme_advanced_headline\" data-id=\"ee27d96\" data-element_type=\"widget\" data-e-type=\"widget\" data-widget_type=\"etheme_advanced_headline.default\">\n\t\t\t\t<div class=\"elementor-widget-container\">\n\t\t\t\t\t        \n        <div class=\"etheme-a-h-wrapper\">\n        \n            \n\t\t\t\n        <h2 class=\"etheme-advanced-headline etheme-advanced-headline-mask\">\n\n            Design-Esszimmer voll integriert\n        <\/h2>\n\t\t\n                    \n        <\/div>\n        \n\t\t\t\t\t\t<\/div>\n\t\t\t\t<\/div>\n\t\t\t\t\t<\/div>\n\t\t\t\t<\/div>\n\t\t<div class=\"elementor-element elementor-element-4799f54 e-flex e-con-boxed e-con e-parent\" data-id=\"4799f54\" data-element_type=\"container\" data-e-type=\"container\" data-settings=\"{&quot;_ha_eqh_enable&quot;:false}\">\n\t\t\t\t\t<div class=\"e-con-inner\">\n\t\t\t\t<div class=\"elementor-element elementor-element-0da1188 elementor-widget elementor-widget-text-editor\" data-id=\"0da1188\" data-element_type=\"widget\" data-e-type=\"widget\" data-widget_type=\"text-editor.default\">\n\t\t\t\t<div class=\"elementor-widget-container\">\n\t\t\t\t\t\t\t\t\t<p>Das Esszimmer wird zunehmend als integrierter Raum im Gesamtkonzept der Inneneinrichtung gesehen.<br \/>\nDie Auswahl der passenden Esszimmerm\u00f6bel f\u00fcr das Designer-Esszimmer ist daher ein wichtiger Aspekt des Innenarchitekten geworden.<br \/>\nDie W\u00fcnsche und Vorlieben werden ausf\u00fchrlich mit dem Kunden besprochen und vom Innenarchitekten in ein Konzept umgesetzt, das perfekt zum Rest der Einrichtung passt.<br \/>\nKaufen Sie ein Esszimmer Sie k\u00f6nnen bei uns auch individuelle moderne Esstische und St\u00fchle kaufen.<br \/>\nMarcotte Style hat eine umfangreiche Kollektion von Esszimmerm\u00f6beln.<br \/>\nSo k\u00f6nnen Sie sich Ideen f\u00fcr Ihr eigenes Esszimmer holen oder sehen, ob ein Esszimmer im Landhausstil zu Ihnen passt.<br \/>\nLassen Sie sich inspirieren und entdecken Sie, wie Marcotte Style auch Ihren Essbereich umgestalten kann.      <\/p>\n\t\t\t\t\t\t\t\t<\/div>\n\t\t\t\t<\/div>\n\t\t\t\t\t<\/div>\n\t\t\t\t<\/div>\n\t\t<div class=\"elementor-element elementor-element-24fb69f e-flex e-con-boxed e-con e-parent\" data-id=\"24fb69f\" data-element_type=\"container\" data-e-type=\"container\" data-settings=\"{&quot;_ha_eqh_enable&quot;:false}\">\n\t\t\t\t\t<div class=\"e-con-inner\">\n\t\t\t\t<div class=\"elementor-element elementor-element-1edf1e0 elementor-widget elementor-widget-shortcode\" data-id=\"1edf1e0\" data-element_type=\"widget\" data-e-type=\"widget\" data-widget_type=\"shortcode.default\">\n\t\t\t\t<div class=\"elementor-widget-container\">\n\t\t\t\t\t\t\t<div class=\"elementor-shortcode\">ngg_shortcode_0_placeholder<\/div>\n\t\t\t\t\t\t<\/div>\n\t\t\t\t<\/div>\n\t\t\t\t<div class=\"elementor-element elementor-element-4385f4f elementor-widget elementor-widget-spacer\" data-id=\"4385f4f\" data-element_type=\"widget\" data-e-type=\"widget\" data-widget_type=\"spacer.default\">\n\t\t\t\t<div class=\"elementor-widget-container\">\n\t\t\t\t\t\t\t<div class=\"elementor-spacer\">\n\t\t\t<div class=\"elementor-spacer-inner\"><\/div>\n\t\t<\/div>\n\t\t\t\t\t\t<\/div>\n\t\t\t\t<\/div>\n\t\t\t\t\t<\/div>\n\t\t\t\t<\/div>\n\t\t<div class=\"elementor-element elementor-element-c06ae55 e-flex e-con-boxed e-con e-parent\" data-id=\"c06ae55\" data-element_type=\"container\" data-e-type=\"container\" data-settings=\"{&quot;_ha_eqh_enable&quot;:false}\">\n\t\t\t\t\t<div class=\"e-con-inner\">\n\t\t\t\t<div class=\"elementor-element elementor-element-c8ebcb1 elementor-widget elementor-widget-text-editor\" data-id=\"c8ebcb1\" data-element_type=\"widget\" data-e-type=\"widget\" data-widget_type=\"text-editor.default\">\n\t\t\t\t<div class=\"elementor-widget-container\">\n\t\t\t\t\t\t\t\t\t<p>Marcotte Style hat sich auf die Gestaltung von Essbereichen spezialisiert, die sich vollst\u00e4ndig an den Rest des Hauses anpassen.<br \/>\nWir arbeiten auch immer mit einem festen Designer zusammen. <\/p>\n\t\t\t\t\t\t\t\t<\/div>\n\t\t\t\t<\/div>\n\t\t\t\t\t<\/div>\n\t\t\t\t<\/div>\n\t\t<div class=\"elementor-element elementor-element-00d5b74 e-flex e-con-boxed e-con e-parent\" data-id=\"00d5b74\" data-element_type=\"container\" data-e-type=\"container\" data-settings=\"{&quot;_ha_eqh_enable&quot;:false}\">\n\t\t\t\t\t<div class=\"e-con-inner\">\n\t\t\t\t<div class=\"elementor-element elementor-element-1e2286e elementor-widget elementor-widget-text-editor\" data-id=\"1e2286e\" data-element_type=\"widget\" data-e-type=\"widget\" data-widget_type=\"text-editor.default\">\n\t\t\t\t<div class=\"elementor-widget-container\">\n\t\t\t\t\t\t\t\t\t<p>Gerne k\u00f6nnen Sie <span style=\"text-decoration: underline;\"><span style=\"color: #96825b;\"><a style=\"color: #96825b; text-decoration: underline;\" href=\"https:\/\/marcottestyle.com\/contact\/\">kontaktieren Sie<\/a><\/span><\/span> oder <span style=\"text-decoration: underline;\"><span style=\"color: #96825b;\"><a style=\"color: #96825b; text-decoration: underline;\" href=\"https:\/\/marcottestyle.com\/portfolio\/\">unsere Referenzen ansehen<\/a><\/span><\/span>.<\/p>\n\t\t\t\t\t\t\t\t<\/div>\n\t\t\t\t<\/div>\n\t\t\t\t\t<\/div>\n\t\t\t\t<\/div>\n\t\t<div class=\"elementor-element elementor-element-287a5dc e-flex e-con-boxed e-con e-parent\" data-id=\"287a5dc\" data-element_type=\"container\" data-e-type=\"container\" data-settings=\"{&quot;_ha_eqh_enable&quot;:false}\">\n\t\t\t\t\t<div class=\"e-con-inner\">\n\t\t\t\t<div class=\"elementor-element elementor-element-e27cb03 elementor-align-left elementor-widget elementor-widget-etheme_advanced_headline\" data-id=\"e27cb03\" data-element_type=\"widget\" data-e-type=\"widget\" data-widget_type=\"etheme_advanced_headline.default\">\n\t\t\t\t<div class=\"elementor-widget-container\">\n\t\t\t\t\t        \n        <div class=\"etheme-a-h-wrapper\">\n        \n            \n\t\t\t\n        <h2 class=\"etheme-advanced-headline etheme-advanced-headline-mask\">\n\n            Verkleiden Sie den Essbereich:\n        <\/h2>\n\t\t\n                    \n        <\/div>\n        \n\t\t\t\t\t\t<\/div>\n\t\t\t\t<\/div>\n\t\t\t\t\t<\/div>\n\t\t\t\t<\/div>\n\t\t<div class=\"elementor-element elementor-element-87ea568 e-flex e-con-boxed e-con e-parent\" data-id=\"87ea568\" data-element_type=\"container\" data-e-type=\"container\" data-settings=\"{&quot;_ha_eqh_enable&quot;:false}\">\n\t\t\t\t\t<div class=\"e-con-inner\">\n\t\t\t\t<div class=\"elementor-element elementor-element-193d697 elementor-widget elementor-widget-text-editor\" data-id=\"193d697\" data-element_type=\"widget\" data-e-type=\"widget\" data-widget_type=\"text-editor.default\">\n\t\t\t\t<div class=\"elementor-widget-container\">\n\t\t\t\t\t\t\t\t\t<p>Es ist nicht empfehlenswert, einfach einen Esstisch mit ein paar St\u00fchlen in einem M\u00f6belgesch\u00e4ft zu kaufen.<br \/>\nEs muss eine Dekoration vorhanden sein.<br \/>\nDies ist nur m\u00f6glich, wenn alle M\u00f6bel und die Dekoration ein Ganzes bilden.<br \/>\nWenn Sie also einen Esstisch kaufen, ist es wichtig, das gesamte Esszimmer mit einem passenden Teppich, Vorh\u00e4ngen, Sideboard-M\u00f6beln usw. einzurichten.<br \/>\nVergessen Sie auch nicht, die richtigen Farben gut zu kombinieren.<br \/>\nUnser <span style=\"text-decoration: underline;\"><span style=\"color: #96825b;\"><a style=\"color: #96825b; text-decoration: underline;\" title=\"Innenarchitekt\" href=\"https:\/\/marcottestyle.com\/de\/innenarchitekt-marcottestyle\/\">Innenarchitekt<\/a><\/span><\/span> kann Sie dabei voll und ganz unterst\u00fctzen und Ihnen den richtigen Rat geben.     <\/p>\n\t\t\t\t\t\t\t\t<\/div>\n\t\t\t\t<\/div>\n\t\t\t\t\t<\/div>\n\t\t\t\t<\/div>\n\t\t\t\t<\/div>\n\t\t","protected":false},"excerpt":{"rendered":"<p>[rev_slider alias=&#8221;Eetplaats&#8221; slidertitle=&#8221;Eetplaats&#8221;][\/rev_slider] Alle M\u00f6bel werden nach Ma\u00df angefertigt: Werfen Sie hier einen kurzen Blick auf einen Teil unserer St\u00fchle, Barhockern und B\u00fcrost\u00fchlen, die ganz&#8230;<\/p>\n","protected":false},"author":2,"featured_media":12313,"parent":6163,"menu_order":7,"comment_status":"closed","ping_status":"closed","template":"elementor_header_footer","meta":{"ngg_post_thumbnail":0,"footnotes":""},"class_list":["post-6197","page","type-page","status-publish","has-post-thumbnail","hentry"],"_links":{"self":[{"href":"https:\/\/marcottestyle.com\/de\/wp-json\/wp\/v2\/pages\/6197","targetHints":{"allow":["GET"]}}],"collection":[{"href":"https:\/\/marcottestyle.com\/de\/wp-json\/wp\/v2\/pages"}],"about":[{"href":"https:\/\/marcottestyle.com\/de\/wp-json\/wp\/v2\/types\/page"}],"author":[{"embeddable":true,"href":"https:\/\/marcottestyle.com\/de\/wp-json\/wp\/v2\/users\/2"}],"replies":[{"embeddable":true,"href":"https:\/\/marcottestyle.com\/de\/wp-json\/wp\/v2\/comments?post=6197"}],"version-history":[{"count":12,"href":"https:\/\/marcottestyle.com\/de\/wp-json\/wp\/v2\/pages\/6197\/revisions"}],"predecessor-version":[{"id":43026,"href":"https:\/\/marcottestyle.com\/de\/wp-json\/wp\/v2\/pages\/6197\/revisions\/43026"}],"up":[{"embeddable":true,"href":"https:\/\/marcottestyle.com\/de\/wp-json\/wp\/v2\/pages\/6163"}],"wp:featuredmedia":[{"embeddable":true,"href":"https:\/\/marcottestyle.com\/de\/wp-json\/wp\/v2\/media\/12313"}],"wp:attachment":[{"href":"https:\/\/marcottestyle.com\/de\/wp-json\/wp\/v2\/media?parent=6197"}],"curies":[{"name":"wp","href":"https:\/\/api.w.org\/{rel}","templated":true}]}}