{"id":6215,"date":"2026-01-01T12:28:19","date_gmt":"2026-01-01T11:28:19","guid":{"rendered":"http:\/\/marcottestyle.com\/?page_id=6215"},"modified":"2024-12-15T23:10:55","modified_gmt":"2024-12-15T22:10:55","slug":"wohnzimmer","status":"publish","type":"page","link":"https:\/\/marcottestyle.com\/de\/raume\/wohnzimmer\/","title":{"rendered":"Wohnr\u00e4ume"},"content":{"rendered":"\t\t<div data-elementor-type=\"wp-page\" data-elementor-id=\"6215\" class=\"elementor elementor-6215 elementor-5506\" data-elementor-settings=\"{&quot;ha_cmc_init_switcher&quot;:&quot;no&quot;}\" data-elementor-post-type=\"page\">\n\t\t\t\t<div class=\"elementor-element elementor-element-5d0c404 e-flex e-con-boxed e-con e-parent\" data-id=\"5d0c404\" data-element_type=\"container\" data-e-type=\"container\" data-settings=\"{&quot;_ha_eqh_enable&quot;:false}\">\n\t\t\t\t\t<div class=\"e-con-inner\">\n\t\t\t\t\t<\/div>\n\t\t\t\t<\/div>\n\t\t<div class=\"elementor-element elementor-element-81c0b43 e-flex e-con-boxed e-con e-parent\" data-id=\"81c0b43\" data-element_type=\"container\" data-e-type=\"container\" data-settings=\"{&quot;_ha_eqh_enable&quot;:false}\">\n\t\t\t\t\t<div class=\"e-con-inner\">\n\t\t\t\t<div class=\"elementor-element elementor-element-f976af4 elementor-widget elementor-widget-spacer\" data-id=\"f976af4\" data-element_type=\"widget\" data-e-type=\"widget\" data-widget_type=\"spacer.default\">\n\t\t\t\t<div class=\"elementor-widget-container\">\n\t\t\t\t\t\t\t<div class=\"elementor-spacer\">\n\t\t\t<div class=\"elementor-spacer-inner\"><\/div>\n\t\t<\/div>\n\t\t\t\t\t\t<\/div>\n\t\t\t\t<\/div>\n\t\t\t\t\t<\/div>\n\t\t\t\t<\/div>\n\t\t<div class=\"elementor-element elementor-element-65c1878 e-flex e-con-boxed e-con e-parent\" data-id=\"65c1878\" data-element_type=\"container\" data-e-type=\"container\" data-settings=\"{&quot;_ha_eqh_enable&quot;:false}\">\n\t\t\t\t\t<div class=\"e-con-inner\">\n\t\t\t\t<div class=\"elementor-element elementor-element-1db9e8a elementor-align-left elementor-widget elementor-widget-etheme_advanced_headline\" data-id=\"1db9e8a\" data-element_type=\"widget\" data-e-type=\"widget\" data-widget_type=\"etheme_advanced_headline.default\">\n\t\t\t\t<div class=\"elementor-widget-container\">\n\t\t\t\t\t        \n        <div class=\"etheme-a-h-wrapper\">\n        \n            \n\t\t\t\n        <h2 class=\"etheme-advanced-headline etheme-advanced-headline-mask\">\n\n            Marcottestyle liefert alle Sitze und Sofas nach Ma\u00df:\n        <\/h2>\n\t\t\n                    \n        <\/div>\n        \n\t\t\t\t\t\t<\/div>\n\t\t\t\t<\/div>\n\t\t\t\t\t<\/div>\n\t\t\t\t<\/div>\n\t\t<div class=\"elementor-element elementor-element-2983d72 e-flex e-con-boxed e-con e-parent\" data-id=\"2983d72\" data-element_type=\"container\" data-e-type=\"container\" data-settings=\"{&quot;_ha_eqh_enable&quot;:false}\">\n\t\t\t\t\t<div class=\"e-con-inner\">\n\t\t\t\t<div class=\"elementor-element elementor-element-9bbe4a2 elementor-widget elementor-widget-text-editor\" data-id=\"9bbe4a2\" data-element_type=\"widget\" data-e-type=\"widget\" data-widget_type=\"text-editor.default\">\n\t\t\t\t<div class=\"elementor-widget-container\">\n\t\t\t\t\t\t\t\t\t<p><span style=\"text-decoration: underline;\"><span style=\"color: #96825b; text-decoration: underline;\"><a style=\"color: #96825b; text-decoration: underline;\" href=\"https:\/\/shop.marcottestyle.com\/\" target=\"_blank\" rel=\"noopener noreferrer\">Werfen Sie einen kurzen Blick auf einen Teil unseres Angebots an<\/a> <\/span><\/span><strong>Sesseln und Sofas oder Couches<\/strong>.<br \/>\nJedes M\u00f6belst\u00fcck ist einzigartig, denn alles kann ganz nach Ihren W\u00fcnschen angefertigt werden.<br \/>\nIn Bezug auf Ma\u00dfe, Farben und Art des Stoffes oder Kunstleders oder italienischen Leders wird alles <strong>nach Ma\u00df gefertigt.<\/strong>  <\/p>\n\t\t\t\t\t\t\t\t<\/div>\n\t\t\t\t<\/div>\n\t\t\t\t\t<\/div>\n\t\t\t\t<\/div>\n\t\t<div class=\"elementor-element elementor-element-1f8002a e-flex e-con-boxed e-con e-parent\" data-id=\"1f8002a\" data-element_type=\"container\" data-e-type=\"container\" data-settings=\"{&quot;_ha_eqh_enable&quot;:false}\">\n\t\t\t\t\t<div class=\"e-con-inner\">\n\t\t\t\t<div class=\"elementor-element elementor-element-8b745a8 elementor-align-left elementor-widget elementor-widget-etheme_advanced_headline\" data-id=\"8b745a8\" data-element_type=\"widget\" data-e-type=\"widget\" data-widget_type=\"etheme_advanced_headline.default\">\n\t\t\t\t<div class=\"elementor-widget-container\">\n\t\t\t\t\t        \n        <div class=\"etheme-a-h-wrapper\">\n        \n            \n\t\t\t\n        <h2 class=\"etheme-advanced-headline etheme-advanced-headline-mask\">\n\n            M\u00f6blierung des Wohnzimmers\n        <\/h2>\n\t\t\n                    \n        <\/div>\n        \n\t\t\t\t\t\t<\/div>\n\t\t\t\t<\/div>\n\t\t\t\t\t<\/div>\n\t\t\t\t<\/div>\n\t\t<div class=\"elementor-element elementor-element-f81a0c3 e-flex e-con-boxed e-con e-parent\" data-id=\"f81a0c3\" data-element_type=\"container\" data-e-type=\"container\" data-settings=\"{&quot;_ha_eqh_enable&quot;:false}\">\n\t\t\t\t\t<div class=\"e-con-inner\">\n\t\t\t\t<div class=\"elementor-element elementor-element-eb2036f elementor-widget elementor-widget-text-editor\" data-id=\"eb2036f\" data-element_type=\"widget\" data-e-type=\"widget\" data-widget_type=\"text-editor.default\">\n\t\t\t\t<div class=\"elementor-widget-container\">\n\t\t\t\t\t\t\t\t\t<p>F\u00fcr viele Menschen ist das Wohnzimmer einer der wichtigsten R\u00e4ume im Haus, in dem viel Zeit verbracht wird.<br \/>\nSeine Einrichtung sollte daher ein gro\u00dfes Gef\u00fchl von Komfort vermitteln.<br \/>\nBei Marcotte Style liegt der Schwerpunkt bei der Einrichtung daher auf dem Wohnen.<br \/>\nWerfen Sie einen Blick auf einige Beispiele, die wir bereits realisiert haben.<br \/>\nZ\u00f6gern Sie nicht <span style=\"text-decoration: underline;\"><span style=\"color: #96825b;\"><a style=\"color: #96825b; text-decoration: underline;\" title=\"Kontakt\" href=\"https:\/\/marcottestyle.com\/de\/kontakt\/\">kontaktieren Sie<\/a><\/span><\/span> an.    <\/p>\n\t\t\t\t\t\t\t\t<\/div>\n\t\t\t\t<\/div>\n\t\t\t\t\t<\/div>\n\t\t\t\t<\/div>\n\t\t<div class=\"elementor-element elementor-element-d29d7fd e-flex e-con-boxed e-con e-parent\" data-id=\"d29d7fd\" data-element_type=\"container\" data-e-type=\"container\" data-settings=\"{&quot;_ha_eqh_enable&quot;:false}\">\n\t\t\t\t\t<div class=\"e-con-inner\">\n\t\t\t\t<div class=\"elementor-element elementor-element-3f197e7 elementor-align-left elementor-widget elementor-widget-etheme_advanced_headline\" data-id=\"3f197e7\" data-element_type=\"widget\" data-e-type=\"widget\" data-widget_type=\"etheme_advanced_headline.default\">\n\t\t\t\t<div class=\"elementor-widget-container\">\n\t\t\t\t\t        \n        <div class=\"etheme-a-h-wrapper\">\n        \n            \n\t\t\t\n        <h2 class=\"etheme-advanced-headline etheme-advanced-headline-mask\">\n\n            Wohnr\u00e4ume stilvoll einrichten.\n        <\/h2>\n\t\t\n                    \n        <\/div>\n        \n\t\t\t\t\t\t<\/div>\n\t\t\t\t<\/div>\n\t\t\t\t\t<\/div>\n\t\t\t\t<\/div>\n\t\t<div class=\"elementor-element elementor-element-17502e1 e-flex e-con-boxed e-con e-parent\" data-id=\"17502e1\" data-element_type=\"container\" data-e-type=\"container\" data-settings=\"{&quot;_ha_eqh_enable&quot;:false}\">\n\t\t\t\t\t<div class=\"e-con-inner\">\n\t\t\t\t<div class=\"elementor-element elementor-element-4a1886f elementor-widget elementor-widget-text-editor\" data-id=\"4a1886f\" data-element_type=\"widget\" data-e-type=\"widget\" data-widget_type=\"text-editor.default\">\n\t\t\t\t<div class=\"elementor-widget-container\">\n\t\t\t\t\t\t\t\t\t<p>Unser <span style=\"text-decoration: underline;\"><span style=\"color: #96825b;\"><a style=\"color: #96825b; text-decoration: underline;\" title=\"Innenarchitekt\" href=\"https:\/\/marcottestyle.com\/de\/innenarchitekt\/\">Innenarchitekt<\/a><\/span><\/span> wird immer daf\u00fcr sorgen, dass die Gestaltung des Wohnzimmers in Harmonie mit dem <span style=\"text-decoration: underline;\"><span style=\"color: #96825b;\"><a style=\"color: #96825b; text-decoration: underline;\" title=\"vollst\u00e4ndige Einrichtung\" href=\"https:\/\/marcottestyle.com\/de\/gesamteinrichtung\/\">Gesamtdesign<\/a><\/span><\/span>.<br \/>\nGemeinsam mit dem Kunden werden die Grundfarben und der Stil festgelegt, um den Grundstein f\u00fcr die gesamte Einrichtung des Hauses oder der Wohnung zu legen.<br \/>\nWohnzimmergestaltung in 3D Der erste Schritt bei der Wohnzimmergestaltung ist eine gr\u00fcndliche Analyse des bestehenden Hauses.<br \/>\nAuf der Grundlage dieser Analyse entwerfen wir einen Entwurf, der zu Ihren W\u00fcnschen und dem Rest Ihres Hauses passt.<br \/>\nNach der Ausarbeitung des Entwurfs erstellen wir eine 3D-Darstellung, die Ihnen eine Vorstellung vom Endergebnis vermittelt.<br \/>\nIst die Renovierung abgeschlossen?<br \/>\nDann machen wir mit den anderen R\u00e4umen weiter!<br \/>\nUnser professioneller Ansatz sorgt bei jedem Einrichtungsprojekt immer wieder f\u00fcr PERFEKTION.<br \/>\nG\u00f6nnen Sie sich etwas und entdecken Sie mehr Wohnzimmerdesign von Marcotte Style.        <\/p>\n\t\t\t\t\t\t\t\t<\/div>\n\t\t\t\t<\/div>\n\t\t\t\t\t<\/div>\n\t\t\t\t<\/div>\n\t\t<div class=\"elementor-element elementor-element-5213d59 e-flex e-con-boxed e-con e-parent\" data-id=\"5213d59\" data-element_type=\"container\" data-e-type=\"container\" data-settings=\"{&quot;_ha_eqh_enable&quot;:false}\">\n\t\t\t\t\t<div class=\"e-con-inner\">\n\t\t\t\t<div class=\"elementor-element elementor-element-501ac3a elementor-widget elementor-widget-shortcode\" data-id=\"501ac3a\" data-element_type=\"widget\" data-e-type=\"widget\" data-widget_type=\"shortcode.default\">\n\t\t\t\t<div class=\"elementor-widget-container\">\n\t\t\t\t\t\t\t<div class=\"elementor-shortcode\">ngg_shortcode_0_placeholder<\/div>\n\t\t\t\t\t\t<\/div>\n\t\t\t\t<\/div>\n\t\t\t\t<div class=\"elementor-element elementor-element-83154f0 elementor-widget elementor-widget-spacer\" data-id=\"83154f0\" data-element_type=\"widget\" data-e-type=\"widget\" data-widget_type=\"spacer.default\">\n\t\t\t\t<div class=\"elementor-widget-container\">\n\t\t\t\t\t\t\t<div class=\"elementor-spacer\">\n\t\t\t<div class=\"elementor-spacer-inner\"><\/div>\n\t\t<\/div>\n\t\t\t\t\t\t<\/div>\n\t\t\t\t<\/div>\n\t\t\t\t\t<\/div>\n\t\t\t\t<\/div>\n\t\t<div class=\"elementor-element elementor-element-0fed3db e-flex e-con-boxed e-con e-parent\" data-id=\"0fed3db\" data-element_type=\"container\" data-e-type=\"container\" data-settings=\"{&quot;_ha_eqh_enable&quot;:false}\">\n\t\t\t\t\t<div class=\"e-con-inner\">\n\t\t\t\t<div class=\"elementor-element elementor-element-f2c039a elementor-widget elementor-widget-text-editor\" data-id=\"f2c039a\" data-element_type=\"widget\" data-e-type=\"widget\" data-widget_type=\"text-editor.default\">\n\t\t\t\t<div class=\"elementor-widget-container\">\n\t\t\t\t\t\t\t\t\t<p>Wohnzimmerdekoration bringt W\u00e4rme und vermittelt ein Gef\u00fchl von Zuhause.<br \/>\nEs ist der rote Faden, der sich durch das ganze Haus zieht.<br \/>\nWir k\u00fcmmern uns immer um diesen gem\u00fctlichen Aspekt!  <\/p>\n\t\t\t\t\t\t\t\t<\/div>\n\t\t\t\t<\/div>\n\t\t\t\t\t<\/div>\n\t\t\t\t<\/div>\n\t\t<div class=\"elementor-element elementor-element-e314164 e-flex e-con-boxed e-con e-parent\" data-id=\"e314164\" data-element_type=\"container\" data-e-type=\"container\" data-settings=\"{&quot;_ha_eqh_enable&quot;:false}\">\n\t\t\t\t\t<div class=\"e-con-inner\">\n\t\t\t\t<div class=\"elementor-element elementor-element-16df058 elementor-widget elementor-widget-text-editor\" data-id=\"16df058\" data-element_type=\"widget\" data-e-type=\"widget\" data-widget_type=\"text-editor.default\">\n\t\t\t\t<div class=\"elementor-widget-container\">\n\t\t\t\t\t\t\t\t\t<p>Gerne k\u00f6nnen Sie <span style=\"text-decoration: underline;\"><span style=\"color: #96825b;\"><a style=\"color: #96825b; text-decoration: underline;\" href=\"https:\/\/marcottestyle.com\/contact\/\">kontaktieren Sie<\/a><\/span><\/span> oder <span style=\"text-decoration: underline;\"><span style=\"color: #96825b;\"><a style=\"color: #96825b; text-decoration: underline;\" href=\"https:\/\/marcottestyle.com\/portfolio\/\">unsere Referenzen ansehen<\/a><\/span><\/span>.<\/p>\n\t\t\t\t\t\t\t\t<\/div>\n\t\t\t\t<\/div>\n\t\t\t\t\t<\/div>\n\t\t\t\t<\/div>\n\t\t<div class=\"elementor-element elementor-element-3b934ad e-flex e-con-boxed e-con e-parent\" data-id=\"3b934ad\" data-element_type=\"container\" data-e-type=\"container\" data-settings=\"{&quot;_ha_eqh_enable&quot;:false}\">\n\t\t\t\t\t<div class=\"e-con-inner\">\n\t\t\t\t<div class=\"elementor-element elementor-element-47d6627 elementor-widget elementor-widget-shortcode\" data-id=\"47d6627\" data-element_type=\"widget\" data-e-type=\"widget\" data-widget_type=\"shortcode.default\">\n\t\t\t\t<div class=\"elementor-widget-container\">\n\t\t\t\t\t\t\t<div class=\"elementor-shortcode\">ngg_shortcode_1_placeholder<\/div>\n\t\t\t\t\t\t<\/div>\n\t\t\t\t<\/div>\n\t\t\t\t<div class=\"elementor-element elementor-element-99174fc elementor-widget elementor-widget-spacer\" data-id=\"99174fc\" data-element_type=\"widget\" data-e-type=\"widget\" data-widget_type=\"spacer.default\">\n\t\t\t\t<div class=\"elementor-widget-container\">\n\t\t\t\t\t\t\t<div class=\"elementor-spacer\">\n\t\t\t<div class=\"elementor-spacer-inner\"><\/div>\n\t\t<\/div>\n\t\t\t\t\t\t<\/div>\n\t\t\t\t<\/div>\n\t\t\t\t\t<\/div>\n\t\t\t\t<\/div>\n\t\t\t\t<\/div>\n\t\t","protected":false},"excerpt":{"rendered":"<p>[rev_slider alias=&#8221;Living&#8221; slidertitle=&#8221;Living&#8221;][\/rev_slider] Marcottestyle liefert alle Sitze und Sofas nach Ma\u00df: Werfen Sie einen kurzen Blick auf einen Teil unseres Angebots an Sesseln und Sofas&#8230;<\/p>\n","protected":false},"author":2,"featured_media":12309,"parent":6163,"menu_order":11,"comment_status":"closed","ping_status":"closed","template":"elementor_header_footer","meta":{"ngg_post_thumbnail":0,"footnotes":""},"class_list":["post-6215","page","type-page","status-publish","has-post-thumbnail","hentry"],"_links":{"self":[{"href":"https:\/\/marcottestyle.com\/de\/wp-json\/wp\/v2\/pages\/6215","targetHints":{"allow":["GET"]}}],"collection":[{"href":"https:\/\/marcottestyle.com\/de\/wp-json\/wp\/v2\/pages"}],"about":[{"href":"https:\/\/marcottestyle.com\/de\/wp-json\/wp\/v2\/types\/page"}],"author":[{"embeddable":true,"href":"https:\/\/marcottestyle.com\/de\/wp-json\/wp\/v2\/users\/2"}],"replies":[{"embeddable":true,"href":"https:\/\/marcottestyle.com\/de\/wp-json\/wp\/v2\/comments?post=6215"}],"version-history":[{"count":9,"href":"https:\/\/marcottestyle.com\/de\/wp-json\/wp\/v2\/pages\/6215\/revisions"}],"predecessor-version":[{"id":43020,"href":"https:\/\/marcottestyle.com\/de\/wp-json\/wp\/v2\/pages\/6215\/revisions\/43020"}],"up":[{"embeddable":true,"href":"https:\/\/marcottestyle.com\/de\/wp-json\/wp\/v2\/pages\/6163"}],"wp:featuredmedia":[{"embeddable":true,"href":"https:\/\/marcottestyle.com\/de\/wp-json\/wp\/v2\/media\/12309"}],"wp:attachment":[{"href":"https:\/\/marcottestyle.com\/de\/wp-json\/wp\/v2\/media?parent=6215"}],"curies":[{"name":"wp","href":"https:\/\/api.w.org\/{rel}","templated":true}]}}