{"id":6736,"date":"2017-07-13T10:08:45","date_gmt":"2017-07-13T08:08:45","guid":{"rendered":"http:\/\/marcottestyle.com\/?page_id=6736"},"modified":"2024-09-28T12:28:23","modified_gmt":"2024-09-28T10:28:23","slug":"cookie-und-datenschutzrichtlinie","status":"publish","type":"page","link":"https:\/\/marcottestyle.com\/de\/cookie-und-datenschutzrichtlinie\/","title":{"rendered":"Cookie &amp; Datenschutzrichtlinie"},"content":{"rendered":"\t\t<div data-elementor-type=\"wp-page\" data-elementor-id=\"6736\" class=\"elementor elementor-6736 elementor-11\" data-elementor-settings=\"{&quot;ha_cmc_init_switcher&quot;:&quot;no&quot;}\" data-elementor-post-type=\"page\">\n\t\t\t\t<div class=\"elementor-element elementor-element-96182bd e-flex e-con-boxed e-con e-parent\" data-id=\"96182bd\" data-element_type=\"container\" data-e-type=\"container\" data-settings=\"{&quot;_ha_eqh_enable&quot;:false}\">\n\t\t\t\t\t<div class=\"e-con-inner\">\n\t\t\t\t<div class=\"elementor-element elementor-element-bcefa64 elementor-widget elementor-widget-spacer\" data-id=\"bcefa64\" data-element_type=\"widget\" data-e-type=\"widget\" data-widget_type=\"spacer.default\">\n\t\t\t\t<div class=\"elementor-widget-container\">\n\t\t\t\t\t\t\t<div class=\"elementor-spacer\">\n\t\t\t<div class=\"elementor-spacer-inner\"><\/div>\n\t\t<\/div>\n\t\t\t\t\t\t<\/div>\n\t\t\t\t<\/div>\n\t\t\t\t<div class=\"elementor-element elementor-element-0740e45 elementor-align-left elementor-widget elementor-widget-etheme_advanced_headline\" data-id=\"0740e45\" data-element_type=\"widget\" data-e-type=\"widget\" data-widget_type=\"etheme_advanced_headline.default\">\n\t\t\t\t<div class=\"elementor-widget-container\">\n\t\t\t\t\t        \n        <div class=\"etheme-a-h-wrapper\">\n        \n            \n\t\t\t\n        <h2 class=\"etheme-advanced-headline etheme-advanced-headline-mask\">\n\n            Cookie-Richtlinie\n        <\/h2>\n\t\t\n                    \n        <\/div>\n        \n\t\t\t\t\t\t<\/div>\n\t\t\t\t<\/div>\n\t\t\t\t\t<\/div>\n\t\t\t\t<\/div>\n\t\t<div class=\"elementor-element elementor-element-7b17eee e-flex e-con-boxed e-con e-parent\" data-id=\"7b17eee\" data-element_type=\"container\" data-e-type=\"container\" data-settings=\"{&quot;_ha_eqh_enable&quot;:false}\">\n\t\t\t\t\t<div class=\"e-con-inner\">\n\t\t\t\t<div class=\"elementor-element elementor-element-8cfa71f elementor-widget elementor-widget-text-editor\" data-id=\"8cfa71f\" data-element_type=\"widget\" data-e-type=\"widget\" data-widget_type=\"text-editor.default\">\n\t\t\t\t<div class=\"elementor-widget-container\">\n\t\t\t\t\t\t\t\t\t<p><span class=\"om-highlight\">Marcotte Style<\/span>, mit Sitz in <span class=\"om-highlight\">2950 Kapellen, Marcottedreef 20<\/span>, eingetragen im <span class=\"om-highlight\">Antwerpener<\/span> Register f\u00fcr juristische Personen unter der Nummer <span class=\"om-highlight\">880453459<\/span> und registriert bei der Mehrwertsteuerbeh\u00f6rde unter der Nummer <span class=\"om-highlight\">BE 880 453 459<\/span> (im Folgenden <strong>&#8220;der Eigent\u00fcmer der Website&#8221;<\/strong>) verwendet Cookies, um die Benutzererfahrung zu verbessern (z.B. Erinnerung an die Sprachwahl usw.) und um Webstatistiken \u00fcber die Besucher der Website zu sammeln <span class=\"om-highlight\"><a class=\"url-legal\" href=\"https:\/\/marcottestyle.com\/de\/\">marcottestyle.com<\/a><\/span> (nachstehend die<strong>&#8220;Website<\/strong>&#8220;).<\/p>\n\t\t\t\t\t\t\t\t<\/div>\n\t\t\t\t<\/div>\n\t\t\t\t\t<\/div>\n\t\t\t\t<\/div>\n\t\t<div class=\"elementor-element elementor-element-8a35729 e-flex e-con-boxed e-con e-parent\" data-id=\"8a35729\" data-element_type=\"container\" data-e-type=\"container\" data-settings=\"{&quot;_ha_eqh_enable&quot;:false}\">\n\t\t\t\t\t<div class=\"e-con-inner\">\n\t\t\t\t<div class=\"elementor-element elementor-element-142ecbc elementor-align-left elementor-widget elementor-widget-etheme_advanced_headline\" data-id=\"142ecbc\" data-element_type=\"widget\" data-e-type=\"widget\" data-widget_type=\"etheme_advanced_headline.default\">\n\t\t\t\t<div class=\"elementor-widget-container\">\n\t\t\t\t\t        \n        <div class=\"etheme-a-h-wrapper\">\n        \n            \n\t\t\t\n        <h2 class=\"etheme-advanced-headline etheme-advanced-headline-mask\">\n\n            Was sind Cookies?\n        <\/h2>\n\t\t\n                    \n        <\/div>\n        \n\t\t\t\t\t\t<\/div>\n\t\t\t\t<\/div>\n\t\t\t\t\t<\/div>\n\t\t\t\t<\/div>\n\t\t<div class=\"elementor-element elementor-element-96a165e e-flex e-con-boxed e-con e-parent\" data-id=\"96a165e\" data-element_type=\"container\" data-e-type=\"container\" data-settings=\"{&quot;_ha_eqh_enable&quot;:false}\">\n\t\t\t\t\t<div class=\"e-con-inner\">\n\t\t\t\t<div class=\"elementor-element elementor-element-7742772 elementor-widget elementor-widget-text-editor\" data-id=\"7742772\" data-element_type=\"widget\" data-e-type=\"widget\" data-widget_type=\"text-editor.default\">\n\t\t\t\t<div class=\"elementor-widget-container\">\n\t\t\t\t\t\t\t\t\t<p>Ein Cookie ist eine kleine Textdatei, die vom Server einer Website im Browser Ihres Computers oder Mobilger\u00e4ts gespeichert wird, wenn Sie die Website besuchen.<br \/>\nDer Cookie enth\u00e4lt einen eindeutigen Code, der es erm\u00f6glicht, Ihren Browser w\u00e4hrend Ihres Besuchs auf der Website (ein so genannter &#8216;Session&#8217;-Cookie) oder bei sp\u00e4teren, wiederholten Besuchen (ein so genannter &#8216;permanenter&#8217; Cookie) zu erkennen.<br \/>\nCookies k\u00f6nnen vom Server der Website, die Sie besuchen, oder von Partnern, mit denen diese Website zusammenarbeitet, gesetzt werden.<br \/>\nDer Server einer Website kann nur die Cookies lesen, die er selbst platziert hat; er hat keinen Zugriff auf andere Informationen, die sich auf Ihrem Computer oder mobilen Ger\u00e4t befinden.<br \/>\nCookies werden auf Ihrem Computer oder Mobilger\u00e4t im Ordner Ihres Browsers gespeichert.<br \/>\nDer Inhalt eines Cookies besteht in der Regel aus dem Namen des Servers, der das Cookie platziert hat, einem Ablaufdatum und einem eindeutigen Zahlencode.     <\/p>\n<p>Cookies machen im Allgemeinen die Interaktion zwischen dem Besucher und der Website einfacher und schneller und helfen dem Besucher, zwischen verschiedenen Teilen einer Website zu navigieren.<br \/>\nCookies k\u00f6nnen auch verwendet werden, um den Inhalt einer Website oder die Werbung auf einer Website f\u00fcr den Besucher relevanter zu machen und sie an seinen pers\u00f6nlichen Geschmack und seine Bed\u00fcrfnisse anzupassen. <\/p>\n\t\t\t\t\t\t\t\t<\/div>\n\t\t\t\t<\/div>\n\t\t\t\t\t<\/div>\n\t\t\t\t<\/div>\n\t\t<div class=\"elementor-element elementor-element-6d39da0 e-flex e-con-boxed e-con e-parent\" data-id=\"6d39da0\" data-element_type=\"container\" data-e-type=\"container\" data-settings=\"{&quot;_ha_eqh_enable&quot;:false}\">\n\t\t\t\t\t<div class=\"e-con-inner\">\n\t\t\t\t<div class=\"elementor-element elementor-element-328b368 elementor-align-left elementor-widget elementor-widget-etheme_advanced_headline\" data-id=\"328b368\" data-element_type=\"widget\" data-e-type=\"widget\" data-widget_type=\"etheme_advanced_headline.default\">\n\t\t\t\t<div class=\"elementor-widget-container\">\n\t\t\t\t\t        \n        <div class=\"etheme-a-h-wrapper\">\n        \n            \n\t\t\t\n        <h2 class=\"etheme-advanced-headline etheme-advanced-headline-mask\">\n\n            Verwendung von Cookies auf der Website des Websitebetreibers\n        <\/h2>\n\t\t\n                    \n        <\/div>\n        \n\t\t\t\t\t\t<\/div>\n\t\t\t\t<\/div>\n\t\t\t\t\t<\/div>\n\t\t\t\t<\/div>\n\t\t<div class=\"elementor-element elementor-element-498358d e-flex e-con-boxed e-con e-parent\" data-id=\"498358d\" data-element_type=\"container\" data-e-type=\"container\" data-settings=\"{&quot;_ha_eqh_enable&quot;:false}\">\n\t\t\t\t\t<div class=\"e-con-inner\">\n\t\t\t\t<div class=\"elementor-element elementor-element-fc71314 elementor-widget elementor-widget-text-editor\" data-id=\"fc71314\" data-element_type=\"widget\" data-e-type=\"widget\" data-widget_type=\"text-editor.default\">\n\t\t\t\t<div class=\"elementor-widget-container\">\n\t\t\t\t\t\t\t\t\t<ol start=\"1\">\n<li><strong>Erforderliche Cookies<\/strong><\/li>\n<\/ol>\n<p>Diese Cookies sind f\u00fcr den Besuch der Website und die Nutzung bestimmter Teile der Website unerl\u00e4sslich.<br \/>\nDiese Cookies erm\u00f6glichen es Ihnen zum Beispiel, zwischen verschiedenen Teilen der Website zu navigieren.<br \/>\nWenn Sie diese Cookies ablehnen, werden bestimmte Teile der Website nicht oder nicht optimal funktionieren.  <\/p>\n<ol start=\"2\">\n<li><strong>Funktionale Cookies<\/strong><\/li>\n<\/ol>\n<p>Funktionale Cookies sind solche, die das Funktionieren unserer Website f\u00fcr Besucher einfacher und angenehmer machen und daf\u00fcr sorgen, dass Sie ein personalisiertes Surferlebnis haben.<br \/>\nDies sind zum Beispiel die Cookies, die sich Ihre Sprachpr\u00e4ferenz und Ihr Kundensegment merken, sowie die Cookies, die z.B. verfolgen, ob Sie bereits um die Teilnahme an einer Umfrage gebeten wurden, damit wir Ihnen nicht immer wieder dieselbe Umfrage pr\u00e4sentieren. <\/p>\n<ol start=\"3\">\n<li><strong>Performance Cookies<\/strong><\/li>\n<\/ol>\n<p>Wir verwenden Performance-Cookies, um Informationen \u00fcber die Nutzung unserer Website durch die Besucher zu sammeln, um den Inhalt unserer Website zu verbessern, sie besser an die Bed\u00fcrfnisse der Besucher anzupassen und die Benutzerfreundlichkeit unserer Website zu erh\u00f6hen.<\/p>\n<ol start=\"4\">\n<li><strong>Cookies von Dritten<\/strong><\/li>\n<\/ol>\n<p>Unsere Website kann auch Elemente anderer Dienste Dritter enthalten, jetzt oder in Zukunft, wie z.B. Videodienste, Schaltfl\u00e4chen f\u00fcr soziale Medien und\/oder Werbung.<\/p>\n\t\t\t\t\t\t\t\t<\/div>\n\t\t\t\t<\/div>\n\t\t\t\t\t<\/div>\n\t\t\t\t<\/div>\n\t\t<div class=\"elementor-element elementor-element-0982ff5 e-flex e-con-boxed e-con e-parent\" data-id=\"0982ff5\" data-element_type=\"container\" data-e-type=\"container\" data-settings=\"{&quot;_ha_eqh_enable&quot;:false}\">\n\t\t\t\t\t<div class=\"e-con-inner\">\n\t\t\t\t<div class=\"elementor-element elementor-element-7be9ea5 elementor-align-left elementor-widget elementor-widget-etheme_advanced_headline\" data-id=\"7be9ea5\" data-element_type=\"widget\" data-e-type=\"widget\" data-widget_type=\"etheme_advanced_headline.default\">\n\t\t\t\t<div class=\"elementor-widget-container\">\n\t\t\t\t\t        \n        <div class=\"etheme-a-h-wrapper\">\n        \n            \n\t\t\t\n        <h2 class=\"etheme-advanced-headline etheme-advanced-headline-mask\">\n\n            Verwaltung von Cookies\n        <\/h2>\n\t\t\n                    \n        <\/div>\n        \n\t\t\t\t\t\t<\/div>\n\t\t\t\t<\/div>\n\t\t\t\t\t<\/div>\n\t\t\t\t<\/div>\n\t\t<div class=\"elementor-element elementor-element-2156b1d e-flex e-con-boxed e-con e-parent\" data-id=\"2156b1d\" data-element_type=\"container\" data-e-type=\"container\" data-settings=\"{&quot;_ha_eqh_enable&quot;:false}\">\n\t\t\t\t\t<div class=\"e-con-inner\">\n\t\t\t\t<div class=\"elementor-element elementor-element-3f50ab5 elementor-widget elementor-widget-text-editor\" data-id=\"3f50ab5\" data-element_type=\"widget\" data-e-type=\"widget\" data-widget_type=\"text-editor.default\">\n\t\t\t\t<div class=\"elementor-widget-container\">\n\t\t\t\t\t\t\t\t\t<p>Sie k\u00f6nnen Ihren Browser so einstellen, dass er Sie benachrichtigt, wenn ein Cookie gesetzt wird, oder dass er die Sammlung von Cookies verhindert.<\/p>\n<p>Wenn Sie das Setzen von Cookies verhindern, kann es sein, dass bestimmte Funktionen der Website nicht funktionieren oder dass Sie bestimmte Dienste des Websitebetreibers nicht nutzen k\u00f6nnen.<\/p>\n<p>Wir verwenden keine Cookies, um Sie pers\u00f6nlich zu identifizieren oder ohne Ihr Wissen pers\u00f6nliche Daten \u00fcber Sie zu speichern.<br \/>\nWenn Sie jedoch die Installation von Cookies auf Ihrem Computer oder mobilen Endger\u00e4t einschr\u00e4nken, blockieren oder l\u00f6schen m\u00f6chten, k\u00f6nnen Sie dies \u00fcber Ihre Browsereinstellungen tun.<br \/>\nGehen Sie dazu auf die HILFE-Funktion Ihres Browsers.<br \/>\nDort k\u00f6nnen Sie nachlesen, wie Sie dies tun k\u00f6nnen.   <\/p>\n\t\t\t\t\t\t\t\t<\/div>\n\t\t\t\t<\/div>\n\t\t\t\t\t<\/div>\n\t\t\t\t<\/div>\n\t\t<div class=\"elementor-element elementor-element-3aa4e1c e-flex e-con-boxed e-con e-parent\" data-id=\"3aa4e1c\" data-element_type=\"container\" data-e-type=\"container\" data-settings=\"{&quot;_ha_eqh_enable&quot;:false}\">\n\t\t\t\t\t<div class=\"e-con-inner\">\n\t\t\t\t<div class=\"elementor-element elementor-element-11a8e19 elementor-align-left elementor-widget elementor-widget-etheme_advanced_headline\" data-id=\"11a8e19\" data-element_type=\"widget\" data-e-type=\"widget\" data-widget_type=\"etheme_advanced_headline.default\">\n\t\t\t\t<div class=\"elementor-widget-container\">\n\t\t\t\t\t        \n        <div class=\"etheme-a-h-wrapper\">\n        \n            \n\t\t\t\n        <h2 class=\"etheme-advanced-headline etheme-advanced-headline-mask\">\n\n            Datenschutzbestimmungen\n        <\/h2>\n\t\t\n                    \n        <\/div>\n        \n\t\t\t\t\t\t<\/div>\n\t\t\t\t<\/div>\n\t\t\t\t\t<\/div>\n\t\t\t\t<\/div>\n\t\t<div class=\"elementor-element elementor-element-6c977ca e-flex e-con-boxed e-con e-parent\" data-id=\"6c977ca\" data-element_type=\"container\" data-e-type=\"container\" data-settings=\"{&quot;_ha_eqh_enable&quot;:false}\">\n\t\t\t\t\t<div class=\"e-con-inner\">\n\t\t\t\t<div class=\"elementor-element elementor-element-8cd1759 elementor-widget elementor-widget-text-editor\" data-id=\"8cd1759\" data-element_type=\"widget\" data-e-type=\"widget\" data-widget_type=\"text-editor.default\">\n\t\t\t\t<div class=\"elementor-widget-container\">\n\t\t\t\t\t\t\t\t\t<p>Diese Version ist g\u00fcltig ab 1. Januar 2015<\/p>\n<ol start=\"1\">\n<li><strong>Website-Verfahren<\/strong><\/li>\n<\/ol>\n<p>Diese Datenschutzrichtlinie beschreibt, wie der Inhaber der Website die Daten, die der Benutzer dieser Website beim Besuch dieser Website an den Inhaber der Website \u00fcbermittelt, verwendet und sichert.<\/p>\n<p>Der Benutzer muss keine pers\u00f6nlichen Daten angeben, um die Website zu nutzen <span class=\"om-highlight\"><a class=\"url-legal\" href=\"https:\/\/marcottestyle.com\/de\/\">marcottestyle.com<\/a><\/span> (im Folgenden die<strong>&#8220;Website<\/strong>&#8220;) zu nutzen.<\/p>\n<p>Im Prinzip sammelt die Website keine personenbezogenen Daten.<br \/>\nSollte die Website dennoch jetzt oder in Zukunft personenbezogene Daten sammeln, so werden nur solche personenbezogenen Daten erfasst, die von den Nutzern ausdr\u00fccklich und freiwillig angegeben werden.<br \/>\nSolche Daten k\u00f6nnen unter anderem Name und Vorname, E-Mail-Adresse, Telefonnummer, Land und Profil des Nutzers sein.<br \/>\nDer Eigent\u00fcmer der Website fragt die Benutzer grunds\u00e4tzlich nicht nach sensiblen Informationen (wie Daten \u00fcber Ethnie, ethnische Herkunft, religi\u00f6se \u00dcberzeugungen, Vorstrafen, k\u00f6rperliche oder geistige Gesundheit oder sexuelle Orientierung).<br \/>\nFalls erforderlich, wird der Eigent\u00fcmer der Website die ausdr\u00fcckliche Zustimmung der Benutzer zur Erfassung und Verwendung dieser Informationen einholen.    <\/p>\n<ol start=\"2\">\n<li><strong>Automatisch erfasste Informationen<\/strong><\/li>\n<\/ol>\n<p>2.1 Technische Informationen<\/p>\n<p>Wie viele andere Websites sammelt die Website automatisch bestimmte nicht identifizierbare Informationen \u00fcber die Benutzer der Website, wie z.B. die Internetprotokoll-Adresse (IP-Adresse) Ihres Computers, die IP-Adresse Ihres Internetdienstanbieters, das Datum und die Uhrzeit Ihres Zugriffs auf die Website, die Internetadresse der Website, von der aus Sie direkt auf diese Website verlinkt wurden, das von Ihnen verwendete Betriebssystem, die von Ihnen besuchten Teile der Website, die von Ihnen aufgerufenen Seiten und Informationen der Website sowie die Materialien, die Sie an die Website gesendet oder von ihr heruntergeladen haben.<br \/>\nDiese technischen Informationen werden zu Zwecken der Website- und Systemverwaltung sowie zur Verbesserung der Website verwendet.<br \/>\nDiese technischen Informationen k\u00f6nnen an Dritte weitergegeben und f\u00fcr zuk\u00fcnftige Zwecke dauerhaft gespeichert werden.  <\/p>\n<p>2.2 Cookies und Web Beacons<\/p>\n<p>Um sicherzustellen, dass die Website ordnungsgem\u00e4\u00df verwaltet wird, und um die Navigation innerhalb der Website zu erleichtern, kann der Eigent\u00fcmer der Website Cookies (kleine Textdateien, die im Browser des Benutzers gespeichert werden) oder Web Beacons (elektronische Bilder, die es erm\u00f6glichen, die Anzahl der Benutzer zu z\u00e4hlen, die eine bestimmte Seite besucht haben und auf bestimmte Cookies zugreifen) verwenden, um globale Daten zu sammeln.<br \/>\nDer Eigent\u00fcmer der Website kann diese Tools verwenden, um verschiedene Daten in seinen Systemen zu verfolgen und die Benutzer nach verschiedenen Kriterien wie IP-Adresse, Domain, Browsertyp und besuchte Seiten zu kategorisieren.<br \/>\nDiese Informationen k\u00f6nnen verwendet werden, um die Anzahl der Nutzer in den verschiedenen Bereichen der Website zu analysieren und um sicherzustellen, dass die Website eine n\u00fctzliche und effektive Informationsquelle darstellt.  <\/p>\n<p>Weder Cookies noch Web Beacons erfassen pers\u00f6nliche Daten wie Namen oder E-Mail-Adressen der Benutzer.<br \/>\nAu\u00dferdem bieten die meisten Browser dem einzelnen Nutzer die M\u00f6glichkeit, Cookies zu deaktivieren.<br \/>\nIn bestimmten F\u00e4llen kann Nutzern der Zugang zu bestimmten Teilen der Website verweigert werden, wenn ihr Browser so eingestellt ist, dass Cookies deaktiviert werden.  <\/p>\n<p>Weitere Informationen finden Sie in unserer Cookie-Richtlinie, die auf unserer Website ver\u00f6ffentlicht ist.<\/p>\n<ol start=\"3\">\n<li><strong>Verwendete Informationen<\/strong><\/li>\n<\/ol>\n<p>Der Eigent\u00fcmer der Website kann nicht-personenbezogene Daten verwenden, um globale Tracking-Informationsberichte \u00fcber die Demographie der Website-Benutzer und die Nutzung der Website zu erstellen, und kann diese Berichte an Dritte weitergeben.<br \/>\nDie in diesen Berichten enthaltenen Tracking-Informationen sind nicht mit den Identit\u00e4tsinformationen oder anderen pers\u00f6nlichen Informationen \u00fcber einzelne Benutzer verkn\u00fcpft. <\/p>\n<ol start=\"4\">\n<li><strong>Andere Angelegenheiten<\/strong><\/li>\n<\/ol>\n<p>4.1 Sicherheit<\/p>\n<p>Der Inhaber der Website unternimmt alle Anstrengungen, um seine Server, Anwendungen und Datenbanken zu sichern und den unbefugten Zugriff oder die unbefugte Nutzung zu verhindern.<br \/>\nZu diesem Zweck setzt der Inhaber der Website physische, administrative und technologische Mittel ein, um die im Besitz des Inhabers der Website befindlichen Informationen zu sichern. <\/p>\n<p>Leider kann der Eigent\u00fcmer der Website keine 100%ige Sicherheit garantieren.<br \/>\nSollten Sie besondere Sicherheitsbedenken hinsichtlich der Verarbeitung bestimmter pers\u00f6nlicher Daten haben, ist es am besten, diese Informationen nicht \u00fcber das Internet zu \u00fcbermitteln. <\/p>\n<p>4.2 Andere Websites<\/p>\n<p>Die Website kann Links zu anderen Websites oder Internetressourcen enthalten.<br \/>\nWenn Sie auf einen dieser Links klicken, werden Sie zu einer anderen Website oder Internetressource weitergeleitet, die m\u00f6glicherweise wissentlich oder durch Cookies oder andere Technologien Informationen \u00fcber Sie sammelt.<br \/>\nDer Eigent\u00fcmer der Website ist in keiner Weise verantwortlich oder haftbar f\u00fcr diese anderen Websites oder Internet-Ressourcen und hat keine Kontrolle \u00fcber deren Sammlung, Verwendung und Weitergabe Ihrer pers\u00f6nlichen Daten.<br \/>\nSie sollten die Datenschutzrichtlinien dieser anderen Websites und Internetressourcen selbst \u00fcberpr\u00fcfen und selbst beurteilen, wie diese Informationen sammeln und verwenden.   <\/p>\n<p>4.3 \u00c4nderungen der Datenschutzrichtlinie<\/p>\n<p>Der Eigent\u00fcmer der Website kann seine Datenschutzrichtlinien jederzeit und ohne Angabe von Gr\u00fcnden \u00e4ndern, erg\u00e4nzen oder erg\u00e4nzen, indem er die \u00fcberarbeiteten Datenschutzrichtlinien gut sichtbar auf der Website ver\u00f6ffentlicht.<\/p>\n<ol start=\"5\">\n<li><strong>Benachrichtigung<\/strong><\/li>\n<\/ol>\n<p>Der Eigent\u00fcmer der Website ist um Ihre Privatsph\u00e4re besorgt und verpflichtet sich, Ihre pers\u00f6nlichen Daten in \u00dcbereinstimmung mit dem belgischen Recht, seiner &#8220;allgemeinen Datenschutzpolitik&#8221; und in \u00dcbereinstimmung mit den h\u00f6chsten Standards f\u00fcr faire Informationen zu verarbeiten.<\/p>\n<ol start=\"6\">\n<li><strong>Warum registrieren wir Ihre pers\u00f6nlichen Daten?<\/strong><\/li>\n<\/ol>\n<p>6.1.<br \/>\nAlgemene doeleinden <\/p>\n<p>Soweit erforderlich, verarbeitet der Inhaber der Website Ihre personenbezogenen Daten ausschlie\u00dflich zu folgenden Zwecken<br \/>\n(i) einer eventuellen Stellenbewerbung,<br \/>\n(ii) der Durchf\u00fchrung und Erweiterung seiner Auftr\u00e4ge;<br \/>\n(iii) um Sie \u00fcber seine anderen Waren und\/oder Dienstleistungen zu informieren.   <\/p>\n<p>Zu den oben genannten Zwecken kann der Inhaber der Website dazu veranlasst werden, pers\u00f6nliche Informationen \u00fcber die Identit\u00e4t des Benutzers (Name, Vorname und Adresse), den beruflichen Werdegang, die Erfahrung, die Motivation und alle Informationen, die normalerweise in einem Lebenslauf enthalten sind, zu erfassen.<\/p>\n<p>6.2.<br \/>\nDirecte marketing en communicatie met derden <\/p>\n<p>Der Inhaber der Website betrachtet Ihre pers\u00f6nlichen Daten als vertrauliche Informationen, die er niemals an Dritte weitergeben wird und die nicht f\u00fcr Direktmarketing verwendet werden, es sei denn, Sie haben dem Inhaber der Website vorher Ihre Zustimmung gegeben.<\/p>\n<p>Wenn Sie dem Inhaber der Website Ihre Zustimmung gegeben haben, k\u00f6nnen Sie sich nat\u00fcrlich jederzeit von bestimmten Diensten abmelden.<br \/>\nNach dem Gesetz haben Sie das Recht, auf Anfrage und kostenlos der Verwendung Ihrer pers\u00f6nlichen Daten f\u00fcr Direktmarketingzwecke zu widersprechen.<br \/>\nRichten Sie Ihre Anfrage einfach per E-Mail an unseren Kundendienst (<span class=\"om-highlight\"><a class=\"email-legal\" href=\"mailto:info@marcottestyle.com\">info@marcottestyle.com<\/a><\/span>) oder kontaktieren Sie uns telefonisch unter <span class=\"om-highlight\"><a class=\"phone-legal\" href=\"tel:003232304011\">+32 3 230 40 11<\/a><\/span>.  <\/p>\n<ol start=\"7\">\n<li><strong>Wer ist f\u00fcr die Verarbeitung Ihrer pers\u00f6nlichen Daten verantwortlich?<\/strong><\/li>\n<\/ol>\n<p>Die Person, die f\u00fcr die Verarbeitung aller \u00fcber die Website erhobenen personenbezogenen Daten verantwortlich ist, ist der Eigent\u00fcmer der Website.<\/p>\n<ol start=\"8\">\n<li><strong>Wie kann ich auf meine pers\u00f6nlichen Daten zugreifen?<\/strong><\/li>\n<\/ol>\n<p>Sie k\u00f6nnen den Inhaber der Website kostenlos auffordern, Ihre pers\u00f6nlichen Daten einzusehen, zu \u00e4ndern oder zu l\u00f6schen, indem Sie dem Inhaber der Website einen Brief oder eine E-Mail mit einer Kopie Ihres Personalausweises schicken.<\/p>\n<p>Der Inhaber der Website wird sich dann bem\u00fchen, Ihre Anfrage so schnell wie m\u00f6glich zu bearbeiten.<\/p>\n<ol start=\"9\">\n<li><strong>Allgemeine Informationen<\/strong><\/li>\n<\/ol>\n<p>Die Politik zum Schutz Ihrer pers\u00f6nlichen Daten steht in voller \u00dcbereinstimmung mit allen gesetzlichen Bestimmungen in Belgien und der Europ\u00e4ischen Union:<\/p>\n<ul>\n<li>Das belgische Gesetz vom 8. Dezember 1992, bekannt als das &#8220;Datenschutzgesetz&#8221; (zuletzt ge\u00e4ndert durch das Gesetz vom 11. Dezember 1998)<\/li>\n<li>Europ\u00e4ische Richtlinie Nr. 95\/46\/EG vom 24. Oktober 1995 \u00fcber den Schutz der Privatsph\u00e4re<\/li>\n<\/ul>\n<p>Wir sind nicht verantwortlich f\u00fcr die Datenschutzrichtlinien von Websites, auf die von der Website aus verlinkt wird.<\/p>\n<p>Die vorliegende Datenschutzerkl\u00e4rung unterliegt ausschlie\u00dflich dem belgischen Recht und muss nach diesem ausgelegt werden.<br \/>\nIm Falle von Streitigkeiten sind die Gerichte am Sitz des Eigent\u00fcmers der Website zust\u00e4ndig. <\/p>\n\t\t\t\t\t\t\t\t<\/div>\n\t\t\t\t<\/div>\n\t\t\t\t\t<\/div>\n\t\t\t\t<\/div>\n\t\t\t\t<\/div>\n\t\t","protected":false},"excerpt":{"rendered":"<p>Cookie-Richtlinie Marcotte Style, mit Sitz in 2950 Kapellen, Marcottedreef 20, eingetragen im Antwerpener Register f\u00fcr juristische Personen unter der Nummer 880453459 und registriert bei der&#8230;<\/p>\n","protected":false},"author":2,"featured_media":0,"parent":0,"menu_order":1001,"comment_status":"closed","ping_status":"closed","template":"elementor_header_footer","meta":{"ngg_post_thumbnail":0,"footnotes":""},"class_list":["post-6736","page","type-page","status-publish","hentry"],"_links":{"self":[{"href":"https:\/\/marcottestyle.com\/de\/wp-json\/wp\/v2\/pages\/6736","targetHints":{"allow":["GET"]}}],"collection":[{"href":"https:\/\/marcottestyle.com\/de\/wp-json\/wp\/v2\/pages"}],"about":[{"href":"https:\/\/marcottestyle.com\/de\/wp-json\/wp\/v2\/types\/page"}],"author":[{"embeddable":true,"href":"https:\/\/marcottestyle.com\/de\/wp-json\/wp\/v2\/users\/2"}],"replies":[{"embeddable":true,"href":"https:\/\/marcottestyle.com\/de\/wp-json\/wp\/v2\/comments?post=6736"}],"version-history":[{"count":3,"href":"https:\/\/marcottestyle.com\/de\/wp-json\/wp\/v2\/pages\/6736\/revisions"}],"predecessor-version":[{"id":39187,"href":"https:\/\/marcottestyle.com\/de\/wp-json\/wp\/v2\/pages\/6736\/revisions\/39187"}],"wp:attachment":[{"href":"https:\/\/marcottestyle.com\/de\/wp-json\/wp\/v2\/media?parent=6736"}],"curies":[{"name":"wp","href":"https:\/\/api.w.org\/{rel}","templated":true}]}}