{"id":6796,"date":"2018-02-22T16:20:11","date_gmt":"2018-02-22T15:20:11","guid":{"rendered":"http:\/\/marcottestyle.com\/?page_id=6796"},"modified":"2025-02-12T21:19:29","modified_gmt":"2025-02-12T20:19:29","slug":"hoteleinrichtung","status":"publish","type":"page","link":"https:\/\/marcottestyle.com\/de\/hoteleinrichtung\/","title":{"rendered":"Hotel Design"},"content":{"rendered":"\t\t<div data-elementor-type=\"wp-page\" data-elementor-id=\"6796\" class=\"elementor elementor-6796 elementor-6788\" data-elementor-settings=\"{&quot;ha_cmc_init_switcher&quot;:&quot;no&quot;}\" data-elementor-post-type=\"page\">\n\t\t\t\t<div class=\"elementor-element elementor-element-e39325b e-flex e-con-boxed e-con e-parent\" data-id=\"e39325b\" data-element_type=\"container\" data-e-type=\"container\" data-settings=\"{&quot;_ha_eqh_enable&quot;:false}\">\n\t\t\t\t\t<div class=\"e-con-inner\">\n\t\t\t\t\t<\/div>\n\t\t\t\t<\/div>\n\t\t<div class=\"elementor-element elementor-element-e5f8f83 e-flex e-con-boxed e-con e-parent\" data-id=\"e5f8f83\" data-element_type=\"container\" data-e-type=\"container\" data-settings=\"{&quot;_ha_eqh_enable&quot;:false}\">\n\t\t\t\t\t<div class=\"e-con-inner\">\n\t\t\t\t<div class=\"elementor-element elementor-element-bdc4bee elementor-widget elementor-widget-spacer\" data-id=\"bdc4bee\" data-element_type=\"widget\" data-e-type=\"widget\" data-widget_type=\"spacer.default\">\n\t\t\t\t<div class=\"elementor-widget-container\">\n\t\t\t\t\t\t\t<div class=\"elementor-spacer\">\n\t\t\t<div class=\"elementor-spacer-inner\"><\/div>\n\t\t<\/div>\n\t\t\t\t\t\t<\/div>\n\t\t\t\t<\/div>\n\t\t\t\t\t<\/div>\n\t\t\t\t<\/div>\n\t\t<div class=\"elementor-element elementor-element-afd038c e-flex e-con-boxed e-con e-parent\" data-id=\"afd038c\" data-element_type=\"container\" data-e-type=\"container\" data-settings=\"{&quot;_ha_eqh_enable&quot;:false}\">\n\t\t\t\t\t<div class=\"e-con-inner\">\n\t\t\t\t<div class=\"elementor-element elementor-element-efc36e7 elementor-widget elementor-widget-text-editor\" data-id=\"efc36e7\" data-element_type=\"widget\" data-e-type=\"widget\" data-widget_type=\"text-editor.default\">\n\t\t\t\t<div class=\"elementor-widget-container\">\n\t\t\t\t\t\t\t\t\t<p>Dank der Partnerschaft mit einer europ\u00e4ischen High-Tech-Tischlerei und einer gro\u00dfen M\u00f6belfabrik in Osteuropa kann Marcottestyle schnell auf die Nachfrage nach sch\u00f6nen und erschwinglichen, ma\u00dfgefertigten M\u00f6beln reagieren.&nbsp;  Wandpaneele,&nbsp;<span style=\"text-decoration: underline;\"><span style=\"color: #96825b;\"><a style=\"color: #96825b; text-decoration: underline;\" title=\"Decken\" href=\"https:\/\/marcottestyle.com\/de\/decke\/\">Decken<\/a><\/span><\/span>, B\u00f6den oder&nbsp;<span style=\"text-decoration: underline;\"><span style=\"color: #96825b;\"><a style=\"color: #96825b; text-decoration: underline;\" title=\"ma\u00dfgefertigte Schr\u00e4nke\" href=\"https:\/\/marcottestyle.com\/de\/einbauschraenke\/\">ma\u00dfgefertigte Schr\u00e4nke<\/a><\/span><\/span>&nbsp;in speziellen H\u00f6lzern, lackiertem MDF oder Furnier ist unsere Spezialit\u00e4t. Wir lackieren Hochglanz in 2 Komponenten, immer kratz- und staubfrei, wie der Glanz eines neuen Autos. &nbsp;<\/p>\n\t\t\t\t\t\t\t\t<\/div>\n\t\t\t\t<\/div>\n\t\t\t\t\t<\/div>\n\t\t\t\t<\/div>\n\t\t<div class=\"elementor-element elementor-element-09e9fba e-flex e-con-boxed e-con e-parent\" data-id=\"09e9fba\" data-element_type=\"container\" data-e-type=\"container\" data-settings=\"{&quot;_ha_eqh_enable&quot;:false}\">\n\t\t\t\t\t<div class=\"e-con-inner\">\n\t\t\t\t<div class=\"elementor-element elementor-element-b2f50d6 elementor-align-left elementor-widget elementor-widget-etheme_advanced_headline\" data-id=\"b2f50d6\" data-element_type=\"widget\" data-e-type=\"widget\" data-widget_type=\"etheme_advanced_headline.default\">\n\t\t\t\t<div class=\"elementor-widget-container\">\n\t\t\t\t\t        \n        <div class=\"etheme-a-h-wrapper\">\n        \n            \n\t\t\t\n        <h2 class=\"etheme-advanced-headline etheme-advanced-headline-mask\">\n\n            Eigene Herstellung:\n        <\/h2>\n\t\t\n                    \n        <\/div>\n        \n\t\t\t\t\t\t<\/div>\n\t\t\t\t<\/div>\n\t\t\t\t\t<\/div>\n\t\t\t\t<\/div>\n\t\t<div class=\"elementor-element elementor-element-2096ed2 e-flex e-con-boxed e-con e-parent\" data-id=\"2096ed2\" data-element_type=\"container\" data-e-type=\"container\" data-settings=\"{&quot;_ha_eqh_enable&quot;:false}\">\n\t\t\t\t\t<div class=\"e-con-inner\">\n\t\t\t\t<div class=\"elementor-element elementor-element-96bb187 elementor-widget elementor-widget-text-editor\" data-id=\"96bb187\" data-element_type=\"widget\" data-e-type=\"widget\" data-widget_type=\"text-editor.default\">\n\t\t\t\t<div class=\"elementor-widget-container\">\n\t\t\t\t\t\t\t\t\t<p>Alle M\u00f6bel sind au\u00dferdem immer ma\u00dfgefertigt und unterscheiden sich preislich nicht von Standardmodellen! Sie k\u00f6nnen die meisten M\u00f6bel in unserer Show-Villa besichtigen. Mehr als 500 Arten von Stoffen und wundersch\u00f6nem Kunstleder oder feinem italienischem Leder sind erh\u00e4ltlich. Werfen Sie einen Blick in unseren Webshop, um sich inspirieren zu lassen und eine Vorstellung davon zu bekommen, was wir anbieten. F\u00fcr Hotels und Restaurants wird allerdings immer alles nach Ma\u00df gefertigt, was Sie nat\u00fcrlich nicht im Webshop finden k\u00f6nnen.   <\/p>\n\t\t\t\t\t\t\t\t<\/div>\n\t\t\t\t<\/div>\n\t\t\t\t\t<\/div>\n\t\t\t\t<\/div>\n\t\t<div class=\"elementor-element elementor-element-c8917dd e-flex e-con-boxed e-con e-parent\" data-id=\"c8917dd\" data-element_type=\"container\" data-e-type=\"container\" data-settings=\"{&quot;_ha_eqh_enable&quot;:false}\">\n\t\t\t\t\t<div class=\"e-con-inner\">\n\t\t\t\t<div class=\"elementor-element elementor-element-82b801f elementor-align-left elementor-widget elementor-widget-etheme_advanced_headline\" data-id=\"82b801f\" data-element_type=\"widget\" data-e-type=\"widget\" data-widget_type=\"etheme_advanced_headline.default\">\n\t\t\t\t<div class=\"elementor-widget-container\">\n\t\t\t\t\t        \n        <div class=\"etheme-a-h-wrapper\">\n        \n            \n\t\t\t\n        <h2 class=\"etheme-advanced-headline etheme-advanced-headline-mask\">\n\n            Die Referenz f\u00fcr Hotels oder Restaurants mit Klasse:\n        <\/h2>\n\t\t\n                    \n        <\/div>\n        \n\t\t\t\t\t\t<\/div>\n\t\t\t\t<\/div>\n\t\t\t\t\t<\/div>\n\t\t\t\t<\/div>\n\t\t<div class=\"elementor-element elementor-element-d4b3aa9 e-flex e-con-boxed e-con e-parent\" data-id=\"d4b3aa9\" data-element_type=\"container\" data-e-type=\"container\" data-settings=\"{&quot;_ha_eqh_enable&quot;:false}\">\n\t\t\t\t\t<div class=\"e-con-inner\">\n\t\t\t\t<div class=\"elementor-element elementor-element-273105d elementor-widget elementor-widget-text-editor\" data-id=\"273105d\" data-element_type=\"widget\" data-e-type=\"widget\" data-widget_type=\"text-editor.default\">\n\t\t\t\t<div class=\"elementor-widget-container\">\n\t\t\t\t\t\t\t\t\t<p>Marcottestyle ist eine Referenz, wenn es um Hoteldesign im zeitgen\u00f6ssischen, klassischen, l\u00e4ndlichen oder modernen Stil geht. Die Tatsache, dass renommierte und schicke Hotels und sogar Botschaften oft unsere Dienste in Anspruch nehmen, kann als Referenz gelten. <\/p>\n\t\t\t\t\t\t\t\t<\/div>\n\t\t\t\t<\/div>\n\t\t\t\t\t<\/div>\n\t\t\t\t<\/div>\n\t\t<div class=\"elementor-element elementor-element-cf8db3f e-flex e-con-boxed e-con e-parent\" data-id=\"cf8db3f\" data-element_type=\"container\" data-e-type=\"container\" data-settings=\"{&quot;_ha_eqh_enable&quot;:false}\">\n\t\t\t\t\t<div class=\"e-con-inner\">\n\t\t\t\t<div class=\"elementor-element elementor-element-83ff06b elementor-widget elementor-widget-shortcode\" data-id=\"83ff06b\" data-element_type=\"widget\" data-e-type=\"widget\" data-widget_type=\"shortcode.default\">\n\t\t\t\t<div class=\"elementor-widget-container\">\n\t\t\t\t\t\t\t<div class=\"elementor-shortcode\">ngg_shortcode_0_placeholder<\/div>\n\t\t\t\t\t\t<\/div>\n\t\t\t\t<\/div>\n\t\t\t\t<div class=\"elementor-element elementor-element-0e89d08 elementor-widget elementor-widget-spacer\" data-id=\"0e89d08\" data-element_type=\"widget\" data-e-type=\"widget\" data-widget_type=\"spacer.default\">\n\t\t\t\t<div class=\"elementor-widget-container\">\n\t\t\t\t\t\t\t<div class=\"elementor-spacer\">\n\t\t\t<div class=\"elementor-spacer-inner\"><\/div>\n\t\t<\/div>\n\t\t\t\t\t\t<\/div>\n\t\t\t\t<\/div>\n\t\t\t\t\t<\/div>\n\t\t\t\t<\/div>\n\t\t\t\t<\/div>\n\t\t","protected":false},"excerpt":{"rendered":"<p>[rev_slider alias=&#8221;Hotelinrichting&#8221; slidertitle=&#8221;Hotelinrichting&#8221;][\/rev_slider] Dank der Partnerschaft mit einer europ\u00e4ischen High-Tech-Tischlerei und einer gro\u00dfen M\u00f6belfabrik in Osteuropa kann Marcottestyle schnell auf die Nachfrage nach sch\u00f6nen und&#8230;<\/p>\n","protected":false},"author":2,"featured_media":12329,"parent":0,"menu_order":10,"comment_status":"closed","ping_status":"closed","template":"elementor_header_footer","meta":{"ngg_post_thumbnail":0,"footnotes":""},"class_list":["post-6796","page","type-page","status-publish","has-post-thumbnail","hentry"],"_links":{"self":[{"href":"https:\/\/marcottestyle.com\/de\/wp-json\/wp\/v2\/pages\/6796","targetHints":{"allow":["GET"]}}],"collection":[{"href":"https:\/\/marcottestyle.com\/de\/wp-json\/wp\/v2\/pages"}],"about":[{"href":"https:\/\/marcottestyle.com\/de\/wp-json\/wp\/v2\/types\/page"}],"author":[{"embeddable":true,"href":"https:\/\/marcottestyle.com\/de\/wp-json\/wp\/v2\/users\/2"}],"replies":[{"embeddable":true,"href":"https:\/\/marcottestyle.com\/de\/wp-json\/wp\/v2\/comments?post=6796"}],"version-history":[{"count":7,"href":"https:\/\/marcottestyle.com\/de\/wp-json\/wp\/v2\/pages\/6796\/revisions"}],"predecessor-version":[{"id":39289,"href":"https:\/\/marcottestyle.com\/de\/wp-json\/wp\/v2\/pages\/6796\/revisions\/39289"}],"wp:featuredmedia":[{"embeddable":true,"href":"https:\/\/marcottestyle.com\/de\/wp-json\/wp\/v2\/media\/12329"}],"wp:attachment":[{"href":"https:\/\/marcottestyle.com\/de\/wp-json\/wp\/v2\/media?parent=6796"}],"curies":[{"name":"wp","href":"https:\/\/api.w.org\/{rel}","templated":true}]}}