{"id":76080,"date":"2018-03-02T19:34:07","date_gmt":"2018-03-02T18:34:07","guid":{"rendered":"http:\/\/marcottestyle.com\/total-innenarchitektur\/"},"modified":"2025-02-12T21:25:27","modified_gmt":"2025-02-12T20:25:27","slug":"total-innenarchitektur","status":"publish","type":"page","link":"https:\/\/marcottestyle.com\/de\/total-innenarchitektur\/","title":{"rendered":"Total Innenarchitektur"},"content":{"rendered":"\t\t<div data-elementor-type=\"wp-page\" data-elementor-id=\"76080\" class=\"elementor elementor-76080 elementor-13520\" data-elementor-settings=\"{&quot;ha_cmc_init_switcher&quot;:&quot;no&quot;}\" data-elementor-post-type=\"page\">\n\t\t\t\t<div class=\"elementor-element elementor-element-bff0a8e e-flex e-con-boxed e-con e-parent\" data-id=\"bff0a8e\" data-element_type=\"container\" data-e-type=\"container\" data-settings=\"{&quot;_ha_eqh_enable&quot;:false}\">\n\t\t\t\t\t<div class=\"e-con-inner\">\n\t\t\t\t<div class=\"elementor-element elementor-element-09dfa28 elementor-widget elementor-widget-spacer\" data-id=\"09dfa28\" data-element_type=\"widget\" data-e-type=\"widget\" data-widget_type=\"spacer.default\">\n\t\t\t\t<div class=\"elementor-widget-container\">\n\t\t\t\t\t\t\t<div class=\"elementor-spacer\">\n\t\t\t<div class=\"elementor-spacer-inner\"><\/div>\n\t\t<\/div>\n\t\t\t\t\t\t<\/div>\n\t\t\t\t<\/div>\n\t\t\t\t\t<\/div>\n\t\t\t\t<\/div>\n\t\t<div class=\"elementor-element elementor-element-99edebb e-flex e-con-boxed e-con e-parent\" data-id=\"99edebb\" data-element_type=\"container\" data-e-type=\"container\" data-settings=\"{&quot;_ha_eqh_enable&quot;:false}\">\n\t\t\t\t\t<div class=\"e-con-inner\">\n\t\t\t\t<div class=\"elementor-element elementor-element-070dc91 elementor-align-left elementor-widget elementor-widget-etheme_advanced_headline\" data-id=\"070dc91\" data-element_type=\"widget\" data-e-type=\"widget\" data-widget_type=\"etheme_advanced_headline.default\">\n\t\t\t\t<div class=\"elementor-widget-container\">\n\t\t\t\t\t        \n        <div class=\"etheme-a-h-wrapper\">\n        \n            \n\t\t\t\n        <h2 class=\"etheme-advanced-headline etheme-advanced-headline-mask\">\n\n            TOTAL INTERIOR DESIGN\n        <\/h2>\n\t\t\n                    \n        <\/div>\n        \n\t\t\t\t\t\t<\/div>\n\t\t\t\t<\/div>\n\t\t\t\t\t<\/div>\n\t\t\t\t<\/div>\n\t\t<div class=\"elementor-element elementor-element-921477a e-flex e-con-boxed e-con e-parent\" data-id=\"921477a\" data-element_type=\"container\" data-e-type=\"container\" data-settings=\"{&quot;_ha_eqh_enable&quot;:false}\">\n\t\t\t\t\t<div class=\"e-con-inner\">\n\t\t<div class=\"elementor-element elementor-element-99855a6 e-con-full e-flex e-con e-child\" data-id=\"99855a6\" data-element_type=\"container\" data-e-type=\"container\" data-settings=\"{&quot;_ha_eqh_enable&quot;:false}\">\n\t\t\t\t<div class=\"elementor-element elementor-element-636c0ad elementor-widget elementor-widget-instant-advanced-gallery\" data-id=\"636c0ad\" data-element_type=\"widget\" data-e-type=\"widget\" data-settings=\"{&quot;item_per_row&quot;:1,&quot;hover_effect&quot;:&quot;zoomCrossLine&quot;,&quot;gallery_layout&quot;:&quot;grid&quot;,&quot;display_type&quot;:&quot;fadeInToTop&quot;,&quot;display_speed&quot;:{&quot;unit&quot;:&quot;px&quot;,&quot;size&quot;:0.8,&quot;sizes&quot;:[]},&quot;load_more&quot;:&quot;none&quot;,&quot;item_per_row_tablet&quot;:2,&quot;item_per_row_mobile&quot;:1,&quot;height&quot;:{&quot;unit&quot;:&quot;px&quot;,&quot;size&quot;:300,&quot;sizes&quot;:[]},&quot;height_tablet&quot;:{&quot;unit&quot;:&quot;px&quot;,&quot;size&quot;:&quot;&quot;,&quot;sizes&quot;:[]},&quot;height_mobile&quot;:{&quot;unit&quot;:&quot;px&quot;,&quot;size&quot;:&quot;&quot;,&quot;sizes&quot;:[]},&quot;margin&quot;:{&quot;unit&quot;:&quot;px&quot;,&quot;size&quot;:15,&quot;sizes&quot;:[]},&quot;margin_tablet&quot;:{&quot;unit&quot;:&quot;px&quot;,&quot;size&quot;:15,&quot;sizes&quot;:[]},&quot;margin_mobile&quot;:{&quot;unit&quot;:&quot;px&quot;,&quot;size&quot;:15,&quot;sizes&quot;:[]}}\" data-widget_type=\"instant-advanced-gallery.default\">\n\t\t\t\t<div class=\"elementor-widget-container\">\n\t\t\t\t\t\r\n<div id=\"instant-gallery-636c0ad\" class=\"instant-gallery-wrapper\">\r\n\r\n\t\r\n\t<div id=\"instant-gallery-grid-636c0ad\" class=\"galleryResponsive instant-gallery-type-grid qmg instant-gallery\">\r\n\t\t\t\t\t<div class=\"qmg-item filter-1\">\r\n\t\t\t\t<div class=\"qmg-caption\">\r\n\t\t\t\t\t<div class=\"qmg-caption-defaultWrap\">\r\n\t\t\t\t\t\t<img fetchpriority=\"high\" decoding=\"async\" width=\"1920\" height=\"1280\" src=\"https:\/\/marcottestyle.com\/wp-content\/uploads\/xstore\/xstore-placeholder.png\" class=\"attachment-full size-full wp-image-13523 lazyload lazyload-simple et-lazyload-fadeIn\" alt=\"\" sizes=\"(max-width: 1920px) 100vw, 1920px\" data-src=\"https:\/\/marcottestyle.com\/wp-content\/uploads\/2020\/01\/Marcottestyle-totaal-interieurinrichting.jpg\" data-srcset=\"https:\/\/marcottestyle.com\/wp-content\/uploads\/2020\/01\/Marcottestyle-totaal-interieurinrichting.jpg 1920w, https:\/\/marcottestyle.com\/wp-content\/uploads\/2020\/01\/Marcottestyle-totaal-interieurinrichting-300x200.jpg 300w, https:\/\/marcottestyle.com\/wp-content\/uploads\/2020\/01\/Marcottestyle-totaal-interieurinrichting-1024x683.jpg 1024w, https:\/\/marcottestyle.com\/wp-content\/uploads\/2020\/01\/Marcottestyle-totaal-interieurinrichting-768x512.jpg 768w, https:\/\/marcottestyle.com\/wp-content\/uploads\/2020\/01\/Marcottestyle-totaal-interieurinrichting-1536x1024.jpg 1536w, https:\/\/marcottestyle.com\/wp-content\/uploads\/2020\/01\/Marcottestyle-totaal-interieurinrichting-1280x853.jpg 1280w\" title=\"\">\t\t\t\t\t<\/div>\r\n\t\t\t\t\t<div class=\"qmg-caption-activeWrap\">\r\n\t\t\t\t\t\t<div class=\"qmg-l-caption-alignCenter\">\r\n\t\t\t\t\t\t\t<div class=\"qmg-l-caption-body\">\r\n\t\t\t\t\t\t\t\t\t\t\t\t\t\t\t\t\t<div class=\"qmg-action-icons-wrapper\">\r\n\t\t\t\t\t\t\t\t\t\t\t\t\t\t\t\t\t\t\t\t\t<a href=\"#lightbox\" data-fancybox=\"gallery-636c0ad\" data-type=\"image\" data-thumb=\"https:\/\/marcottestyle.com\/wp-content\/uploads\/2020\/01\/Marcottestyle-totaal-interieurinrichting.jpg\" class=\"qmg-icon-lightbox\" data-caption=\"\" data-src=\"https:\/\/marcottestyle.com\/wp-content\/uploads\/2020\/01\/Marcottestyle-totaal-interieurinrichting.jpg\" rel=\"nofollow\"><i aria-hidden=\"true\" class=\"et-icon et-zoom\"><\/i><\/a>\r\n\t\t\t\t\t\t\t\t\t\t\t\t\t\t\t\t\t\t\t\t\t\t\t\t\t\t\t\t\t<\/div>\r\n\t\t\t\t\t\t\t\t\t\t\t\t\t\t\t\t\t\t\t\t\t\t\t<\/div>\r\n\t\t\t\t\t\t<\/div>\r\n\t\t\t\t\t<\/div>\r\n\t\t\t\t<\/div>\r\n\t\t\t\t\t\t\t\t\t\t\t<\/div>\r\n\t\t\t<\/div>\r\n\r\n\t\r\n<\/div>\r\n\t\t\t\t<\/div>\n\t\t\t\t<\/div>\n\t\t\t\t<\/div>\n\t\t<div class=\"elementor-element elementor-element-9eb5fd9 e-con-full e-flex e-con e-child\" data-id=\"9eb5fd9\" data-element_type=\"container\" data-e-type=\"container\" data-settings=\"{&quot;_ha_eqh_enable&quot;:false}\">\n\t\t\t\t<div class=\"elementor-element elementor-element-79146b7 elementor-align-left elementor-widget elementor-widget-etheme_advanced_headline\" data-id=\"79146b7\" data-element_type=\"widget\" data-e-type=\"widget\" data-widget_type=\"etheme_advanced_headline.default\">\n\t\t\t\t<div class=\"elementor-widget-container\">\n\t\t\t\t\t        \n        <div class=\"etheme-a-h-wrapper\">\n        \n            \n\t\t\t\n        <h2 class=\"etheme-advanced-headline etheme-advanced-headline-mask\">\n\n            Marcottestyle ist der Spezialist f\u00fcr die gesamte Inneneinrichtung:\n        <\/h2>\n\t\t\n                    \n        <\/div>\n        \n\t\t\t\t\t\t<\/div>\n\t\t\t\t<\/div>\n\t\t\t\t<div class=\"elementor-element elementor-element-34b1b93 elementor-widget elementor-widget-text-editor\" data-id=\"34b1b93\" data-element_type=\"widget\" data-e-type=\"widget\" data-widget_type=\"text-editor.default\">\n\t\t\t\t<div class=\"elementor-widget-container\">\n\t\t\t\t\t\t\t\t\t<p>Ihr Haus komplett zu renovieren hat viele Vorteile und einen sehr hohen Mehrwert. Wenn Sie gerne in Ihrer Gegend leben, obwohl Ihr Haus schon etwas in die Jahre gekommen ist, ist eine komplette Renovierung eine interessante Option.<br \/>Die Investition, die Sie hier t\u00e4tigen, ist absolut nicht verschwendet und manchmal kann Sie sogar ein Mehrwert beim Verkauf nach ein paar Jahren angenehm \u00fcberraschen. Man unterscheidet zwei Arbeitsmethoden f\u00fcr die komplette Inneneinrichtung. Entweder gibt es \u00fcberall nur leichte Eingriffe, wobei mehr Wert auf Malerei, ma\u00dfgeschneiderte Schrankbeleuchtung, neue M\u00f6bel und Dekoration mit Vorh\u00e4ngen und Teppichen gelegt wird. Das Wichtigste ist, dass es ein Ganzes wird, in dem Gem\u00fctlichkeit und Ruhe die angenehme Folge sind. Au\u00dferdem k\u00f6nnen neue abgeh\u00e4ngte Decken mit LED-Strahlern installiert werden. Neue Fu\u00dfb\u00f6den und gut isolierte Fenster sind ebenfalls wichtig.      <\/p>\n<p>Z\u00f6gern Sie nicht, uns<a href=\"https:\/\/marcottestyle.com\/contact\/\"> zu kontaktieren<\/a>.<\/p>\n\t\t\t\t\t\t\t\t<\/div>\n\t\t\t\t<\/div>\n\t\t\t\t<\/div>\n\t\t\t\t\t<\/div>\n\t\t\t\t<\/div>\n\t\t<div class=\"elementor-element elementor-element-7224702 e-flex e-con-boxed e-con e-parent\" data-id=\"7224702\" data-element_type=\"container\" data-e-type=\"container\" data-settings=\"{&quot;_ha_eqh_enable&quot;:false}\">\n\t\t\t\t\t<div class=\"e-con-inner\">\n\t\t<div class=\"elementor-element elementor-element-6c2cc19 e-con-full e-flex e-con e-child\" data-id=\"6c2cc19\" data-element_type=\"container\" data-e-type=\"container\" data-settings=\"{&quot;_ha_eqh_enable&quot;:false}\">\n\t\t\t\t<div class=\"elementor-element elementor-element-2d0a426 elementor-widget elementor-widget-instant-advanced-gallery\" data-id=\"2d0a426\" data-element_type=\"widget\" data-e-type=\"widget\" data-settings=\"{&quot;item_per_row&quot;:1,&quot;hover_effect&quot;:&quot;zoomCrossLine&quot;,&quot;gallery_layout&quot;:&quot;grid&quot;,&quot;display_type&quot;:&quot;fadeInToTop&quot;,&quot;display_speed&quot;:{&quot;unit&quot;:&quot;px&quot;,&quot;size&quot;:0.8,&quot;sizes&quot;:[]},&quot;load_more&quot;:&quot;none&quot;,&quot;item_per_row_tablet&quot;:2,&quot;item_per_row_mobile&quot;:1,&quot;height&quot;:{&quot;unit&quot;:&quot;px&quot;,&quot;size&quot;:300,&quot;sizes&quot;:[]},&quot;height_tablet&quot;:{&quot;unit&quot;:&quot;px&quot;,&quot;size&quot;:&quot;&quot;,&quot;sizes&quot;:[]},&quot;height_mobile&quot;:{&quot;unit&quot;:&quot;px&quot;,&quot;size&quot;:&quot;&quot;,&quot;sizes&quot;:[]},&quot;margin&quot;:{&quot;unit&quot;:&quot;px&quot;,&quot;size&quot;:15,&quot;sizes&quot;:[]},&quot;margin_tablet&quot;:{&quot;unit&quot;:&quot;px&quot;,&quot;size&quot;:15,&quot;sizes&quot;:[]},&quot;margin_mobile&quot;:{&quot;unit&quot;:&quot;px&quot;,&quot;size&quot;:15,&quot;sizes&quot;:[]}}\" data-widget_type=\"instant-advanced-gallery.default\">\n\t\t\t\t<div class=\"elementor-widget-container\">\n\t\t\t\t\t\r\n<div id=\"instant-gallery-2d0a426\" class=\"instant-gallery-wrapper\">\r\n\r\n\t\r\n\t<div id=\"instant-gallery-grid-2d0a426\" class=\"galleryResponsive instant-gallery-type-grid qmg instant-gallery\">\r\n\t\t\t\t\t<div class=\"qmg-item filter-1\">\r\n\t\t\t\t<div class=\"qmg-caption\">\r\n\t\t\t\t\t<div class=\"qmg-caption-defaultWrap\">\r\n\t\t\t\t\t\t<img decoding=\"async\" width=\"1920\" height=\"1280\" src=\"https:\/\/marcottestyle.com\/wp-content\/uploads\/xstore\/xstore-placeholder.png\" class=\"attachment-full size-full wp-image-13540 lazyload lazyload-simple et-lazyload-fadeIn\" alt=\"\" sizes=\"(max-width: 1920px) 100vw, 1920px\" data-src=\"https:\/\/marcottestyle.com\/wp-content\/uploads\/2020\/01\/Marcottestyle-totaal-interieurinrichting-3d.jpg\" data-srcset=\"https:\/\/marcottestyle.com\/wp-content\/uploads\/2020\/01\/Marcottestyle-totaal-interieurinrichting-3d.jpg 1920w, https:\/\/marcottestyle.com\/wp-content\/uploads\/2020\/01\/Marcottestyle-totaal-interieurinrichting-3d-300x200.jpg 300w, https:\/\/marcottestyle.com\/wp-content\/uploads\/2020\/01\/Marcottestyle-totaal-interieurinrichting-3d-1024x683.jpg 1024w, https:\/\/marcottestyle.com\/wp-content\/uploads\/2020\/01\/Marcottestyle-totaal-interieurinrichting-3d-768x512.jpg 768w, https:\/\/marcottestyle.com\/wp-content\/uploads\/2020\/01\/Marcottestyle-totaal-interieurinrichting-3d-1536x1024.jpg 1536w, https:\/\/marcottestyle.com\/wp-content\/uploads\/2020\/01\/Marcottestyle-totaal-interieurinrichting-3d-1280x853.jpg 1280w\" title=\"\">\t\t\t\t\t<\/div>\r\n\t\t\t\t\t<div class=\"qmg-caption-activeWrap\">\r\n\t\t\t\t\t\t<div class=\"qmg-l-caption-alignCenter\">\r\n\t\t\t\t\t\t\t<div class=\"qmg-l-caption-body\">\r\n\t\t\t\t\t\t\t\t\t\t\t\t\t\t\t\t\t<div class=\"qmg-action-icons-wrapper\">\r\n\t\t\t\t\t\t\t\t\t\t\t\t\t\t\t\t\t\t\t\t\t<a href=\"#lightbox\" data-fancybox=\"gallery-2d0a426\" data-type=\"image\" data-thumb=\"https:\/\/marcottestyle.com\/wp-content\/uploads\/2020\/01\/Marcottestyle-totaal-interieurinrichting-3d.jpg\" class=\"qmg-icon-lightbox\" data-caption=\"\" data-src=\"https:\/\/marcottestyle.com\/wp-content\/uploads\/2020\/01\/Marcottestyle-totaal-interieurinrichting-3d.jpg\" rel=\"nofollow\"><i aria-hidden=\"true\" class=\"et-icon et-zoom\"><\/i><\/a>\r\n\t\t\t\t\t\t\t\t\t\t\t\t\t\t\t\t\t\t\t\t\t\t\t\t\t\t\t\t\t<\/div>\r\n\t\t\t\t\t\t\t\t\t\t\t\t\t\t\t\t\t\t\t\t\t\t\t<\/div>\r\n\t\t\t\t\t\t<\/div>\r\n\t\t\t\t\t<\/div>\r\n\t\t\t\t<\/div>\r\n\t\t\t\t\t\t\t\t\t\t\t<\/div>\r\n\t\t\t<\/div>\r\n\r\n\t\r\n<\/div>\r\n\t\t\t\t<\/div>\n\t\t\t\t<\/div>\n\t\t\t\t<\/div>\n\t\t<div class=\"elementor-element elementor-element-012a5c8 e-con-full e-flex e-con e-child\" data-id=\"012a5c8\" data-element_type=\"container\" data-e-type=\"container\" data-settings=\"{&quot;_ha_eqh_enable&quot;:false}\">\n\t\t\t\t<div class=\"elementor-element elementor-element-c01d7dd elementor-widget elementor-widget-text-editor\" data-id=\"c01d7dd\" data-element_type=\"widget\" data-e-type=\"widget\" data-widget_type=\"text-editor.default\">\n\t\t\t\t<div class=\"elementor-widget-container\">\n\t\t\t\t\t\t\t\t\t<p>Manchmal ist aber auch eine gr\u00fcndliche Renovierung erforderlich, bei der alles auf den Zustand eines Casco zur\u00fcckgef\u00fchrt wird. In diesem Fall schl\u00e4gt Marcottestyle eine v\u00f6llig neue Inneneinrichtung vor. Bei vielen Zimmern wird in der Regel vorgeschlagen, den Grundriss komplett zu \u00e4ndern, denn in diesem Stadium ist es wichtig, die R\u00e4ume gegebenenfalls neu zu verteilen. Anstelle von f\u00fcnf oder ihnen kleinen Zimmern mit nur zwei Badezimmern k\u00f6nnen zum Beispiel nur drei gro\u00dfe Zimmer geschaffen werden, jedes mit Bad und Ankleidezimmer in Suite. Wenn man sich erst einmal an eine solche moderne Aufteilung gew\u00f6hnt hat, kann man sich nichts anderes mehr vorstellen. Die Renovierung der Elektrik, der Fenster, der B\u00f6den, der Decken und des Verputzes geh\u00f6rt ebenfalls dazu. Nach dem Trocknen wird alles nach einem genau definierten Schema und Design gestrichen. Hier wird alles von A bis Z geplant und nach den Rohbauarbeiten ist es Zeit f\u00fcr die eigentliche Einrichtung.       <\/p>\n\t\t\t\t\t\t\t\t<\/div>\n\t\t\t\t<\/div>\n\t\t\t\t<\/div>\n\t\t\t\t\t<\/div>\n\t\t\t\t<\/div>\n\t\t<div class=\"elementor-element elementor-element-2f31f62 e-flex e-con-boxed e-con e-parent\" data-id=\"2f31f62\" data-element_type=\"container\" data-e-type=\"container\" data-settings=\"{&quot;_ha_eqh_enable&quot;:false}\">\n\t\t\t\t\t<div class=\"e-con-inner\">\n\t\t\t\t<div class=\"elementor-element elementor-element-35c5a44 elementor-align-left elementor-widget elementor-widget-etheme_advanced_headline\" data-id=\"35c5a44\" data-element_type=\"widget\" data-e-type=\"widget\" data-widget_type=\"etheme_advanced_headline.default\">\n\t\t\t\t<div class=\"elementor-widget-container\">\n\t\t\t\t\t        \n        <div class=\"etheme-a-h-wrapper\">\n        \n            \n\t\t\t\n        <h2 class=\"etheme-advanced-headline etheme-advanced-headline-mask\">\n\n            Die Kombination von Funktionalit\u00e4t und \u00c4sthetik:\n        <\/h2>\n\t\t\n                    \n        <\/div>\n        \n\t\t\t\t\t\t<\/div>\n\t\t\t\t<\/div>\n\t\t\t\t\t<\/div>\n\t\t\t\t<\/div>\n\t\t<div class=\"elementor-element elementor-element-1f36a7f e-flex e-con-boxed e-con e-parent\" data-id=\"1f36a7f\" data-element_type=\"container\" data-e-type=\"container\" data-settings=\"{&quot;_ha_eqh_enable&quot;:false}\">\n\t\t\t\t\t<div class=\"e-con-inner\">\n\t\t\t\t<div class=\"elementor-element elementor-element-3e78778 elementor-widget elementor-widget-text-editor\" data-id=\"3e78778\" data-element_type=\"widget\" data-e-type=\"widget\" data-widget_type=\"text-editor.default\">\n\t\t\t\t<div class=\"elementor-widget-container\">\n\t\t\t\t\t\t\t\t\t<p>Die St\u00e4rke von Marcottestyle ist offensichtlich die F\u00e4higkeit, \u00c4sthetik und Funktionalit\u00e4t in Einklang zu bringen.<br \/>Nat\u00fcrlich ist hier alles immer \u00e4sthetisch perfekt, aber es gibt viele M\u00f6glichkeiten, dies zu erreichen, vorausgesetzt, Funktionalit\u00e4t und Zweckm\u00e4\u00dfigkeit werden nicht vergessen. Jedes Projekt wird mit Herz und Seele durchgef\u00fchrt, um die perfekte Umsetzung zu erreichen. <\/p>\n\t\t\t\t\t\t\t\t<\/div>\n\t\t\t\t<\/div>\n\t\t\t\t\t<\/div>\n\t\t\t\t<\/div>\n\t\t<div class=\"elementor-element elementor-element-8487d44 e-flex e-con-boxed e-con e-parent\" data-id=\"8487d44\" data-element_type=\"container\" data-e-type=\"container\" data-settings=\"{&quot;_ha_eqh_enable&quot;:false}\">\n\t\t\t\t\t<div class=\"e-con-inner\">\n\t\t\t\t<div class=\"elementor-element elementor-element-b76bfd2 elementor-widget elementor-widget-text-editor\" data-id=\"b76bfd2\" data-element_type=\"widget\" data-e-type=\"widget\" data-widget_type=\"text-editor.default\">\n\t\t\t\t<div class=\"elementor-widget-container\">\n\t\t\t\t\t\t\t\t\t<p>Werfen Sie einen Blick auf unsere Realisierungen und achten Sie besonders auf jedes Detail: Marcottestyle \u00fcberl\u00e4sst nichts dem Zufall. Alles wird nach Plan durchdacht, um ein perfektes Ergebnis zu erzielen. <\/p>\n\t\t\t\t\t\t\t\t<\/div>\n\t\t\t\t<\/div>\n\t\t\t\t\t<\/div>\n\t\t\t\t<\/div>\n\t\t<div class=\"elementor-element elementor-element-b6aa476 e-flex e-con-boxed e-con e-parent\" data-id=\"b6aa476\" data-element_type=\"container\" data-e-type=\"container\" data-settings=\"{&quot;_ha_eqh_enable&quot;:false}\">\n\t\t\t\t\t<div class=\"e-con-inner\">\n\t\t\t\t<div class=\"elementor-element elementor-element-3a6ba87 elementor-widget elementor-widget-shortcode\" data-id=\"3a6ba87\" data-element_type=\"widget\" data-e-type=\"widget\" data-widget_type=\"shortcode.default\">\n\t\t\t\t<div class=\"elementor-widget-container\">\n\t\t\t\t\t\t\t<div class=\"elementor-shortcode\">ngg_shortcode_0_placeholder<\/div>\n\t\t\t\t\t\t<\/div>\n\t\t\t\t<\/div>\n\t\t\t\t<div class=\"elementor-element elementor-element-e2fa94d elementor-widget elementor-widget-spacer\" data-id=\"e2fa94d\" data-element_type=\"widget\" data-e-type=\"widget\" data-widget_type=\"spacer.default\">\n\t\t\t\t<div class=\"elementor-widget-container\">\n\t\t\t\t\t\t\t<div class=\"elementor-spacer\">\n\t\t\t<div class=\"elementor-spacer-inner\"><\/div>\n\t\t<\/div>\n\t\t\t\t\t\t<\/div>\n\t\t\t\t<\/div>\n\t\t\t\t\t<\/div>\n\t\t\t\t<\/div>\n\t\t<div class=\"elementor-element elementor-element-bda3dcc e-flex e-con-boxed e-con e-parent\" data-id=\"bda3dcc\" data-element_type=\"container\" data-e-type=\"container\" data-settings=\"{&quot;_ha_eqh_enable&quot;:false}\">\n\t\t\t\t\t<div class=\"e-con-inner\">\n\t\t\t\t<div class=\"elementor-element elementor-element-ccb3af4 elementor-widget elementor-widget-spacer\" data-id=\"ccb3af4\" data-element_type=\"widget\" data-e-type=\"widget\" data-widget_type=\"spacer.default\">\n\t\t\t\t<div class=\"elementor-widget-container\">\n\t\t\t\t\t\t\t<div class=\"elementor-spacer\">\n\t\t\t<div class=\"elementor-spacer-inner\"><\/div>\n\t\t<\/div>\n\t\t\t\t\t\t<\/div>\n\t\t\t\t<\/div>\n\t\t\t\t\t<\/div>\n\t\t\t\t<\/div>\n\t\t\t\t<\/div>\n\t\t","protected":false},"excerpt":{"rendered":"<p>TOTAL INTERIOR DESIGN Marcottestyle ist der Spezialist f\u00fcr die gesamte Inneneinrichtung: Ihr Haus komplett zu renovieren hat viele Vorteile und einen sehr hohen Mehrwert. Wenn&#8230;<\/p>\n","protected":false},"author":2,"featured_media":0,"parent":0,"menu_order":39,"comment_status":"closed","ping_status":"closed","template":"elementor_header_footer","meta":{"ngg_post_thumbnail":0,"footnotes":""},"class_list":["post-76080","page","type-page","status-publish","hentry"],"_links":{"self":[{"href":"https:\/\/marcottestyle.com\/de\/wp-json\/wp\/v2\/pages\/76080","targetHints":{"allow":["GET"]}}],"collection":[{"href":"https:\/\/marcottestyle.com\/de\/wp-json\/wp\/v2\/pages"}],"about":[{"href":"https:\/\/marcottestyle.com\/de\/wp-json\/wp\/v2\/types\/page"}],"author":[{"embeddable":true,"href":"https:\/\/marcottestyle.com\/de\/wp-json\/wp\/v2\/users\/2"}],"replies":[{"embeddable":true,"href":"https:\/\/marcottestyle.com\/de\/wp-json\/wp\/v2\/comments?post=76080"}],"version-history":[{"count":0,"href":"https:\/\/marcottestyle.com\/de\/wp-json\/wp\/v2\/pages\/76080\/revisions"}],"wp:attachment":[{"href":"https:\/\/marcottestyle.com\/de\/wp-json\/wp\/v2\/media?parent=76080"}],"curies":[{"name":"wp","href":"https:\/\/api.w.org\/{rel}","templated":true}]}}