{"id":76105,"date":"2020-01-01T13:24:16","date_gmt":"2020-01-01T12:24:16","guid":{"rendered":"http:\/\/marcottestyle.com\/klassisches-interieur\/"},"modified":"2025-02-12T21:29:34","modified_gmt":"2025-02-12T20:29:34","slug":"klassisches-interieur","status":"publish","type":"page","link":"https:\/\/marcottestyle.com\/de\/klassisches-interieur\/","title":{"rendered":"Klassisches Interieur"},"content":{"rendered":"\t\t<div data-elementor-type=\"wp-page\" data-elementor-id=\"76105\" class=\"elementor elementor-76105 elementor-13299\" data-elementor-settings=\"{&quot;ha_cmc_init_switcher&quot;:&quot;no&quot;}\" data-elementor-post-type=\"page\">\n\t\t\t\t<div class=\"elementor-element elementor-element-a26d7b6 e-flex e-con-boxed e-con e-parent\" data-id=\"a26d7b6\" data-element_type=\"container\" data-e-type=\"container\" data-settings=\"{&quot;_ha_eqh_enable&quot;:false}\">\n\t\t\t\t\t<div class=\"e-con-inner\">\n\t\t\t\t<div class=\"elementor-element elementor-element-acfd060 elementor-widget elementor-widget-spacer\" data-id=\"acfd060\" data-element_type=\"widget\" data-e-type=\"widget\" data-widget_type=\"spacer.default\">\n\t\t\t\t<div class=\"elementor-widget-container\">\n\t\t\t\t\t\t\t<div class=\"elementor-spacer\">\n\t\t\t<div class=\"elementor-spacer-inner\"><\/div>\n\t\t<\/div>\n\t\t\t\t\t\t<\/div>\n\t\t\t\t<\/div>\n\t\t\t\t\t<\/div>\n\t\t\t\t<\/div>\n\t\t<div class=\"elementor-element elementor-element-0f4906a e-flex e-con-boxed e-con e-parent\" data-id=\"0f4906a\" data-element_type=\"container\" data-e-type=\"container\" data-settings=\"{&quot;_ha_eqh_enable&quot;:false}\">\n\t\t\t\t\t<div class=\"e-con-inner\">\n\t\t\t\t<div class=\"elementor-element elementor-element-a5d6b93 elementor-align-left elementor-widget elementor-widget-etheme_advanced_headline\" data-id=\"a5d6b93\" data-element_type=\"widget\" data-e-type=\"widget\" data-widget_type=\"etheme_advanced_headline.default\">\n\t\t\t\t<div class=\"elementor-widget-container\">\n\t\t\t\t\t        \n        <div class=\"etheme-a-h-wrapper\">\n        \n            \n\t\t\t\n        <h2 class=\"etheme-advanced-headline etheme-advanced-headline-mask\">\n\n            KLASSISCHES INTERIEUR\n        <\/h2>\n\t\t\n                    \n        <\/div>\n        \n\t\t\t\t\t\t<\/div>\n\t\t\t\t<\/div>\n\t\t\t\t\t<\/div>\n\t\t\t\t<\/div>\n\t\t<div class=\"elementor-element elementor-element-61bd79c e-flex e-con-boxed e-con e-parent\" data-id=\"61bd79c\" data-element_type=\"container\" data-e-type=\"container\" data-settings=\"{&quot;_ha_eqh_enable&quot;:false}\">\n\t\t\t\t\t<div class=\"e-con-inner\">\n\t\t\t\t<div class=\"elementor-element elementor-element-c90a1d1 elementor-widget elementor-widget-text-editor\" data-id=\"c90a1d1\" data-element_type=\"widget\" data-e-type=\"widget\" data-widget_type=\"text-editor.default\">\n\t\t\t\t<div class=\"elementor-widget-container\">\n\t\t\t\t\t\t\t\t\t<p>Neben den Retro-Design-Einrichtungen von Marcottestyle sind klassische Inneneinrichtungen eine interessante Verbindung zwischen der Vergangenheit und der Gegenwart.<\/p>\n<p>Um ein attraktives klassisches Interieur zu schaffen, hat Marcottestyle die geniale Idee, zwei Stile zu mischen.<br \/>Ein rein klassisches Interieur wirkt manchmal etwas altmodisch und Marcottestyle versucht, diese Art von Interieur etwas j\u00fcnger und frischer zu gestalten, wobei der Retro- oder klassische Stil eine Hauptrolle spielt. Wenn man ein klassisches Interieur betritt, sollte man das Gef\u00fchl haben, dass nur das Interieur klassisch eingerichtet ist. Erst wenn man genauer hinsieht, wird man hier und da zeitgen\u00f6ssische oder sogar modernere St\u00fccke entdecken, ohne dass sie st\u00f6ren.  <\/p>\n\t\t\t\t\t\t\t\t<\/div>\n\t\t\t\t<\/div>\n\t\t\t\t\t<\/div>\n\t\t\t\t<\/div>\n\t\t<div class=\"elementor-element elementor-element-bd735a6 e-flex e-con-boxed e-con e-parent\" data-id=\"bd735a6\" data-element_type=\"container\" data-e-type=\"container\" data-settings=\"{&quot;_ha_eqh_enable&quot;:false}\">\n\t\t\t\t\t<div class=\"e-con-inner\">\n\t\t\t\t<div class=\"elementor-element elementor-element-8994fc5 elementor-widget elementor-widget-shortcode\" data-id=\"8994fc5\" data-element_type=\"widget\" data-e-type=\"widget\" data-widget_type=\"shortcode.default\">\n\t\t\t\t<div class=\"elementor-widget-container\">\n\t\t\t\t\t\t\t<div class=\"elementor-shortcode\">ngg_shortcode_0_placeholder<\/div>\n\t\t\t\t\t\t<\/div>\n\t\t\t\t<\/div>\n\t\t\t\t<div class=\"elementor-element elementor-element-95a43f4 elementor-widget elementor-widget-spacer\" data-id=\"95a43f4\" data-element_type=\"widget\" data-e-type=\"widget\" data-widget_type=\"spacer.default\">\n\t\t\t\t<div class=\"elementor-widget-container\">\n\t\t\t\t\t\t\t<div class=\"elementor-spacer\">\n\t\t\t<div class=\"elementor-spacer-inner\"><\/div>\n\t\t<\/div>\n\t\t\t\t\t\t<\/div>\n\t\t\t\t<\/div>\n\t\t\t\t\t<\/div>\n\t\t\t\t<\/div>\n\t\t<div class=\"elementor-element elementor-element-0e3d11d e-flex e-con-boxed e-con e-parent\" data-id=\"0e3d11d\" data-element_type=\"container\" data-e-type=\"container\" data-settings=\"{&quot;_ha_eqh_enable&quot;:false}\">\n\t\t\t\t\t<div class=\"e-con-inner\">\n\t\t\t\t<div class=\"elementor-element elementor-element-41c68cc elementor-align-left elementor-widget elementor-widget-etheme_advanced_headline\" data-id=\"41c68cc\" data-element_type=\"widget\" data-e-type=\"widget\" data-widget_type=\"etheme_advanced_headline.default\">\n\t\t\t\t<div class=\"elementor-widget-container\">\n\t\t\t\t\t        \n        <div class=\"etheme-a-h-wrapper\">\n        \n            \n\t\t\t\n        <h2 class=\"etheme-advanced-headline etheme-advanced-headline-mask\">\n\n            Reiche Vorh\u00e4nge:\n        <\/h2>\n\t\t\n                    \n        <\/div>\n        \n\t\t\t\t\t\t<\/div>\n\t\t\t\t<\/div>\n\t\t\t\t\t<\/div>\n\t\t\t\t<\/div>\n\t\t<div class=\"elementor-element elementor-element-5338b09 e-flex e-con-boxed e-con e-parent\" data-id=\"5338b09\" data-element_type=\"container\" data-e-type=\"container\" data-settings=\"{&quot;_ha_eqh_enable&quot;:false}\">\n\t\t\t\t\t<div class=\"e-con-inner\">\n\t\t\t\t<div class=\"elementor-element elementor-element-854e9f1 elementor-widget elementor-widget-text-editor\" data-id=\"854e9f1\" data-element_type=\"widget\" data-e-type=\"widget\" data-widget_type=\"text-editor.default\">\n\t\t\t\t<div class=\"elementor-widget-container\">\n\t\t\t\t\t\t\t\t\t<p>Es bleibt ein vornehmer Stil mit \u00fcppigen Vorh\u00e4ngen, M\u00f6beln, Dekoration und Beleuchtung, gemischt mit einigen moderneren Elementen. Diese Dekoration kann jedoch so modern oder klassisch sein, wie Sie es w\u00fcnschen. Die Wahl der Vorh\u00e4nge ist bei diesem klassischen Stil also sehr wichtig.  <\/p>\n\t\t\t\t\t\t\t\t<\/div>\n\t\t\t\t<\/div>\n\t\t\t\t\t<\/div>\n\t\t\t\t<\/div>\n\t\t<div class=\"elementor-element elementor-element-3133b7c e-flex e-con-boxed e-con e-parent\" data-id=\"3133b7c\" data-element_type=\"container\" data-e-type=\"container\" data-settings=\"{&quot;_ha_eqh_enable&quot;:false}\">\n\t\t\t\t\t<div class=\"e-con-inner\">\n\t\t\t\t<div class=\"elementor-element elementor-element-f236f52 elementor-align-left elementor-widget elementor-widget-etheme_advanced_headline\" data-id=\"f236f52\" data-element_type=\"widget\" data-e-type=\"widget\" data-widget_type=\"etheme_advanced_headline.default\">\n\t\t\t\t<div class=\"elementor-widget-container\">\n\t\t\t\t\t        \n        <div class=\"etheme-a-h-wrapper\">\n        \n            \n\t\t\t\n        <h2 class=\"etheme-advanced-headline etheme-advanced-headline-mask\">\n\n            Ein Herrenhaus mit \u00fcppiger Ausstattung:\n        <\/h2>\n\t\t\n                    \n        <\/div>\n        \n\t\t\t\t\t\t<\/div>\n\t\t\t\t<\/div>\n\t\t\t\t\t<\/div>\n\t\t\t\t<\/div>\n\t\t<div class=\"elementor-element elementor-element-ce94622 e-flex e-con-boxed e-con e-parent\" data-id=\"ce94622\" data-element_type=\"container\" data-e-type=\"container\" data-settings=\"{&quot;_ha_eqh_enable&quot;:false}\">\n\t\t\t\t\t<div class=\"e-con-inner\">\n\t\t\t\t<div class=\"elementor-element elementor-element-5a2f4d7 elementor-widget elementor-widget-text-editor\" data-id=\"5a2f4d7\" data-element_type=\"widget\" data-e-type=\"widget\" data-widget_type=\"text-editor.default\">\n\t\t\t\t<div class=\"elementor-widget-container\">\n\t\t\t\t\t\t\t\t\t<p>Klassische M\u00f6bel sind ein Muss f\u00fcr die Einrichtung einer Villa, in der die Vergangenheit mit der Gegenwart verschmilzt. Hier leben wir in einem klassischen Interieur mit einem zeitgen\u00f6ssischen, gro\u00dfz\u00fcgigen Gef\u00fchl. Bei Marcottestyle kann man sehr gut nachempfinden, inwieweit die Kombination zwischen Klassik und Moderne notwendig ist. Sogar 100 Prozent Klassik ist m\u00f6glich mit klassischen M\u00f6beln, die Marcottestyle auch liefern kann. Werfen Sie einen Blick auf die Kollektion klassischer M\u00f6bel von Marcottestyle. Es zahlt sich auf jeden Fall aus. F\u00fcr eine Gesamteinrichtung k\u00f6nnen nat\u00fcrlich viele andere M\u00f6belst\u00fccke hinzugef\u00fcgt werden, die in das klassische Interieur passen.      <\/p>\n\t\t\t\t\t\t\t\t<\/div>\n\t\t\t\t<\/div>\n\t\t\t\t\t<\/div>\n\t\t\t\t<\/div>\n\t\t<div class=\"elementor-element elementor-element-61faa60 e-flex e-con-boxed e-con e-parent\" data-id=\"61faa60\" data-element_type=\"container\" data-e-type=\"container\" data-settings=\"{&quot;_ha_eqh_enable&quot;:false}\">\n\t\t\t\t\t<div class=\"e-con-inner\">\n\t\t\t\t<div class=\"elementor-element elementor-element-18d6fb3 elementor-widget elementor-widget-shortcode\" data-id=\"18d6fb3\" data-element_type=\"widget\" data-e-type=\"widget\" data-widget_type=\"shortcode.default\">\n\t\t\t\t<div class=\"elementor-widget-container\">\n\t\t\t\t\t\t\t<div class=\"elementor-shortcode\">ngg_shortcode_1_placeholder<\/div>\n\t\t\t\t\t\t<\/div>\n\t\t\t\t<\/div>\n\t\t\t\t\t<\/div>\n\t\t\t\t<\/div>\n\t\t<div class=\"elementor-element elementor-element-4810754 e-flex e-con-boxed e-con e-parent\" data-id=\"4810754\" data-element_type=\"container\" data-e-type=\"container\" data-settings=\"{&quot;_ha_eqh_enable&quot;:false}\">\n\t\t\t\t\t<div class=\"e-con-inner\">\n\t\t\t\t<div class=\"elementor-element elementor-element-bb7c4c8 elementor-align-left elementor-widget elementor-widget-etheme_advanced_headline\" data-id=\"bb7c4c8\" data-element_type=\"widget\" data-e-type=\"widget\" data-widget_type=\"etheme_advanced_headline.default\">\n\t\t\t\t<div class=\"elementor-widget-container\">\n\t\t\t\t\t        \n        <div class=\"etheme-a-h-wrapper\">\n        \n            \n\t\t\t\n        <h2 class=\"etheme-advanced-headline etheme-advanced-headline-mask\">\n\n            Botschaften mit klassischem Interieur:\n        <\/h2>\n\t\t\n                    \n        <\/div>\n        \n\t\t\t\t\t\t<\/div>\n\t\t\t\t<\/div>\n\t\t\t\t\t<\/div>\n\t\t\t\t<\/div>\n\t\t<div class=\"elementor-element elementor-element-2ed7e74 e-flex e-con-boxed e-con e-parent\" data-id=\"2ed7e74\" data-element_type=\"container\" data-e-type=\"container\" data-settings=\"{&quot;_ha_eqh_enable&quot;:false}\">\n\t\t\t\t\t<div class=\"e-con-inner\">\n\t\t\t\t<div class=\"elementor-element elementor-element-d8bb3f8 elementor-widget elementor-widget-text-editor\" data-id=\"d8bb3f8\" data-element_type=\"widget\" data-e-type=\"widget\" data-widget_type=\"text-editor.default\">\n\t\t\t\t<div class=\"elementor-widget-container\">\n\t\t\t\t\t\t\t\t\t<p>Eine klassische Einrichtung ist in der Tat ideal f\u00fcr die Einrichtung einer Botschaft. Die Erhabenheit des Landes, die eine Botschaft ausstrahlen soll, ist hier wichtig. Entweder man entscheidet sich entschlossen f\u00fcr eine moderne Einrichtung oder geht schnell zum klassischen herrschaftlichen Stil \u00fcber.  <\/p>\n\t\t\t\t\t\t\t\t<\/div>\n\t\t\t\t<\/div>\n\t\t\t\t\t<\/div>\n\t\t\t\t<\/div>\n\t\t<div class=\"elementor-element elementor-element-39d010f e-flex e-con-boxed e-con e-parent\" data-id=\"39d010f\" data-element_type=\"container\" data-e-type=\"container\" data-settings=\"{&quot;_ha_eqh_enable&quot;:false}\">\n\t\t\t\t\t<div class=\"e-con-inner\">\n\t\t\t\t<div class=\"elementor-element elementor-element-ad7da4a elementor-widget elementor-widget-spacer\" data-id=\"ad7da4a\" data-element_type=\"widget\" data-e-type=\"widget\" data-widget_type=\"spacer.default\">\n\t\t\t\t<div class=\"elementor-widget-container\">\n\t\t\t\t\t\t\t<div class=\"elementor-spacer\">\n\t\t\t<div class=\"elementor-spacer-inner\"><\/div>\n\t\t<\/div>\n\t\t\t\t\t\t<\/div>\n\t\t\t\t<\/div>\n\t\t\t\t\t<\/div>\n\t\t\t\t<\/div>\n\t\t\t\t<\/div>\n\t\t","protected":false},"excerpt":{"rendered":"<p>KLASSISCHES INTERIEUR Neben den Retro-Design-Einrichtungen von Marcottestyle sind klassische Inneneinrichtungen eine interessante Verbindung zwischen der Vergangenheit und der Gegenwart. Um ein attraktives klassisches Interieur zu&#8230;<\/p>\n","protected":false},"author":2,"featured_media":0,"parent":0,"menu_order":0,"comment_status":"closed","ping_status":"closed","template":"elementor_header_footer","meta":{"ngg_post_thumbnail":0,"footnotes":""},"class_list":["post-76105","page","type-page","status-publish","hentry"],"_links":{"self":[{"href":"https:\/\/marcottestyle.com\/de\/wp-json\/wp\/v2\/pages\/76105","targetHints":{"allow":["GET"]}}],"collection":[{"href":"https:\/\/marcottestyle.com\/de\/wp-json\/wp\/v2\/pages"}],"about":[{"href":"https:\/\/marcottestyle.com\/de\/wp-json\/wp\/v2\/types\/page"}],"author":[{"embeddable":true,"href":"https:\/\/marcottestyle.com\/de\/wp-json\/wp\/v2\/users\/2"}],"replies":[{"embeddable":true,"href":"https:\/\/marcottestyle.com\/de\/wp-json\/wp\/v2\/comments?post=76105"}],"version-history":[{"count":0,"href":"https:\/\/marcottestyle.com\/de\/wp-json\/wp\/v2\/pages\/76105\/revisions"}],"wp:attachment":[{"href":"https:\/\/marcottestyle.com\/de\/wp-json\/wp\/v2\/media?parent=76105"}],"curies":[{"name":"wp","href":"https:\/\/api.w.org\/{rel}","templated":true}]}}