{"id":12891,"date":"2018-02-12T17:01:48","date_gmt":"2018-02-12T16:01:48","guid":{"rendered":"http:\/\/marcottestyle.com\/landelijk-wonen\/"},"modified":"2019-12-25T13:33:30","modified_gmt":"2019-12-25T12:33:30","slug":"habiter-a-la-compagne","status":"publish","type":"page","link":"https:\/\/marcottestyle.com\/fr\/habiter-a-la-compagne\/","title":{"rendered":"Habiter \u00e0 la campagne"},"content":{"rendered":"<h3>La vie \u00e0 la campagne: durable, confortable, authentique:<\/h3>\n<p>En p\u00e9riode de durabilit\u00e9 et de recyclage, elle est en augmentation. Et \u00e0 juste titre! L&#8217;utilisation de mat\u00e9riaux naturels tels que les sols en pierre et les types de bois ( par exemple le ch\u00eane ) de notre part g\u00e9n\u00e8re un style chaleureux, authentique, confortable et rustique. Alors que le monde s&#8217;urbanise, la vie rurale ne se d\u00e9mode jamais. Vous pouvez \u00e9galement vivre dans la ville comme celle-ci gr\u00e2ce au design d&#8217;int\u00e9rieur national appropri\u00e9 (dans lequel Marcotte Style est un sp\u00e9cialiste).<\/p>\n<blockquote><p>Curieux de savoir ce que Marcottestyle peut vous offrir: jetez un \u0153il <a href=\"https:\/\/marcottestyle.com\/fr\/offre\/\">\u00e0 l&#8217;offre!<\/a><\/p><\/blockquote>\n<h3>Repos \u00e0 la maison gr\u00e2ce \u00e0 la vie rurale:<\/h3>\n<p>De plus, les couleurs douces, les touches nostalgiques et les mat\u00e9riaux naturels offrent la tranquillit\u00e9 n\u00e9cessaire dans la maison. Des \u00e9tudes montrent que le niveau de stress des personnes diminue consid\u00e9rablement dans un cadre rural apaisant. C&#8217;est merveilleux de cuisiner dans une cuisine de campagne bien \u00e9quip\u00e9e qui, dans le bon sens du terme \u00ab\u00e0 l&#8217;ancienne\u00bb, ne l&#8217;est certainement pas! Ou comme il peut \u00eatre relaxant de se baigner dans un bon bain dans une salle de bain rustique.<\/p>\n<h3>Varier dans la l\u2019habitation:<\/h3>\n<p>Soit dit en passant, il existe une infinit\u00e9 de variations en termes de vie rurale: du c\u00e9l\u00e8bre style cottage anglais (ou style cottage comme les anglais le disent) au style l\u00e9g\u00e8rement plus moderne de la longue \u00eele. Ou m\u00eame des combinaisons avec diff\u00e9rentes touches de style et types de style (style fran\u00e7ais, style toscan, style su\u00e9dois) pour obtenir un effet \u00e9clectique et original. Nos cuisines, salles de bains et salons de style champ\u00eatre sont tous des joyaux uniques et bien \u00e9quilibr\u00e9s qui sont bien au-dessus de la moyenne en termes d&#8217;esth\u00e9tique, d&#8217;utilisation pratique et de mat\u00e9riaux.<\/p>\n<p>[seo-gallery type=&#8221;3-columns&#8221; taxonomy=&#8221;13&#8243; num=&#8221;4,11&#8243;]<\/p>\n<h3>Marcotte Style: sp\u00e9cialiste de l\u2019habitation rurale ou campagnarde:<\/h3>\n<p>En fin de compte, Marcotte Style est le sp\u00e9cialiste polyvalent qui peut vous aider dans tous les domaines et peut vous fournir n&#8217;importe quel meuble national sp\u00e9cifique. Que vous recherchiez des armoires de style campagnard assorties pour votre salle de bain ou des chaises de style campagnard en pur style long island ou des armoires de chalet sp\u00e9cifiques pour un int\u00e9rieur de salon de style champ\u00eatre authentique, la grande collection de Marcotte Style vous fournira sans aucun doute des meubles de campagne authentiques et de haute qualit\u00e9. Vous obtenez gratuitement les conseils de nos experts!<\/p>\n<h3>Stock in\u00e9puisable de mobilier rural:<\/h3>\n<p>Gr\u00e2ce \u00e0 notre gamme particuli\u00e8rement \u00e9tendue, chez Marcotte Style, vous pouvez trouver des meubles de style champ\u00eatre assortis pour chaque pi\u00e8ce sp\u00e9cifique: meubles de chalet avec un look vintage, armoires de chalet de toutes tailles et couleurs, une cuisine de chalet compl\u00e8te ou une chambre de chalet confortable. Le design d&#8217;int\u00e9rieur de A \u00e0 Z est notre dada et le design d&#8217;int\u00e9rieur rural est la sp\u00e9cialit\u00e9 du style Marcotte.<\/p>\n<h3>Mobilier rural de caract\u00e8re:<\/h3>\n<p>La ligne de meubles Marcotte Style comprend de nombreux meubles nationaux. En termes de vie durable, Marcotte a litt\u00e9ralement et au figur\u00e9 le meilleur en interne. Aussi en ce qui concerne la \u00ab touche finale \u00bb pour optimiser pleinement la d\u00e9coration nationale. Pensez aux accessoires tels que le son, la d\u00e9coration des fen\u00eatres, les mini meubles tels que les tables d&#8217;appoint, mais aussi le choix des couleurs, l&#8217;\u00e9clairage, etc. Nos experts exp\u00e9riment\u00e9s peuvent \u00eatre d&#8217;un bon service dans le processus de s\u00e9lection difficile.<\/p>\n<h3>La vie rurale, l&#8217;habitation campagnarde en ville:<\/h3>\n<p>Il peut \u00eatre d\u00e9crit en toute s\u00e9curit\u00e9 comme \u00abun mode de vie\u00bb. Lorsque vous pensez vivre \u00e0 la campagne (dans une maison de campagne), vous avez imm\u00e9diatement un cadre rural \u00e0 l&#8217;esprit, mais comme vous pouvez le voir, vous pouvez \u00e9galement parfaitement vivre en ville, car les int\u00e9rieurs ruraux peuvent en fait \u00eatre cr\u00e9\u00e9s partout: m\u00eame dans des appartements ou des maisons de ville.<\/p>\n","protected":false},"excerpt":{"rendered":"<p>La vie \u00e0 la campagne: durable, confortable, authentique: En p\u00e9riode de durabilit\u00e9 et de recyclage, elle est en augmentation. Et \u00e0 juste titre! L&#8217;utilisation de&#8230;<\/p>\n","protected":false},"author":2,"featured_media":0,"parent":0,"menu_order":4,"comment_status":"closed","ping_status":"closed","template":"elementor_header_footer","meta":{"ngg_post_thumbnail":0,"footnotes":""},"class_list":["post-12891","page","type-page","status-publish","hentry"],"_links":{"self":[{"href":"https:\/\/marcottestyle.com\/fr\/wp-json\/wp\/v2\/pages\/12891","targetHints":{"allow":["GET"]}}],"collection":[{"href":"https:\/\/marcottestyle.com\/fr\/wp-json\/wp\/v2\/pages"}],"about":[{"href":"https:\/\/marcottestyle.com\/fr\/wp-json\/wp\/v2\/types\/page"}],"author":[{"embeddable":true,"href":"https:\/\/marcottestyle.com\/fr\/wp-json\/wp\/v2\/users\/2"}],"replies":[{"embeddable":true,"href":"https:\/\/marcottestyle.com\/fr\/wp-json\/wp\/v2\/comments?post=12891"}],"version-history":[{"count":3,"href":"https:\/\/marcottestyle.com\/fr\/wp-json\/wp\/v2\/pages\/12891\/revisions"}],"predecessor-version":[{"id":12919,"href":"https:\/\/marcottestyle.com\/fr\/wp-json\/wp\/v2\/pages\/12891\/revisions\/12919"}],"wp:attachment":[{"href":"https:\/\/marcottestyle.com\/fr\/wp-json\/wp\/v2\/media?parent=12891"}],"curies":[{"name":"wp","href":"https:\/\/api.w.org\/{rel}","templated":true}]}}