{"id":12903,"date":"2018-02-12T17:09:44","date_gmt":"2018-02-12T16:09:44","guid":{"rendered":"http:\/\/marcottestyle.com\/landelijke-woonkamers\/"},"modified":"2020-01-22T10:40:51","modified_gmt":"2020-01-22T09:40:51","slug":"salons-ruraux","status":"publish","type":"page","link":"https:\/\/marcottestyle.com\/fr\/salons-ruraux\/","title":{"rendered":"Salons ruraux:"},"content":{"rendered":"<h3><img fetchpriority=\"high\" decoding=\"async\" class=\"alignleft wp-image-13812 size-medium\" src=\"http:\/\/marcottestyle.com\/wp-content\/uploads\/2020\/01\/Marcottestyle-landelijk-1-1-300x200.jpg\" alt=\"\" width=\"300\" height=\"200\" title=\"\" srcset=\"https:\/\/marcottestyle.com\/wp-content\/uploads\/2020\/01\/Marcottestyle-landelijk-1-1-300x200.jpg 300w, https:\/\/marcottestyle.com\/wp-content\/uploads\/2020\/01\/Marcottestyle-landelijk-1-1-1024x683.jpg 1024w, https:\/\/marcottestyle.com\/wp-content\/uploads\/2020\/01\/Marcottestyle-landelijk-1-1-768x512.jpg 768w, https:\/\/marcottestyle.com\/wp-content\/uploads\/2020\/01\/Marcottestyle-landelijk-1-1-1536x1025.jpg 1536w, https:\/\/marcottestyle.com\/wp-content\/uploads\/2020\/01\/Marcottestyle-landelijk-1-1-1280x854.jpg 1280w, https:\/\/marcottestyle.com\/wp-content\/uploads\/2020\/01\/Marcottestyle-landelijk-1-1.jpg 1920w\" sizes=\"(max-width: 300px) 100vw, 300px\" \/>Un salon charmant:<\/h3>\n<p>Un salon charmant et soigneusement meubl\u00e9 dans un beau style champ\u00eatre forme l&#8217;\u00e9picentre d&#8217;une maison rurale. Cr\u00e9er un concept de salon harmonieux et confortable en ayant les bonnes combinaisons de couleurs et les meubles au bon endroit est un \u00e9norme d\u00e9fi int\u00e9ressant ou Marcotte Style peut vous aider comme aucun autre.<\/p>\n<blockquote><p>Marcottestyle ne propose pas seulement des salons: jetez un coup d&#8217;\u0153il \u00e0 l&#8217;<a href=\"https:\/\/marcottestyle.com\/fr\/offre\/\">Offre<\/a>!<\/p><\/blockquote>\n<h3>Salon ruraux, de campagne, cottage ou style classique:<\/h3>\n<p>Notre expertise et notre professionnalisme combin\u00e9s \u00e0 notre gamme vari\u00e9e de meubles uniques (propre ligne) et d&#8217;autres beaux meubles pour les salons ruraux garantissent le r\u00eave d&#8217;un salon rural de style campagnard ou autre style classique. M\u00eame pour le style anglais &#8220;Long Island&#8221; qui est plus frais et tr\u00e8s en vogue de nos jours, chez Marcotte Style, nous avons une gamme de beaux articles de d\u00e9coration et de mobilier assortis.<\/p>\n<p>[seo-gallery type=&#8221;3-columns&#8221; taxonomy=&#8221;14&#8243; num=&#8221;4,11&#8243;]<\/p>\n<h3><img decoding=\"async\" class=\"alignleft wp-image-13692 size-medium\" src=\"http:\/\/marcottestyle.com\/wp-content\/uploads\/2020\/01\/Marcottestyle-kasten-op-maat-AA1-300x199.jpg\" alt=\"\" width=\"300\" height=\"199\" title=\"\" srcset=\"https:\/\/marcottestyle.com\/wp-content\/uploads\/2020\/01\/Marcottestyle-kasten-op-maat-AA1-300x199.jpg 300w, https:\/\/marcottestyle.com\/wp-content\/uploads\/2020\/01\/Marcottestyle-kasten-op-maat-AA1-1024x680.jpg 1024w, https:\/\/marcottestyle.com\/wp-content\/uploads\/2020\/01\/Marcottestyle-kasten-op-maat-AA1-768x510.jpg 768w, https:\/\/marcottestyle.com\/wp-content\/uploads\/2020\/01\/Marcottestyle-kasten-op-maat-AA1-1536x1020.jpg 1536w, https:\/\/marcottestyle.com\/wp-content\/uploads\/2020\/01\/Marcottestyle-kasten-op-maat-AA1-1280x850.jpg 1280w, https:\/\/marcottestyle.com\/wp-content\/uploads\/2020\/01\/Marcottestyle-kasten-op-maat-AA1.jpg 1920w\" sizes=\"(max-width: 300px) 100vw, 300px\" \/>Mobilier classique pour les salons de campagne:<\/h3>\n<p>Les si\u00e8ges classiques ou country de Marcotte s&#8217;int\u00e8grent parfaitement dans un salon de campagne qui respire le style cottage, la classe et le confort. Les meubles classiques tels que les canap\u00e9s, les tables d&#8217;appoint, les armoires, les chaises, les chaises de lecture tr\u00e8s confortables, les fauteuils, l&#8217;int\u00e9gration parfaite dans un concept global est l&#8217;une des grandes sp\u00e9cialit\u00e9s de Marcotte Style. De nos employ\u00e9s passionn\u00e9s, vous obtenez gratuitement des conseils professionnels pour la conception de votre salon: conseils de couleur, mobilier d&#8217;implant, design d&#8217;int\u00e9rieur et m\u00eame des simulations informatiques 3D.<\/p>\n<h3>Une vie campagnarde:<\/h3>\n<p>Vous pouvez cr\u00e9er voter propre salon de campagne par notre boutique d&#8217;int\u00e9rieur en ligne (webshop). Un salon de style Marcotte rural respire invariablement le style et le bon go\u00fbt. Non seulement vous trouverez le plus grand assortiment de Marcottte Style dans le style typique de la maison de campagne anglaise pour meubler votre salon de campagne, mais vous pouvez \u00e9galement profiter du service complet des experts en int\u00e9rieur de Marcotte qui s&#8217;efforcent de cr\u00e9er ensemble l&#8217;int\u00e9rieur ultime gratuitement .<\/p>\n<p>[seo-gallery type=&#8221;4-columns&#8221; taxonomy=&#8221;14&#8243; num=&#8221;4,11&#8243;]<\/p>\n","protected":false},"excerpt":{"rendered":"<p>Un salon charmant: Un salon charmant et soigneusement meubl\u00e9 dans un beau style champ\u00eatre forme l&#8217;\u00e9picentre d&#8217;une maison rurale. Cr\u00e9er un concept de salon harmonieux&#8230;<\/p>\n","protected":false},"author":2,"featured_media":0,"parent":0,"menu_order":6,"comment_status":"closed","ping_status":"closed","template":"elementor_header_footer","meta":{"ngg_post_thumbnail":0,"footnotes":""},"class_list":["post-12903","page","type-page","status-publish","hentry"],"_links":{"self":[{"href":"https:\/\/marcottestyle.com\/fr\/wp-json\/wp\/v2\/pages\/12903","targetHints":{"allow":["GET"]}}],"collection":[{"href":"https:\/\/marcottestyle.com\/fr\/wp-json\/wp\/v2\/pages"}],"about":[{"href":"https:\/\/marcottestyle.com\/fr\/wp-json\/wp\/v2\/types\/page"}],"author":[{"embeddable":true,"href":"https:\/\/marcottestyle.com\/fr\/wp-json\/wp\/v2\/users\/2"}],"replies":[{"embeddable":true,"href":"https:\/\/marcottestyle.com\/fr\/wp-json\/wp\/v2\/comments?post=12903"}],"version-history":[{"count":7,"href":"https:\/\/marcottestyle.com\/fr\/wp-json\/wp\/v2\/pages\/12903\/revisions"}],"predecessor-version":[{"id":13816,"href":"https:\/\/marcottestyle.com\/fr\/wp-json\/wp\/v2\/pages\/12903\/revisions\/13816"}],"wp:attachment":[{"href":"https:\/\/marcottestyle.com\/fr\/wp-json\/wp\/v2\/media?parent=12903"}],"curies":[{"name":"wp","href":"https:\/\/api.w.org\/{rel}","templated":true}]}}