{"id":12931,"date":"2018-02-12T17:08:30","date_gmt":"2018-02-12T16:08:30","guid":{"rendered":"http:\/\/marcottestyle.com\/cottage-stijl\/"},"modified":"2025-03-09T19:57:54","modified_gmt":"2025-03-09T18:57:54","slug":"style-cottage","status":"publish","type":"page","link":"https:\/\/marcottestyle.com\/fr\/style-cottage\/","title":{"rendered":"Style cottage"},"content":{"rendered":"\t\t<div data-elementor-type=\"wp-page\" data-elementor-id=\"12931\" class=\"elementor elementor-12931 elementor-5324\" data-elementor-settings=\"{&quot;ha_cmc_init_switcher&quot;:&quot;no&quot;}\" data-elementor-post-type=\"page\">\n\t\t\t\t<div class=\"elementor-element elementor-element-bf472d1 e-flex e-con-boxed e-con e-parent\" data-id=\"bf472d1\" data-element_type=\"container\" data-e-type=\"container\" data-settings=\"{&quot;_ha_eqh_enable&quot;:false}\">\n\t\t\t\t\t<div class=\"e-con-inner\">\n\t\t\t\t<div class=\"elementor-element elementor-element-429e4ce elementor-widget elementor-widget-spacer\" data-id=\"429e4ce\" data-element_type=\"widget\" data-e-type=\"widget\" data-widget_type=\"spacer.default\">\n\t\t\t\t<div class=\"elementor-widget-container\">\n\t\t\t\t\t\t\t<div class=\"elementor-spacer\">\n\t\t\t<div class=\"elementor-spacer-inner\"><\/div>\n\t\t<\/div>\n\t\t\t\t\t\t<\/div>\n\t\t\t\t<\/div>\n\t\t\t\t\t<\/div>\n\t\t\t\t<\/div>\n\t\t<div class=\"elementor-element elementor-element-df90c0b e-flex e-con-boxed e-con e-parent\" data-id=\"df90c0b\" data-element_type=\"container\" data-e-type=\"container\" data-settings=\"{&quot;_ha_eqh_enable&quot;:false}\">\n\t\t\t\t\t<div class=\"e-con-inner\">\n\t\t\t\t<div class=\"elementor-element elementor-element-2a4c7d7 elementor-align-left elementor-widget elementor-widget-etheme_advanced_headline\" data-id=\"2a4c7d7\" data-element_type=\"widget\" data-e-type=\"widget\" data-widget_type=\"etheme_advanced_headline.default\">\n\t\t\t\t<div class=\"elementor-widget-container\">\n\t\t\t\t\t        \n        <div class=\"etheme-a-h-wrapper\">\n        \n            \n\t\t\t\n        <h2 class=\"etheme-advanced-headline etheme-advanced-headline-mask\">\n\n            STYLE CHALET\n        <\/h2>\n\t\t\n                    \n        <\/div>\n        \n\t\t\t\t\t\t<\/div>\n\t\t\t\t<\/div>\n\t\t\t\t\t<\/div>\n\t\t\t\t<\/div>\n\t\t<div class=\"elementor-element elementor-element-8afe5ca e-flex e-con-boxed e-con e-parent\" data-id=\"8afe5ca\" data-element_type=\"container\" data-e-type=\"container\" data-settings=\"{&quot;_ha_eqh_enable&quot;:false}\">\n\t\t\t\t\t<div class=\"e-con-inner\">\n\t\t\t\t<div class=\"elementor-element elementor-element-6c2cc62 elementor-widget elementor-widget-text-editor\" data-id=\"6c2cc62\" data-element_type=\"widget\" data-e-type=\"widget\" data-widget_type=\"text-editor.default\">\n\t\t\t\t<div class=\"elementor-widget-container\">\n\t\t\t\t\t\t\t\t\t<p>Dans presque tous les int\u00e9rieurs ruraux, on retrouve des \u00e9l\u00e9ments de style cottage, tels que des armoires, une chaise \u00e0 bascule de style cottage, etc. Des adjectifs tels que convivialit\u00e9, confort, authenticit\u00e9 viennent spontan\u00e9ment \u00e0 l&#8217;esprit. Le bon choix de mobilier campagnard (fauteuil de lecture, rocking-chair, biblioth\u00e8que authentique) associ\u00e9 \u00e0 un am\u00e9nagement int\u00e9rieur bien pens\u00e9 et au bon choix d&#8217;\u00e9l\u00e9ments d\u00e9coratifs (luminaires, lambris, pots en fa\u00efence avec plantes, etc.) est essentiel pour cr\u00e9er un ensemble harmonieux et chaleureux.<\/p>\t\t\t\t\t\t\t\t<\/div>\n\t\t\t\t<\/div>\n\t\t\t\t\t<\/div>\n\t\t\t\t<\/div>\n\t\t<div class=\"elementor-element elementor-element-4b57660 e-flex e-con-boxed e-con e-parent\" data-id=\"4b57660\" data-element_type=\"container\" data-e-type=\"container\" data-settings=\"{&quot;_ha_eqh_enable&quot;:false}\">\n\t\t\t\t\t<div class=\"e-con-inner\">\n\t\t\t\t<div class=\"elementor-element elementor-element-834487d elementor-widget elementor-widget-text-editor\" data-id=\"834487d\" data-element_type=\"widget\" data-e-type=\"widget\" data-widget_type=\"text-editor.default\">\n\t\t\t\t<div class=\"elementor-widget-container\">\n\t\t\t\t\t\t\t\t\t<p>Jetez un oeil rapide \u00e0 quelques unes de nos <a href=\"https:\/\/marcottestyle.com\/fr\/category\/style-campagnard\/\">r\u00e9alisations<\/a><\/p>\t\t\t\t\t\t\t\t<\/div>\n\t\t\t\t<\/div>\n\t\t\t\t\t<\/div>\n\t\t\t\t<\/div>\n\t\t<div class=\"elementor-element elementor-element-2c21686 e-flex e-con-boxed e-con e-parent\" data-id=\"2c21686\" data-element_type=\"container\" data-e-type=\"container\" data-settings=\"{&quot;_ha_eqh_enable&quot;:false}\">\n\t\t\t\t\t<div class=\"e-con-inner\">\n\t\t\t\t<div class=\"elementor-element elementor-element-3927831 elementor-align-left elementor-widget elementor-widget-etheme_advanced_headline\" data-id=\"3927831\" data-element_type=\"widget\" data-e-type=\"widget\" data-widget_type=\"etheme_advanced_headline.default\">\n\t\t\t\t<div class=\"elementor-widget-container\">\n\t\t\t\t\t        \n        <div class=\"etheme-a-h-wrapper\">\n        \n            \n\t\t\t\n        <h2 class=\"etheme-advanced-headline etheme-advanced-headline-mask\">\n\n            Marcotte : sp\u00e9cialiste du chalet\n        <\/h2>\n\t\t\n                    \n        <\/div>\n        \n\t\t\t\t\t\t<\/div>\n\t\t\t\t<\/div>\n\t\t\t\t\t<\/div>\n\t\t\t\t<\/div>\n\t\t<div class=\"elementor-element elementor-element-59d5f45 e-flex e-con-boxed e-con e-parent\" data-id=\"59d5f45\" data-element_type=\"container\" data-e-type=\"container\" data-settings=\"{&quot;_ha_eqh_enable&quot;:false}\">\n\t\t\t\t\t<div class=\"e-con-inner\">\n\t\t\t\t<div class=\"elementor-element elementor-element-aeb0777 elementor-widget elementor-widget-text-editor\" data-id=\"aeb0777\" data-element_type=\"widget\" data-e-type=\"widget\" data-widget_type=\"text-editor.default\">\n\t\t\t\t<div class=\"elementor-widget-container\">\n\t\t\t\t\t\t\t\t\t<p>S\u2019il y a un style que Marcotte ma\u00eetrise le mieux, c\u2019est le style cottage. Les meubles de Marcotte Style sauront rendre justice \u00e0 votre int\u00e9rieur de chalet. Dans notre boutique en ligne, vous pouvez d\u00e9couvrir une gamme infinie de meubles de chalet.<\/p>\t\t\t\t\t\t\t\t<\/div>\n\t\t\t\t<\/div>\n\t\t\t\t\t<\/div>\n\t\t\t\t<\/div>\n\t\t<div class=\"elementor-element elementor-element-bafd783 e-flex e-con-boxed e-con e-parent\" data-id=\"bafd783\" data-element_type=\"container\" data-e-type=\"container\" data-settings=\"{&quot;_ha_eqh_enable&quot;:false}\">\n\t\t\t\t\t<div class=\"e-con-inner\">\n\t\t\t\t<div class=\"elementor-element elementor-element-204b61d elementor-widget elementor-widget-shortcode\" data-id=\"204b61d\" data-element_type=\"widget\" data-e-type=\"widget\" data-widget_type=\"shortcode.default\">\n\t\t\t\t<div class=\"elementor-widget-container\">\n\t\t\t\t\t\t\t<div class=\"elementor-shortcode\">ngg_shortcode_0_placeholder<\/div>\n\t\t\t\t\t\t<\/div>\n\t\t\t\t<\/div>\n\t\t\t\t<div class=\"elementor-element elementor-element-9f28ce0 elementor-widget elementor-widget-spacer\" data-id=\"9f28ce0\" data-element_type=\"widget\" data-e-type=\"widget\" data-widget_type=\"spacer.default\">\n\t\t\t\t<div class=\"elementor-widget-container\">\n\t\t\t\t\t\t\t<div class=\"elementor-spacer\">\n\t\t\t<div class=\"elementor-spacer-inner\"><\/div>\n\t\t<\/div>\n\t\t\t\t\t\t<\/div>\n\t\t\t\t<\/div>\n\t\t\t\t\t<\/div>\n\t\t\t\t<\/div>\n\t\t<div class=\"elementor-element elementor-element-3c72a91 e-flex e-con-boxed e-con e-parent\" data-id=\"3c72a91\" data-element_type=\"container\" data-e-type=\"container\" data-settings=\"{&quot;_ha_eqh_enable&quot;:false}\">\n\t\t\t\t\t<div class=\"e-con-inner\">\n\t\t\t\t<div class=\"elementor-element elementor-element-f33ab5a elementor-align-left elementor-widget elementor-widget-etheme_advanced_headline\" data-id=\"f33ab5a\" data-element_type=\"widget\" data-e-type=\"widget\" data-widget_type=\"etheme_advanced_headline.default\">\n\t\t\t\t<div class=\"elementor-widget-container\">\n\t\t\t\t\t        \n        <div class=\"etheme-a-h-wrapper\">\n        \n            \n\t\t\t\n        <h2 class=\"etheme-advanced-headline etheme-advanced-headline-mask\">\n\n            Le chalet comme concept global\n        <\/h2>\n\t\t\n                    \n        <\/div>\n        \n\t\t\t\t\t\t<\/div>\n\t\t\t\t<\/div>\n\t\t\t\t\t<\/div>\n\t\t\t\t<\/div>\n\t\t<div class=\"elementor-element elementor-element-561f2c0 e-flex e-con-boxed e-con e-parent\" data-id=\"561f2c0\" data-element_type=\"container\" data-e-type=\"container\" data-settings=\"{&quot;_ha_eqh_enable&quot;:false}\">\n\t\t\t\t\t<div class=\"e-con-inner\">\n\t\t\t\t<div class=\"elementor-element elementor-element-dae6125 elementor-widget elementor-widget-text-editor\" data-id=\"dae6125\" data-element_type=\"widget\" data-e-type=\"widget\" data-widget_type=\"text-editor.default\">\n\t\t\t\t<div class=\"elementor-widget-container\">\n\t\t\t\t\t\t\t\t\t<p>Am\u00e9nager une pi\u00e8ce enti\u00e8re (cuisine, s\u00e9jour, salon, chambre) dans un style cottage est une chose que nos experts en am\u00e9nagement int\u00e9rieur peuvent faire pour vous avec beaucoup d&#8217;expertise et de plaisir. Pour cr\u00e9er une ambiance cottage \u00e9quilibr\u00e9e et authentique, Marcotte dispose de tous les atouts : des experts d&#8217;int\u00e9rieur avec du feeling et de l&#8217;expertise qui sauront vous conseiller les bonnes couleurs et bien s\u00fbr une s\u00e9lection raffin\u00e9e de meubles vintage, de meubles campagnards, qui prennent tout leur sens dans une ambiance cottage.<\/p>\t\t\t\t\t\t\t\t<\/div>\n\t\t\t\t<\/div>\n\t\t\t\t\t<\/div>\n\t\t\t\t<\/div>\n\t\t<div class=\"elementor-element elementor-element-c9eff45 e-flex e-con-boxed e-con e-parent\" data-id=\"c9eff45\" data-element_type=\"container\" data-e-type=\"container\" data-settings=\"{&quot;_ha_eqh_enable&quot;:false}\">\n\t\t\t\t\t<div class=\"e-con-inner\">\n\t\t\t\t<div class=\"elementor-element elementor-element-e0a45c2 elementor-align-left elementor-widget elementor-widget-etheme_advanced_headline\" data-id=\"e0a45c2\" data-element_type=\"widget\" data-e-type=\"widget\" data-widget_type=\"etheme_advanced_headline.default\">\n\t\t\t\t<div class=\"elementor-widget-container\">\n\t\t\t\t\t        \n        <div class=\"etheme-a-h-wrapper\">\n        \n            \n\t\t\t\n        <h2 class=\"etheme-advanced-headline etheme-advanced-headline-mask\">\n\n            Meubles de chalet pour chaque int\u00e9rieur\n        <\/h2>\n\t\t\n                    \n        <\/div>\n        \n\t\t\t\t\t\t<\/div>\n\t\t\t\t<\/div>\n\t\t\t\t\t<\/div>\n\t\t\t\t<\/div>\n\t\t<div class=\"elementor-element elementor-element-6f06b7b e-flex e-con-boxed e-con e-parent\" data-id=\"6f06b7b\" data-element_type=\"container\" data-e-type=\"container\" data-settings=\"{&quot;_ha_eqh_enable&quot;:false}\">\n\t\t\t\t\t<div class=\"e-con-inner\">\n\t\t\t\t<div class=\"elementor-element elementor-element-20cc843 elementor-widget elementor-widget-text-editor\" data-id=\"20cc843\" data-element_type=\"widget\" data-e-type=\"widget\" data-widget_type=\"text-editor.default\">\n\t\t\t\t<div class=\"elementor-widget-container\">\n\t\t\t\t\t\t\t\t\t<p>D\u00e9couvrez nos canap\u00e9s en tissu confortables au look vintage adapt\u00e9. Un autre \u00e9l\u00e9ment typique du cottage dans lequel le style Marcotte peut faire la diff\u00e9rence : les lambris et les meubles en bois qui s&#8217;harmonisent parfaitement avec les plafonds en bois typiques avec des poutres caract\u00e9ristiques qui reviennent toujours dans le style cottage. Pour une maison avec un ameublement de style cottage, vous trouverez tous les meubles appropri\u00e9s chez Marcotte Style. G\u00e9n\u00e9ralement fabriqu\u00e9s en ch\u00eane massif et souvent blanchis \u00e0 l&#8217;ammoniaque, ce qui leur donne cet aspect typiquement campagnard patin\u00e9.<\/p>\t\t\t\t\t\t\t\t<\/div>\n\t\t\t\t<\/div>\n\t\t\t\t\t<\/div>\n\t\t\t\t<\/div>\n\t\t<div class=\"elementor-element elementor-element-0a91bc9 e-flex e-con-boxed e-con e-parent\" data-id=\"0a91bc9\" data-element_type=\"container\" data-e-type=\"container\" data-settings=\"{&quot;_ha_eqh_enable&quot;:false}\">\n\t\t\t\t\t<div class=\"e-con-inner\">\n\t\t\t\t<div class=\"elementor-element elementor-element-fabd2f2 elementor-align-left elementor-widget elementor-widget-etheme_advanced_headline\" data-id=\"fabd2f2\" data-element_type=\"widget\" data-e-type=\"widget\" data-widget_type=\"etheme_advanced_headline.default\">\n\t\t\t\t<div class=\"elementor-widget-container\">\n\t\t\t\t\t        \n        <div class=\"etheme-a-h-wrapper\">\n        \n            \n\t\t\t\n        <h2 class=\"etheme-advanced-headline etheme-advanced-headline-mask\">\n\n            Conception d'int\u00e9rieur de chalet sur mesure\n        <\/h2>\n\t\t\n                    \n        <\/div>\n        \n\t\t\t\t\t\t<\/div>\n\t\t\t\t<\/div>\n\t\t\t\t\t<\/div>\n\t\t\t\t<\/div>\n\t\t<div class=\"elementor-element elementor-element-f2ced6a e-flex e-con-boxed e-con e-parent\" data-id=\"f2ced6a\" data-element_type=\"container\" data-e-type=\"container\" data-settings=\"{&quot;_ha_eqh_enable&quot;:false}\">\n\t\t\t\t\t<div class=\"e-con-inner\">\n\t\t\t\t<div class=\"elementor-element elementor-element-d6628ef elementor-widget elementor-widget-text-editor\" data-id=\"d6628ef\" data-element_type=\"widget\" data-e-type=\"widget\" data-widget_type=\"text-editor.default\">\n\t\t\t\t<div class=\"elementor-widget-container\">\n\t\t\t\t\t\t\t\t\t<p>Lorsque vous faites appel \u00e0 Marcotte, tout le monde sentira imm\u00e9diatement qu\u2019un ma\u00eetre architecte d\u2019int\u00e9rieur est \u00e0 l\u2019\u0153uvre dans votre maison. Il vaut toujours la peine d\u2019investir dans un int\u00e9rieur de chalet magnifique et intemporel !<\/p>\t\t\t\t\t\t\t\t<\/div>\n\t\t\t\t<\/div>\n\t\t\t\t\t<\/div>\n\t\t\t\t<\/div>\n\t\t<div class=\"elementor-element elementor-element-e37cc2b e-flex e-con-boxed e-con e-parent\" data-id=\"e37cc2b\" data-element_type=\"container\" data-e-type=\"container\" data-settings=\"{&quot;_ha_eqh_enable&quot;:false}\">\n\t\t\t\t\t<div class=\"e-con-inner\">\n\t\t\t\t<div class=\"elementor-element elementor-element-a942693 elementor-widget elementor-widget-shortcode\" data-id=\"a942693\" data-element_type=\"widget\" data-e-type=\"widget\" data-widget_type=\"shortcode.default\">\n\t\t\t\t<div class=\"elementor-widget-container\">\n\t\t\t\t\t\t\t<div class=\"elementor-shortcode\">ngg_shortcode_1_placeholder<\/div>\n\t\t\t\t\t\t<\/div>\n\t\t\t\t<\/div>\n\t\t\t\t<div class=\"elementor-element elementor-element-bc117be elementor-widget elementor-widget-spacer\" data-id=\"bc117be\" data-element_type=\"widget\" data-e-type=\"widget\" data-widget_type=\"spacer.default\">\n\t\t\t\t<div class=\"elementor-widget-container\">\n\t\t\t\t\t\t\t<div class=\"elementor-spacer\">\n\t\t\t<div class=\"elementor-spacer-inner\"><\/div>\n\t\t<\/div>\n\t\t\t\t\t\t<\/div>\n\t\t\t\t<\/div>\n\t\t\t\t\t<\/div>\n\t\t\t\t<\/div>\n\t\t<div class=\"elementor-element elementor-element-0887a5f e-flex e-con-boxed e-con e-parent\" data-id=\"0887a5f\" data-element_type=\"container\" data-e-type=\"container\" data-settings=\"{&quot;_ha_eqh_enable&quot;:false}\">\n\t\t\t\t\t<div class=\"e-con-inner\">\n\t\t\t\t<div class=\"elementor-element elementor-element-75c2fe5 elementor-widget elementor-widget-spacer\" data-id=\"75c2fe5\" data-element_type=\"widget\" data-e-type=\"widget\" data-widget_type=\"spacer.default\">\n\t\t\t\t<div class=\"elementor-widget-container\">\n\t\t\t\t\t\t\t<div class=\"elementor-spacer\">\n\t\t\t<div class=\"elementor-spacer-inner\"><\/div>\n\t\t<\/div>\n\t\t\t\t\t\t<\/div>\n\t\t\t\t<\/div>\n\t\t\t\t\t<\/div>\n\t\t\t\t<\/div>\n\t\t\t\t<\/div>\n\t\t","protected":false},"excerpt":{"rendered":"<p>STYLE CHALET Dans presque tous les int\u00e9rieurs ruraux, on retrouve des \u00e9l\u00e9ments de style cottage, tels que des armoires, une chaise \u00e0 bascule de style&#8230;<\/p>\n","protected":false},"author":2,"featured_media":0,"parent":0,"menu_order":5,"comment_status":"closed","ping_status":"closed","template":"elementor_header_footer","meta":{"ngg_post_thumbnail":0,"footnotes":""},"class_list":["post-12931","page","type-page","status-publish","hentry"],"_links":{"self":[{"href":"https:\/\/marcottestyle.com\/fr\/wp-json\/wp\/v2\/pages\/12931","targetHints":{"allow":["GET"]}}],"collection":[{"href":"https:\/\/marcottestyle.com\/fr\/wp-json\/wp\/v2\/pages"}],"about":[{"href":"https:\/\/marcottestyle.com\/fr\/wp-json\/wp\/v2\/types\/page"}],"author":[{"embeddable":true,"href":"https:\/\/marcottestyle.com\/fr\/wp-json\/wp\/v2\/users\/2"}],"replies":[{"embeddable":true,"href":"https:\/\/marcottestyle.com\/fr\/wp-json\/wp\/v2\/comments?post=12931"}],"version-history":[{"count":17,"href":"https:\/\/marcottestyle.com\/fr\/wp-json\/wp\/v2\/pages\/12931\/revisions"}],"predecessor-version":[{"id":79326,"href":"https:\/\/marcottestyle.com\/fr\/wp-json\/wp\/v2\/pages\/12931\/revisions\/79326"}],"wp:attachment":[{"href":"https:\/\/marcottestyle.com\/fr\/wp-json\/wp\/v2\/media?parent=12931"}],"curies":[{"name":"wp","href":"https:\/\/api.w.org\/{rel}","templated":true}]}}