{"id":13063,"date":"2018-02-12T17:11:06","date_gmt":"2018-02-12T16:11:06","guid":{"rendered":"http:\/\/marcottestyle.com\/rural-dining-rooms\/"},"modified":"2019-12-29T19:23:35","modified_gmt":"2019-12-29T18:23:35","slug":"salle-a-manger-rurale","status":"publish","type":"page","link":"https:\/\/marcottestyle.com\/fr\/salle-a-manger-rurale\/","title":{"rendered":"Salle \u00e0 manger rurale"},"content":{"rendered":"<p>Vous devez penser \u00e0 habiller, d\u00e9corer et assembler correctement une salle \u00e0 manger de style champ\u00eatre ou rurale. Pour cr\u00e9er un cadre apaisant, agr\u00e9able et confortable pour votre salle \u00e0 manger rurale, vous devez faire beaucoup de (bon!) choix : Des tables, des chaises, des armoires, des poign\u00e9es de porte, des tapis, des rev\u00eatements muraux, des d\u00e9corations, des lampes, de l&#8217;\u00e9clairage, etc.<\/p>\n<h3>Salle \u00e0 manger de style champ\u00eatre de cottage:<\/h3>\n<p>Le mobilier de salle \u00e0 manger de haute qualit\u00e9 de Marcotte Style est id\u00e9al pour habiller les salles \u00e0 manger dans un style classique, un style cottage ou des combinaisons de styles avec m\u00eame une touche moderne. L&#8217;image compl\u00e8te de cette salle \u00e0 manger de style rustique r\u00eav\u00e9e dans un style cottage, parfaitement ajust\u00e9e, n\u00e9cessite beaucoup de connaissances et de perspicacit\u00e9. Marcotte Style conna\u00eet les secrets de la conception de salles \u00e0 manger dans un style classique, cottage ou campagnard pas comme les autres<\/p>\n<p>[seo-gallery type=&#8221;3-columns&#8221; taxonomy=&#8221;15&#8243; num=&#8221;4,11&#8243;]<\/p>\n<h3>Meubles de salle \u00e0 manger rurale:<\/h3>\n<p>Notre colossale collection de meubles de salle \u00e0 manger rurale combin\u00e9e \u00e0 des ann\u00e9es d&#8217;exp\u00e9rience et aux conseils gratuits de nos experts en int\u00e9rieur garantit un magnifique salon de campagne. Il n&#8217;est pas n\u00e9cessaire de parcourir des dizaines de magasins de meubles pour rassembler toutes vos commodit\u00e9s si vous choisissez le style Marcotte! Chez Marcotte Style, vous choisissez la variation et la coh\u00e9rence pour arriver \u00e0 un magnifique concept de salle \u00e0 manger qui s&#8217;int\u00e8gre parfaitement dans le reste de votre int\u00e9rieur cottage ou dans une maison meubl\u00e9e de fa\u00e7on classique.<\/p>\n<h3>Salles \u00e0 manger de style champ\u00eatre:<\/h3>\n<p>Jetez un \u0153il \u00e0 notre vaste boutique en ligne, profitez des conseils gratuits (conseils de couleur, conseils de style, d\u00e9coration, &#8230;) de nos professionnels et avec nous vous aurez votre salle \u00e0 manger rurale confortable et relaxante de vor r\u00eaves. Bref, si vous avez choisi une salle \u00e0 manger de style classique ou diff\u00e9rent (cottage, moderne, long island) votre faim sera certainement satisfaite par Marcotte Style.<\/p>\n<p>[seo-gallery type=&#8221;4-columns&#8221; taxonomy=&#8221;15&#8243; num=&#8221;4,11&#8243;]<\/p>\n","protected":false},"excerpt":{"rendered":"<p>Vous devez penser \u00e0 habiller, d\u00e9corer et assembler correctement une salle \u00e0 manger de style champ\u00eatre ou rurale. Pour cr\u00e9er un cadre apaisant, agr\u00e9able et&#8230;<\/p>\n","protected":false},"author":2,"featured_media":0,"parent":0,"menu_order":7,"comment_status":"closed","ping_status":"closed","template":"elementor_header_footer","meta":{"ngg_post_thumbnail":0,"footnotes":""},"class_list":["post-13063","page","type-page","status-publish","hentry"],"_links":{"self":[{"href":"https:\/\/marcottestyle.com\/fr\/wp-json\/wp\/v2\/pages\/13063","targetHints":{"allow":["GET"]}}],"collection":[{"href":"https:\/\/marcottestyle.com\/fr\/wp-json\/wp\/v2\/pages"}],"about":[{"href":"https:\/\/marcottestyle.com\/fr\/wp-json\/wp\/v2\/types\/page"}],"author":[{"embeddable":true,"href":"https:\/\/marcottestyle.com\/fr\/wp-json\/wp\/v2\/users\/2"}],"replies":[{"embeddable":true,"href":"https:\/\/marcottestyle.com\/fr\/wp-json\/wp\/v2\/comments?post=13063"}],"version-history":[{"count":3,"href":"https:\/\/marcottestyle.com\/fr\/wp-json\/wp\/v2\/pages\/13063\/revisions"}],"predecessor-version":[{"id":13066,"href":"https:\/\/marcottestyle.com\/fr\/wp-json\/wp\/v2\/pages\/13063\/revisions\/13066"}],"wp:attachment":[{"href":"https:\/\/marcottestyle.com\/fr\/wp-json\/wp\/v2\/media?parent=13063"}],"curies":[{"name":"wp","href":"https:\/\/api.w.org\/{rel}","templated":true}]}}