{"id":13081,"date":"2018-02-12T17:12:52","date_gmt":"2018-02-12T16:12:52","guid":{"rendered":"http:\/\/marcottestyle.com\/country-bedrooms\/"},"modified":"2019-12-29T20:09:44","modified_gmt":"2019-12-29T19:09:44","slug":"chambres-campagnard-et-champetre","status":"publish","type":"page","link":"https:\/\/marcottestyle.com\/fr\/chambres-campagnard-et-champetre\/","title":{"rendered":"Chambres campagnard et champ\u00eatre"},"content":{"rendered":"<p>Vous cherchez une chambre de style champ\u00eatre dans un style campagnard ou un autre style classique \u00e0 la fois relaxant, \u00e9l\u00e9gant et confortable? Alors vous \u00eates au bon endroit chez Marcotte Style. Nos experts en int\u00e9rieur ont une vaste exp\u00e9rience dans l&#8217;am\u00e9nagement d&#8217;int\u00e9rieurs pour des chambres de style champ\u00eatre. Nos sp\u00e9cialistes de l&#8217;int\u00e9rieur peuvent vous conseiller sur notre collection compl\u00e8te de matelas, sommiers \u00e0 lattes, sommiers \u00e0 ressorts, mobilier de chambre classique pour cr\u00e9er une chambre de campagne harmonieuse et \u00e9quilibr\u00e9e dans un style chalet ou un autre style classique.<\/p>\n<h3>Chambre de style classique<\/h3>\n<p>Sur notre site Web avec une vaste boutique en ligne, vous pouvez tranquillement trouver l&#8217;inspiration dans la vaste gamme de Marcotte Style et trouver le mobilier de chambre parfait pour votre chambre de campagne r\u00eav\u00e9e. Marcotte Style est une r\u00e9f\u00e9rence en mati\u00e8re de chambres de style campagnard, classique ou chalet. Le fait que des h\u00f4tels renomm\u00e9s et chics et m\u00eame des ambassades comptent souvent sur nos services peut compter comme r\u00e9f\u00e9rence.<\/p>\n<p>[seo-gallery type=&#8221;3-columns&#8221; taxonomy=&#8221;16&#8243; num=&#8221;4,11&#8243;]<\/p>\n<h3>Meubles de chambre rurale<\/h3>\n<p>Chez Marcotte Style, nous travaillons uniquement avec des meubles qui r\u00e9pondent aux normes de qualit\u00e9 les plus \u00e9lev\u00e9es. De plus, vous n&#8217;avez pas \u00e0 assembler lentement votre chambre \u00e0 coucher dans diff\u00e9rents magasins de meubles un par un. Si vous choisissez Marcotte Style, vous avez imm\u00e9diatement toute l&#8217;image, ce qui peut vous faire \u00e9conomiser de l&#8217;argent, du temps et du stress. Vous pouvez compter sur la haute qualit\u00e9 de nos meubles de chambre \u00e0 coucher. Par exemple, nous travaillons avec la soci\u00e9t\u00e9 brugeoise Van Landschoot en tant que distributeur de matelas.<\/p>\n<h3>Chambres de campagne reposantes<\/h3>\n<p>Puisque vous passez environ un tiers de votre vie dans votre chambre, cela vaut la peine d&#8217;investir dans une chambre agr\u00e9able et relaxante dans laquelle vous vous sentez compl\u00e8tement \u00e0 l&#8217;aise. Les couleurs sont d&#8217;une importance vitale ici et c&#8217;est pourquoi Marcotte Style vous fournit gratuitement des conseils personnalis\u00e9s en mati\u00e8re de couleurs pour votre chambre de campagne.<\/p>\n<p><a href=\"https:\/\/www.homify.nl\/ideabooks\/6929811\/8-fantastische-ideeen-met-slaapkamerinspiratie\" target=\"_blank\" rel=\"noopener noreferrer\">Homify magazine<\/a> a choisi le Marcottestyle dans son magazine comme la plus belle chambre \u00e0 coucher avec la touche classique. Cliquez ici en haut pour lire le magazine.<\/p>\n<p>[seo-gallery type=&#8221;4-columns&#8221; taxonomy=&#8221;16&#8243; num=&#8221;4,11&#8243;]<\/p>\n","protected":false},"excerpt":{"rendered":"<p>Vous cherchez une chambre de style champ\u00eatre dans un style campagnard ou un autre style classique \u00e0 la fois relaxant, \u00e9l\u00e9gant et confortable? Alors vous&#8230;<\/p>\n","protected":false},"author":2,"featured_media":0,"parent":0,"menu_order":9,"comment_status":"closed","ping_status":"closed","template":"elementor_header_footer","meta":{"ngg_post_thumbnail":0,"footnotes":""},"class_list":["post-13081","page","type-page","status-publish","hentry"],"_links":{"self":[{"href":"https:\/\/marcottestyle.com\/fr\/wp-json\/wp\/v2\/pages\/13081","targetHints":{"allow":["GET"]}}],"collection":[{"href":"https:\/\/marcottestyle.com\/fr\/wp-json\/wp\/v2\/pages"}],"about":[{"href":"https:\/\/marcottestyle.com\/fr\/wp-json\/wp\/v2\/types\/page"}],"author":[{"embeddable":true,"href":"https:\/\/marcottestyle.com\/fr\/wp-json\/wp\/v2\/users\/2"}],"replies":[{"embeddable":true,"href":"https:\/\/marcottestyle.com\/fr\/wp-json\/wp\/v2\/comments?post=13081"}],"version-history":[{"count":3,"href":"https:\/\/marcottestyle.com\/fr\/wp-json\/wp\/v2\/pages\/13081\/revisions"}],"predecessor-version":[{"id":13084,"href":"https:\/\/marcottestyle.com\/fr\/wp-json\/wp\/v2\/pages\/13081\/revisions\/13084"}],"wp:attachment":[{"href":"https:\/\/marcottestyle.com\/fr\/wp-json\/wp\/v2\/media?parent=13081"}],"curies":[{"name":"wp","href":"https:\/\/api.w.org\/{rel}","templated":true}]}}