{"id":13108,"date":"2018-02-12T17:17:46","date_gmt":"2018-02-12T16:17:46","guid":{"rendered":"http:\/\/marcottestyle.com\/dressingkasten\/"},"modified":"2019-12-30T13:32:39","modified_gmt":"2019-12-30T12:32:39","slug":"armoires-de-dressing","status":"publish","type":"page","link":"https:\/\/marcottestyle.com\/fr\/armoires-de-dressing\/","title":{"rendered":"Armoires de dressing"},"content":{"rendered":"<p><img fetchpriority=\"high\" decoding=\"async\" class=\"alignleft wp-image-12962 size-medium\" src=\"http:\/\/marcottestyle.com\/wp-content\/uploads\/2019\/12\/Marcottestyle-kasten-op-maat-sketchup-2-300x200.jpg\" alt=\"\" width=\"300\" height=\"200\" title=\"\" srcset=\"https:\/\/marcottestyle.com\/wp-content\/uploads\/2019\/12\/Marcottestyle-kasten-op-maat-sketchup-2-300x200.jpg 300w, https:\/\/marcottestyle.com\/wp-content\/uploads\/2019\/12\/Marcottestyle-kasten-op-maat-sketchup-2-1024x683.jpg 1024w, https:\/\/marcottestyle.com\/wp-content\/uploads\/2019\/12\/Marcottestyle-kasten-op-maat-sketchup-2-768x512.jpg 768w, https:\/\/marcottestyle.com\/wp-content\/uploads\/2019\/12\/Marcottestyle-kasten-op-maat-sketchup-2-1536x1024.jpg 1536w, https:\/\/marcottestyle.com\/wp-content\/uploads\/2019\/12\/Marcottestyle-kasten-op-maat-sketchup-2-1280x853.jpg 1280w, https:\/\/marcottestyle.com\/wp-content\/uploads\/2019\/12\/Marcottestyle-kasten-op-maat-sketchup-2.jpg 1920w\" sizes=\"(max-width: 300px) 100vw, 300px\" \/><br \/>\nSi vous cherchez un dressing ou une armoire \u00e0 v\u00eatements sur mesure, alors vous devriez aller chez Marcotte Style. Nous sommes sp\u00e9cialis\u00e9s dans la conception (enti\u00e8rement personnalis\u00e9e) et la mise en place de dressing \/ armoires de dressing. Nos architectes d&#8217;int\u00e9rieur utilisent les techniques les plus modernes et les meilleures pour concevoir ces armoires.<\/p>\n<p>&nbsp;<\/p>\n<h3>Armoires de dressing utilisant la technologie CAD moderne<\/h3>\n<p>Notre architecte d&#8217;int\u00e9rieur \u00e9laborera un plan CAD en fonction de votre budget et de vos souhaits disponibles. Avec le dernier logiciel de construction CAD \/ CAM, la position correcte du raccord et les positions de per\u00e7age dans l&#8217;armoire de dressage sont d\u00e9termin\u00e9es.<\/p>\n<h3><img decoding=\"async\" class=\"alignleft wp-image-12154 size-medium\" src=\"http:\/\/marcottestyle.com\/wp-content\/uploads\/2018\/02\/Marcottestyle-landelijke-slaapkamer-12-300x200.jpg\" alt=\"\" width=\"300\" height=\"200\" title=\"\" srcset=\"https:\/\/marcottestyle.com\/wp-content\/uploads\/2018\/02\/Marcottestyle-landelijke-slaapkamer-12-300x200.jpg 300w, https:\/\/marcottestyle.com\/wp-content\/uploads\/2018\/02\/Marcottestyle-landelijke-slaapkamer-12-768x512.jpg 768w, https:\/\/marcottestyle.com\/wp-content\/uploads\/2018\/02\/Marcottestyle-landelijke-slaapkamer-12-1024x683.jpg 1024w, https:\/\/marcottestyle.com\/wp-content\/uploads\/2018\/02\/Marcottestyle-landelijke-slaapkamer-12-1280x853.jpg 1280w, https:\/\/marcottestyle.com\/wp-content\/uploads\/2018\/02\/Marcottestyle-landelijke-slaapkamer-12.jpg 1920w\" sizes=\"(max-width: 300px) 100vw, 300px\" \/>Armoires sur mesure<\/h3>\n<p>Nos techniciens fabriquent ensuite votre dressing unique dans notre atelier tr\u00e8s bien \u00e9quip\u00e9. Gr\u00e2ce au fait que nous avons les meilleures machines et les machines les plus efficaces et les plus pr\u00e9cises dans notre atelier, nous livrons toujours de l&#8217;artisanat.<\/p>\n<h3>Armoires abordables et parfaitement adapt\u00e9es<\/h3>\n<p>De plus, gr\u00e2ce \u00e0 notre fa\u00e7on de travailler hyper efficacement, le co\u00fbt sera tout aussi bas que si vous achetiez un placard standard. Vous avez donc de tr\u00e8s bonnes raisons de choisir Marcotte Style si vous voulez un dressing unique, de qualit\u00e9 et \u00e9l\u00e9gant.<\/p>\n<div>[seo-gallery type=&#8221;3-columns&#8221; taxonomy=&#8221;108&#8243; num=&#8221;4,11&#8243;]<\/div>\n<h3>Armoires avec toutes les options imaginables<\/h3>\n<p>Lors de la fabrication de nos armoires, nous pouvons prendre en compte les souhaits et les pr\u00e9occupations du client dans les moindres d\u00e9tails. Donnez-nous simplement les dimensions de la pi\u00e8ce, envoyez-nous une photo si n\u00e9cessaire et d\u00e9terminez vous-m\u00eame l&#8217;agencement de votre dressing. Tout est possible: tiroirs r\u00e9glables, surfaces sp\u00e9cialement peintes, \u00e9tag\u00e8res suppl\u00e9mentaires, \u00e9tag\u00e8res extensibles, tringles, \u00e9tag\u00e8res \u00e0 chaussures s\u00e9par\u00e9es, \u00e9clairage, &#8230; tout ce que vous avez en t\u00eate, nous pouvons fabriquer l&#8217;armoire que vous avez en t\u00eate pour vous. De plus, nos designers peuvent vous fournir gratuitement des conseils sur les couleurs et le style sans engagement.<\/p>\n<h3>Placards de luxe<\/h3>\n<p>Parce que chez Marcotte Style nous faisons des efforts suppl\u00e9mentaires sur les meubles \u00e9l\u00e9gants, nous avons d\u00e9velopp\u00e9 une vaste gamme de luxe. Nous fabriquons des armoires uniques en mat\u00e9riaux de haute qualit\u00e9 avec une belle finition, par exemple des tablettes arrondies.<\/p>\n<h3>Durable, chic<\/h3>\n<p>La durabilit\u00e9 et l&#8217;aspect chic de nos armoires vont de pair avec nous. Notre laque sp\u00e9ciale pour meubles &#8220;\u00e0 deux composants&#8221; donne \u00e0 nos armoires une touche suppl\u00e9mentaire de cachet et un look \u00e9l\u00e9gant. De plus, la couche de vernis offre une dur\u00e9e de vie et une durabilit\u00e9 suppl\u00e9mentaires pour votre dressing de luxe.<\/p>\n<h3>Villa t\u00e9moin avec de belles garde-robes<\/h3>\n<p><img decoding=\"async\" class=\"alignleft wp-image-1507 size-medium\" src=\"http:\/\/marcottestyle.com\/wp-content\/uploads\/2018\/02\/Marcottestyle-landelijke-villa-antwerpen-67.jpg\" alt=\"\" width=\"300\" height=\"283\" title=\"\">Besoin d&#8217;inspiration? Ensuite, vous pouvez venir jeter un \u0153il \u00e0 notre villa t\u00e9moin o\u00f9 se trouvent ces armoires de 40 m\u00e8tres. Et tout cela dans notre variante exclusive de luxe. Vous trouverez de nombreux autres beaux exemples de grands et petits placards dans la villa t\u00e9moin. Vous pouvez acqu\u00e9rir beaucoup d&#8217;id\u00e9es, obtenir les conseils de nos experts et d\u00e9terminer les armoires les plus adapt\u00e9es \u00e0 votre situation particuli\u00e8re. Notre architecte d&#8217;int\u00e9rieur mettra alors un point d&#8217;honneur \u00e0 vous livrer un fantastique dressing dont vous profiterez pendant de nombreuses ann\u00e9es.<\/p>\n<p>&nbsp;<\/p>\n<h3>Architectes d&#8217;int\u00e9rieur sp\u00e9cialis\u00e9s en penderies et dressings<\/h3>\n<p>Toujours pas convaincu? N&#8217;h\u00e9sitez pas \u00e0 consulter quelques exemples de ces armoires de nos designers d&#8217;int\u00e9rieur de Marcotte Style sur notre site Internet. Vous verrez que les possibilit\u00e9s que nous offrons dans le domaine des penderies et dressings sont presque infinies.<\/p>\n<p>[seo-gallery type=&#8221;4-columns&#8221; taxonomy=&#8221;108&#8243; num=&#8221;4,11&#8243;]<\/p>\n","protected":false},"excerpt":{"rendered":"<p>Si vous cherchez un dressing ou une armoire \u00e0 v\u00eatements sur mesure, alors vous devriez aller chez Marcotte Style. Nous sommes sp\u00e9cialis\u00e9s dans la conception&#8230;<\/p>\n","protected":false},"author":2,"featured_media":0,"parent":0,"menu_order":12,"comment_status":"closed","ping_status":"closed","template":"elementor_header_footer","meta":{"ngg_post_thumbnail":0,"footnotes":""},"class_list":["post-13108","page","type-page","status-publish","hentry"],"_links":{"self":[{"href":"https:\/\/marcottestyle.com\/fr\/wp-json\/wp\/v2\/pages\/13108","targetHints":{"allow":["GET"]}}],"collection":[{"href":"https:\/\/marcottestyle.com\/fr\/wp-json\/wp\/v2\/pages"}],"about":[{"href":"https:\/\/marcottestyle.com\/fr\/wp-json\/wp\/v2\/types\/page"}],"author":[{"embeddable":true,"href":"https:\/\/marcottestyle.com\/fr\/wp-json\/wp\/v2\/users\/2"}],"replies":[{"embeddable":true,"href":"https:\/\/marcottestyle.com\/fr\/wp-json\/wp\/v2\/comments?post=13108"}],"version-history":[{"count":2,"href":"https:\/\/marcottestyle.com\/fr\/wp-json\/wp\/v2\/pages\/13108\/revisions"}],"predecessor-version":[{"id":13110,"href":"https:\/\/marcottestyle.com\/fr\/wp-json\/wp\/v2\/pages\/13108\/revisions\/13110"}],"wp:attachment":[{"href":"https:\/\/marcottestyle.com\/fr\/wp-json\/wp\/v2\/media?parent=13108"}],"curies":[{"name":"wp","href":"https:\/\/api.w.org\/{rel}","templated":true}]}}