{"id":13171,"date":"2019-12-30T18:16:48","date_gmt":"2019-12-30T17:16:48","guid":{"rendered":"http:\/\/marcottestyle.com\/?page_id=13171"},"modified":"2022-08-16T18:53:58","modified_gmt":"2022-08-16T16:53:58","slug":"architecte-dinterieur-a-buxelles","status":"publish","type":"page","link":"https:\/\/marcottestyle.com\/fr\/architecte-dinterieur-a-buxelles\/","title":{"rendered":"Architecte d&#8217;int\u00e9rieur \u00e0 Buxelles"},"content":{"rendered":"<h3>Architecte d&#8217;int\u00e9rieur renom\u00e9 \u00e0 Buxelles<\/h3>\n<p>Apellez-nous Tel: BRUSSEL: +32 (0)2 808 76 73<\/p>\n<p>Architecte d&#8217;int\u00e9rieur de renom \u00e0 Bruxelles et le reste de la Belgique, Marcotte Style propose un service exclusif d&#8217;am\u00e9nagement complet de villas, de manoirs, d&#8217;h\u00f4tels particuliers ou d&#8217;appartements. En effet, \u00e0 travers la reconfiguration de l&#8217;ensemble de votre habitat, cet architecte d\u2019int\u00e9rieur de Belgique organise, meuble, colore et harmonise toutes vos pi\u00e8ces.<\/p>\n<h3>Un am\u00e9nagement original et personnalis\u00e9<\/h3>\n<p>Se basant sur vos attentes, vos contraintes et vos besoins, Marcotte Style met \u00e0 votre disposition un large choix de mobilier au style et coloris vari\u00e9s pour r\u00e9pondre au mieux \u00e0 vos go\u00fbts et \u00e0 votre personnalit\u00e9. Aussi, capable d&#8217;envisager les surfaces et les volumes les plus grands, il saura vous imaginer un int\u00e9rieur harmonieux en cr\u00e9ant une continuit\u00e9 entre le s\u00e9jour, la chambre \u00e0 coucher et la cuisine. Architecte d&#8217;int\u00e9rieur s\u00e9rieux et comp\u00e9tent, Marcotte Style offre l&#8217;avantage de disposer d&#8217;\u00e9quipes de professionnels dans les domaines de l&#8217;ameublement, de la d\u00e9coration et de l\u2019architecture int\u00e9rieure, qui permettent un service complet, rapide et \u00e9conomique.<\/p>\n<p>[seo-gallery type=&#8221;3-columns&#8221; taxonomy=&#8221;97&#8243; num=&#8221;4,11&#8243;]<\/p>\n<h3>Un architecte d\u2019int\u00e9rieur professionnel pour un service irr\u00e9prochable<\/h3>\n<p>Le suivi de votre projet \u00e9tant assur\u00e9 par un seul et m\u00eame interlocuteur, c&#8217;est une prise en charge globale qui vous est propos\u00e9e avec une consultation r\u00e9guli\u00e8re de vos envies. Tr\u00e8s attach\u00e9 \u00e0 la satisfaction de ses clients, Marcotte Style est un architecte int\u00e9rieur unique qui vous fera part de ses propositions r\u00e9solument tendances et design \u00e0 travers des plans et dessins en 3D r\u00e9alistes. Marcotte Style est un de ces rares architectes d\u2019int\u00e9rieur qui travaillent sans honoraire pour tout projet d&#8217;ensemble.<\/p>\n<blockquote><p>Chez Marcotte Style vous \u00eates s\u00fbr d\u2019un service particuli\u00e8rement efficace, performant et adaptable \u00e0 tous les budgets.<\/p><\/blockquote>\n<p>Vous proposant un am\u00e9nagement complet de votre logement, Marcotte Style vous offre le choix d&#8217;une d\u00e9coration sur-mesure alliant go\u00fbt et personnalit\u00e9. Harmonisant l&#8217;ensemble de chacune de vos pi\u00e8ces, c&#8217;est un int\u00e9rieur unique, original et \u00e0 votre image qui vous est ainsi propos\u00e9.<\/p>\n<p>[seo-gallery type=&#8221;4-columns&#8221; taxonomy=&#8221;97&#8243; num=&#8221;4,11&#8243;]<\/p>\n","protected":false},"excerpt":{"rendered":"<p>Architecte d&#8217;int\u00e9rieur renom\u00e9 \u00e0 Buxelles Apellez-nous Tel: BRUSSEL: +32 (0)2 808 76 73 Architecte d&#8217;int\u00e9rieur de renom \u00e0 Bruxelles et le reste de la Belgique,&#8230;<\/p>\n","protected":false},"author":2,"featured_media":0,"parent":0,"menu_order":0,"comment_status":"closed","ping_status":"closed","template":"","meta":{"ngg_post_thumbnail":0,"footnotes":""},"class_list":["post-13171","page","type-page","status-publish","hentry"],"_links":{"self":[{"href":"https:\/\/marcottestyle.com\/fr\/wp-json\/wp\/v2\/pages\/13171","targetHints":{"allow":["GET"]}}],"collection":[{"href":"https:\/\/marcottestyle.com\/fr\/wp-json\/wp\/v2\/pages"}],"about":[{"href":"https:\/\/marcottestyle.com\/fr\/wp-json\/wp\/v2\/types\/page"}],"author":[{"embeddable":true,"href":"https:\/\/marcottestyle.com\/fr\/wp-json\/wp\/v2\/users\/2"}],"replies":[{"embeddable":true,"href":"https:\/\/marcottestyle.com\/fr\/wp-json\/wp\/v2\/comments?post=13171"}],"version-history":[{"count":3,"href":"https:\/\/marcottestyle.com\/fr\/wp-json\/wp\/v2\/pages\/13171\/revisions"}],"predecessor-version":[{"id":13191,"href":"https:\/\/marcottestyle.com\/fr\/wp-json\/wp\/v2\/pages\/13171\/revisions\/13191"}],"wp:attachment":[{"href":"https:\/\/marcottestyle.com\/fr\/wp-json\/wp\/v2\/media?parent=13171"}],"curies":[{"name":"wp","href":"https:\/\/api.w.org\/{rel}","templated":true}]}}