{"id":13214,"date":"2018-02-13T10:02:25","date_gmt":"2018-02-13T09:02:25","guid":{"rendered":"http:\/\/marcottestyle.com\/exclusive-and-stylish-living\/"},"modified":"2019-12-31T12:45:05","modified_gmt":"2019-12-31T11:45:05","slug":"interieur-exclusif-avec-elegance","status":"publish","type":"page","link":"https:\/\/marcottestyle.com\/fr\/interieur-exclusif-avec-elegance\/","title":{"rendered":"Int\u00e9rieur exclusif avec \u00e9l\u00e9gance"},"content":{"rendered":"<p>Quel que soit le style d&#8217;int\u00e9rieur que vous pr\u00e9f\u00e9rez, la chose la plus importante est que vous, en tant que r\u00e9sident de votre maison, choisissez un int\u00e9rieur qui vous convient. Vous devez vous sentir \u00e0 l&#8217;aise et chez vous. Passionn\u00e9e par le m\u00e9tier, l&#8217;\u00e9quipe d&#8217;architecture d&#8217;int\u00e9rieur de Marcotte Style con\u00e7oit un int\u00e9rieur qui vous convient exclusivement. Un <strong>int\u00e9rieur exclusif avec \u00e9l\u00e9gance<\/strong> ne devrait pas co\u00fbter cher.<\/p>\n<p>Dans un int\u00e9rieur intemporel et \u00e9l\u00e9gant soigneusement pens\u00e9, vous pouvez varier selon ce qui vous tient \u00e0 c\u0153ur avec des d\u00e9corations \u00e0 th\u00e8me. Sans compromettre l&#8217;identit\u00e9 de votre int\u00e9rieur exclusif, nous sommes heureux de vous conseiller sur les tendances de d\u00e9coration en constante \u00e9volution. De cette fa\u00e7on, vous vivrez le changement des saisons ou une agr\u00e9able f\u00eate encore plus intens\u00e9ment.<\/p>\n<p>[seo-gallery type=&#8221;3-columns&#8221; taxonomy=&#8221;97&#8243; num=&#8221;4,11&#8243;]<\/p>\n<h3>Marcotte Style, compl\u00e8tement polyvalent<\/h3>\n<p>Marcotte Style est synonyme de d\u00e9coration int\u00e9rieure compl\u00e8te, de conseils de couleur ou de d\u00e9finition de th\u00e8me pour une vie totalement exclusive. Superbe r\u00e9tro contemporain ou color\u00e9, \u00e9l\u00e9gant cocon moderne ou doux, atmosph\u00e9rique rural ou avec des accents du sud attrayants; la vie \u00e9l\u00e9gante commence par un design soign\u00e9.<br \/>\nAvec l&#8217;aide de notre programme de dessin avanc\u00e9 et sur la base de photos de tous les articles de la boutique en ligne Marcotte Style, nous faisons une projection 3D d\u00e9taill\u00e9e de ce \u00e0 quoi votre int\u00e9rieur peut ressembler. Avec le soutien de vos souhaits et de votre contribution, nous cr\u00e9ons un int\u00e9rieur exclusif qui est en parfaite harmonie avec votre personnalit\u00e9.<\/p>\n<h3>Villa ou appartement l\u2019important est l\u2019int\u00e9rieur exclusif avec \u00e9l\u00e9gance<\/h3>\n<p>Votre villa ou appartement, grand ou petit, il s&#8217;agit de Marcotte Style. Nous transformons chaque maison en un endroit o\u00f9 rentrer. La vie exclusive ne doit pas toujours \u00eatre une vie ch\u00e8re. Un design int\u00e9rieur \u00e9quilibr\u00e9 et \u00e9l\u00e9gant a tout \u00e0 voir avec les combinaisons de couleurs appliqu\u00e9es, le style des meubles et l&#8217;atmosph\u00e8re que les accessoires utilis\u00e9s cr\u00e9ent. Marcotte Style veut vous le prouver. Donnez-nous vos souhaits et possibilit\u00e9s, nous vous donnerons un petit paradis en retour.<\/p>\n<p style=\"border-bottom-color: #cccccc; border-bottom-style: solid; border-bottom-width: 1px; border-top-color: #cccccc; border-top-style: solid; border-top-width: 1px; color: #000000; display: inline-block; font-family: Arial,sans-serif; font-size: 22.53px; font-style: normal; font-variant: normal; font-weight: 400; letter-spacing: normal; orphans: 2; position: relative; text-align: center; text-decoration: none; text-indent: 0px; text-transform: none; -webkit-text-stroke-width: 0px; white-space: normal; word-spacing: 0px; padding: 0.5em 0.75em 0.5em 0.75em; margin: 0px;\">Un int\u00e9rieur exclusif et \u00e9l\u00e9gant ne doit pas n\u00e9cessairement \u00eatre ch\u00e8re! Marcotte Style vous accompagne dans la refonte compl\u00e8te de votre maison.<\/p>\n<p><u><span style=\"background-color: #bfe6ff; color: #000120;\"><a href=\"https:\/\/marcottestyle.com\/fr\/contact\/\">Contactez-nous sans engagemen<\/a>t<br \/>\nVoir <a href=\"https:\/\/marcottestyle.com\/fr\/portfolio\/\">R\u00e9alisations<\/a><br \/>\n<\/span><\/u>[seo-gallery type=&#8221;4-columns&#8221; taxonomy=&#8221;97&#8243; num=&#8221;4,11&#8243;]<\/p>\n","protected":false},"excerpt":{"rendered":"<p>Quel que soit le style d&#8217;int\u00e9rieur que vous pr\u00e9f\u00e9rez, la chose la plus importante est que vous, en tant que r\u00e9sident de votre maison, choisissez&#8230;<\/p>\n","protected":false},"author":2,"featured_media":0,"parent":0,"menu_order":22,"comment_status":"closed","ping_status":"closed","template":"elementor_header_footer","meta":{"ngg_post_thumbnail":0,"footnotes":""},"class_list":["post-13214","page","type-page","status-publish","hentry"],"_links":{"self":[{"href":"https:\/\/marcottestyle.com\/fr\/wp-json\/wp\/v2\/pages\/13214","targetHints":{"allow":["GET"]}}],"collection":[{"href":"https:\/\/marcottestyle.com\/fr\/wp-json\/wp\/v2\/pages"}],"about":[{"href":"https:\/\/marcottestyle.com\/fr\/wp-json\/wp\/v2\/types\/page"}],"author":[{"embeddable":true,"href":"https:\/\/marcottestyle.com\/fr\/wp-json\/wp\/v2\/users\/2"}],"replies":[{"embeddable":true,"href":"https:\/\/marcottestyle.com\/fr\/wp-json\/wp\/v2\/comments?post=13214"}],"version-history":[{"count":2,"href":"https:\/\/marcottestyle.com\/fr\/wp-json\/wp\/v2\/pages\/13214\/revisions"}],"predecessor-version":[{"id":13216,"href":"https:\/\/marcottestyle.com\/fr\/wp-json\/wp\/v2\/pages\/13214\/revisions\/13216"}],"wp:attachment":[{"href":"https:\/\/marcottestyle.com\/fr\/wp-json\/wp\/v2\/media?parent=13214"}],"curies":[{"name":"wp","href":"https:\/\/api.w.org\/{rel}","templated":true}]}}