{"id":13246,"date":"2018-02-13T10:07:57","date_gmt":"2018-02-13T09:07:57","guid":{"rendered":"http:\/\/marcottestyle.com\/make-dressing-cabinets\/"},"modified":"2019-12-31T16:44:50","modified_gmt":"2019-12-31T15:44:50","slug":"faire-des-placards","status":"publish","type":"page","link":"https:\/\/marcottestyle.com\/fr\/faire-des-placards\/","title":{"rendered":"Faire des placards"},"content":{"rendered":"<h3><img fetchpriority=\"high\" decoding=\"async\" class=\"alignleft wp-image-12970 size-medium\" style=\"color: #000000; float: left; font-family: Arial,sans-serif; font-size: 18px; font-style: normal; font-variant: normal; font-weight: 400; height: auto; letter-spacing: normal; max-width: 100%; orphans: 2; outline-color: #72777c; outline-style: solid; outline-width: 1px; text-align: left; text-decoration: none; text-indent: 0px; text-transform: none; -webkit-text-stroke-width: 0px; white-space: normal; word-spacing: 0px; margin: 0.5em 20px 20px 0px;\" src=\"http:\/\/marcottestyle.com\/wp-content\/uploads\/2019\/12\/Marcottestyle-kasten-op-maat-detail-plan-1-300x200.jpg\" alt=\"\" width=\"300\" height=\"200\" title=\"\">Les placards et dressing:<\/h3>\n<p>\u00cates-vous \u00e0 la recherche de belles armoires dressing? Choisissez ensuite un dressing de Marcotte Style. Nous sommes sp\u00e9cialis\u00e9s dans la conception et la mise en place de pansements. Notre architecte d&#8217;int\u00e9rieur \u00e9labore tout d&#8217;abord un plan CAO en fonction de vos envies et de votre budget. Nous r\u00e9aliserons ensuite votre dressing dans notre propre atelier. Nous fabriquons des dressings sur mesure gr\u00e2ce \u00e0 une scie high-tech et des fraiseuses CNC. Cela signifie que jusqu&#8217;\u00e0 sept scies fonctionnent en m\u00eame temps et vous obtenez des placards sans rendez-vous personnalis\u00e9s pour les prix des armoires standard.<img decoding=\"async\" class=\"alignright wp-image-12966 size-medium\" style=\"color: #000000; float: right; font-family: Arial,sans-serif; font-size: 18px; font-style: normal; font-variant: normal; font-weight: 400; height: auto; letter-spacing: normal; max-width: 100%; orphans: 2; outline-color: #72777c; outline-style: solid; outline-width: 1px; text-align: left; text-decoration: none; text-indent: 0px; text-transform: none; -webkit-text-stroke-width: 0px; white-space: normal; word-spacing: 0px; margin: 0.5em 0px 20px 20px;\" src=\"http:\/\/marcottestyle.com\/wp-content\/uploads\/2019\/12\/Marcottestyle-kasten-op-maat-algemeen-plan-1-300x200.jpg\" alt=\"\" width=\"300\" height=\"200\" title=\"\" srcset=\"https:\/\/marcottestyle.com\/wp-content\/uploads\/2019\/12\/Marcottestyle-kasten-op-maat-algemeen-plan-1-300x200.jpg 300w, https:\/\/marcottestyle.com\/wp-content\/uploads\/2019\/12\/Marcottestyle-kasten-op-maat-algemeen-plan-1-1024x683.jpg 1024w, https:\/\/marcottestyle.com\/wp-content\/uploads\/2019\/12\/Marcottestyle-kasten-op-maat-algemeen-plan-1-768x512.jpg 768w, https:\/\/marcottestyle.com\/wp-content\/uploads\/2019\/12\/Marcottestyle-kasten-op-maat-algemeen-plan-1-1536x1024.jpg 1536w, https:\/\/marcottestyle.com\/wp-content\/uploads\/2019\/12\/Marcottestyle-kasten-op-maat-algemeen-plan-1-1280x853.jpg 1280w, https:\/\/marcottestyle.com\/wp-content\/uploads\/2019\/12\/Marcottestyle-kasten-op-maat-algemeen-plan-1.jpg 1920w\" sizes=\"(max-width: 300px) 100vw, 300px\" \/><\/p>\n<p>Chez Marcottestyle, nous commen\u00e7ons par \u00e9couter vos besoins. Ensuite, nous pr\u00e9parons les premiers plans aux bonnes dimensions. Ensuite, nous ajusterons tout selon vos souhaits et arriverons aux dessins 3D finaux. Apr\u00e8s cela, des projections 3D peuvent \u00e9galement \u00eatre faites des nouvelles armoires sur mesure ou ceci s&#8217;int\u00e9gre dans un espace compl\u00e8tement nouveau.<\/p>\n<p>&nbsp;<\/p>\n<p>&nbsp;<\/p>\n<h3>Am\u00e9nagez vous-m\u00eame vos armoires<\/h3>\n\n\t\t<style type=\"text\/css\">\n\t\t\t#gallery-1 {\n\t\t\t\tmargin: auto;\n\t\t\t}\n\t\t\t#gallery-1 .gallery-item {\n\t\t\t\tfloat: left;\n\t\t\t\tmargin-top: 10px;\n\t\t\t\ttext-align: center;\n\t\t\t\twidth: 33%;\n\t\t\t}\n\t\t\t#gallery-1 img {\n\t\t\t\tborder: 2px solid #cfcfcf;\n\t\t\t}\n\t\t\t#gallery-1 .gallery-caption {\n\t\t\t\tmargin-left: 0;\n\t\t\t}\n\t\t\t\/* see gallery_shortcode() in wp-includes\/media.php *\/\n\t\t<\/style>\n\t\t<div id='gallery-1' class='gallery galleryid-13246 gallery-columns-3 gallery-size-thumbnail'><dl class='gallery-item'>\n\t\t\t<dt class='gallery-icon landscape'>\n\t\t\t\t<a href='https:\/\/marcottestyle.com\/fr\/armoire-sur-mesure\/marcottestyle-kasten-op-maat-sketchup-2-2\/'><img decoding=\"async\" width=\"150\" height=\"150\" src=\"https:\/\/marcottestyle.com\/wp-content\/uploads\/xstore\/xstore-placeholder-1x1.png\" class=\"attachment-thumbnail size-thumbnail lazyload lazyload-simple et-lazyload-fadeIn\" alt=\"\" data-src=\"https:\/\/marcottestyle.com\/wp-content\/uploads\/2019\/12\/Marcottestyle-kasten-op-maat-sketchup-2-150x150.jpg\" title=\"\"><\/a>\n\t\t\t<\/dt><\/dl><dl class='gallery-item'>\n\t\t\t<dt class='gallery-icon landscape'>\n\t\t\t\t<a href='https:\/\/marcottestyle.com\/fr\/armoire-sur-mesure\/marcottestyle-kasten-op-maat-sketchup-3-2\/'><img loading=\"lazy\" decoding=\"async\" width=\"150\" height=\"150\" src=\"https:\/\/marcottestyle.com\/wp-content\/uploads\/xstore\/xstore-placeholder-1x1.png\" class=\"attachment-thumbnail size-thumbnail lazyload lazyload-simple et-lazyload-fadeIn\" alt=\"\" data-src=\"https:\/\/marcottestyle.com\/wp-content\/uploads\/2019\/12\/Marcottestyle-kasten-op-maat-sketchup-3-150x150.jpg\" title=\"\"><\/a>\n\t\t\t<\/dt><\/dl><dl class='gallery-item'>\n\t\t\t<dt class='gallery-icon landscape'>\n\t\t\t\t<a href='https:\/\/marcottestyle.com\/fr\/armoire-sur-mesure\/marcottestyle-kasten-op-maat-sketchup-2\/'><img loading=\"lazy\" decoding=\"async\" width=\"150\" height=\"150\" src=\"https:\/\/marcottestyle.com\/wp-content\/uploads\/xstore\/xstore-placeholder-1x1.png\" class=\"attachment-thumbnail size-thumbnail lazyload lazyload-simple et-lazyload-fadeIn\" alt=\"\" data-src=\"https:\/\/marcottestyle.com\/wp-content\/uploads\/2019\/12\/Marcottestyle-kasten-op-maat-sketchup-150x150.jpg\" title=\"\"><\/a>\n\t\t\t<\/dt><\/dl><br style=\"clear: both\" \/>\n\t\t<\/div>\n\n<p>Donnez-nous les dimensions de la pi\u00e8ce puis d\u00e9terminez vous-m\u00eame l&#8217;agencement de votre dressing. Tiroirs multiples, surfaces laqu\u00e9es, \u00e9tag\u00e8res suppl\u00e9mentaires, tringles, \u00e9tag\u00e8res extensibles, \u00e9tag\u00e8res \u00e0 chaussures et \u00e9clairage &#8230; quoi que vous ayez \u00e0 l&#8217;esprit, nous ferons votre armoire \u00e0 v\u00eatements comme vous le souhaitez<\/p>\n<p><span style=\"display: inline !important; float: none; background-color: #ffffff; color: #000000; font-family: Arial,sans-serif; font-size: 18px; font-style: normal; font-variant: normal; font-weight: 400; letter-spacing: normal; orphans: 2; text-align: left; text-decoration: none; text-indent: 0px; text-transform: none; -webkit-text-stroke-width: 0px; white-space: normal; word-spacing: 0px;\">[seo-gallery type=&#8221;3-columns&#8221; taxonomy=&#8221;108&#8243; num=&#8221;4,11&#8243;]<\/span><\/p>\n<h3>Armoires dressing sur mesure: extra luxe<\/h3>\n<p>Et pour qui tout cela ne suffit pas: nous pouvons \u00e9galement fabriquer des armoires dans des versions de haute qualit\u00e9 et de luxe. Ensuite, tout est fait sur mesure avec des tablettes magnifiquement arrondies. Notre laque pour meubles \u00e0 2 composants assure un aspect et une sensation chic ainsi qu&#8217;une durabilit\u00e9 parfaite. Jetez un \u0153il \u00e0 notre villa t\u00e9moin car vous y trouverez des dressings de 40 m\u00e8tres lin\u00e9aires dans la variante de luxe. Vous y trouverez \u00e9galement des exemples d&#8217;armoires dressing dans la version un peu moins \u00e9tendue. De cette fa\u00e7on, vous pouvez d\u00e9terminer vous-m\u00eame quel type de meuble dressing est le plus adapt\u00e9 \u00e0 votre situation.<\/p>\n<blockquote><p>Laissez-nous <a href=\"https:\/\/marcottestyle.com\/fr\/dressing-sur-mesure\/\">r\u00e9aliser vos dressings<\/a> et choisir les architectes d&#8217;int\u00e9rieur de Marcotte Style. En savoir plus sur notre cr\u00e9ativit\u00e9 et voir certaines de nos r\u00e9alisations ou consulter nos articles de presse!<\/p><\/blockquote>\n<p>\u00cates-vous \u00e0 la recherche de<a href=\"https:\/\/marcottestyle.com\/fr\/armoires-de-dressing\/\"> belles armoires de dressing<\/a>? Choisissez ensuite un dressing de Marcotte Style.<\/p>\n<p>[seo-gallery type=&#8221;4-columns&#8221; taxonomy=&#8221;108&#8243; num=&#8221;4,11&#8243;]<\/p>\n<p>&nbsp;<\/p>\n","protected":false},"excerpt":{"rendered":"<p>Les placards et dressing: \u00cates-vous \u00e0 la recherche de belles armoires dressing? Choisissez ensuite un dressing de Marcotte Style. Nous sommes sp\u00e9cialis\u00e9s dans la conception&#8230;<\/p>\n","protected":false},"author":2,"featured_media":0,"parent":0,"menu_order":23,"comment_status":"closed","ping_status":"closed","template":"elementor_header_footer","meta":{"ngg_post_thumbnail":0,"footnotes":""},"class_list":["post-13246","page","type-page","status-publish","hentry"],"_links":{"self":[{"href":"https:\/\/marcottestyle.com\/fr\/wp-json\/wp\/v2\/pages\/13246","targetHints":{"allow":["GET"]}}],"collection":[{"href":"https:\/\/marcottestyle.com\/fr\/wp-json\/wp\/v2\/pages"}],"about":[{"href":"https:\/\/marcottestyle.com\/fr\/wp-json\/wp\/v2\/types\/page"}],"author":[{"embeddable":true,"href":"https:\/\/marcottestyle.com\/fr\/wp-json\/wp\/v2\/users\/2"}],"replies":[{"embeddable":true,"href":"https:\/\/marcottestyle.com\/fr\/wp-json\/wp\/v2\/comments?post=13246"}],"version-history":[{"count":3,"href":"https:\/\/marcottestyle.com\/fr\/wp-json\/wp\/v2\/pages\/13246\/revisions"}],"predecessor-version":[{"id":13249,"href":"https:\/\/marcottestyle.com\/fr\/wp-json\/wp\/v2\/pages\/13246\/revisions\/13249"}],"wp:attachment":[{"href":"https:\/\/marcottestyle.com\/fr\/wp-json\/wp\/v2\/media?parent=13246"}],"curies":[{"name":"wp","href":"https:\/\/api.w.org\/{rel}","templated":true}]}}