{"id":13328,"date":"2018-02-13T10:36:04","date_gmt":"2018-02-13T09:36:04","guid":{"rendered":"http:\/\/marcottestyle.com\/interior-architect-2\/"},"modified":"2024-09-28T13:21:39","modified_gmt":"2024-09-28T11:21:39","slug":"architecte-d-interieur","status":"publish","type":"page","link":"https:\/\/marcottestyle.com\/fr\/architecte-d-interieur\/","title":{"rendered":"Architecte d&#8217;int\u00e9rieur"},"content":{"rendered":"\t\t<div data-elementor-type=\"wp-page\" data-elementor-id=\"13328\" class=\"elementor elementor-13328 elementor-5420\" data-elementor-settings=\"{&quot;ha_cmc_init_switcher&quot;:&quot;no&quot;}\" data-elementor-post-type=\"page\">\n\t\t\t\t<div class=\"elementor-element elementor-element-efb0131 e-flex e-con-boxed e-con e-parent\" data-id=\"efb0131\" data-element_type=\"container\" data-e-type=\"container\" data-settings=\"{&quot;_ha_eqh_enable&quot;:false}\">\n\t\t\t\t\t<div class=\"e-con-inner\">\n\t\t\t\t\t<\/div>\n\t\t\t\t<\/div>\n\t\t<div class=\"elementor-element elementor-element-d847b70 e-flex e-con-boxed e-con e-parent\" data-id=\"d847b70\" data-element_type=\"container\" data-e-type=\"container\" data-settings=\"{&quot;_ha_eqh_enable&quot;:false}\">\n\t\t\t\t\t<div class=\"e-con-inner\">\n\t\t\t\t<div class=\"elementor-element elementor-element-562b55b elementor-widget elementor-widget-spacer\" data-id=\"562b55b\" data-element_type=\"widget\" data-e-type=\"widget\" data-widget_type=\"spacer.default\">\n\t\t\t\t<div class=\"elementor-widget-container\">\n\t\t\t\t\t\t\t<div class=\"elementor-spacer\">\n\t\t\t<div class=\"elementor-spacer-inner\"><\/div>\n\t\t<\/div>\n\t\t\t\t\t\t<\/div>\n\t\t\t\t<\/div>\n\t\t\t\t\t<\/div>\n\t\t\t\t<\/div>\n\t\t<div class=\"elementor-element elementor-element-139f95e e-flex e-con-boxed e-con e-parent\" data-id=\"139f95e\" data-element_type=\"container\" data-e-type=\"container\" data-settings=\"{&quot;_ha_eqh_enable&quot;:false}\">\n\t\t\t\t\t<div class=\"e-con-inner\">\n\t\t\t\t<div class=\"elementor-element elementor-element-eb1875e elementor-align-left elementor-widget elementor-widget-etheme_advanced_headline\" data-id=\"eb1875e\" data-element_type=\"widget\" data-e-type=\"widget\" data-widget_type=\"etheme_advanced_headline.default\">\n\t\t\t\t<div class=\"elementor-widget-container\">\n\t\t\t\t\t        \n        <div class=\"etheme-a-h-wrapper\">\n        \n            \n\t\t\t\n        <h2 class=\"etheme-advanced-headline etheme-advanced-headline-mask\">\n\n            Marcotte Style, l'architecte d'int\u00e9rieur\n        <\/h2>\n\t\t\n                    \n        <\/div>\n        \n\t\t\t\t\t\t<\/div>\n\t\t\t\t<\/div>\n\t\t\t\t\t<\/div>\n\t\t\t\t<\/div>\n\t\t<div class=\"elementor-element elementor-element-1942441 e-flex e-con-boxed e-con e-parent\" data-id=\"1942441\" data-element_type=\"container\" data-e-type=\"container\" data-settings=\"{&quot;_ha_eqh_enable&quot;:false}\">\n\t\t\t\t\t<div class=\"e-con-inner\">\n\t\t<div class=\"elementor-element elementor-element-e9b07c2 e-con-full e-flex e-con e-child\" data-id=\"e9b07c2\" data-element_type=\"container\" data-e-type=\"container\" data-settings=\"{&quot;_ha_eqh_enable&quot;:false}\">\n\t\t\t\t<div class=\"elementor-element elementor-element-7250f63 elementor-widget elementor-widget-instant-advanced-gallery\" data-id=\"7250f63\" data-element_type=\"widget\" data-e-type=\"widget\" data-settings=\"{&quot;item_per_row&quot;:1,&quot;hover_effect&quot;:&quot;zoomCrossLine&quot;,&quot;gallery_layout&quot;:&quot;grid&quot;,&quot;display_type&quot;:&quot;fadeInToTop&quot;,&quot;display_speed&quot;:{&quot;unit&quot;:&quot;px&quot;,&quot;size&quot;:0.8,&quot;sizes&quot;:[]},&quot;load_more&quot;:&quot;none&quot;,&quot;item_per_row_tablet&quot;:2,&quot;item_per_row_mobile&quot;:1,&quot;height&quot;:{&quot;unit&quot;:&quot;px&quot;,&quot;size&quot;:300,&quot;sizes&quot;:[]},&quot;height_tablet&quot;:{&quot;unit&quot;:&quot;px&quot;,&quot;size&quot;:&quot;&quot;,&quot;sizes&quot;:[]},&quot;height_mobile&quot;:{&quot;unit&quot;:&quot;px&quot;,&quot;size&quot;:&quot;&quot;,&quot;sizes&quot;:[]},&quot;margin&quot;:{&quot;unit&quot;:&quot;px&quot;,&quot;size&quot;:15,&quot;sizes&quot;:[]},&quot;margin_tablet&quot;:{&quot;unit&quot;:&quot;px&quot;,&quot;size&quot;:15,&quot;sizes&quot;:[]},&quot;margin_mobile&quot;:{&quot;unit&quot;:&quot;px&quot;,&quot;size&quot;:15,&quot;sizes&quot;:[]}}\" data-widget_type=\"instant-advanced-gallery.default\">\n\t\t\t\t<div class=\"elementor-widget-container\">\n\t\t\t\t\t\r\n<div id=\"instant-gallery-7250f63\" class=\"instant-gallery-wrapper\">\r\n\r\n\t\r\n\t<div id=\"instant-gallery-grid-7250f63\" class=\"galleryResponsive instant-gallery-type-grid qmg instant-gallery\">\r\n\t\t\t\t\t<div class=\"qmg-item filtre-1\">\r\n\t\t\t\t<div class=\"qmg-caption\">\r\n\t\t\t\t\t<div class=\"qmg-caption-defaultWrap\">\r\n\t\t\t\t\t\t<img fetchpriority=\"high\" decoding=\"async\" width=\"1920\" height=\"1280\" src=\"https:\/\/marcottestyle.com\/wp-content\/uploads\/xstore\/xstore-placeholder.png\" class=\"attachment-full size-full wp-image-12966 lazyload lazyload-simple et-lazyload-fadeIn\" alt=\"\" sizes=\"(max-width: 1920px) 100vw, 1920px\" data-src=\"https:\/\/marcottestyle.com\/wp-content\/uploads\/2019\/12\/Marcottestyle-kasten-op-maat-algemeen-plan-1.jpg\" data-srcset=\"https:\/\/marcottestyle.com\/wp-content\/uploads\/2019\/12\/Marcottestyle-kasten-op-maat-algemeen-plan-1.jpg 1920w, https:\/\/marcottestyle.com\/wp-content\/uploads\/2019\/12\/Marcottestyle-kasten-op-maat-algemeen-plan-1-300x200.jpg 300w, https:\/\/marcottestyle.com\/wp-content\/uploads\/2019\/12\/Marcottestyle-kasten-op-maat-algemeen-plan-1-1024x683.jpg 1024w, https:\/\/marcottestyle.com\/wp-content\/uploads\/2019\/12\/Marcottestyle-kasten-op-maat-algemeen-plan-1-768x512.jpg 768w, https:\/\/marcottestyle.com\/wp-content\/uploads\/2019\/12\/Marcottestyle-kasten-op-maat-algemeen-plan-1-1536x1024.jpg 1536w, https:\/\/marcottestyle.com\/wp-content\/uploads\/2019\/12\/Marcottestyle-kasten-op-maat-algemeen-plan-1-1280x853.jpg 1280w\" title=\"\">\t\t\t\t\t<\/div>\r\n\t\t\t\t\t<div class=\"qmg-caption-activeWrap\">\r\n\t\t\t\t\t\t<div class=\"qmg-l-caption-alignCenter\">\r\n\t\t\t\t\t\t\t<div class=\"qmg-l-caption-body\">\r\n\t\t\t\t\t\t\t\t\t\t\t\t\t\t\t\t\t<div class=\"qmg-action-icons-wrapper\">\r\n\t\t\t\t\t\t\t\t\t\t\t\t\t\t\t\t\t\t\t\t\t<a href=\"#lightbox\" data-fancybox=\"gallery-7250f63\" data-type=\"image\" data-thumb=\"https:\/\/marcottestyle.com\/wp-content\/uploads\/2019\/12\/Marcottestyle-kasten-op-maat-algemeen-plan-1.jpg\" class=\"qmg-icon-lightbox\" data-caption=\"\" data-src=\"https:\/\/marcottestyle.com\/wp-content\/uploads\/2019\/12\/Marcottestyle-kasten-op-maat-algemeen-plan-1.jpg\" rel=\"nofollow\"><i aria-hidden=\"true\" class=\"et-icon et-zoom\"><\/i><\/a>\r\n\t\t\t\t\t\t\t\t\t\t\t\t\t\t\t\t\t\t\t\t\t\t\t\t\t\t\t\t\t<\/div>\r\n\t\t\t\t\t\t\t\t\t\t\t\t\t\t\t\t\t\t\t\t\t\t\t<\/div>\r\n\t\t\t\t\t\t<\/div>\r\n\t\t\t\t\t<\/div>\r\n\t\t\t\t<\/div>\r\n\t\t\t\t\t\t\t\t\t\t\t<\/div>\r\n\t\t\t<\/div>\r\n\r\n\t\r\n<\/div>\r\n\t\t\t\t<\/div>\n\t\t\t\t<\/div>\n\t\t\t\t<\/div>\n\t\t<div class=\"elementor-element elementor-element-066c975 e-con-full e-flex e-con e-child\" data-id=\"066c975\" data-element_type=\"container\" data-e-type=\"container\" data-settings=\"{&quot;_ha_eqh_enable&quot;:false}\">\n\t\t\t\t<div class=\"elementor-element elementor-element-2a074e7 elementor-widget elementor-widget-text-editor\" data-id=\"2a074e7\" data-element_type=\"widget\" data-e-type=\"widget\" data-widget_type=\"text-editor.default\">\n\t\t\t\t<div class=\"elementor-widget-container\">\n\t\t\t\t\t\t\t\t\t<p>Si vous \u00eates \u00e0 la recherche d&#8217;un bon architecte d&#8217;int\u00e9rieur pour donner un nouveau look \u00e0 votre maison, choisissez l&#8217;un des plus exp\u00e9riment\u00e9s du pays, Marcotte Style.<br \/>\nChez Marcotte Style, la profession d&#8217;architecte avec des comp\u00e9tences extraordinaires en mati\u00e8re d&#8217;architecture d&#8217;int\u00e9rieur et de d\u00e9coration d&#8217;int\u00e9rieur. <span style=\"color: #96825b;\"><a style=\"color: #96825b;\" href=\"https:\/\/marcottestyle.com\/binnenhuisinrichting\/\">design d&#8217;int\u00e9rieur<\/a><\/span> a en effet \u00e9t\u00e9 port\u00e9 \u00e0 un niveau sup\u00e9rieur. <\/p>\n<p>Dans chaque pi\u00e8ce <span style=\"text-decoration: underline;\"><span style=\"color: #96825b;\"><a style=\"color: #96825b; text-decoration: underline;\" href=\"https:\/\/marcottestyle.com\/architecte d\u2019int\u00e9rieur\/\">L&#8217;architecte d&#8217;int\u00e9rieur<\/a><\/span><\/span> Jean-Jeacques Soenen veille \u00e0 ce que l&#8217;am\u00e9nagement int\u00e9rieur soit homog\u00e8ne et complet. <span style=\"text-decoration: underline;\"><span style=\"color: #96825b;\"><a style=\"color: #96825b; text-decoration: underline;\" href=\"https:\/\/marcottestyle.com\/interieur-design\/\">d&#8217;int\u00e9rieur<\/a><\/span><\/span> homog\u00e8ne et compl\u00e8te.<br \/>\nQu&#8217;il s&#8217;agisse de villas de luxe ou d&#8217;appartements confortables.<br \/>\nElle travaillera avec vous pour cr\u00e9er un design vraiment \u00e9tonnant bas\u00e9 sur vos souhaits.<br \/>\nChaque dossier architectural est pr\u00e9par\u00e9 de mani\u00e8re claire et pr\u00e9cise, avec un devis soigneusement d\u00e9taill\u00e9 \u00e0 chaque fois, o\u00f9 tout est 100% transparent.<br \/>\nAinsi, tout malentendu est \u00e9cart\u00e9 d&#8217;embl\u00e9e.    <\/p>\n\t\t\t\t\t\t\t\t<\/div>\n\t\t\t\t<\/div>\n\t\t\t\t<\/div>\n\t\t\t\t\t<\/div>\n\t\t\t\t<\/div>\n\t\t<div class=\"elementor-element elementor-element-b3c621c e-flex e-con-boxed e-con e-parent\" data-id=\"b3c621c\" data-element_type=\"container\" data-e-type=\"container\" data-settings=\"{&quot;_ha_eqh_enable&quot;:false}\">\n\t\t\t\t\t<div class=\"e-con-inner\">\n\t\t\t\t<div class=\"elementor-element elementor-element-63982a2 elementor-widget elementor-widget-text-editor\" data-id=\"63982a2\" data-element_type=\"widget\" data-e-type=\"widget\" data-widget_type=\"text-editor.default\">\n\t\t\t\t<div class=\"elementor-widget-container\">\n\t\t\t\t\t\t\t\t\t<p>Marcotttestyle est \u00e0 l&#8217;aise dans tous les styles, qu&#8217;ils soient campagnards, contemporains ou modernes.<\/p>\n\t\t\t\t\t\t\t\t<\/div>\n\t\t\t\t<\/div>\n\t\t\t\t\t<\/div>\n\t\t\t\t<\/div>\n\t\t<div class=\"elementor-element elementor-element-3374d96 e-flex e-con-boxed e-con e-parent\" data-id=\"3374d96\" data-element_type=\"container\" data-e-type=\"container\" data-settings=\"{&quot;_ha_eqh_enable&quot;:false}\">\n\t\t\t\t\t<div class=\"e-con-inner\">\n\t\t\t\t<div class=\"elementor-element elementor-element-4ba7593 elementor-widget elementor-widget-text-editor\" data-id=\"4ba7593\" data-element_type=\"widget\" data-e-type=\"widget\" data-widget_type=\"text-editor.default\">\n\t\t\t\t<div class=\"elementor-widget-container\">\n\t\t\t\t\t\t\t\t\t<p><span style=\"text-decoration: underline;\"><span style=\"color: #96825b; text-decoration: underline;\"><a style=\"color: #96825b; text-decoration: underline;\" href=\"https:\/\/marcottestyle.com\/contact\/\">Contactez-nous sans engagement<\/a><\/span><\/span><br \/><span style=\"text-decoration: underline;\"><span style=\"color: #96825b; text-decoration: underline;\"><a style=\"color: #96825b; text-decoration: underline;\" href=\"https:\/\/marcottestyle.com\/portfolio\/\">Consultez nos r\u00e9alisations<\/a><\/span><\/span><\/p>\n\t\t\t\t\t\t\t\t<\/div>\n\t\t\t\t<\/div>\n\t\t\t\t\t<\/div>\n\t\t\t\t<\/div>\n\t\t<div class=\"elementor-element elementor-element-b674d55 e-flex e-con-boxed e-con e-parent\" data-id=\"b674d55\" data-element_type=\"container\" data-e-type=\"container\" data-settings=\"{&quot;_ha_eqh_enable&quot;:false}\">\n\t\t\t\t\t<div class=\"e-con-inner\">\n\t\t\t\t<div class=\"elementor-element elementor-element-ad365f2 elementor-widget elementor-widget-shortcode\" data-id=\"ad365f2\" data-element_type=\"widget\" data-e-type=\"widget\" data-widget_type=\"shortcode.default\">\n\t\t\t\t<div class=\"elementor-widget-container\">\n\t\t\t\t\t\t\t<div class=\"elementor-shortcode\">ngg_shortcode_0_placeholder<\/div>\n\t\t\t\t\t\t<\/div>\n\t\t\t\t<\/div>\n\t\t\t\t<div class=\"elementor-element elementor-element-3ab6a04 elementor-widget elementor-widget-spacer\" data-id=\"3ab6a04\" data-element_type=\"widget\" data-e-type=\"widget\" data-widget_type=\"spacer.default\">\n\t\t\t\t<div class=\"elementor-widget-container\">\n\t\t\t\t\t\t\t<div class=\"elementor-spacer\">\n\t\t\t<div class=\"elementor-spacer-inner\"><\/div>\n\t\t<\/div>\n\t\t\t\t\t\t<\/div>\n\t\t\t\t<\/div>\n\t\t\t\t\t<\/div>\n\t\t\t\t<\/div>\n\t\t<div class=\"elementor-element elementor-element-92d315f e-flex e-con-boxed e-con e-parent\" data-id=\"92d315f\" data-element_type=\"container\" data-e-type=\"container\" data-settings=\"{&quot;_ha_eqh_enable&quot;:false}\">\n\t\t\t\t\t<div class=\"e-con-inner\">\n\t\t\t\t<div class=\"elementor-element elementor-element-f34d3c2 elementor-align-left elementor-widget elementor-widget-etheme_advanced_headline\" data-id=\"f34d3c2\" data-element_type=\"widget\" data-e-type=\"widget\" data-widget_type=\"etheme_advanced_headline.default\">\n\t\t\t\t<div class=\"elementor-widget-container\">\n\t\t\t\t\t        \n        <div class=\"etheme-a-h-wrapper\">\n        \n            \n\t\t\t\n        <h2 class=\"etheme-advanced-headline etheme-advanced-headline-mask\">\n\n            L'am\u00e9nagement int\u00e9rieur de votre maison\n        <\/h2>\n\t\t\n                    \n        <\/div>\n        \n\t\t\t\t\t\t<\/div>\n\t\t\t\t<\/div>\n\t\t\t\t\t<\/div>\n\t\t\t\t<\/div>\n\t\t<div class=\"elementor-element elementor-element-b742d2c e-flex e-con-boxed e-con e-parent\" data-id=\"b742d2c\" data-element_type=\"container\" data-e-type=\"container\" data-settings=\"{&quot;_ha_eqh_enable&quot;:false}\">\n\t\t\t\t\t<div class=\"e-con-inner\">\n\t\t\t\t<div class=\"elementor-element elementor-element-1386a70 elementor-widget elementor-widget-text-editor\" data-id=\"1386a70\" data-element_type=\"widget\" data-e-type=\"widget\" data-widget_type=\"text-editor.default\">\n\t\t\t\t<div class=\"elementor-widget-container\">\n\t\t\t\t\t\t\t\t\t<p>L&#8217;architecte d&#8217;int\u00e9rieur cr\u00e9\u00e9 par Marcotte Style examine la situation actuelle de votre maison et passe d&#8217;abord en revue vos souhaits et vos id\u00e9es avec vous.<br \/>\nLe designer se met ensuite au travail.<br \/>\nA <span style=\"text-decoration: underline;\"><span style=\"color: #96825b;\"><a style=\"color: #96825b; text-decoration: underline;\" href=\"https:\/\/marcottestyle.com\/totaal-interieurinrichting\/\"> design d&#8217;int\u00e9rieur total<\/a><\/span><\/span> tient toujours compte du caract\u00e8re homog\u00e8ne : toutes les pi\u00e8ces de la maison doivent en effet s&#8217;harmoniser.  <\/p>\n<p>Votre architecte d&#8217;int\u00e9rieur utilisera des plans CAO, des projections graphiques en 3D et des photos de tous les objets choisis.<br \/>\nVous participez \u00e0 chaque \u00e9tape de la cr\u00e9ation d&#8217;un magnifique am\u00e9nagement int\u00e9rieur qui r\u00e9pond parfaitement \u00e0 vos exigences. <\/p>\n\t\t\t\t\t\t\t\t<\/div>\n\t\t\t\t<\/div>\n\t\t\t\t\t<\/div>\n\t\t\t\t<\/div>\n\t\t<div class=\"elementor-element elementor-element-98836dc e-flex e-con-boxed e-con e-parent\" data-id=\"98836dc\" data-element_type=\"container\" data-e-type=\"container\" data-settings=\"{&quot;_ha_eqh_enable&quot;:false}\">\n\t\t\t\t\t<div class=\"e-con-inner\">\n\t\t\t\t<div class=\"elementor-element elementor-element-5e68fd5 elementor-align-left elementor-widget elementor-widget-etheme_advanced_headline\" data-id=\"5e68fd5\" data-element_type=\"widget\" data-e-type=\"widget\" data-widget_type=\"etheme_advanced_headline.default\">\n\t\t\t\t<div class=\"elementor-widget-container\">\n\t\t\t\t\t        \n        <div class=\"etheme-a-h-wrapper\">\n        \n            \n\t\t\t\n        <h2 class=\"etheme-advanced-headline etheme-advanced-headline-mask\">\n\n            Architecte d'int\u00e9rieur ayant le sens du d\u00e9tail\n        <\/h2>\n\t\t\n                    \n        <\/div>\n        \n\t\t\t\t\t\t<\/div>\n\t\t\t\t<\/div>\n\t\t\t\t\t<\/div>\n\t\t\t\t<\/div>\n\t\t<div class=\"elementor-element elementor-element-3597c28 e-flex e-con-boxed e-con e-parent\" data-id=\"3597c28\" data-element_type=\"container\" data-e-type=\"container\" data-settings=\"{&quot;_ha_eqh_enable&quot;:false}\">\n\t\t\t\t\t<div class=\"e-con-inner\">\n\t\t\t\t<div class=\"elementor-element elementor-element-f720d3d elementor-widget elementor-widget-text-editor\" data-id=\"f720d3d\" data-element_type=\"widget\" data-e-type=\"widget\" data-widget_type=\"text-editor.default\">\n\t\t\t\t<div class=\"elementor-widget-container\">\n\t\t\t\t\t\t\t\t\t<p>Ceux qui font relooker leur maison par Marcotte Style go\u00fbtent \u00e0 la m\u00eame atmosph\u00e8re dans toutes les pi\u00e8ces de la maison.<br \/>\nMarcotte Style est synonyme de <span style=\"text-decoration: underline;\"><span style=\"color: #96825b;\"><a style=\"color: #96825b; text-decoration: underline;\" href=\"https:\/\/marcottestyle.com\/interieur-design\/\">un int\u00e9rieur design<\/a><\/span><\/span> en totale harmonie avec les tapis, <span style=\"text-decoration: underline;\"><span style=\"color: #96825b;\"><a style=\"color: #96825b; text-decoration: underline;\" title=\"rideaux\" href=\"https:\/\/marcottestyle.com\/fr\/collections\/rideaux\/\">rideaux<\/a><\/span><\/span>cuisines et <span style=\"text-decoration: underline;\"><span style=\"color: #96825b;\"><a style=\"color: #96825b; text-decoration: underline;\" title=\"salles de bains\" href=\"https:\/\/marcottestyle.com\/fr\/espaces\/salle-de-bain\/\">salles de bains<\/a><\/span><\/span>: tout est parfaitement assorti.<br \/>\nEn outre, l&#8217;architecte d&#8217;int\u00e9rieur peut, si vous le souhaitez, vous donner des conseils en mati\u00e8re de couleurs pour votre maison.<br \/>\nEn outre, vous avez toujours <span style=\"text-decoration: underline;\"><span style=\"color: #96825b;\"><a style=\"color: #96825b; text-decoration: underline;\" title=\"contact\" href=\"https:\/\/marcottestyle.com\/fr\/contact\/\">contact<\/a><\/span><\/span> avec une seule et m\u00eame personne.<br \/>\nCela favorise \u00e9videmment la communication et donc l&#8217;avancement du projet !    <\/p>\n\t\t\t\t\t\t\t\t<\/div>\n\t\t\t\t<\/div>\n\t\t\t\t\t<\/div>\n\t\t\t\t<\/div>\n\t\t<div class=\"elementor-element elementor-element-7a38fcc e-flex e-con-boxed e-con e-parent\" data-id=\"7a38fcc\" data-element_type=\"container\" data-e-type=\"container\" data-settings=\"{&quot;_ha_eqh_enable&quot;:false}\">\n\t\t\t\t\t<div class=\"e-con-inner\">\n\t\t\t\t<div class=\"elementor-element elementor-element-cf0b3a8 elementor-widget elementor-widget-shortcode\" data-id=\"cf0b3a8\" data-element_type=\"widget\" data-e-type=\"widget\" data-widget_type=\"shortcode.default\">\n\t\t\t\t<div class=\"elementor-widget-container\">\n\t\t\t\t\t\t\t<div class=\"elementor-shortcode\">ngg_shortcode_1_placeholder<\/div>\n\t\t\t\t\t\t<\/div>\n\t\t\t\t<\/div>\n\t\t\t\t<div class=\"elementor-element elementor-element-08c6197 elementor-widget elementor-widget-spacer\" data-id=\"08c6197\" data-element_type=\"widget\" data-e-type=\"widget\" data-widget_type=\"spacer.default\">\n\t\t\t\t<div class=\"elementor-widget-container\">\n\t\t\t\t\t\t\t<div class=\"elementor-spacer\">\n\t\t\t<div class=\"elementor-spacer-inner\"><\/div>\n\t\t<\/div>\n\t\t\t\t\t\t<\/div>\n\t\t\t\t<\/div>\n\t\t\t\t\t<\/div>\n\t\t\t\t<\/div>\n\t\t<div class=\"elementor-element elementor-element-75d43dc e-flex e-con-boxed e-con e-parent\" data-id=\"75d43dc\" data-element_type=\"container\" data-e-type=\"container\" data-settings=\"{&quot;_ha_eqh_enable&quot;:false}\">\n\t\t\t\t\t<div class=\"e-con-inner\">\n\t\t\t\t<div class=\"elementor-element elementor-element-8ad96ec elementor-align-left elementor-widget elementor-widget-etheme_advanced_headline\" data-id=\"8ad96ec\" data-element_type=\"widget\" data-e-type=\"widget\" data-widget_type=\"etheme_advanced_headline.default\">\n\t\t\t\t<div class=\"elementor-widget-container\">\n\t\t\t\t\t        \n        <div class=\"etheme-a-h-wrapper\">\n        \n            \n\t\t\t\n        <h2 class=\"etheme-advanced-headline etheme-advanced-headline-mask\">\n\n            Avec passion et \u00e0 des conditions attrayantes\n        <\/h2>\n\t\t\n                    \n        <\/div>\n        \n\t\t\t\t\t\t<\/div>\n\t\t\t\t<\/div>\n\t\t\t\t\t<\/div>\n\t\t\t\t<\/div>\n\t\t<div class=\"elementor-element elementor-element-c5e18d1 e-flex e-con-boxed e-con e-parent\" data-id=\"c5e18d1\" data-element_type=\"container\" data-e-type=\"container\" data-settings=\"{&quot;_ha_eqh_enable&quot;:false}\">\n\t\t\t\t\t<div class=\"e-con-inner\">\n\t\t\t\t<div class=\"elementor-element elementor-element-3f3a027 elementor-widget elementor-widget-text-editor\" data-id=\"3f3a027\" data-element_type=\"widget\" data-e-type=\"widget\" data-widget_type=\"text-editor.default\">\n\t\t\t\t<div class=\"elementor-widget-container\">\n\t\t\t\t\t\t\t\t\t<p>Jean-Jacques Soenen est le g\u00e9rant de Marcottestyle. C&#8217;est un ressort passionn\u00e9 qui va lui-m\u00eame superviser chaque projet.<br \/>\nCela garantit au client une finition parfaite, car chez Marcottestyle, chaque client doit toujours \u00eatre satisfait \u00e0 100 %.<br \/>\nC&#8217;est d&#8217;ailleurs notre meilleure publicit\u00e9.  <\/p>\n\t\t\t\t\t\t\t\t<\/div>\n\t\t\t\t<\/div>\n\t\t\t\t\t<\/div>\n\t\t\t\t<\/div>\n\t\t<div class=\"elementor-element elementor-element-ab6c4bc e-flex e-con-boxed e-con e-parent\" data-id=\"ab6c4bc\" data-element_type=\"container\" data-e-type=\"container\" data-settings=\"{&quot;_ha_eqh_enable&quot;:false}\">\n\t\t\t\t\t<div class=\"e-con-inner\">\n\t\t\t\t<div class=\"elementor-element elementor-element-baec66c elementor-widget elementor-widget-shortcode\" data-id=\"baec66c\" data-element_type=\"widget\" data-e-type=\"widget\" data-widget_type=\"shortcode.default\">\n\t\t\t\t<div class=\"elementor-widget-container\">\n\t\t\t\t\t\t\t<div class=\"elementor-shortcode\">ngg_shortcode_2_placeholder<\/div>\n\t\t\t\t\t\t<\/div>\n\t\t\t\t<\/div>\n\t\t\t\t<div class=\"elementor-element elementor-element-7b363ed elementor-widget elementor-widget-spacer\" data-id=\"7b363ed\" data-element_type=\"widget\" data-e-type=\"widget\" data-widget_type=\"spacer.default\">\n\t\t\t\t<div class=\"elementor-widget-container\">\n\t\t\t\t\t\t\t<div class=\"elementor-spacer\">\n\t\t\t<div class=\"elementor-spacer-inner\"><\/div>\n\t\t<\/div>\n\t\t\t\t\t\t<\/div>\n\t\t\t\t<\/div>\n\t\t\t\t\t<\/div>\n\t\t\t\t<\/div>\n\t\t\t\t<\/div>\n\t\t","protected":false},"excerpt":{"rendered":"<p>[rev_slider alias=&#8221;Binnenhuisarchitect&#8221; slidertitle=&#8221;Binnenhuisarchitect&#8221;][\/rev_slider] Marcotte Style, l&#8217;architecte d&#8217;int\u00e9rieur Si vous \u00eates \u00e0 la recherche d&#8217;un bon architecte d&#8217;int\u00e9rieur pour donner un nouveau look \u00e0 votre maison,&#8230;<\/p>\n","protected":false},"author":2,"featured_media":0,"parent":0,"menu_order":37,"comment_status":"closed","ping_status":"closed","template":"elementor_header_footer","meta":{"ngg_post_thumbnail":0,"footnotes":""},"class_list":["post-13328","page","type-page","status-publish","hentry"],"_links":{"self":[{"href":"https:\/\/marcottestyle.com\/fr\/wp-json\/wp\/v2\/pages\/13328","targetHints":{"allow":["GET"]}}],"collection":[{"href":"https:\/\/marcottestyle.com\/fr\/wp-json\/wp\/v2\/pages"}],"about":[{"href":"https:\/\/marcottestyle.com\/fr\/wp-json\/wp\/v2\/types\/page"}],"author":[{"embeddable":true,"href":"https:\/\/marcottestyle.com\/fr\/wp-json\/wp\/v2\/users\/2"}],"replies":[{"embeddable":true,"href":"https:\/\/marcottestyle.com\/fr\/wp-json\/wp\/v2\/comments?post=13328"}],"version-history":[{"count":8,"href":"https:\/\/marcottestyle.com\/fr\/wp-json\/wp\/v2\/pages\/13328\/revisions"}],"predecessor-version":[{"id":39406,"href":"https:\/\/marcottestyle.com\/fr\/wp-json\/wp\/v2\/pages\/13328\/revisions\/39406"}],"wp:attachment":[{"href":"https:\/\/marcottestyle.com\/fr\/wp-json\/wp\/v2\/media?parent=13328"}],"curies":[{"name":"wp","href":"https:\/\/api.w.org\/{rel}","templated":true}]}}