{"id":13354,"date":"2018-02-12T17:21:18","date_gmt":"2018-02-12T16:21:18","guid":{"rendered":"http:\/\/marcottestyle.com\/styles\/long-island-stijl\/"},"modified":"2020-01-02T16:01:45","modified_gmt":"2020-01-02T15:01:45","slug":"style-long-island","status":"publish","type":"page","link":"https:\/\/marcottestyle.com\/fr\/style-long-island\/","title":{"rendered":"Style Long island"},"content":{"rendered":"<p><img decoding=\"async\" class=\"size-thumbnail wp-image-13356 alignleft\" src=\"http:\/\/marcottestyle.com\/wp-content\/uploads\/2020\/01\/long-island-style-150x150.jpg\" alt=\"\" width=\"150\" height=\"150\" title=\"\">Avec le style cottage, le style long island est l&#8217;une des tendances les plus importantes du style country parapluie. Les facteurs caract\u00e9ristiques du long island sont le design ouvert (espaces ouverts), les couleurs claires comme le blanc avec des couleurs d&#8217;accent rouge et bleu, souvent avec des accessoires \u00e0 rayures ou \u00e0 carreaux (par exemple avec des coussins en lin ou en coton), les influences maritimes, l&#8217;utilisation de porcelaine et types de bois en bois clair comme le teck, la pierre naturelle, les tuiles, &#8230; Bref, le long island est un style frais et l\u00e2che que vous pouvez utiliser dans de nombreuses directions. Les influences maritimes (comme les maisons de plage) \u00e9voquent une atmosph\u00e8re de vacances. Des fleurs fra\u00eeches et bien choisies peuvent renforcer cet effet.<\/p>\n<div>[seo-gallery type=&#8221;3-columns&#8221; taxonomy=&#8221;92&#8243; num=&#8221;4,11&#8243;]<\/div>\n<h3>Meubles de style long island<\/h3>\n<p>Le style int\u00e9rieur long island est un style country que nous ma\u00eetrisons tr\u00e8s bien chez Marcotte Style. Notre collection de canap\u00e9s, si\u00e8ges, chaises, armoires, bureaux et meubles de salle de bain contient de nombreux joyaux qui s&#8217;int\u00e8grent parfaitement dans le style long island.<\/p>\n<h3>Marcotte Style: expert du style long island<\/h3>\n<p>Nos architectes d&#8217;int\u00e9rieur se sentent comme aucun autre comment les meubles de campagne contemporains peuvent \u00eatre ajust\u00e9s dans un certain style d&#8217;int\u00e9rieur tel que long island. Dans notre boutique d&#8217;int\u00e9rieur, vous trouverez une fantastique gamme de meubles qui prend tout son sens dans un int\u00e9rieur de &#8220;long Island&#8221;.<\/p>\n<h3>Long Island et le style cottage:<\/h3>\n<p>Les deux styles sont \u00e9troitement li\u00e9s et proviennent tous deux d&#8217;\u00e9tablissements de maisons de plage, o\u00f9 beaucoup de bois peint en blanc est utilis\u00e9. Des tons clairs avec de larges poutres blanches et un large parquet clair sont l&#8217;une des caract\u00e9ristiques. \u00c9tant donn\u00e9 que les terrasses du rez-de-chauss\u00e9e ont toujours \u00e9t\u00e9 pr\u00e9sentes dans le style long island, cela reste l&#8217;une des plus grandes caract\u00e9ristiques de ce style. Avec la balustrade typique en bois peint en blanc, le sentiment colonial reste pleinement pr\u00e9sent.<\/p>\n<h3>Origine:<\/h3>\n<p>Le style long island fait en fait partie du style cottage anglais. La Long Island \u00e9tait \u00e0 l&#8217;origine la longue \u00eele adjacente \u00e0 la ville de New York, o\u00f9 une belle plage de sable a vu le jour. L&#8217;ouest de Long Island a \u00e9t\u00e9 colonis\u00e9 par les Hollandais. Ils l&#8217;appelaient le long eylant. L&#8217;\u00eele faisait partie de la colonie n\u00e9erlandaise de New Netherland. Le long de la longue c\u00f4te, de nombreuses grandes villas ont vu le jour, toujours avec le m\u00eame style long Island au d\u00e9but.<\/p>\n","protected":false},"excerpt":{"rendered":"<p>Avec le style cottage, le style long island est l&#8217;une des tendances les plus importantes du style country parapluie. Les facteurs caract\u00e9ristiques du long island&#8230;<\/p>\n","protected":false},"author":2,"featured_media":0,"parent":0,"menu_order":2,"comment_status":"closed","ping_status":"closed","template":"elementor_header_footer","meta":{"ngg_post_thumbnail":0,"footnotes":""},"class_list":["post-13354","page","type-page","status-publish","hentry"],"_links":{"self":[{"href":"https:\/\/marcottestyle.com\/fr\/wp-json\/wp\/v2\/pages\/13354","targetHints":{"allow":["GET"]}}],"collection":[{"href":"https:\/\/marcottestyle.com\/fr\/wp-json\/wp\/v2\/pages"}],"about":[{"href":"https:\/\/marcottestyle.com\/fr\/wp-json\/wp\/v2\/types\/page"}],"author":[{"embeddable":true,"href":"https:\/\/marcottestyle.com\/fr\/wp-json\/wp\/v2\/users\/2"}],"replies":[{"embeddable":true,"href":"https:\/\/marcottestyle.com\/fr\/wp-json\/wp\/v2\/comments?post=13354"}],"version-history":[{"count":2,"href":"https:\/\/marcottestyle.com\/fr\/wp-json\/wp\/v2\/pages\/13354\/revisions"}],"predecessor-version":[{"id":13360,"href":"https:\/\/marcottestyle.com\/fr\/wp-json\/wp\/v2\/pages\/13354\/revisions\/13360"}],"wp:attachment":[{"href":"https:\/\/marcottestyle.com\/fr\/wp-json\/wp\/v2\/media?parent=13354"}],"curies":[{"name":"wp","href":"https:\/\/api.w.org\/{rel}","templated":true}]}}