{"id":13457,"date":"2020-01-10T11:47:29","date_gmt":"2020-01-10T10:47:29","guid":{"rendered":"http:\/\/marcottestyle.com\/stijlvol-wonen\/"},"modified":"2020-03-06T15:22:33","modified_gmt":"2020-03-06T14:22:33","slug":"vivre-avec-style","status":"publish","type":"page","link":"https:\/\/marcottestyle.com\/fr\/vivre-avec-style\/","title":{"rendered":"Vivre avec style"},"content":{"rendered":"<p>Si vous voulez vivre avec style dans un fantastique int\u00e9rieur intemporel qui vous convient exclusivement, alors l&#8217;\u00e9quipe de design d&#8217;int\u00e9rieur de Marcotte Style peut \u00eatre tr\u00e8s importante pour vous. Gr\u00e2ce \u00e0 la vaste exp\u00e9rience et expertise de chaque style d&#8217;int\u00e9rieur, les employ\u00e9s passionn\u00e9s de Marcotte Style peuvent faire des miracles dans n&#8217;importe quel int\u00e9rieur. Des d\u00e9corations \u00e0 th\u00e8me vari\u00e9es aux int\u00e9rieurs classiques intemporels et champ\u00eatres, avec chaque style d&#8217;int\u00e9rieur comme principe directeur d&#8217;une vie chic et \u00e9l\u00e9gante, nos experts en int\u00e9rieur savent quoi faire.<\/p>\n<h3>Style de vie gr\u00e2ce aux experts en style Marcottestyle:<\/h3>\n<p>Design d&#8217;int\u00e9rieur complet ou partiel, conseils de couleurs personnalis\u00e9s, dispositions de th\u00e8me pour obtenir un effet vivant exclusif, chez Marcotte nous ne faisons pas de demi-travail. La vie commence par un design soign\u00e9 et d\u00e9taill\u00e9. Parce que tout est dans les d\u00e9tails. Nous ne laissons donc rien au hasard et prenons en compte tous les facteurs.<\/p>\n<h3>Approche 3D moderne pour un design int\u00e9rieur intelligent<\/h3>\n<p>Avec l&#8217;aide de notre programme de dessin avanc\u00e9, enti\u00e8rement d\u00e9velopp\u00e9 pour construire des int\u00e9rieurs \u00e9l\u00e9gants, et sur la base de photos qui peuvent \u00eatre transmises en combinaison avec l&#8217;ensemble de notre base de donn\u00e9es de produits de la boutique en ligne Marcotte Style, nous faisons une projection 3D d\u00e9taill\u00e9e ultramoderne de la fa\u00e7on dont votre l&#8217;int\u00e9rieur pourrait ressembler. De cette fa\u00e7on, le client sait exactement \u00e0 l&#8217;avance \u00e0 quoi s&#8217;attendre du design int\u00e9rieur \u00e9l\u00e9gant et intelligent de Marcotte Style.<\/p>\n<h3>Une vie \u00e9l\u00e9gante pour chaque style de vie:<\/h3>\n<p>Nous sommes ma\u00eetres de tous les styles de vie chez Marcotte Style: design \u00e9l\u00e9gant, r\u00e9tro, rural, rural atmosph\u00e9rique, longue \u00eele, \u00e9l\u00e9gant moderne, doux cocon, accents du sud ou scandinaves, dans chaque style de vie, nous avons de belles r\u00e9alisations sur notre dossier. La vie \u00e9l\u00e9gante commence avec des meubles et des accessoires de haute qualit\u00e9 et bien choisis et gr\u00e2ce \u00e0 notre stock important et nos meilleurs fournisseurs exclusifs, Marcotte sait toujours faire les meilleurs choix pour chaque style d&#8217;int\u00e9rieur.<\/p>\n<p>[seo-gallery type=&#8221;3-columns&#8221; taxonomy=&#8221;89&#8243; num=&#8221;4,11&#8243;]<\/p>\n<h3>Vivre adapt\u00e9 aux derni\u00e8res tendances d\u00e9co:<\/h3>\n<p>Nous anticipons naturellement les tendances de la d\u00e9coration en constante \u00e9volution. De plus, nos employ\u00e9s hautement communicants garantissent une coop\u00e9ration harmonieuse avec le client dont nous tenons compte au maximum des souhaits. La premi\u00e8re priorit\u00e9 de Marcotte est de trouver le plus pr\u00e9cis\u00e9ment possible ce que veut exactement le client. Nous commen\u00e7ons ensuite \u00e0 travailler avec les vastes ressources que nous avons en interne. De cette fa\u00e7on, vous vivrez le changement de saison ou un sentiment de f\u00eate agr\u00e9able (atmosph\u00e8re de temps par excellence) encore plus intens\u00e9ment.<\/p>\n<h3>Vie \u00e9l\u00e9gante des villas, des appartements aux ambassades:<\/h3>\n<p>Chaque type de r\u00e9sidence n\u00e9cessite une approche diff\u00e9rente de la vie. Marcotte Style peut r\u00e9aliser des int\u00e9rieurs \u00e9l\u00e9gants pour les villas, les appartements, les maisons rurales ou urbaines et m\u00eame pour les ambassades, les restaurants et les h\u00f4tels. Si vous voulez vivre avec style, un design int\u00e9rieur bien \u00e9quilibr\u00e9 et \u00e9quilibr\u00e9 est d&#8217;une importance capitale. Les combinaisons de couleurs appliqu\u00e9es, le style des meubles et l&#8217;atmosph\u00e8re et les accessoires doivent \u00eatre combin\u00e9s dans un ensemble complexe et \u00e9quilibr\u00e9 pour obtenir le bon effet d&#8217;ambiance. Chez Marcotte Style, nous pouvons trouver le bon \u00e9quilibre pas comme les autres et d\u00e9finir des accents pour obtenir un ensemble \u00e9l\u00e9gant et exclusif.<\/p>\n<h3>La vie moderne:<\/h3>\n<p>Si vous voulez vivre dans un int\u00e9rieur de qualit\u00e9 moderne et unique, il est pr\u00e9f\u00e9rable d&#8217;aller chez Marcotte Style. Les derniers styles de vie modernes et \u00e0 la mode n&#8217;ont plus de secret pour nos d\u00e9corateurs d&#8217;int\u00e9rieur et experts en int\u00e9rieur. Nos meilleurs designers savent g\u00e9rer la conception, la d\u00e9coration, le design, &#8230; d&#8217;une maison moderne. Dans chaque budget, Marcotte Style peut obtenir des r\u00e9sultats spectaculaires en \u00e9troite consultation avec le client d&#8217;une mani\u00e8re rapide et fluide.<\/p>\n<p>[seo-gallery type=&#8221;4-columns&#8221; taxonomy=&#8221;89&#8243; num=&#8221;4,11&#8243;]<\/p>\n","protected":false},"excerpt":{"rendered":"<p>Si vous voulez vivre avec style dans un fantastique int\u00e9rieur intemporel qui vous convient exclusivement, alors l&#8217;\u00e9quipe de design d&#8217;int\u00e9rieur de Marcotte Style peut \u00eatre&#8230;<\/p>\n","protected":false},"author":2,"featured_media":0,"parent":0,"menu_order":0,"comment_status":"closed","ping_status":"closed","template":"elementor_header_footer","meta":{"ngg_post_thumbnail":0,"footnotes":""},"class_list":["post-13457","page","type-page","status-publish","hentry"],"_links":{"self":[{"href":"https:\/\/marcottestyle.com\/fr\/wp-json\/wp\/v2\/pages\/13457","targetHints":{"allow":["GET"]}}],"collection":[{"href":"https:\/\/marcottestyle.com\/fr\/wp-json\/wp\/v2\/pages"}],"about":[{"href":"https:\/\/marcottestyle.com\/fr\/wp-json\/wp\/v2\/types\/page"}],"author":[{"embeddable":true,"href":"https:\/\/marcottestyle.com\/fr\/wp-json\/wp\/v2\/users\/2"}],"replies":[{"embeddable":true,"href":"https:\/\/marcottestyle.com\/fr\/wp-json\/wp\/v2\/comments?post=13457"}],"version-history":[{"count":2,"href":"https:\/\/marcottestyle.com\/fr\/wp-json\/wp\/v2\/pages\/13457\/revisions"}],"predecessor-version":[{"id":13459,"href":"https:\/\/marcottestyle.com\/fr\/wp-json\/wp\/v2\/pages\/13457\/revisions\/13459"}],"wp:attachment":[{"href":"https:\/\/marcottestyle.com\/fr\/wp-json\/wp\/v2\/media?parent=13457"}],"curies":[{"name":"wp","href":"https:\/\/api.w.org\/{rel}","templated":true}]}}