{"id":13506,"date":"2018-02-13T09:43:31","date_gmt":"2018-02-13T08:43:31","guid":{"rendered":"http:\/\/marcottestyle.com\/meubles-campagnards\/"},"modified":"2020-01-14T16:45:20","modified_gmt":"2020-01-14T15:45:20","slug":"meubles-campagnards","status":"publish","type":"page","link":"https:\/\/marcottestyle.com\/fr\/meubles-campagnards\/","title":{"rendered":"Meubles campagnards"},"content":{"rendered":"<p>Les meubles de campagne solides et durables forment une partie importante pour vivre dans un style campagnard. Afin d&#8217;\u00e9voquer l&#8217;atmosph\u00e8re de vie typique, authentique, confortable, apaisante et surtout \u00abrurale\u00bb qui fait la renomm\u00e9e de la vie champ\u00eatre, un choix judicieux de mobilier est crucial. Int\u00e9rieurs de salon, int\u00e9rieurs de salle de bain, int\u00e9rieurs de chambre sont en jeu avec le choix de meubles campagnards bien pens\u00e9.<\/p>\n<h3>Le mobilier fait l&#8217;int\u00e9rieur<\/h3>\n<p>La chaise de lecture confortable typique, le fauteuil anglais confortable, la table \u00e0 manger confortable et en bois, la lampe de lecture classique strat\u00e9giquement plac\u00e9e, la chemin\u00e9e nostalgique ou le po\u00eale \u00e0 l&#8217;ancienne. C&#8217;est la somme de tous ces \u00e9l\u00e9ments de haute qualit\u00e9 qui s&#8217;int\u00e8grent parfaitement dans un ensemble rural harmonieux qui donne \u00e0 un int\u00e9rieur rural cette petite touche de cachet suppl\u00e9mentaire.<\/p>\n<h3>Des meubles confortables:<\/h3>\n<p>Le choix des couleurs (couleurs douces qui \u00e9voquent le confort, les tons pastel) et l&#8217;utilisation de mat\u00e9riaux naturels et authentiques (types de bois de chez nous tels que le ch\u00eane, la belle pierre naturelle) sont importants pour le mobilier rural. Les \u00e9l\u00e9ments de style tels que les rideaux de velours aux couleurs chaudes, les lustres en fer forg\u00e9, les poign\u00e9es de porte et les portemanteaux assortis et d&#8217;autres d\u00e9tails d\u00e9coratifs bien choisis tels que les lampes \u00e0 huile \u00e0 l&#8217;ancienne ne peuvent bien s\u00fbr pas manquer pour \u00e9voquer le style souhait\u00e9 (cottage, long island).<\/p>\n<p>[seo-gallery type=&#8221;3-columns&#8221; taxonomy=&#8221;18&#8243; num=&#8221;4,11&#8243;]<\/p>\n<h3>Des meubles au look authentique<\/h3>\n<p>Vous pouvez vous inspirer beaucoup dans la tr\u00e8s large gamme de Marcotte. Les meubles de style campagnard de Marcotte Style donnent invariablement \u00e0 votre maison une apparence calme, authentique et confortable. Gr\u00e2ce \u00e0 un int\u00e9rieur bien pens\u00e9 avec le bon mobilier rural, le sentiment de ruralit\u00e9 peut vraiment \u00eatre \u00e9voqu\u00e9 dans chaque maison, que vous viviez dans un appartement, une ancienne ferme ou une ville ou une maison en rang\u00e9e.<\/p>\n<h3>Le bon mobilier pour chaque int\u00e9rieur rural<\/h3>\n<p>Avec les designers d&#8217;int\u00e9rieur passionn\u00e9s de Marcotte, vous pouvez d\u00e9couvrir les possibilit\u00e9s dans votre maison ou votre pi\u00e8ce que vous souhaitez d\u00e9corer de A \u00e0 Z dans un style champ\u00eatre. Nos experts prennent tout en compte: localisation de la pi\u00e8ce, int\u00e9gration de mobilier d\u00e9j\u00e0 pos\u00e9, emplacements. Cr\u00e9er une ambiance champ\u00eatre \u00e0 la maison est l&#8217;une des sp\u00e9cialit\u00e9s de Marcotte Style.<\/p>\n<blockquote><p>Vivre dans un style campagnard? Le style Marcotte offre un design int\u00e9rieur total. Transformez votre int\u00e9rieur avec des meubles et des meubles champ\u00eatres!<\/p><\/blockquote>\n<p>&nbsp;<\/p>\n","protected":false},"excerpt":{"rendered":"<p>Les meubles de campagne solides et durables forment une partie importante pour vivre dans un style campagnard. Afin d&#8217;\u00e9voquer l&#8217;atmosph\u00e8re de vie typique, authentique, confortable,&#8230;<\/p>\n","protected":false},"author":2,"featured_media":0,"parent":0,"menu_order":15,"comment_status":"closed","ping_status":"closed","template":"elementor_header_footer","meta":{"ngg_post_thumbnail":0,"footnotes":""},"class_list":["post-13506","page","type-page","status-publish","hentry"],"_links":{"self":[{"href":"https:\/\/marcottestyle.com\/fr\/wp-json\/wp\/v2\/pages\/13506","targetHints":{"allow":["GET"]}}],"collection":[{"href":"https:\/\/marcottestyle.com\/fr\/wp-json\/wp\/v2\/pages"}],"about":[{"href":"https:\/\/marcottestyle.com\/fr\/wp-json\/wp\/v2\/types\/page"}],"author":[{"embeddable":true,"href":"https:\/\/marcottestyle.com\/fr\/wp-json\/wp\/v2\/users\/2"}],"replies":[{"embeddable":true,"href":"https:\/\/marcottestyle.com\/fr\/wp-json\/wp\/v2\/comments?post=13506"}],"version-history":[{"count":1,"href":"https:\/\/marcottestyle.com\/fr\/wp-json\/wp\/v2\/pages\/13506\/revisions"}],"predecessor-version":[{"id":13507,"href":"https:\/\/marcottestyle.com\/fr\/wp-json\/wp\/v2\/pages\/13506\/revisions\/13507"}],"wp:attachment":[{"href":"https:\/\/marcottestyle.com\/fr\/wp-json\/wp\/v2\/media?parent=13506"}],"curies":[{"name":"wp","href":"https:\/\/api.w.org\/{rel}","templated":true}]}}