{"id":13515,"date":"2018-02-13T09:45:00","date_gmt":"2018-02-13T08:45:00","guid":{"rendered":"http:\/\/marcottestyle.com\/country-cupboard\/"},"modified":"2020-01-14T17:21:12","modified_gmt":"2020-01-14T16:21:12","slug":"armoire-campagnard","status":"publish","type":"page","link":"https:\/\/marcottestyle.com\/fr\/armoire-campagnard\/","title":{"rendered":"Armoire campagnard"},"content":{"rendered":"<p>L&#8217;espace de stockage est parfois n\u00e9glig\u00e9 lors de la conception d&#8217;une pi\u00e8ce avec go\u00fbt. Une grande attention est accord\u00e9e aux si\u00e8ges, \u00e0 la lumi\u00e8re et, par exemple, aux objets d&#8217;art accroch\u00e9s au mur. Cependant, trouver des armoires adapt\u00e9es est parfois trop facile. Marcottestyle poss\u00e8de un large assortiment d&#8217;armoires campagnard.<\/p>\n<p>N\u00e9anmoins, pour un cadre de vie harmonieux, il est important de disposer d&#8217;armoires qui correspondent \u00e0 l&#8217;atmosph\u00e8re de la pi\u00e8ce. C&#8217;est, apr\u00e8s tout, meubl\u00e9 avec soin; l&#8217;ajout de meubles de rangement ne devrait pas affecter l&#8217;effet obtenu.<br \/>\nEn particulier lorsqu&#8217;un style campagnard est utilis\u00e9 dans la d\u00e9coration int\u00e9rieure, les meubles doivent \u00eatre bien assortis. Aucune combinaison audacieuse ne s&#8217;inscrit ici: ceux qui optent pour la campagne appr\u00e9cieront l&#8217;harmonie \u00e0 l&#8217;int\u00e9rieur. Cela comprend de belles armoires de style campagnard, soigneusement s\u00e9lectionn\u00e9es.<\/p>\n<p><a href=\"https:\/\/marcottestyle.com\/fr\/contact\/\">Contactez-nous<\/a> sans engagement<br \/>\nVoir <a href=\"https:\/\/marcottestyle.com\/fr\/portfolio\/\">nos r\u00e9alisations<\/a><\/p>\n<p>[seo-gallery type=&#8221;3-columns&#8221; taxonomy=&#8221;19&#8243; num=&#8221;4,11&#8243;]<\/p>\n<h3>Armoires campagnard sur mesure<\/h3>\n<p>Vous pouvez confier cette t\u00e2che \u00e0 Marcotte Style en toute s\u00e9curit\u00e9. Ils font le point sur vos souhaits et trouvent le placard parfait pour votre situation. La personnalisation est \u00e9galement possible. Notre consultant en int\u00e9rieur trouvera une armoire de style campagnard qui s&#8217;adapte \u00e0 toutes les pi\u00e8ces, qu&#8217;il s&#8217;agisse de votre salon ou de la conception de votre projet.<\/p>\n<p>Les armoires de campagne sont intemporelles et il va sans dire que vous recherchez des meubles de bonne qualit\u00e9. Non seulement le look doit \u00eatre rural, un meuble doit avoir une certaine robustesse, combin\u00e9e avec une apparence attrayante qui correspond \u00e0 un int\u00e9rieur rural en termes de chaleur et d&#8217;ambiance. Marcotte Style vous propose des armoires avec une facilit\u00e9 d&#8217;utilisation optimale et \u00e9ventuellement des ajouts modernes intelligents, tels que de l&#8217;espace pour le c\u00e2blage d&#8217;\u00e9quipements hi-fi ou un home cin\u00e9ma. Ces caract\u00e9ristiques contemporaines sont intelligemment dissimul\u00e9es, de sorte que vous puissiez appr\u00e9cier l&#8217;apparence d&#8217;une armoire campagnard authentique.<\/p>\n<blockquote><p>Vous recherchez des armoires rurales? Alors Marcotte Style a d\u00e9finitivement quelque chose pour vous. D\u00e9couvrez rapidement nos armoires campagnards, si vous le souhaitez personnalis\u00e9es!<\/p><\/blockquote>\n","protected":false},"excerpt":{"rendered":"<p>L&#8217;espace de stockage est parfois n\u00e9glig\u00e9 lors de la conception d&#8217;une pi\u00e8ce avec go\u00fbt. Une grande attention est accord\u00e9e aux si\u00e8ges, \u00e0 la lumi\u00e8re et,&#8230;<\/p>\n","protected":false},"author":2,"featured_media":0,"parent":0,"menu_order":16,"comment_status":"closed","ping_status":"closed","template":"elementor_header_footer","meta":{"ngg_post_thumbnail":0,"footnotes":""},"class_list":["post-13515","page","type-page","status-publish","hentry"],"_links":{"self":[{"href":"https:\/\/marcottestyle.com\/fr\/wp-json\/wp\/v2\/pages\/13515","targetHints":{"allow":["GET"]}}],"collection":[{"href":"https:\/\/marcottestyle.com\/fr\/wp-json\/wp\/v2\/pages"}],"about":[{"href":"https:\/\/marcottestyle.com\/fr\/wp-json\/wp\/v2\/types\/page"}],"author":[{"embeddable":true,"href":"https:\/\/marcottestyle.com\/fr\/wp-json\/wp\/v2\/users\/2"}],"replies":[{"embeddable":true,"href":"https:\/\/marcottestyle.com\/fr\/wp-json\/wp\/v2\/comments?post=13515"}],"version-history":[{"count":3,"href":"https:\/\/marcottestyle.com\/fr\/wp-json\/wp\/v2\/pages\/13515\/revisions"}],"predecessor-version":[{"id":13518,"href":"https:\/\/marcottestyle.com\/fr\/wp-json\/wp\/v2\/pages\/13515\/revisions\/13518"}],"wp:attachment":[{"href":"https:\/\/marcottestyle.com\/fr\/wp-json\/wp\/v2\/media?parent=13515"}],"curies":[{"name":"wp","href":"https:\/\/api.w.org\/{rel}","templated":true}]}}