{"id":13554,"date":"2018-02-13T10:44:44","date_gmt":"2018-02-13T09:44:44","guid":{"rendered":"http:\/\/marcottestyle.com\/interior-concepts\/"},"modified":"2025-02-12T21:25:49","modified_gmt":"2025-02-12T20:25:49","slug":"concept-d-interieur","status":"publish","type":"page","link":"https:\/\/marcottestyle.com\/fr\/concept-d-interieur\/","title":{"rendered":"Projets d&#8217;int\u00e9rieur"},"content":{"rendered":"\t\t<div data-elementor-type=\"wp-page\" data-elementor-id=\"13554\" class=\"elementor elementor-13554 elementor-5426\" data-elementor-settings=\"{&quot;ha_cmc_init_switcher&quot;:&quot;no&quot;}\" data-elementor-post-type=\"page\">\n\t\t\t\t<div class=\"elementor-element elementor-element-8787832 e-flex e-con-boxed e-con e-parent\" data-id=\"8787832\" data-element_type=\"container\" data-e-type=\"container\" data-settings=\"{&quot;_ha_eqh_enable&quot;:false}\">\n\t\t\t\t\t<div class=\"e-con-inner\">\n\t\t\t\t<div class=\"elementor-element elementor-element-d78a1fc elementor-widget elementor-widget-spacer\" data-id=\"d78a1fc\" data-element_type=\"widget\" data-e-type=\"widget\" data-widget_type=\"spacer.default\">\n\t\t\t\t<div class=\"elementor-widget-container\">\n\t\t\t\t\t\t\t<div class=\"elementor-spacer\">\n\t\t\t<div class=\"elementor-spacer-inner\"><\/div>\n\t\t<\/div>\n\t\t\t\t\t\t<\/div>\n\t\t\t\t<\/div>\n\t\t\t\t\t<\/div>\n\t\t\t\t<\/div>\n\t\t<div class=\"elementor-element elementor-element-fc91737 e-flex e-con-boxed e-con e-parent\" data-id=\"fc91737\" data-element_type=\"container\" data-e-type=\"container\" data-settings=\"{&quot;_ha_eqh_enable&quot;:false}\">\n\t\t\t\t\t<div class=\"e-con-inner\">\n\t\t\t\t<div class=\"elementor-element elementor-element-904f1f1 elementor-align-left elementor-widget elementor-widget-etheme_advanced_headline\" data-id=\"904f1f1\" data-element_type=\"widget\" data-e-type=\"widget\" data-widget_type=\"etheme_advanced_headline.default\">\n\t\t\t\t<div class=\"elementor-widget-container\">\n\t\t\t\t\t        \n        <div class=\"etheme-a-h-wrapper\">\n        \n            \n\t\t\t\n        <h2 class=\"etheme-advanced-headline etheme-advanced-headline-mask\">\n\n            PROJETS D'INT\u00c9RIEUR\n        <\/h2>\n\t\t\n                    \n        <\/div>\n        \n\t\t\t\t\t\t<\/div>\n\t\t\t\t<\/div>\n\t\t\t\t\t<\/div>\n\t\t\t\t<\/div>\n\t\t<div class=\"elementor-element elementor-element-1ca4494 e-flex e-con-boxed e-con e-parent\" data-id=\"1ca4494\" data-element_type=\"container\" data-e-type=\"container\" data-settings=\"{&quot;_ha_eqh_enable&quot;:false}\">\n\t\t\t\t\t<div class=\"e-con-inner\">\n\t\t\t\t<div class=\"elementor-element elementor-element-0cac467 elementor-widget elementor-widget-text-editor\" data-id=\"0cac467\" data-element_type=\"widget\" data-e-type=\"widget\" data-widget_type=\"text-editor.default\">\n\t\t\t\t<div class=\"elementor-widget-container\">\n\t\t\t\t\t\t\t\t\t<p>Vous souhaitez \u00e9galement utiliser des concepts de d\u00e9coration d&#8217;int\u00e9rieur pour embellir votre maison ? Optez pour l&#8217;un des nombreux projets de d\u00e9coration d&#8217;int\u00e9rieur de Marcotte Style et donnez imm\u00e9diatement de la valeur \u00e0 toutes les pi\u00e8ces de votre maison. Marcotte Style propose des projets complets pour tous les types d&#8217;habitations ! Vous avez une villa luxueuse ou vous vivez dans un petit appartement confortable ? Nous veillons \u00e0 ce que toutes les pi\u00e8ces de votre habitation soient d\u00e9cor\u00e9es dans le m\u00eame style. Ainsi, tout se met en place lorsque vous \u00eates chez vous et que vous profitez des magnifiques int\u00e9rieurs de Marcotte Style.     <\/p>\n\t\t\t\t\t\t\t\t<\/div>\n\t\t\t\t<\/div>\n\t\t\t\t\t<\/div>\n\t\t\t\t<\/div>\n\t\t<div class=\"elementor-element elementor-element-651725a e-flex e-con-boxed e-con e-parent\" data-id=\"651725a\" data-element_type=\"container\" data-e-type=\"container\" data-settings=\"{&quot;_ha_eqh_enable&quot;:false}\">\n\t\t\t\t\t<div class=\"e-con-inner\">\n\t\t\t\t<div class=\"elementor-element elementor-element-91c9089 elementor-align-left elementor-widget elementor-widget-etheme_advanced_headline\" data-id=\"91c9089\" data-element_type=\"widget\" data-e-type=\"widget\" data-widget_type=\"etheme_advanced_headline.default\">\n\t\t\t\t<div class=\"elementor-widget-container\">\n\t\t\t\t\t        \n        <div class=\"etheme-a-h-wrapper\">\n        \n            \n\t\t\t\n        <h2 class=\"etheme-advanced-headline etheme-advanced-headline-mask\">\n\n            Projets de d\u00e9coration d'int\u00e9rieur : Marcotte Style et vous !\n        <\/h2>\n\t\t\n                    \n        <\/div>\n        \n\t\t\t\t\t\t<\/div>\n\t\t\t\t<\/div>\n\t\t\t\t\t<\/div>\n\t\t\t\t<\/div>\n\t\t<div class=\"elementor-element elementor-element-ed53ad1 e-flex e-con-boxed e-con e-parent\" data-id=\"ed53ad1\" data-element_type=\"container\" data-e-type=\"container\" data-settings=\"{&quot;_ha_eqh_enable&quot;:false}\">\n\t\t\t\t\t<div class=\"e-con-inner\">\n\t\t\t\t<div class=\"elementor-element elementor-element-2b6e0a6 elementor-widget elementor-widget-text-editor\" data-id=\"2b6e0a6\" data-element_type=\"widget\" data-e-type=\"widget\" data-widget_type=\"text-editor.default\">\n\t\t\t\t<div class=\"elementor-widget-container\">\n\t\t\t\t\t\t\t\t\t<p>Le point de d\u00e9part des projets de d\u00e9coration d&#8217;int\u00e9rieur chez Marcotte Style est, bien entendu, votre propre go\u00fbt. Nous discutons d&#8217;abord avec vous des possibilit\u00e9s, en nous basant sur vos pr\u00e9f\u00e9rences et vos souhaits. \u00cates-vous plut\u00f4t du genre campagnard ou pr\u00e9f\u00e9rez-vous un look moderne ? Une fois que nous avons une id\u00e9e claire de vos pr\u00e9f\u00e9rences au moyen d&#8217;un &#8220;Mood Board&#8221;, nos projets vous offriront l&#8217;\u00e9quilibre id\u00e9al entre un beau design et un cadre de vie agr\u00e9able. Gr\u00e2ce \u00e0 nos concepts d&#8217;am\u00e9nagement int\u00e9rieur, votre maison sera compl\u00e8te !    <\/p>\n\t\t\t\t\t\t\t\t<\/div>\n\t\t\t\t<\/div>\n\t\t\t\t\t<\/div>\n\t\t\t\t<\/div>\n\t\t<div class=\"elementor-element elementor-element-4276d4a e-flex e-con-boxed e-con e-parent\" data-id=\"4276d4a\" data-element_type=\"container\" data-e-type=\"container\" data-settings=\"{&quot;_ha_eqh_enable&quot;:false}\">\n\t\t\t\t\t<div class=\"e-con-inner\">\n\t\t\t\t<div class=\"elementor-element elementor-element-35383ce elementor-widget elementor-widget-shortcode\" data-id=\"35383ce\" data-element_type=\"widget\" data-e-type=\"widget\" data-widget_type=\"shortcode.default\">\n\t\t\t\t<div class=\"elementor-widget-container\">\n\t\t\t\t\t\t\t<div class=\"elementor-shortcode\">ngg_shortcode_0_placeholder<\/div>\n\t\t\t\t\t\t<\/div>\n\t\t\t\t<\/div>\n\t\t\t\t<div class=\"elementor-element elementor-element-0fd890f elementor-widget elementor-widget-spacer\" data-id=\"0fd890f\" data-element_type=\"widget\" data-e-type=\"widget\" data-widget_type=\"spacer.default\">\n\t\t\t\t<div class=\"elementor-widget-container\">\n\t\t\t\t\t\t\t<div class=\"elementor-spacer\">\n\t\t\t<div class=\"elementor-spacer-inner\"><\/div>\n\t\t<\/div>\n\t\t\t\t\t\t<\/div>\n\t\t\t\t<\/div>\n\t\t\t\t\t<\/div>\n\t\t\t\t<\/div>\n\t\t<div class=\"elementor-element elementor-element-9f07cb2 e-flex e-con-boxed e-con e-parent\" data-id=\"9f07cb2\" data-element_type=\"container\" data-e-type=\"container\" data-settings=\"{&quot;_ha_eqh_enable&quot;:false}\">\n\t\t\t\t\t<div class=\"e-con-inner\">\n\t\t\t\t<div class=\"elementor-element elementor-element-a7bc863 elementor-align-left elementor-widget elementor-widget-etheme_advanced_headline\" data-id=\"a7bc863\" data-element_type=\"widget\" data-e-type=\"widget\" data-widget_type=\"etheme_advanced_headline.default\">\n\t\t\t\t<div class=\"elementor-widget-container\">\n\t\t\t\t\t        \n        <div class=\"etheme-a-h-wrapper\">\n        \n            \n\t\t\t\n        <h2 class=\"etheme-advanced-headline etheme-advanced-headline-mask\">\n\n            Plus que des projets d'am\u00e9nagement int\u00e9rieur\n        <\/h2>\n\t\t\n                    \n        <\/div>\n        \n\t\t\t\t\t\t<\/div>\n\t\t\t\t<\/div>\n\t\t\t\t\t<\/div>\n\t\t\t\t<\/div>\n\t\t<div class=\"elementor-element elementor-element-2745f9e e-flex e-con-boxed e-con e-parent\" data-id=\"2745f9e\" data-element_type=\"container\" data-e-type=\"container\" data-settings=\"{&quot;_ha_eqh_enable&quot;:false}\">\n\t\t\t\t\t<div class=\"e-con-inner\">\n\t\t\t\t<div class=\"elementor-element elementor-element-e287256 elementor-widget elementor-widget-text-editor\" data-id=\"e287256\" data-element_type=\"widget\" data-e-type=\"widget\" data-widget_type=\"text-editor.default\">\n\t\t\t\t<div class=\"elementor-widget-container\">\n\t\t\t\t\t\t\t\t\t<p>Chez Marcotte Style, les conseils en mati\u00e8re de couleurs occupent une place importante dans les projets. Et c&#8217;est enti\u00e8rement gratuit ! Marcotte Style dispose en outre d&#8217;une salle d&#8217;exposition de 6000 m2 et peut donc vous proposer le mobilier et les mat\u00e9riaux de d\u00e9coration ad\u00e9quats. Nous avons \u00e9lev\u00e9 la d\u00e9coration d&#8217;int\u00e9rieur au rang d&#8217;art et nous vous faisons profiter des plus beaux designs d&#8217;int\u00e9rieur pour votre maison. Vous trouverez donc toujours des concepts d&#8217;int\u00e9rieur qui vous conviennent parfaitement.    <\/p>\n<p>Optez pour un changement et choisissez les int\u00e9rieurs de Marcotte Style. <a href=\"https:\/\/marcottestyle.com\/portfolio\/\">D\u00e9couvrez quelques-unes de nos r\u00e9alisations<\/a> ou <a href=\"https:\/\/marcottestyle.com\/pers-en-tv\/\">consultez nos articles de presse<\/a>!<\/p>\n\t\t\t\t\t\t\t\t<\/div>\n\t\t\t\t<\/div>\n\t\t\t\t\t<\/div>\n\t\t\t\t<\/div>\n\t\t<div class=\"elementor-element elementor-element-ee9624b e-flex e-con-boxed e-con e-parent\" data-id=\"ee9624b\" data-element_type=\"container\" data-e-type=\"container\" data-settings=\"{&quot;_ha_eqh_enable&quot;:false}\">\n\t\t\t\t\t<div class=\"e-con-inner\">\n\t\t\t\t<div class=\"elementor-element elementor-element-17d4a95 elementor-widget elementor-widget-text-editor\" data-id=\"17d4a95\" data-element_type=\"widget\" data-e-type=\"widget\" data-widget_type=\"text-editor.default\">\n\t\t\t\t<div class=\"elementor-widget-container\">\n\t\t\t\t\t\t\t\t\t<p>Vous souhaitez \u00e9galement utiliser des concepts de d\u00e9coration d&#8217;int\u00e9rieur pour embellir votre maison ? Optez pour les projets d&#8217;am\u00e9nagement int\u00e9rieur de Marcotte Style et donnez de la valeur \u00e0 toutes les pi\u00e8ces. <\/p>\n\t\t\t\t\t\t\t\t<\/div>\n\t\t\t\t<\/div>\n\t\t\t\t\t<\/div>\n\t\t\t\t<\/div>\n\t\t<div class=\"elementor-element elementor-element-c92fdc2 e-flex e-con-boxed e-con e-parent\" data-id=\"c92fdc2\" data-element_type=\"container\" data-e-type=\"container\" data-settings=\"{&quot;_ha_eqh_enable&quot;:false}\">\n\t\t\t\t\t<div class=\"e-con-inner\">\n\t\t\t\t<div class=\"elementor-element elementor-element-ab0f22f elementor-widget elementor-widget-spacer\" data-id=\"ab0f22f\" data-element_type=\"widget\" data-e-type=\"widget\" data-widget_type=\"spacer.default\">\n\t\t\t\t<div class=\"elementor-widget-container\">\n\t\t\t\t\t\t\t<div class=\"elementor-spacer\">\n\t\t\t<div class=\"elementor-spacer-inner\"><\/div>\n\t\t<\/div>\n\t\t\t\t\t\t<\/div>\n\t\t\t\t<\/div>\n\t\t\t\t\t<\/div>\n\t\t\t\t<\/div>\n\t\t\t\t<\/div>\n\t\t","protected":false},"excerpt":{"rendered":"<p>PROJETS D&#8217;INT\u00c9RIEUR Vous souhaitez \u00e9galement utiliser des concepts de d\u00e9coration d&#8217;int\u00e9rieur pour embellir votre maison ? Optez pour l&#8217;un des nombreux projets de d\u00e9coration d&#8217;int\u00e9rieur&#8230;<\/p>\n","protected":false},"author":2,"featured_media":0,"parent":0,"menu_order":40,"comment_status":"closed","ping_status":"closed","template":"elementor_header_footer","meta":{"ngg_post_thumbnail":0,"footnotes":""},"class_list":["post-13554","page","type-page","status-publish","hentry"],"_links":{"self":[{"href":"https:\/\/marcottestyle.com\/fr\/wp-json\/wp\/v2\/pages\/13554","targetHints":{"allow":["GET"]}}],"collection":[{"href":"https:\/\/marcottestyle.com\/fr\/wp-json\/wp\/v2\/pages"}],"about":[{"href":"https:\/\/marcottestyle.com\/fr\/wp-json\/wp\/v2\/types\/page"}],"author":[{"embeddable":true,"href":"https:\/\/marcottestyle.com\/fr\/wp-json\/wp\/v2\/users\/2"}],"replies":[{"embeddable":true,"href":"https:\/\/marcottestyle.com\/fr\/wp-json\/wp\/v2\/comments?post=13554"}],"version-history":[{"count":3,"href":"https:\/\/marcottestyle.com\/fr\/wp-json\/wp\/v2\/pages\/13554\/revisions"}],"predecessor-version":[{"id":13557,"href":"https:\/\/marcottestyle.com\/fr\/wp-json\/wp\/v2\/pages\/13554\/revisions\/13557"}],"wp:attachment":[{"href":"https:\/\/marcottestyle.com\/fr\/wp-json\/wp\/v2\/media?parent=13554"}],"curies":[{"name":"wp","href":"https:\/\/api.w.org\/{rel}","templated":true}]}}