{"id":13583,"date":"2018-02-13T09:46:13","date_gmt":"2018-02-13T08:46:13","guid":{"rendered":"http:\/\/marcottestyle.com\/country-style-decoration\/"},"modified":"2020-01-16T15:41:05","modified_gmt":"2020-01-16T14:41:05","slug":"decoration-style-champetre","status":"publish","type":"page","link":"https:\/\/marcottestyle.com\/fr\/decoration-style-champetre\/","title":{"rendered":"D\u00e9coration style champ\u00eatre"},"content":{"rendered":"<p>Qui veut d\u00e9corer sa maison dans un style champ\u00eatre ou qui veut compl\u00e9ter la d\u00e9coration d&#8217;un int\u00e9rieur champ\u00eatre de la meilleure fa\u00e7on possible, a incroyablement de nombreuses options chez Marcotte Style. Nos architectes d&#8217;int\u00e9rieur ne sont pas seulement tous des experts en d\u00e9coration rurale, notre boutique de design d&#8217;int\u00e9rieur n&#8217;est pas moins que la Mecque de la d\u00e9coration rurale.<\/p>\n<h3>D\u00e9coration champ\u00eatre avec des meubles de Marcotte<\/h3>\n<p>Am\u00e9nager votre maison ou une ou plusieurs pi\u00e8ces de votre maison dans un style champ\u00eatre peut \u00eatre un d\u00e9fi complexe. Le style country polyvalent avec son caract\u00e8re apaisant englobe de nombreuses couches et subtilit\u00e9s diff\u00e9rentes que nous avons une tr\u00e8s bonne compr\u00e9hension de Marcotte Style.<\/p>\n<h3>Accessoires de d\u00e9coration<\/h3>\n<p>Notre approche holistique garantit invariablement un ensemble harmonieux. C&#8217;est dans les moindres d\u00e9tails tels que nos beaux sommiers en fer forg\u00e9 (lit), les miroirs en c\u00e9ramique, nos canap\u00e9s en tissu &#8216;c\u00e2lin&#8217;, les fauteuils finis avec motif tiss\u00e9, \u00e0 c\u00f4t\u00e9 d&#8217;une plante remarquablement choisie dans un pot en terre cuite, &#8230; tout \u00e0 d\u00e9couvrir dans la boutique en ligne .<\/p>\n<p>[seo-gallery type=&#8221;3-columns&#8221; taxonomy=&#8221;20&#8243; num=&#8221;4,11&#8243;]<\/p>\n<h3>Style cottage rural<\/h3>\n<p>Vous remarquez que les influences de style cottage anglais ne sont jamais loin. Nos experts en int\u00e9rieur savent comme aucun autre comment ils peuvent \u00e9voquer l&#8217;atmosph\u00e8re rurale unique. De nombreux facteurs jouent un r\u00f4le dans la d\u00e9coration int\u00e9rieure rurale: les propri\u00e9t\u00e9s architecturales de la maison, les d\u00e9tails d\u00e9coratifs, les couleurs, les mat\u00e9riaux, etc. La d\u00e9coration consiste \u00e0 faire des choix et Marcotte peut vous aider comme aucun autre.<\/p>\n<h3>\u00c9clairage pour la d\u00e9coration rurale<\/h3>\n<p>Pour cr\u00e9er une atmosph\u00e8re, l&#8217;\u00e9clairage ne doit bien s\u00fbr pas \u00eatre sous-estim\u00e9. Pour \u00e9voquer l&#8217;atmosph\u00e8re rurale typique, chaleureuse, nostalgique, vous devez \u00e9galement faire les bons choix dans ce domaine. En termes d&#8217;\u00e9clairage, Marcotte Style a beaucoup \u00e0 offrir si vous souhaitez d\u00e9corer votre maison \u00e0 l&#8217;\u00e9chelle nationale. Nos magnifiques lustres, lustres en cristal, bougeoirs en fer forg\u00e9, lampes suspendues, lampes de bureau classiques sont tous des joyaux de notre collection.<\/p>\n<blockquote><p>D\u00e9coration nationale: la sp\u00e9cialit\u00e9 du style Marcotte. D\u00e9couvrez notre d\u00e9coration int\u00e9rieure rurale ou faites enti\u00e8rement concevoir votre int\u00e9rieur.<\/p><\/blockquote>\n","protected":false},"excerpt":{"rendered":"<p>Qui veut d\u00e9corer sa maison dans un style champ\u00eatre ou qui veut compl\u00e9ter la d\u00e9coration d&#8217;un int\u00e9rieur champ\u00eatre de la meilleure fa\u00e7on possible, a incroyablement&#8230;<\/p>\n","protected":false},"author":2,"featured_media":0,"parent":0,"menu_order":17,"comment_status":"closed","ping_status":"closed","template":"elementor_header_footer","meta":{"ngg_post_thumbnail":0,"footnotes":""},"class_list":["post-13583","page","type-page","status-publish","hentry"],"_links":{"self":[{"href":"https:\/\/marcottestyle.com\/fr\/wp-json\/wp\/v2\/pages\/13583","targetHints":{"allow":["GET"]}}],"collection":[{"href":"https:\/\/marcottestyle.com\/fr\/wp-json\/wp\/v2\/pages"}],"about":[{"href":"https:\/\/marcottestyle.com\/fr\/wp-json\/wp\/v2\/types\/page"}],"author":[{"embeddable":true,"href":"https:\/\/marcottestyle.com\/fr\/wp-json\/wp\/v2\/users\/2"}],"replies":[{"embeddable":true,"href":"https:\/\/marcottestyle.com\/fr\/wp-json\/wp\/v2\/comments?post=13583"}],"version-history":[{"count":2,"href":"https:\/\/marcottestyle.com\/fr\/wp-json\/wp\/v2\/pages\/13583\/revisions"}],"predecessor-version":[{"id":13585,"href":"https:\/\/marcottestyle.com\/fr\/wp-json\/wp\/v2\/pages\/13583\/revisions\/13585"}],"wp:attachment":[{"href":"https:\/\/marcottestyle.com\/fr\/wp-json\/wp\/v2\/media?parent=13583"}],"curies":[{"name":"wp","href":"https:\/\/api.w.org\/{rel}","templated":true}]}}