{"id":13753,"date":"2018-02-13T09:52:10","date_gmt":"2018-02-13T08:52:10","guid":{"rendered":"http:\/\/marcottestyle.com\/interior-projects\/"},"modified":"2025-02-12T21:26:18","modified_gmt":"2025-02-12T20:26:18","slug":"projets-interieur","status":"publish","type":"page","link":"https:\/\/marcottestyle.com\/fr\/projets-interieur\/","title":{"rendered":"Construction int\u00e9rieure"},"content":{"rendered":"\t\t<div data-elementor-type=\"wp-page\" data-elementor-id=\"13753\" class=\"elementor elementor-13753 elementor-5373\" data-elementor-settings=\"{&quot;ha_cmc_init_switcher&quot;:&quot;no&quot;}\" data-elementor-post-type=\"page\">\n\t\t\t\t<div class=\"elementor-element elementor-element-66f1194 e-flex e-con-boxed e-con e-parent\" data-id=\"66f1194\" data-element_type=\"container\" data-e-type=\"container\" data-settings=\"{&quot;_ha_eqh_enable&quot;:false}\">\n\t\t\t\t\t<div class=\"e-con-inner\">\n\t\t\t\t<div class=\"elementor-element elementor-element-5de8ee0 elementor-widget elementor-widget-spacer\" data-id=\"5de8ee0\" data-element_type=\"widget\" data-e-type=\"widget\" data-widget_type=\"spacer.default\">\n\t\t\t\t<div class=\"elementor-widget-container\">\n\t\t\t\t\t\t\t<div class=\"elementor-spacer\">\n\t\t\t<div class=\"elementor-spacer-inner\"><\/div>\n\t\t<\/div>\n\t\t\t\t\t\t<\/div>\n\t\t\t\t<\/div>\n\t\t\t\t\t<\/div>\n\t\t\t\t<\/div>\n\t\t<div class=\"elementor-element elementor-element-8de4f76 e-flex e-con-boxed e-con e-parent\" data-id=\"8de4f76\" data-element_type=\"container\" data-e-type=\"container\" data-settings=\"{&quot;_ha_eqh_enable&quot;:false}\">\n\t\t\t\t\t<div class=\"e-con-inner\">\n\t\t\t\t<div class=\"elementor-element elementor-element-6e9d8f0 elementor-align-left elementor-widget elementor-widget-etheme_advanced_headline\" data-id=\"6e9d8f0\" data-element_type=\"widget\" data-e-type=\"widget\" data-widget_type=\"etheme_advanced_headline.default\">\n\t\t\t\t<div class=\"elementor-widget-container\">\n\t\t\t\t\t        \n        <div class=\"etheme-a-h-wrapper\">\n        \n            \n\t\t\t\n        <h2 class=\"etheme-advanced-headline etheme-advanced-headline-mask\">\n\n            INTERIEUR\n        <\/h2>\n\t\t\n                    \n        <\/div>\n        \n\t\t\t\t\t\t<\/div>\n\t\t\t\t<\/div>\n\t\t\t\t\t<\/div>\n\t\t\t\t<\/div>\n\t\t<div class=\"elementor-element elementor-element-d406dc2 e-flex e-con-boxed e-con e-parent\" data-id=\"d406dc2\" data-element_type=\"container\" data-e-type=\"container\" data-settings=\"{&quot;_ha_eqh_enable&quot;:false}\">\n\t\t\t\t\t<div class=\"e-con-inner\">\n\t\t\t\t<div class=\"elementor-element elementor-element-7470ad2 elementor-widget elementor-widget-text-editor\" data-id=\"7470ad2\" data-element_type=\"widget\" data-e-type=\"widget\" data-widget_type=\"text-editor.default\">\n\t\t\t\t<div class=\"elementor-widget-container\">\n\t\t\t\t\t\t\t\t\t<p>Vous souhaitez \u00e9galement utiliser des concepts de d\u00e9coration d&#8217;int\u00e9rieur pour embellir votre maison ? Optez pour l&#8217;un des nombreux projets de d\u00e9coration d&#8217;int\u00e9rieur de Marcotte Style et donnez imm\u00e9diatement de la valeur \u00e0 toutes les pi\u00e8ces de votre maison. Marcotte Style propose des projets complets de d\u00e9coration d&#8217;int\u00e9rieur pour tous les types d&#8217;habitations ! Vous avez une villa luxueuse ou vous vivez dans un petit appartement confortable ? Nous veillons \u00e0 ce que toutes les pi\u00e8ces de votre maison soient d\u00e9cor\u00e9es dans le m\u00eame style. Ainsi, tout se met en place lorsque vous \u00eates chez vous et que vous profitez de la belle d\u00e9coration int\u00e9rieure de Marcotte Style.     <\/p>\n\t\t\t\t\t\t\t\t<\/div>\n\t\t\t\t<\/div>\n\t\t\t\t\t<\/div>\n\t\t\t\t<\/div>\n\t\t<div class=\"elementor-element elementor-element-8039f47 e-flex e-con-boxed e-con e-parent\" data-id=\"8039f47\" data-element_type=\"container\" data-e-type=\"container\" data-settings=\"{&quot;_ha_eqh_enable&quot;:false}\">\n\t\t\t\t\t<div class=\"e-con-inner\">\n\t\t\t\t<div class=\"elementor-element elementor-element-7a3d906 elementor-align-left elementor-widget elementor-widget-etheme_advanced_headline\" data-id=\"7a3d906\" data-element_type=\"widget\" data-e-type=\"widget\" data-widget_type=\"etheme_advanced_headline.default\">\n\t\t\t\t<div class=\"elementor-widget-container\">\n\t\t\t\t\t        \n        <div class=\"etheme-a-h-wrapper\">\n        \n            \n\t\t\t\n        <h2 class=\"etheme-advanced-headline etheme-advanced-headline-mask\">\n\n            Projets de d\u00e9coration d'int\u00e9rieur : Marcotte Style et vous !\n        <\/h2>\n\t\t\n                    \n        <\/div>\n        \n\t\t\t\t\t\t<\/div>\n\t\t\t\t<\/div>\n\t\t\t\t\t<\/div>\n\t\t\t\t<\/div>\n\t\t<div class=\"elementor-element elementor-element-beb88c0 e-flex e-con-boxed e-con e-parent\" data-id=\"beb88c0\" data-element_type=\"container\" data-e-type=\"container\" data-settings=\"{&quot;_ha_eqh_enable&quot;:false}\">\n\t\t\t\t\t<div class=\"e-con-inner\">\n\t\t\t\t<div class=\"elementor-element elementor-element-bd3cbb8 elementor-widget elementor-widget-text-editor\" data-id=\"bd3cbb8\" data-element_type=\"widget\" data-e-type=\"widget\" data-widget_type=\"text-editor.default\">\n\t\t\t\t<div class=\"elementor-widget-container\">\n\t\t\t\t\t\t\t\t\t<p>Le point de d\u00e9part de la d\u00e9coration d&#8217;int\u00e9rieur chez Marcotte Style est, bien entendu, votre propre go\u00fbt. Nous discutons d&#8217;abord avec vous des possibilit\u00e9s, en nous basant sur vos pr\u00e9f\u00e9rences et vos souhaits. \u00cates-vous plut\u00f4t du genre campagnard ou pr\u00e9f\u00e9rez-vous un look moderne ? Une fois que nous avons une id\u00e9e claire de vos pr\u00e9f\u00e9rences, au moyen d&#8217;un &#8220;Moodboard&#8221;, nous utilisons nos projets d&#8217;am\u00e9nagement int\u00e9rieur pour cr\u00e9er l&#8217;\u00e9quilibre id\u00e9al entre un beau design et un environnement de vie agr\u00e9able. Nous compl\u00e9terons votre maison avec nos concepts d&#8217;am\u00e9nagement int\u00e9rieur !    <\/p>\n\t\t\t\t\t\t\t\t<\/div>\n\t\t\t\t<\/div>\n\t\t\t\t\t<\/div>\n\t\t\t\t<\/div>\n\t\t<div class=\"elementor-element elementor-element-d782521 e-flex e-con-boxed e-con e-parent\" data-id=\"d782521\" data-element_type=\"container\" data-e-type=\"container\" data-settings=\"{&quot;_ha_eqh_enable&quot;:false}\">\n\t\t\t\t\t<div class=\"e-con-inner\">\n\t\t\t\t<div class=\"elementor-element elementor-element-ee61927 elementor-widget elementor-widget-shortcode\" data-id=\"ee61927\" data-element_type=\"widget\" data-e-type=\"widget\" data-widget_type=\"shortcode.default\">\n\t\t\t\t<div class=\"elementor-widget-container\">\n\t\t\t\t\t\t\t<div class=\"elementor-shortcode\">ngg_shortcode_0_placeholder<\/div>\n\t\t\t\t\t\t<\/div>\n\t\t\t\t<\/div>\n\t\t\t\t<div class=\"elementor-element elementor-element-a00c613 elementor-widget elementor-widget-spacer\" data-id=\"a00c613\" data-element_type=\"widget\" data-e-type=\"widget\" data-widget_type=\"spacer.default\">\n\t\t\t\t<div class=\"elementor-widget-container\">\n\t\t\t\t\t\t\t<div class=\"elementor-spacer\">\n\t\t\t<div class=\"elementor-spacer-inner\"><\/div>\n\t\t<\/div>\n\t\t\t\t\t\t<\/div>\n\t\t\t\t<\/div>\n\t\t\t\t\t<\/div>\n\t\t\t\t<\/div>\n\t\t<div class=\"elementor-element elementor-element-d8e89ab e-flex e-con-boxed e-con e-parent\" data-id=\"d8e89ab\" data-element_type=\"container\" data-e-type=\"container\" data-settings=\"{&quot;_ha_eqh_enable&quot;:false}\">\n\t\t\t\t\t<div class=\"e-con-inner\">\n\t\t\t\t<div class=\"elementor-element elementor-element-b64718a elementor-align-left elementor-widget elementor-widget-etheme_advanced_headline\" data-id=\"b64718a\" data-element_type=\"widget\" data-e-type=\"widget\" data-widget_type=\"etheme_advanced_headline.default\">\n\t\t\t\t<div class=\"elementor-widget-container\">\n\t\t\t\t\t        \n        <div class=\"etheme-a-h-wrapper\">\n        \n            \n\t\t\t\n        <h2 class=\"etheme-advanced-headline etheme-advanced-headline-mask\">\n\n            Plus qu'une simple d\u00e9coration d'int\u00e9rieur\n        <\/h2>\n\t\t\n                    \n        <\/div>\n        \n\t\t\t\t\t\t<\/div>\n\t\t\t\t<\/div>\n\t\t\t\t\t<\/div>\n\t\t\t\t<\/div>\n\t\t<div class=\"elementor-element elementor-element-b21eea7 e-flex e-con-boxed e-con e-parent\" data-id=\"b21eea7\" data-element_type=\"container\" data-e-type=\"container\" data-settings=\"{&quot;_ha_eqh_enable&quot;:false}\">\n\t\t\t\t\t<div class=\"e-con-inner\">\n\t\t\t\t<div class=\"elementor-element elementor-element-679aa9d elementor-widget elementor-widget-text-editor\" data-id=\"679aa9d\" data-element_type=\"widget\" data-e-type=\"widget\" data-widget_type=\"text-editor.default\">\n\t\t\t\t<div class=\"elementor-widget-container\">\n\t\t\t\t\t\t\t\t\t<p>Chez Marcotte Style, les conseils en mati\u00e8re de couleurs occupent une place importante dans les projets de d\u00e9coration d&#8217;int\u00e9rieur. Et c&#8217;est enti\u00e8rement gratuit ! Marcotte Style dispose en outre d&#8217;une salle d&#8217;exposition de 6000 m2 et peut donc vous proposer le mobilier et les mat\u00e9riaux de d\u00e9coration ad\u00e9quats. Nous avons fait de la d\u00e9coration d&#8217;int\u00e9rieur un v\u00e9ritable art et nous vous faisons profiter des plus beaux designs d&#8217;int\u00e9rieur pour votre maison. Vous trouverez donc toujours des concepts d&#8217;int\u00e9rieur qui vous conviennent parfaitement.    <\/p>\n\t\t\t\t\t\t\t\t<\/div>\n\t\t\t\t<\/div>\n\t\t\t\t\t<\/div>\n\t\t\t\t<\/div>\n\t\t<div class=\"elementor-element elementor-element-13f6006 e-flex e-con-boxed e-con e-parent\" data-id=\"13f6006\" data-element_type=\"container\" data-e-type=\"container\" data-settings=\"{&quot;_ha_eqh_enable&quot;:false}\">\n\t\t\t\t\t<div class=\"e-con-inner\">\n\t\t\t\t<div class=\"elementor-element elementor-element-19f77c9 elementor-widget elementor-widget-text-editor\" data-id=\"19f77c9\" data-element_type=\"widget\" data-e-type=\"widget\" data-widget_type=\"text-editor.default\">\n\t\t\t\t<div class=\"elementor-widget-container\">\n\t\t\t\t\t\t\t\t\t<p>Optez pour le changement et choisissez les projets d&#8217;am\u00e9nagement int\u00e9rieur de Marcotte Style. <a href=\"https:\/\/marcottestyle.com\/portfolio\/\">D\u00e9couvrez quelques-unes de nos r\u00e9alisations<\/a> ou <a href=\"https:\/\/marcottestyle.com\/pers-en-tv\/\">consultez nos articles de presse<\/a>!<\/p>\n\t\t\t\t\t\t\t\t<\/div>\n\t\t\t\t<\/div>\n\t\t\t\t\t<\/div>\n\t\t\t\t<\/div>\n\t\t<div class=\"elementor-element elementor-element-8e4174b e-flex e-con-boxed e-con e-parent\" data-id=\"8e4174b\" data-element_type=\"container\" data-e-type=\"container\" data-settings=\"{&quot;_ha_eqh_enable&quot;:false}\">\n\t\t\t\t\t<div class=\"e-con-inner\">\n\t\t\t\t<div class=\"elementor-element elementor-element-78d3927 elementor-widget elementor-widget-text-editor\" data-id=\"78d3927\" data-element_type=\"widget\" data-e-type=\"widget\" data-widget_type=\"text-editor.default\">\n\t\t\t\t<div class=\"elementor-widget-container\">\n\t\t\t\t\t\t\t\t\t<p>Vous souhaitez \u00e9galement utiliser des concepts de d\u00e9coration d&#8217;int\u00e9rieur pour embellir votre maison ? Optez pour la d\u00e9coration d&#8217;int\u00e9rieur de Marcotte Style et donnez de la valeur \u00e0 votre maison. <\/p>\n\t\t\t\t\t\t\t\t<\/div>\n\t\t\t\t<\/div>\n\t\t\t\t\t<\/div>\n\t\t\t\t<\/div>\n\t\t<div class=\"elementor-element elementor-element-0e5d7cb e-flex e-con-boxed e-con e-parent\" data-id=\"0e5d7cb\" data-element_type=\"container\" data-e-type=\"container\" data-settings=\"{&quot;_ha_eqh_enable&quot;:false}\">\n\t\t\t\t\t<div class=\"e-con-inner\">\n\t\t\t\t<div class=\"elementor-element elementor-element-da6973f elementor-widget elementor-widget-spacer\" data-id=\"da6973f\" data-element_type=\"widget\" data-e-type=\"widget\" data-widget_type=\"spacer.default\">\n\t\t\t\t<div class=\"elementor-widget-container\">\n\t\t\t\t\t\t\t<div class=\"elementor-spacer\">\n\t\t\t<div class=\"elementor-spacer-inner\"><\/div>\n\t\t<\/div>\n\t\t\t\t\t\t<\/div>\n\t\t\t\t<\/div>\n\t\t\t\t\t<\/div>\n\t\t\t\t<\/div>\n\t\t\t\t<\/div>\n\t\t","protected":false},"excerpt":{"rendered":"<p>INTERIEUR Vous souhaitez \u00e9galement utiliser des concepts de d\u00e9coration d&#8217;int\u00e9rieur pour embellir votre maison ? Optez pour l&#8217;un des nombreux projets de d\u00e9coration d&#8217;int\u00e9rieur de&#8230;<\/p>\n","protected":false},"author":2,"featured_media":0,"parent":0,"menu_order":19,"comment_status":"closed","ping_status":"closed","template":"elementor_header_footer","meta":{"ngg_post_thumbnail":0,"footnotes":""},"class_list":["post-13753","page","type-page","status-publish","hentry"],"_links":{"self":[{"href":"https:\/\/marcottestyle.com\/fr\/wp-json\/wp\/v2\/pages\/13753","targetHints":{"allow":["GET"]}}],"collection":[{"href":"https:\/\/marcottestyle.com\/fr\/wp-json\/wp\/v2\/pages"}],"about":[{"href":"https:\/\/marcottestyle.com\/fr\/wp-json\/wp\/v2\/types\/page"}],"author":[{"embeddable":true,"href":"https:\/\/marcottestyle.com\/fr\/wp-json\/wp\/v2\/users\/2"}],"replies":[{"embeddable":true,"href":"https:\/\/marcottestyle.com\/fr\/wp-json\/wp\/v2\/comments?post=13753"}],"version-history":[{"count":2,"href":"https:\/\/marcottestyle.com\/fr\/wp-json\/wp\/v2\/pages\/13753\/revisions"}],"predecessor-version":[{"id":13755,"href":"https:\/\/marcottestyle.com\/fr\/wp-json\/wp\/v2\/pages\/13753\/revisions\/13755"}],"wp:attachment":[{"href":"https:\/\/marcottestyle.com\/fr\/wp-json\/wp\/v2\/media?parent=13753"}],"curies":[{"name":"wp","href":"https:\/\/api.w.org\/{rel}","templated":true}]}}