{"id":13769,"date":"2018-02-13T10:04:16","date_gmt":"2018-02-13T09:04:16","guid":{"rendered":"http:\/\/marcottestyle.com\/cottage-furniture\/"},"modified":"2020-01-20T14:27:15","modified_gmt":"2020-01-20T13:27:15","slug":"meubles-cottage","status":"publish","type":"page","link":"https:\/\/marcottestyle.com\/fr\/meubles-cottage\/","title":{"rendered":"Meubles cottage"},"content":{"rendered":"<p>Cela semble \u00e9vident, mais dans une maison l\u2019on doit se sentir comme chez soi et pourtant, cr\u00e9er une atmosph\u00e8re chaleureuse qui est souvent plus difficile que les gens ne le pensent. Un environnement serein o\u00f9 l&#8217;\u00e9nergie \u00e9clabousse encore est possible avec le style champ\u00eatre. Ce style est bas\u00e9 sur des fermes d&#8217;Angleterre du XIXe si\u00e8cle. De nos jours, le temps est compl\u00e8tement au rendez-vous, car le style offre un environnement d\u00e9tendu et agr\u00e9able.<\/p>\n<h3>La romance n&#8217;est jamais loin.<\/h3>\n<p>Contactez-nous sans engagement: Voir nos r\u00e9alisations<\/p>\n<h3>Meubles rurals avec style<\/h3>\n<p>Pour cr\u00e9er le style cottage, il est \u00e9galement n\u00e9cessaire de rendre l&#8217;int\u00e9rieur aussi parfait que possible. Le mobilier champ\u00eatre est id\u00e9al pour cela. Les id\u00e9es de Marcotte Style sont proches de la conception du style cottage. Avec certains gadgets plus modernes, un nouveau style est cr\u00e9\u00e9 l\u00e0 o\u00f9 l&#8217;ont aiment d&#8217;y demeurer.<\/p>\n<p>[seo-gallery type=&#8221;3-columns&#8221; taxonomy=&#8221;33&#8243; num=&#8221;4,11&#8243;]<\/p>\n<h3>Profiter de la vie:<\/h3>\n<p>Le mobilier cottage est le c\u0153ur de la maison. Ils donnent une direction \u00e0 un sentiment qui n&#8217;est souvent pas facile \u00e0 d\u00e9crire avec des mots, mais qui est certainement pr\u00e9sent. Le design, la classe et un design savoureux appartiennent \u00e0 quelqu&#8217;un avec un go\u00fbt raffin\u00e9. Peut-\u00eatre \u00eates-vous d\u00e9j\u00e0 convaincu de la combinaison de couleurs douces et de meubles \u00e9l\u00e9gants qui forment un ensemble si charmant.<\/p>\n<h3>La classe porte ses fruits.<\/h3>\n<p>Les meubles cottage sont le c\u0153ur de la maison. Ils donnent une direction \u00e0 un sentiment qui n&#8217;est souvent pas facile \u00e0 d\u00e9crire avec des mots, mais qui est certainement pr\u00e9sent. Le design, la classe et un design savoureux appartiennent \u00e0 quelqu&#8217;un avec un go\u00fbt raffin\u00e9. Peut-\u00eatre \u00eates-vous d\u00e9j\u00e0 convaincu de la combinaison de couleurs douces et de meubles \u00e9l\u00e9gants qui forment un ensemble si charmant.<\/p>\n<h3>La classe porte ses fruits.<\/h3>\n<p>Vous ne r\u00e9novez pas votre maison chaque semaine et il est important de lui accorder toute l&#8217;attention n\u00e9cessaire. Avec Marcotte Style, vous associez les meubles de style cottage au design moderne du reste de la maison ou de la pi\u00e8ce. Cela cr\u00e9e un tout qui vous rend heureux et, de plus, ne s&#8217;ennuie pas rapidement.<\/p>\n<h3>De nouvelles exp\u00e9riences<\/h3>\n<p>Les atmosph\u00e8res romantiques dans lesquelles vous vous d\u00e9placez maintenant avec le mobilier rural, vous invitent \u00e0 vivre les exp\u00e9riences les plus intenses. En famille, entre amis ou avec les voisins d&#8217;\u00e0 c\u00f4t\u00e9, vous vivrez les plus beaux moments dans un style rustique. Le mobilier de bon go\u00fbt est heureux d&#8217;y contribuer. Voulez-vous donner \u00e0 votre int\u00e9rieur un style champ\u00eatre?<\/p>\n<blockquote><p>Alors, comptez sur Marcotte Style pour trouver le mobilier cottage qui vous convient. Voir les meubles de style champ\u00eatre!<\/p><\/blockquote>\n<p>[seo-gallery type=&#8221;4-columns&#8221; taxonomy=&#8221;33&#8243; num=&#8221;4,11&#8243;]<\/p>\n","protected":false},"excerpt":{"rendered":"<p>Cela semble \u00e9vident, mais dans une maison l\u2019on doit se sentir comme chez soi et pourtant, cr\u00e9er une atmosph\u00e8re chaleureuse qui est souvent plus difficile&#8230;<\/p>\n","protected":false},"author":2,"featured_media":0,"parent":0,"menu_order":23,"comment_status":"closed","ping_status":"closed","template":"elementor_header_footer","meta":{"ngg_post_thumbnail":0,"footnotes":""},"class_list":["post-13769","page","type-page","status-publish","hentry"],"_links":{"self":[{"href":"https:\/\/marcottestyle.com\/fr\/wp-json\/wp\/v2\/pages\/13769","targetHints":{"allow":["GET"]}}],"collection":[{"href":"https:\/\/marcottestyle.com\/fr\/wp-json\/wp\/v2\/pages"}],"about":[{"href":"https:\/\/marcottestyle.com\/fr\/wp-json\/wp\/v2\/types\/page"}],"author":[{"embeddable":true,"href":"https:\/\/marcottestyle.com\/fr\/wp-json\/wp\/v2\/users\/2"}],"replies":[{"embeddable":true,"href":"https:\/\/marcottestyle.com\/fr\/wp-json\/wp\/v2\/comments?post=13769"}],"version-history":[{"count":3,"href":"https:\/\/marcottestyle.com\/fr\/wp-json\/wp\/v2\/pages\/13769\/revisions"}],"predecessor-version":[{"id":13772,"href":"https:\/\/marcottestyle.com\/fr\/wp-json\/wp\/v2\/pages\/13769\/revisions\/13772"}],"wp:attachment":[{"href":"https:\/\/marcottestyle.com\/fr\/wp-json\/wp\/v2\/media?parent=13769"}],"curies":[{"name":"wp","href":"https:\/\/api.w.org\/{rel}","templated":true}]}}