{"id":13784,"date":"2018-02-13T10:25:56","date_gmt":"2018-02-13T09:25:56","guid":{"rendered":"http:\/\/marcottestyle.com\/apartment-furnishings\/"},"modified":"2020-01-20T15:45:34","modified_gmt":"2020-01-20T14:45:34","slug":"ameublement-d-appartement","status":"publish","type":"page","link":"https:\/\/marcottestyle.com\/fr\/ameublement-d-appartement\/","title":{"rendered":"ameublement d&#8217;appartement"},"content":{"rendered":"<p>Marcotte Syle est un sp\u00e9cialiste de l&#8217;ameublement et cela comprend l&#8217;ameublement d&#8217;appartement. Pour chaque projet, nous v\u00e9rifions le budget du client et ce qui peut \u00eatre r\u00e9alis\u00e9 avec lui. Sur la base de notre dossier avec, entre autres, un cahier des charges d\u00e9taill\u00e9 et des plans CAO professionnels, nous r\u00e9alisons le design de r\u00eave de votre appartement ou penthouse. Tous les \u00e9l\u00e9ments du mobilier de votre appartement sont harmonis\u00e9s.<\/p>\n<p>[seo-gallery type = &#8220;3-columns&#8221; taxonomy = &#8220;109&#8221; num = &#8220;4.11&#8221;]<\/p>\n<h3>Appartement meubl\u00e9 et bien plus encore<\/h3>\n<p>En plus de notre expertise dans le domaine de l&#8217;ameublement de penthouse et d&#8217;appartement, nous vous donnons \u00e9galement des conseils de couleur gratuits. Vous trouverez certainement ce que vous cherchez dans notre large gamme de meubles et objets de d\u00e9coration. Parce que nous faisons tout en interne, nous sommes beaucoup moins chers que les magasins normaux. De plus, nous avons plus de 6000 m\u00e8tres carr\u00e9s de salles d&#8217;exposition. Vous pouvez \u00e9galement trouver la disposition de votre grand ou petit appartement ici! Marcotte Style peut prendre en charge la conception de votre appartement dans diff\u00e9rents styles.<\/p>\n<p>Tout au long de la r\u00e9alisation de votre projet, vous \u00eates toujours en contact avec la m\u00eame personne. De cette fa\u00e7on, nous pouvons garantir que votre projet se d\u00e9roulera presque toujours comme pr\u00e9vu. Vous souhaitez meubler un grand ou un petit appartement, avec Marcotte Style vous \u00eates s\u00fbr d&#8217;un r\u00e9sultat r\u00e9ussi.<br \/>\nJetez un \u0153il \u00e0 notre page &#8220;r\u00e9alisations&#8221;. Vous y trouverez de nombreux exemples de nos meubles d&#8217;appartement.<\/p>\n<p>N&#8217;h\u00e9sitez pas \u00e0 nous contacter pour une premi\u00e8re discussion gratuite!<\/p>\n<h3>La vie rurale en ville:<\/h3>\n<p>Marcottestyle a conquis une place importante dans la conception d&#8217;ameublement d&#8217;appartements. Quelque part on pourrait vivre cela de fa\u00e7on contradictoire, mais en ville on peut aussi bien vivre \u00e0 la campagne.<\/p>\n<p>[seo-gallery type=&#8221;3-columns&#8221; taxonomy=&#8221;109&#8243; num=&#8221;4,11&#8243;]<\/p>\n","protected":false},"excerpt":{"rendered":"<p>Marcotte Syle est un sp\u00e9cialiste de l&#8217;ameublement et cela comprend l&#8217;ameublement d&#8217;appartement. Pour chaque projet, nous v\u00e9rifions le budget du client et ce qui peut&#8230;<\/p>\n","protected":false},"author":2,"featured_media":0,"parent":0,"menu_order":32,"comment_status":"closed","ping_status":"closed","template":"elementor_header_footer","meta":{"ngg_post_thumbnail":0,"footnotes":""},"class_list":["post-13784","page","type-page","status-publish","hentry"],"_links":{"self":[{"href":"https:\/\/marcottestyle.com\/fr\/wp-json\/wp\/v2\/pages\/13784","targetHints":{"allow":["GET"]}}],"collection":[{"href":"https:\/\/marcottestyle.com\/fr\/wp-json\/wp\/v2\/pages"}],"about":[{"href":"https:\/\/marcottestyle.com\/fr\/wp-json\/wp\/v2\/types\/page"}],"author":[{"embeddable":true,"href":"https:\/\/marcottestyle.com\/fr\/wp-json\/wp\/v2\/users\/2"}],"replies":[{"embeddable":true,"href":"https:\/\/marcottestyle.com\/fr\/wp-json\/wp\/v2\/comments?post=13784"}],"version-history":[{"count":2,"href":"https:\/\/marcottestyle.com\/fr\/wp-json\/wp\/v2\/pages\/13784\/revisions"}],"predecessor-version":[{"id":13786,"href":"https:\/\/marcottestyle.com\/fr\/wp-json\/wp\/v2\/pages\/13784\/revisions\/13786"}],"wp:attachment":[{"href":"https:\/\/marcottestyle.com\/fr\/wp-json\/wp\/v2\/media?parent=13784"}],"curies":[{"name":"wp","href":"https:\/\/api.w.org\/{rel}","templated":true}]}}