{"id":13802,"date":"2018-02-13T10:33:42","date_gmt":"2018-02-13T09:33:42","guid":{"rendered":"http:\/\/marcottestyle.com\/interior-decoration\/"},"modified":"2025-02-12T21:26:15","modified_gmt":"2025-02-12T20:26:15","slug":"decoration-interieure","status":"publish","type":"page","link":"https:\/\/marcottestyle.com\/fr\/decoration-interieure\/","title":{"rendered":"Am\u00e9nagement int\u00e9rieur"},"content":{"rendered":"\t\t<div data-elementor-type=\"wp-page\" data-elementor-id=\"13802\" class=\"elementor elementor-13802 elementor-5417\" data-elementor-settings=\"{&quot;ha_cmc_init_switcher&quot;:&quot;no&quot;}\" data-elementor-post-type=\"page\">\n\t\t\t\t<div class=\"elementor-element elementor-element-c45cb55 e-flex e-con-boxed e-con e-parent\" data-id=\"c45cb55\" data-element_type=\"container\" data-e-type=\"container\" data-settings=\"{&quot;_ha_eqh_enable&quot;:false}\">\n\t\t\t\t\t<div class=\"e-con-inner\">\n\t\t\t\t<div class=\"elementor-element elementor-element-dfd01d1 elementor-widget elementor-widget-spacer\" data-id=\"dfd01d1\" data-element_type=\"widget\" data-e-type=\"widget\" data-widget_type=\"spacer.default\">\n\t\t\t\t<div class=\"elementor-widget-container\">\n\t\t\t\t\t\t\t<div class=\"elementor-spacer\">\n\t\t\t<div class=\"elementor-spacer-inner\"><\/div>\n\t\t<\/div>\n\t\t\t\t\t\t<\/div>\n\t\t\t\t<\/div>\n\t\t\t\t\t<\/div>\n\t\t\t\t<\/div>\n\t\t<div class=\"elementor-element elementor-element-c3d54c8 e-flex e-con-boxed e-con e-parent\" data-id=\"c3d54c8\" data-element_type=\"container\" data-e-type=\"container\" data-settings=\"{&quot;_ha_eqh_enable&quot;:false}\">\n\t\t\t\t\t<div class=\"e-con-inner\">\n\t\t\t\t<div class=\"elementor-element elementor-element-86dedbf elementor-align-left elementor-widget elementor-widget-etheme_advanced_headline\" data-id=\"86dedbf\" data-element_type=\"widget\" data-e-type=\"widget\" data-widget_type=\"etheme_advanced_headline.default\">\n\t\t\t\t<div class=\"elementor-widget-container\">\n\t\t\t\t\t        \n        <div class=\"etheme-a-h-wrapper\">\n        \n            \n\t\t\t\n        <h2 class=\"etheme-advanced-headline etheme-advanced-headline-mask\">\n\n            DESIGN D'INT\u00c9RIEUR\n        <\/h2>\n\t\t\n                    \n        <\/div>\n        \n\t\t\t\t\t\t<\/div>\n\t\t\t\t<\/div>\n\t\t\t\t\t<\/div>\n\t\t\t\t<\/div>\n\t\t<div class=\"elementor-element elementor-element-5df2420 e-flex e-con-boxed e-con e-parent\" data-id=\"5df2420\" data-element_type=\"container\" data-e-type=\"container\" data-settings=\"{&quot;_ha_eqh_enable&quot;:false}\">\n\t\t\t\t\t<div class=\"e-con-inner\">\n\t\t\t\t<div class=\"elementor-element elementor-element-bfd75c7 elementor-widget elementor-widget-text-editor\" data-id=\"bfd75c7\" data-element_type=\"widget\" data-e-type=\"widget\" data-widget_type=\"text-editor.default\">\n\t\t\t\t<div class=\"elementor-widget-container\">\n\t\t\t\t\t\t\t\t\t<p>Si vous venez d&#8217;acheter une nouvelle maison ou un nouvel appartement ou si vous \u00eates en train de r\u00e9nover votre ancienne maison, vous avez peut-\u00eatre besoin de services de d\u00e9coration d&#8217;int\u00e9rieur. Choisissez les architectes d&#8217;int\u00e9rieur de Marcotte Style et transformez votre nouvel int\u00e9rieur en une belle unit\u00e9. Chez nous, le design va plus loin que le simple changement de couleur d&#8217;une pi\u00e8ce. Toutes les pi\u00e8ces de la maison sont enti\u00e8rement coordonn\u00e9es sur la base du style, de la couleur et des mat\u00e9riaux. Vous avez une cuisine moderne, par exemple ? Dans ce cas, nous transposons ce style dans votre salon ou votre entr\u00e9e.     <\/p>\n<p><a href=\"https:\/\/marcottestyle.com\/contact\/\">Contactez-nous sans engagement<\/a><br \/><a href=\"https:\/\/marcottestyle.com\/portfolio\/\">Consultez nos r\u00e9alisations<\/a><\/p>\n\t\t\t\t\t\t\t\t<\/div>\n\t\t\t\t<\/div>\n\t\t\t\t\t<\/div>\n\t\t\t\t<\/div>\n\t\t<div class=\"elementor-element elementor-element-162b77b e-flex e-con-boxed e-con e-parent\" data-id=\"162b77b\" data-element_type=\"container\" data-e-type=\"container\" data-settings=\"{&quot;_ha_eqh_enable&quot;:false}\">\n\t\t\t\t\t<div class=\"e-con-inner\">\n\t\t\t\t<div class=\"elementor-element elementor-element-e0a0a10 elementor-align-left elementor-widget elementor-widget-etheme_advanced_headline\" data-id=\"e0a0a10\" data-element_type=\"widget\" data-e-type=\"widget\" data-widget_type=\"etheme_advanced_headline.default\">\n\t\t\t\t<div class=\"elementor-widget-container\">\n\t\t\t\t\t        \n        <div class=\"etheme-a-h-wrapper\">\n        \n            \n\t\t\t\n        <h2 class=\"etheme-advanced-headline etheme-advanced-headline-mask\">\n\n            L'am\u00e9nagement int\u00e9rieur avec une touche personnelle\n        <\/h2>\n\t\t\n                    \n        <\/div>\n        \n\t\t\t\t\t\t<\/div>\n\t\t\t\t<\/div>\n\t\t\t\t\t<\/div>\n\t\t\t\t<\/div>\n\t\t<div class=\"elementor-element elementor-element-380c96e e-flex e-con-boxed e-con e-parent\" data-id=\"380c96e\" data-element_type=\"container\" data-e-type=\"container\" data-settings=\"{&quot;_ha_eqh_enable&quot;:false}\">\n\t\t\t\t\t<div class=\"e-con-inner\">\n\t\t\t\t<div class=\"elementor-element elementor-element-534d8f8 elementor-widget elementor-widget-text-editor\" data-id=\"534d8f8\" data-element_type=\"widget\" data-e-type=\"widget\" data-widget_type=\"text-editor.default\">\n\t\t\t\t<div class=\"elementor-widget-container\">\n\t\t\t\t\t\t\t\t\t<p>Bien entendu, vous avez votre mot \u00e0 dire dans l&#8217;am\u00e9nagement int\u00e9rieur de votre maison. Notre principale pr\u00e9occupation est que vous vous sentiez \u00e0 l&#8217;aise dans votre maison : apr\u00e8s tout, vous devez y rester tous les jours. Notre m\u00e9thode de travail est simple. Tout d&#8217;abord, un architecte d&#8217;int\u00e9rieur de Marcotte Style discute calmement avec vous de vos souhaits et de vos id\u00e9es. Quel est le style actuel de la maison, quel style voulez-vous cr\u00e9er ? Bien entendu, nous y ajoutons nos propres connaissances et id\u00e9es. C&#8217;est ainsi que nous parvenons ensemble \u00e0 un bel int\u00e9rieur.      <\/p>\n\t\t\t\t\t\t\t\t<\/div>\n\t\t\t\t<\/div>\n\t\t\t\t\t<\/div>\n\t\t\t\t<\/div>\n\t\t<div class=\"elementor-element elementor-element-ac5ae96 e-flex e-con-boxed e-con e-parent\" data-id=\"ac5ae96\" data-element_type=\"container\" data-e-type=\"container\" data-settings=\"{&quot;_ha_eqh_enable&quot;:false}\">\n\t\t\t\t\t<div class=\"e-con-inner\">\n\t\t\t\t<div class=\"elementor-element elementor-element-5e347d5 elementor-widget elementor-widget-shortcode\" data-id=\"5e347d5\" data-element_type=\"widget\" data-e-type=\"widget\" data-widget_type=\"shortcode.default\">\n\t\t\t\t<div class=\"elementor-widget-container\">\n\t\t\t\t\t\t\t<div class=\"elementor-shortcode\">ngg_shortcode_0_placeholder<\/div>\n\t\t\t\t\t\t<\/div>\n\t\t\t\t<\/div>\n\t\t\t\t<div class=\"elementor-element elementor-element-df11e65 elementor-widget elementor-widget-spacer\" data-id=\"df11e65\" data-element_type=\"widget\" data-e-type=\"widget\" data-widget_type=\"spacer.default\">\n\t\t\t\t<div class=\"elementor-widget-container\">\n\t\t\t\t\t\t\t<div class=\"elementor-spacer\">\n\t\t\t<div class=\"elementor-spacer-inner\"><\/div>\n\t\t<\/div>\n\t\t\t\t\t\t<\/div>\n\t\t\t\t<\/div>\n\t\t\t\t\t<\/div>\n\t\t\t\t<\/div>\n\t\t<div class=\"elementor-element elementor-element-2684a10 e-flex e-con-boxed e-con e-parent\" data-id=\"2684a10\" data-element_type=\"container\" data-e-type=\"container\" data-settings=\"{&quot;_ha_eqh_enable&quot;:false}\">\n\t\t\t\t\t<div class=\"e-con-inner\">\n\t\t\t\t<div class=\"elementor-element elementor-element-b312bec elementor-widget elementor-widget-text-editor\" data-id=\"b312bec\" data-element_type=\"widget\" data-e-type=\"widget\" data-widget_type=\"text-editor.default\">\n\t\t\t\t<div class=\"elementor-widget-container\">\n\t\t\t\t\t\t\t\t\t<p>Outre la conception, nous pouvons \u00e9galement vous fournir une consultation gratuite sur les couleurs. Nous vous sugg\u00e9rons alors imm\u00e9diatement les meubles et mat\u00e9riaux d\u00e9coratifs assortis. Et comme nous gardons tout en interne et que nous n&#8217;avons pas de personnel de vente, vous achetez tout chez nous \u00e0 des prix inf\u00e9rieurs \u00e0 ceux pratiqu\u00e9s dans les magasins ordinaires. Nos salles d&#8217;exposition de plus de 6000 m2 sont \u00e0 votre disposition, de sorte que nous avons toujours l&#8217;int\u00e9rieur qu&#8217;il vous faut. Contactez bient\u00f4t l&#8217;architecte d&#8217;int\u00e9rieur de Marcotte Style.    <\/p>\n\t\t\t\t\t\t\t\t<\/div>\n\t\t\t\t<\/div>\n\t\t\t\t\t<\/div>\n\t\t\t\t<\/div>\n\t\t<div class=\"elementor-element elementor-element-a0c47bc e-flex e-con-boxed e-con e-parent\" data-id=\"a0c47bc\" data-element_type=\"container\" data-e-type=\"container\" data-settings=\"{&quot;_ha_eqh_enable&quot;:false}\">\n\t\t\t\t\t<div class=\"e-con-inner\">\n\t\t\t\t<div class=\"elementor-element elementor-element-1bc701c elementor-widget elementor-widget-shortcode\" data-id=\"1bc701c\" data-element_type=\"widget\" data-e-type=\"widget\" data-widget_type=\"shortcode.default\">\n\t\t\t\t<div class=\"elementor-widget-container\">\n\t\t\t\t\t\t\t<div class=\"elementor-shortcode\">ngg_shortcode_1_placeholder<\/div>\n\t\t\t\t\t\t<\/div>\n\t\t\t\t<\/div>\n\t\t\t\t<div class=\"elementor-element elementor-element-2c5e692 elementor-widget elementor-widget-spacer\" data-id=\"2c5e692\" data-element_type=\"widget\" data-e-type=\"widget\" data-widget_type=\"spacer.default\">\n\t\t\t\t<div class=\"elementor-widget-container\">\n\t\t\t\t\t\t\t<div class=\"elementor-spacer\">\n\t\t\t<div class=\"elementor-spacer-inner\"><\/div>\n\t\t<\/div>\n\t\t\t\t\t\t<\/div>\n\t\t\t\t<\/div>\n\t\t\t\t\t<\/div>\n\t\t\t\t<\/div>\n\t\t<div class=\"elementor-element elementor-element-a043b7b e-flex e-con-boxed e-con e-parent\" data-id=\"a043b7b\" data-element_type=\"container\" data-e-type=\"container\" data-settings=\"{&quot;_ha_eqh_enable&quot;:false}\">\n\t\t\t\t\t<div class=\"e-con-inner\">\n\t\t\t\t<div class=\"elementor-element elementor-element-843681d elementor-widget elementor-widget-text-editor\" data-id=\"843681d\" data-element_type=\"widget\" data-e-type=\"widget\" data-widget_type=\"text-editor.default\">\n\t\t\t\t<div class=\"elementor-widget-container\">\n\t\t\t\t\t\t\t\t\t<p>Faites-vous plaisir et optez pour un int\u00e9rieur sign\u00e9 Marcotte Style. <a href=\"https:\/\/marcottestyle.com\/portfolio\/\">D\u00e9couvrez quelques-unes de nos r\u00e9alisations<\/a> ou <a href=\"https:\/\/marcottestyle.com\/pers-en-tv\/\">consultez nos articles de presse<\/a>!<\/p>\n\t\t\t\t\t\t\t\t<\/div>\n\t\t\t\t<\/div>\n\t\t\t\t\t<\/div>\n\t\t\t\t<\/div>\n\t\t<div class=\"elementor-element elementor-element-eecc730 e-flex e-con-boxed e-con e-parent\" data-id=\"eecc730\" data-element_type=\"container\" data-e-type=\"container\" data-settings=\"{&quot;_ha_eqh_enable&quot;:false}\">\n\t\t\t\t\t<div class=\"e-con-inner\">\n\t\t\t\t<div class=\"elementor-element elementor-element-45ef488 elementor-widget elementor-widget-text-editor\" data-id=\"45ef488\" data-element_type=\"widget\" data-e-type=\"widget\" data-widget_type=\"text-editor.default\">\n\t\t\t\t<div class=\"elementor-widget-container\">\n\t\t\t\t\t\t\t\t\t<p>Vous voulez de l&#8217;unit\u00e9 dans votre maison ? Dans ce cas, optez pour la d\u00e9coration d&#8217;int\u00e9rieur de Marcotte Style pour donner \u00e0 votre maison une touche personnelle. <\/p>\n\t\t\t\t\t\t\t\t<\/div>\n\t\t\t\t<\/div>\n\t\t\t\t\t<\/div>\n\t\t\t\t<\/div>\n\t\t<div class=\"elementor-element elementor-element-52e2511 e-flex e-con-boxed e-con e-parent\" data-id=\"52e2511\" data-element_type=\"container\" data-e-type=\"container\" data-settings=\"{&quot;_ha_eqh_enable&quot;:false}\">\n\t\t\t\t\t<div class=\"e-con-inner\">\n\t\t\t\t<div class=\"elementor-element elementor-element-395a271 elementor-widget elementor-widget-spacer\" data-id=\"395a271\" data-element_type=\"widget\" data-e-type=\"widget\" data-widget_type=\"spacer.default\">\n\t\t\t\t<div class=\"elementor-widget-container\">\n\t\t\t\t\t\t\t<div class=\"elementor-spacer\">\n\t\t\t<div class=\"elementor-spacer-inner\"><\/div>\n\t\t<\/div>\n\t\t\t\t\t\t<\/div>\n\t\t\t\t<\/div>\n\t\t\t\t\t<\/div>\n\t\t\t\t<\/div>\n\t\t\t\t<\/div>\n\t\t","protected":false},"excerpt":{"rendered":"<p>DESIGN D&#8217;INT\u00c9RIEUR Si vous venez d&#8217;acheter une nouvelle maison ou un nouvel appartement ou si vous \u00eates en train de r\u00e9nover votre ancienne maison, vous&#8230;<\/p>\n","protected":false},"author":2,"featured_media":0,"parent":0,"menu_order":36,"comment_status":"closed","ping_status":"closed","template":"elementor_header_footer","meta":{"ngg_post_thumbnail":0,"footnotes":""},"class_list":["post-13802","page","type-page","status-publish","hentry"],"_links":{"self":[{"href":"https:\/\/marcottestyle.com\/fr\/wp-json\/wp\/v2\/pages\/13802","targetHints":{"allow":["GET"]}}],"collection":[{"href":"https:\/\/marcottestyle.com\/fr\/wp-json\/wp\/v2\/pages"}],"about":[{"href":"https:\/\/marcottestyle.com\/fr\/wp-json\/wp\/v2\/types\/page"}],"author":[{"embeddable":true,"href":"https:\/\/marcottestyle.com\/fr\/wp-json\/wp\/v2\/users\/2"}],"replies":[{"embeddable":true,"href":"https:\/\/marcottestyle.com\/fr\/wp-json\/wp\/v2\/comments?post=13802"}],"version-history":[{"count":3,"href":"https:\/\/marcottestyle.com\/fr\/wp-json\/wp\/v2\/pages\/13802\/revisions"}],"predecessor-version":[{"id":39416,"href":"https:\/\/marcottestyle.com\/fr\/wp-json\/wp\/v2\/pages\/13802\/revisions\/39416"}],"wp:attachment":[{"href":"https:\/\/marcottestyle.com\/fr\/wp-json\/wp\/v2\/media?parent=13802"}],"curies":[{"name":"wp","href":"https:\/\/api.w.org\/{rel}","templated":true}]}}