{"id":13832,"date":"2018-02-13T10:28:47","date_gmt":"2018-02-13T09:28:47","guid":{"rendered":"http:\/\/marcottestyle.com\/modern-kitchens-bedrooms-dining-rooms-and-bathrooms\/"},"modified":"2020-01-23T12:54:09","modified_gmt":"2020-01-23T11:54:09","slug":"cuisines-chambres-salles-a-manger-et-salles-de-bain-modernes","status":"publish","type":"page","link":"https:\/\/marcottestyle.com\/fr\/cuisines-chambres-salles-a-manger-et-salles-de-bain-modernes\/","title":{"rendered":"Cuisines, chambres, salles \u00e0 manger et salles de bain modernes"},"content":{"rendered":"\n\t\t<style type=\"text\/css\">\n\t\t\t#gallery-1 {\n\t\t\t\tmargin: auto;\n\t\t\t}\n\t\t\t#gallery-1 .gallery-item {\n\t\t\t\tfloat: left;\n\t\t\t\tmargin-top: 10px;\n\t\t\t\ttext-align: center;\n\t\t\t\twidth: 25%;\n\t\t\t}\n\t\t\t#gallery-1 img {\n\t\t\t\tborder: 2px solid #cfcfcf;\n\t\t\t}\n\t\t\t#gallery-1 .gallery-caption {\n\t\t\t\tmargin-left: 0;\n\t\t\t}\n\t\t\t\/* see gallery_shortcode() in wp-includes\/media.php *\/\n\t\t<\/style>\n\t\t<div id='gallery-1' class='gallery galleryid-13832 gallery-columns-4 gallery-size-thumbnail'><dl class='gallery-item'>\n\t\t\t<dt class='gallery-icon landscape'>\n\t\t\t\t<a href='https:\/\/marcottestyle.com\/fr\/espaces\/cuisine-design\/marcottestyle-moderne-keuken-wilrijk-a-2\/'><img decoding=\"async\" width=\"150\" height=\"150\" src=\"https:\/\/marcottestyle.com\/wp-content\/uploads\/xstore\/xstore-placeholder-1x1.png\" class=\"attachment-thumbnail size-thumbnail lazyload lazyload-simple et-lazyload-fadeIn\" alt=\"\" data-src=\"https:\/\/marcottestyle.com\/wp-content\/uploads\/2019\/07\/Marcottestyle-moderne-keuken-wilrijk-A-150x150.jpg\" title=\"\"><\/a>\n\t\t\t<\/dt><\/dl><dl class='gallery-item'>\n\t\t\t<dt class='gallery-icon landscape'>\n\t\t\t\t<a href='https:\/\/marcottestyle.com\/fr\/?attachment_id=10634'><img decoding=\"async\" width=\"150\" height=\"150\" src=\"https:\/\/marcottestyle.com\/wp-content\/uploads\/xstore\/xstore-placeholder-1x1.png\" class=\"attachment-thumbnail size-thumbnail lazyload lazyload-simple et-lazyload-fadeIn\" alt=\"\" data-src=\"https:\/\/marcottestyle.com\/wp-content\/uploads\/2019\/07\/Marcottestyle-modern-hal-wilrijk-2-150x150.jpg\" title=\"\"><\/a>\n\t\t\t<\/dt><\/dl><dl class='gallery-item'>\n\t\t\t<dt class='gallery-icon landscape'>\n\t\t\t\t<a href='https:\/\/marcottestyle.com\/fr\/marcottestyle-landelijke-villa-antwerpen-44-2\/'><img decoding=\"async\" width=\"150\" height=\"150\" src=\"https:\/\/marcottestyle.com\/wp-content\/uploads\/xstore\/xstore-placeholder-1x1.png\" class=\"attachment-thumbnail size-thumbnail lazyload lazyload-simple et-lazyload-fadeIn\" alt=\"\" data-src=\"https:\/\/marcottestyle.com\/wp-content\/uploads\/2018\/02\/Marcottestyle-landelijke-villa-antwerpen-44-150x150.jpg\" title=\"\"><\/a>\n\t\t\t<\/dt><\/dl><dl class='gallery-item'>\n\t\t\t<dt class='gallery-icon landscape'>\n\t\t\t\t<a href='https:\/\/marcottestyle.com\/fr\/?attachment_id=10958'><img loading=\"lazy\" decoding=\"async\" width=\"150\" height=\"150\" src=\"https:\/\/marcottestyle.com\/wp-content\/uploads\/xstore\/xstore-placeholder-1x1.png\" class=\"attachment-thumbnail size-thumbnail lazyload lazyload-simple et-lazyload-fadeIn\" alt=\"\" data-src=\"https:\/\/marcottestyle.com\/wp-content\/uploads\/2019\/07\/Marcottestyle-moderne-slaapkamer-ouders-wilrijk-12-150x150.jpg\" title=\"\"><\/a>\n\t\t\t<\/dt><\/dl><br style=\"clear: both\" \/><dl class='gallery-item'>\n\t\t\t<dt class='gallery-icon landscape'>\n\t\t\t\t<a href='https:\/\/marcottestyle.com\/fr\/?attachment_id=11725'><img loading=\"lazy\" decoding=\"async\" width=\"150\" height=\"150\" src=\"https:\/\/marcottestyle.com\/wp-content\/uploads\/xstore\/xstore-placeholder-1x1.png\" class=\"attachment-thumbnail size-thumbnail lazyload lazyload-simple et-lazyload-fadeIn\" alt=\"\" data-src=\"https:\/\/marcottestyle.com\/wp-content\/uploads\/2017\/07\/Marcottestyle-moderne-keuken-avenue-louise-5-150x150.jpg\" title=\"\"><\/a>\n\t\t\t<\/dt><\/dl><dl class='gallery-item'>\n\t\t\t<dt class='gallery-icon landscape'>\n\t\t\t\t<a href='https:\/\/marcottestyle.com\/fr\/cuisines-chambres-salles-a-manger-et-salles-de-bain-modernes\/marcottestyle-moderne-slaapkamer-1-2\/'><img loading=\"lazy\" decoding=\"async\" width=\"150\" height=\"150\" src=\"https:\/\/marcottestyle.com\/wp-content\/uploads\/xstore\/xstore-placeholder-1x1.png\" class=\"attachment-thumbnail size-thumbnail lazyload lazyload-simple et-lazyload-fadeIn\" alt=\"\" data-src=\"https:\/\/marcottestyle.com\/wp-content\/uploads\/2020\/01\/Marcottestyle-moderne-slaapkamer-1-150x150.jpg\" title=\"\"><\/a>\n\t\t\t<\/dt><\/dl><dl class='gallery-item'>\n\t\t\t<dt class='gallery-icon landscape'>\n\t\t\t\t<a href='https:\/\/marcottestyle.com\/fr\/marcottestyle-modern-3-2\/'><img loading=\"lazy\" decoding=\"async\" width=\"150\" height=\"150\" src=\"https:\/\/marcottestyle.com\/wp-content\/uploads\/xstore\/xstore-placeholder-1x1.png\" class=\"attachment-thumbnail size-thumbnail lazyload lazyload-simple et-lazyload-fadeIn\" alt=\"\" data-src=\"https:\/\/marcottestyle.com\/wp-content\/uploads\/2018\/02\/Marcottestyle-modern-3-150x150.jpg\" title=\"\"><\/a>\n\t\t\t<\/dt><\/dl><dl class='gallery-item'>\n\t\t\t<dt class='gallery-icon landscape'>\n\t\t\t\t<a href='https:\/\/marcottestyle.com\/fr\/marcottestyle-modern-4-2\/'><img loading=\"lazy\" decoding=\"async\" width=\"150\" height=\"150\" src=\"https:\/\/marcottestyle.com\/wp-content\/uploads\/xstore\/xstore-placeholder-1x1.png\" class=\"attachment-thumbnail size-thumbnail lazyload lazyload-simple et-lazyload-fadeIn\" alt=\"\" data-src=\"https:\/\/marcottestyle.com\/wp-content\/uploads\/2018\/02\/Marcottestyle-modern-4-150x150.jpg\" title=\"\"><\/a>\n\t\t\t<\/dt><\/dl><br style=\"clear: both\" \/>\n\t\t<\/div>\n\n<p>Dans les cuisines, salles de bain, salles \u00e0 manger, chambres ou autres espaces modernes, vous et vos invit\u00e9s vous sentirez imm\u00e9diatement chez vous dans l&#8217;atmosph\u00e8re d\u00e9tendue et apaisante qui caract\u00e9rise nos int\u00e9rieurs modernes con\u00e7us \u00e0 la perfection. Esth\u00e9tique, design intelligent, utilisation intelligente des espaces vont de pair avec l&#8217;\u00e9vocation de la bonne atmosph\u00e8re et de la sensation.<\/p>\n<h3>Cuisine moderne<\/h3>\n<p>De nos jours, une cuisine est bien plus qu&#8217;un espace fonctionnel pour cuisiner, c&#8217;est une cuisine confortable et dynamique dans laquelle on passe de plus en plus de temps. En bref, la cuisine moderne, souvent avec une salle \u00e0 manger int\u00e9gr\u00e9e, est une pi\u00e8ce centrale et importante dans une maison moderne qui m\u00e9rite certainement l&#8217;attention n\u00e9cessaire dans l&#8217;image globale de la conception int\u00e9rieure compl\u00e8te dans laquelle Marcotte Style se sp\u00e9cialise. Non seulement gr\u00e2ce au battage m\u00e9diatique de ces derni\u00e8res ann\u00e9es, la cuisine a subi une s\u00e9rieuse mise \u00e0 niveau au cours des derni\u00e8res d\u00e9cennies. \u00c0 juste titre, car celui qui veut investir dans une cuisine moderne, bien \u00e9quip\u00e9e et joliment d\u00e9cor\u00e9e en r\u00e9coltera les fruits. Quiconque opte pour un concept total de la vie moderne ne doit pas n\u00e9gliger la cuisine.<\/p>\n<p>[seo-gallery type=&#8221;3-columns&#8221; taxonomy=&#8221;39&#8243; num=&#8221;4,11&#8243;]<\/p>\n<h3>Salon et salle \u00e0 manger modernes<\/h3>\n<p>Pour des salles \u00e0 manger modernes ou des meubles pour salles \u00e0 manger modernes dans tous les styles possibles, il faut aller chez Marcotte Style. Une salle \u00e0 manger est une pi\u00e8ce de la maison qui ne doit pas \u00eatre sous-estim\u00e9e. Rien de plus agr\u00e9able que de d\u00e9guster un repas en famille, entre amis ou dans le cadre agr\u00e9able d&#8217;une belle salle \u00e0 manger. Il va sans dire qu&#8217;une table de salle \u00e0 manger &#8211; le meuble central de la salle \u00e0 manger &#8211; n&#8217;est pas seulement un achat impulsif. Il faut tenir compte de la taille, du reste de l&#8217;int\u00e9rieur, du nombre de personnes pouvant s&#8217;asseoir \u00e0 table, etc.<\/p>\n<p>Les experts en int\u00e9rieur de Marcotte Style en ont vraiment mang\u00e9. Ils peuvent m\u00eame faire des simulations 3D d\u00e9taill\u00e9es pour certains achats afin d&#8217;estimer \u00e0 l&#8217;avance comment la table s&#8217;int\u00e9grera dans votre int\u00e9rieur unique! Vous savez donc \u00e0 quoi ressemblera votre salle \u00e0 manger avec la nouvelle table Marcotte. Marcotte Style a des centaines de beaux sp\u00e9cimens dans sa collection. Parce que notre gamme est si vaste et polyvalente, il est presque impossible que vous trouviez la table parfaite avec nous.<\/p>\n<p>Il vaut la peine d&#8217;opter pour notre conception globale. Nos experts en int\u00e9rieur et notre \u00e9quipe de design d&#8217;int\u00e9rieur peuvent vous aider et vous guider tout au long du processus de cr\u00e9ation de la salle \u00e0 manger de vos r\u00eaves. Apr\u00e8s tout, une salle \u00e0 manger est bien plus qu&#8217;une somme de meubles.<\/p>\n<p>[seo-gallery type=&#8221;3-columns&#8221; taxonomy=&#8221;41&#8243; num=&#8221;4,11&#8243;]<\/p>\n<h3>Chambre moderne<\/h3>\n<p>Le style Marcotte, sp\u00e9cialis\u00e9 dans l&#8217;am\u00e9nagement int\u00e9rieur complet et partiel, peut \u00eatre tr\u00e8s important pour vous si vous souhaitez meubler une chambre moderne. Une chambre demande un design \u00e9quilibr\u00e9 et harmonieux avec des couleurs judicieusement choisies pour que vous puissiez vous d\u00e9tendre compl\u00e8tement dans une pi\u00e8ce o\u00f9 vous passerez bient\u00f4t 8 heures par jour. Nos architectes d&#8217;int\u00e9rieur n&#8217;ont pas \u00e0 se soucier de concevoir du jour au lendemain. Nos sp\u00e9cialistes de l&#8217;int\u00e9rieur mod\u00e9lisent la chambre de vos r\u00eaves en utilisant les techniques les plus modernes. Gr\u00e2ce \u00e0 notre propre collection de meubles, nous pouvons vous garantir les meubles les plus divers et exclusifs. N&#8217;oubliez pas de consulter notre salle d&#8217;exposition et notre boutique en ligne sur le site Web! De plus, Marcotte Style fournit tous les \u00e9chantillons de couleurs possibles, des dimensions personnalis\u00e9es parfaites et tout ce qui est soigneusement dessin\u00e9 dans des plans avec une technologie d&#8217;int\u00e9gration 3D incroyablement pr\u00e9cise. L&#8217;architecte d&#8217;int\u00e9rieur Jean-Jacques Soenen propose un int\u00e9rieur de chambre extr\u00eamement \u00e9l\u00e9gant qui r\u00e9pond \u00e0 toutes les exigences.<\/p>\n<p>[seo-gallery type=&#8221;3-columns&#8221; taxonomy=&#8221;40&#8243; num=&#8221;4,11&#8243;]<\/p>\n<p>Convainquez-vous et choisissez les cuisines modernes de Marcotte Style.<br \/>\nConsultez certaines <a href=\"https:\/\/marcottestyle.com\/fr\/portfolio\/\"><strong>de nos r\u00e9alisations<\/strong><\/a> ou consultez nos <a href=\"https:\/\/marcottestyle.com\/fr\/presse-et-tv\/\"><strong>articles de presse!<\/strong><\/a><\/p>\n<blockquote><p>Vous recherchez des cuisines modernes? Laissez Marcotte Style concevoir votre cuisine moderne. Des cuisines modernes de qualit\u00e9 sup\u00e9rieure!<\/p><\/blockquote>\n","protected":false},"excerpt":{"rendered":"<p>Dans les cuisines, salles de bain, salles \u00e0 manger, chambres ou autres espaces modernes, vous et vos invit\u00e9s vous sentirez imm\u00e9diatement chez vous dans l&#8217;atmosph\u00e8re&#8230;<\/p>\n","protected":false},"author":2,"featured_media":0,"parent":0,"menu_order":33,"comment_status":"closed","ping_status":"closed","template":"elementor_header_footer","meta":{"ngg_post_thumbnail":0,"footnotes":""},"class_list":["post-13832","page","type-page","status-publish","hentry"],"_links":{"self":[{"href":"https:\/\/marcottestyle.com\/fr\/wp-json\/wp\/v2\/pages\/13832","targetHints":{"allow":["GET"]}}],"collection":[{"href":"https:\/\/marcottestyle.com\/fr\/wp-json\/wp\/v2\/pages"}],"about":[{"href":"https:\/\/marcottestyle.com\/fr\/wp-json\/wp\/v2\/types\/page"}],"author":[{"embeddable":true,"href":"https:\/\/marcottestyle.com\/fr\/wp-json\/wp\/v2\/users\/2"}],"replies":[{"embeddable":true,"href":"https:\/\/marcottestyle.com\/fr\/wp-json\/wp\/v2\/comments?post=13832"}],"version-history":[{"count":2,"href":"https:\/\/marcottestyle.com\/fr\/wp-json\/wp\/v2\/pages\/13832\/revisions"}],"predecessor-version":[{"id":13834,"href":"https:\/\/marcottestyle.com\/fr\/wp-json\/wp\/v2\/pages\/13832\/revisions\/13834"}],"wp:attachment":[{"href":"https:\/\/marcottestyle.com\/fr\/wp-json\/wp\/v2\/media?parent=13832"}],"curies":[{"name":"wp","href":"https:\/\/api.w.org\/{rel}","templated":true}]}}