{"id":13843,"date":"2018-02-13T10:40:30","date_gmt":"2018-02-13T09:40:30","guid":{"rendered":"http:\/\/marcottestyle.com\/?page_id=13843"},"modified":"2020-01-23T19:08:45","modified_gmt":"2020-01-23T18:08:45","slug":"cuisines-style-cottage","status":"publish","type":"page","link":"https:\/\/marcottestyle.com\/fr\/cuisines-style-cottage\/","title":{"rendered":"cuisines style cottage,"},"content":{"rendered":"<p>Ceux qui recherchent des cuisines de chalet, \u00e9galement connues sous le nom de<strong> cuisines de style cottage<\/strong>, sont invit\u00e9s \u00e0 faire concevoir leur cuisine par Marcotte Style. L\u00e0, vous pouvez choisir parmi une large gamme de cuisines de style cottage enti\u00e8rement con\u00e7ues \u00e0 votre go\u00fbt. Voulez-vous un \u00e9vier en granit ou un comptoir extra \u00e9pais? Chez Marcotte Style, vous avez l&#8217;embarras du choix. Avec une cuisine cottage de Marcotte Style, vous donnez \u00e0 votre maison le look rural chaleureux que vous recherchez depuis des lustres. De plus, nous nous assurons \u00e9galement que votre cuisine de style chalet correspond parfaitement au reste de votre int\u00e9rieur. Marcotte Style est le bon endroit pour une cuisine rustique.<\/p>\n<h3>Cuisines de campagne et de style cottage pour un look champ\u00eatre<\/h3>\n<p>Les designers de Marcotte Style font plus que livrer des cuisines dans un style cottage. Ils s&#8217;assurent que votre cuisine s&#8217;int\u00e8gre parfaitement avec le reste de votre int\u00e9rieur, donc des cuisines de campagne compl\u00e8tes et sur mesure. De cette fa\u00e7on, vous pouvez \u00eatre s\u00fbr que toute votre maison a le m\u00eame style campagnard. Avec les cuisines de Marcotte Style, votre cuisine sera le point de mire de votre maison. De plus, il est enti\u00e8rement personnalis\u00e9 dans les moindres d\u00e9tails selon vos pr\u00e9f\u00e9rences et vos go\u00fbts.<\/p>\n<h3>Cuisines style campagnard<\/h3>\n<p>Des machines de haute technologie et des programmes contr\u00f4l\u00e9s par ordinateur garantissent que nous vous fournissons les conceptions les plus attrayantes pour les cuisines nationales personnalis\u00e9es. De plus, \u00e0 l&#8217;aide de photos de tous les produits s\u00e9lectionn\u00e9s et de la visualisation 3D, vous pouvez voir \u00e0 l&#8217;avance \u00e0 quoi ressemblera votre cuisine de campagne. Optez pour l&#8217;une des cuisines de chalet de Marcotte Style. Ensuite, vous savez avec certitude que le design de votre cuisine s&#8217;int\u00e8gre parfaitement avec le reste de votre maison.<\/p>\n<p>[seo-gallery type=&#8221;3-columns&#8221; taxonomy=&#8221;32&#8243; num=&#8221;4,11&#8243;]<\/p>\n<p>Faites-vous plaisir et choisissez une cuisine rustique de Marcotte Style. Consultez certaines de nos r\u00e9alisations ou consultez nos <a href=\"https:\/\/marcottestyle.com\/fr\/presse-et-tv\/\"><strong>articles de presse!<\/strong><\/a><\/p>\n<blockquote><p>Vous cherchez des cuisines style cottage? Marcotte Style propose une large gamme de cuisines de chalets enti\u00e8rement personnalis\u00e9es.<\/p><\/blockquote>\n","protected":false},"excerpt":{"rendered":"<p>Ceux qui recherchent des cuisines de chalet, \u00e9galement connues sous le nom de cuisines de style cottage, sont invit\u00e9s \u00e0 faire concevoir leur cuisine par&#8230;<\/p>\n","protected":false},"author":2,"featured_media":0,"parent":0,"menu_order":38,"comment_status":"closed","ping_status":"closed","template":"elementor_header_footer","meta":{"ngg_post_thumbnail":0,"footnotes":""},"class_list":["post-13843","page","type-page","status-publish","hentry"],"_links":{"self":[{"href":"https:\/\/marcottestyle.com\/fr\/wp-json\/wp\/v2\/pages\/13843","targetHints":{"allow":["GET"]}}],"collection":[{"href":"https:\/\/marcottestyle.com\/fr\/wp-json\/wp\/v2\/pages"}],"about":[{"href":"https:\/\/marcottestyle.com\/fr\/wp-json\/wp\/v2\/types\/page"}],"author":[{"embeddable":true,"href":"https:\/\/marcottestyle.com\/fr\/wp-json\/wp\/v2\/users\/2"}],"replies":[{"embeddable":true,"href":"https:\/\/marcottestyle.com\/fr\/wp-json\/wp\/v2\/comments?post=13843"}],"version-history":[{"count":3,"href":"https:\/\/marcottestyle.com\/fr\/wp-json\/wp\/v2\/pages\/13843\/revisions"}],"predecessor-version":[{"id":13846,"href":"https:\/\/marcottestyle.com\/fr\/wp-json\/wp\/v2\/pages\/13843\/revisions\/13846"}],"wp:attachment":[{"href":"https:\/\/marcottestyle.com\/fr\/wp-json\/wp\/v2\/media?parent=13843"}],"curies":[{"name":"wp","href":"https:\/\/api.w.org\/{rel}","templated":true}]}}