{"id":39850,"date":"2024-08-16T15:21:39","date_gmt":"2024-08-16T13:21:39","guid":{"rendered":"http:\/\/marcottestyle.com\/style-classique-realisations\/"},"modified":"2024-09-28T18:22:14","modified_gmt":"2024-09-28T16:22:14","slug":"style-classique-realisations","status":"publish","type":"page","link":"https:\/\/marcottestyle.com\/fr\/style-classique-realisations\/","title":{"rendered":"Style classique &#8211; R\u00e9alisations"},"content":{"rendered":"\t\t<div data-elementor-type=\"wp-page\" data-elementor-id=\"39850\" class=\"elementor elementor-39850 elementor-17717\" data-elementor-settings=\"{&quot;ha_cmc_init_switcher&quot;:&quot;no&quot;}\" data-elementor-post-type=\"page\">\n\t\t\t\t<div class=\"elementor-element elementor-element-ba85826 e-flex e-con-boxed e-con e-parent\" data-id=\"ba85826\" data-element_type=\"container\" data-e-type=\"container\" data-settings=\"{&quot;_ha_eqh_enable&quot;:false}\">\n\t\t\t\t\t<div class=\"e-con-inner\">\n\t\t\t\t<div class=\"elementor-element elementor-element-6566e23 elementor-widget elementor-widget-spacer\" data-id=\"6566e23\" data-element_type=\"widget\" data-e-type=\"widget\" data-widget_type=\"spacer.default\">\n\t\t\t\t<div class=\"elementor-widget-container\">\n\t\t\t\t\t\t\t<div class=\"elementor-spacer\">\n\t\t\t<div class=\"elementor-spacer-inner\"><\/div>\n\t\t<\/div>\n\t\t\t\t\t\t<\/div>\n\t\t\t\t<\/div>\n\t\t\t\t<div class=\"elementor-element elementor-element-62f2c57 elementor-widget elementor-widget-heading\" data-id=\"62f2c57\" data-element_type=\"widget\" data-e-type=\"widget\" data-widget_type=\"heading.default\">\n\t\t\t\t<div class=\"elementor-widget-container\">\n\t\t\t\t\t<h2 class=\"elementor-heading-title elementor-size-default\">Style classique<\/h2>\t\t\t\t<\/div>\n\t\t\t\t<\/div>\n\t\t\t\t<div class=\"elementor-element elementor-element-76ac94e elementor-widget elementor-widget-spacer\" data-id=\"76ac94e\" data-element_type=\"widget\" data-e-type=\"widget\" data-widget_type=\"spacer.default\">\n\t\t\t\t<div class=\"elementor-widget-container\">\n\t\t\t\t\t\t\t<div class=\"elementor-spacer\">\n\t\t\t<div class=\"elementor-spacer-inner\"><\/div>\n\t\t<\/div>\n\t\t\t\t\t\t<\/div>\n\t\t\t\t<\/div>\n\t\t\t\t<div class=\"elementor-element elementor-element-8898993 elementor-widget elementor-widget-etheme_posts_chess\" data-id=\"8898993\" data-element_type=\"widget\" data-e-type=\"widget\" data-settings=\"{&quot;navigation&quot;:&quot;pagination&quot;,&quot;posts_per_page&quot;:8,&quot;rows_gap&quot;:{&quot;unit&quot;:&quot;px&quot;,&quot;size&quot;:25,&quot;sizes&quot;:[]},&quot;query_type&quot;:&quot;categories&quot;,&quot;cols_gap&quot;:{&quot;unit&quot;:&quot;px&quot;,&quot;size&quot;:&quot;&quot;,&quot;sizes&quot;:[]},&quot;cols_gap_tablet&quot;:{&quot;unit&quot;:&quot;px&quot;,&quot;size&quot;:&quot;&quot;,&quot;sizes&quot;:[]},&quot;cols_gap_mobile&quot;:{&quot;unit&quot;:&quot;px&quot;,&quot;size&quot;:&quot;&quot;,&quot;sizes&quot;:[]},&quot;rows_gap_tablet&quot;:{&quot;unit&quot;:&quot;px&quot;,&quot;size&quot;:&quot;&quot;,&quot;sizes&quot;:[]},&quot;rows_gap_mobile&quot;:{&quot;unit&quot;:&quot;px&quot;,&quot;size&quot;:&quot;&quot;,&quot;sizes&quot;:[]}}\" data-widget_type=\"etheme_posts_chess.default\">\n\t\t\t\t<div class=\"elementor-widget-container\">\n\t\t\t\t\t            <div class=\"etheme-posts-wrapper etheme-posts-wrapper-list etheme-grid\">\n                \t\t<article class=\"etheme-post post-39754 post type-post status-publish format-gallery has-post-thumbnail hentry category-style-classique post_format-post-format-gallery\">\n\t\t            <div class=\"etheme-post-image-wrapper etheme-post-image-chess etheme-image-hover etheme-image-hover-scaleIn\">\n                <div class=\"etheme-post-image-inner\">\n\t                <img fetchpriority=\"high\" decoding=\"async\" width=\"1920\" height=\"1280\" src=\"https:\/\/marcottestyle.com\/wp-content\/uploads\/xstore\/xstore-placeholder.png\" class=\"attachment-full size-full wp-image-4945 lazyload lazyload-simple et-lazyload-fadeIn\" alt=\"\" sizes=\"(max-width: 1920px) 100vw, 1920px\" data-src=\"https:\/\/marcottestyle.com\/wp-content\/uploads\/2018\/02\/Marcottestyle-brussel-ambassadeur-woning-A.jpg\" data-srcset=\"https:\/\/marcottestyle.com\/wp-content\/uploads\/2018\/02\/Marcottestyle-brussel-ambassadeur-woning-A.jpg 1920w, https:\/\/marcottestyle.com\/wp-content\/uploads\/2018\/02\/Marcottestyle-brussel-ambassadeur-woning-A-300x200.jpg 300w, https:\/\/marcottestyle.com\/wp-content\/uploads\/2018\/02\/Marcottestyle-brussel-ambassadeur-woning-A-768x512.jpg 768w, https:\/\/marcottestyle.com\/wp-content\/uploads\/2018\/02\/Marcottestyle-brussel-ambassadeur-woning-A-1024x683.jpg 1024w, https:\/\/marcottestyle.com\/wp-content\/uploads\/2018\/02\/Marcottestyle-brussel-ambassadeur-woning-A-1280x853.jpg 1280w\" title=\"\">                <\/div>\n                            <\/div>\n                        <div class=\"etheme-post-content \">\n\t\t\t\t<span class=\"etheme-post-terms etheme-post-categories\"><a href=\"https:\/\/marcottestyle.com\/fr\/category\/style-classique\/\">Style classique<\/a><\/span><h3 class=\"etheme-post-title\"><a href=\"https:\/\/marcottestyle.com\/fr\/residence-de-lambassadeur-a-bruxelles\/\">R\u00e9sidence de l&#8217;ambassadeur \u00e0 Bruxelles<\/a><\/h3><div class=\"etheme-post-excerpt\">&nbsp;Dans cette maison d&#8217;ambassadeur, on ressent imm\u00e9diatement la combinaison \u00e9l\u00e9gante entre un arri\u00e8re-plan r\u00e9tro ou classique et des \u00e9l\u00e9ments modernes et frais qui apparaissent sporadiquement....<\/div><a class=\"etheme-post-button\" href=\"https:\/\/marcottestyle.com\/fr\/residence-de-lambassadeur-a-bruxelles\/\"><span class=\"button-text\">En savoir plus<\/span><svg xmlns=\"http:\/\/www.w3.org\/2000\/svg\" width=\"1em\" height=\"1em\" viewBox=\"0 0 24 24\" fill=\"currentColor\"><path d=\"M23.928 11.832c-0.048-0.12-0.12-0.216-0.168-0.264l-7.776-8.16c-0.12-0.144-0.288-0.216-0.48-0.24-0.168 0-0.36 0.048-0.48 0.168-0.288 0.24-0.312 0.672-0.048 0.984l6.648 6.984h-20.904c-0.384 0-0.696 0.312-0.696 0.696s0.312 0.672 0.696 0.672h20.904l-6.624 7.008c-0.12 0.144-0.192 0.312-0.168 0.48 0 0.192 0.096 0.36 0.216 0.48 0.12 0.144 0.312 0.216 0.48 0.216 0.144 0 0.312-0.048 0.48-0.192l7.776-8.16c0 0 0.168-0.264 0.168-0.336 0.024-0.12 0.024-0.216-0.024-0.336z\"><\/path><\/svg><\/a>\t\t<div class=\"etheme-post-meta-data\">\n\t\t\t\t\t\t<span class=\"etheme-post-date\">\n\t\t<a href=\"https:\/\/marcottestyle.com\/fr\/2018\/02\/\"><svg version=\"1.1\" xmlns=\"http:\/\/www.w3.org\/2000\/svg\" width=\"1em\" height=\"1em\" viewBox=\"0 0 24 24\">\n<path d=\"M22.56 1.68h-2.568v-1.032c0-0.264-0.24-0.576-0.576-0.576h-2.76c-0.264 0-0.576 0.24-0.576 0.576v1.032h-8.28v-1.032c0-0.264-0.24-0.576-0.576-0.576h-2.712c-0.264 0-0.576 0.24-0.576 0.576v1.032h-2.496c-0.264 0-0.552 0.24-0.552 0.576v21.096c0 0.264 0.24 0.576 0.576 0.576h21.096c0.264 0 0.576-0.24 0.576-0.576v-21.12c-0.024-0.312-0.264-0.552-0.576-0.552zM22.032 7.080v15.72h-20.016v-15.72h20.016zM5.136 3.24v-2.040h1.632v2.064h-1.632zM17.232 3.24v-2.040h1.632v2.064h-1.632zM4.608 4.392h2.76c0.264 0 0.576-0.24 0.576-0.576v-1.032h8.256v1.032c0 0.264 0.24 0.576 0.576 0.576h2.736c0.264 0 0.576-0.24 0.576-0.576v-1.032h1.992v3.216h-20.064v-3.216h2.040v1.032c-0.024 0.264 0.216 0.576 0.552 0.576zM19.584 9.096h-15.168v11.664h15.192v-11.664zM18.48 17.232v2.424h-2.424v-2.424h2.424zM18.48 13.704v2.448h-2.424v-2.448h2.424zM18.48 10.176v2.448h-2.424v-2.448h2.424zM14.976 17.232v2.424h-2.4v-2.424h2.4zM14.976 13.704v2.448h-2.4v-2.448h2.4zM14.976 10.176v2.448h-2.4v-2.448h2.4zM9.024 12.624v-2.448h2.424v2.448h-2.424zM9.024 16.152v-2.448h2.424v2.448h-2.424zM11.448 17.232v2.424h-2.424v-2.424h2.424zM7.92 17.232v2.424h-2.424v-2.424h2.424zM7.944 13.704v2.448h-2.424v-2.448h2.424zM7.944 10.176v2.448h-2.424v-2.448h2.424z\"><\/path>\n<\/svg> 6 February 2018<\/a>\t\t\t<\/span>\n\t\t\t\t<\/div>\n\t\t            <\/div>\n\t\t\t\t<\/article>\n\t\t\t\t<article class=\"etheme-post post-39745 post type-post status-publish format-gallery has-post-thumbnail hentry category-style-classique post_format-post-format-gallery\">\n\t\t            <div class=\"etheme-post-image-wrapper etheme-post-image-chess etheme-image-hover etheme-image-hover-scaleIn\">\n                <div class=\"etheme-post-image-inner\">\n\t                <img decoding=\"async\" width=\"1920\" height=\"1280\" src=\"https:\/\/marcottestyle.com\/wp-content\/uploads\/xstore\/xstore-placeholder.png\" class=\"attachment-full size-full wp-image-4972 lazyload lazyload-simple et-lazyload-fadeIn\" alt=\"\" sizes=\"(max-width: 1920px) 100vw, 1920px\" data-src=\"https:\/\/marcottestyle.com\/wp-content\/uploads\/2018\/02\/Marcottestyle-klassieke-kasteelvilla-2-1.jpg\" data-srcset=\"https:\/\/marcottestyle.com\/wp-content\/uploads\/2018\/02\/Marcottestyle-klassieke-kasteelvilla-2-1.jpg 1920w, https:\/\/marcottestyle.com\/wp-content\/uploads\/2018\/02\/Marcottestyle-klassieke-kasteelvilla-2-1-300x200.jpg 300w, https:\/\/marcottestyle.com\/wp-content\/uploads\/2018\/02\/Marcottestyle-klassieke-kasteelvilla-2-1-768x512.jpg 768w, https:\/\/marcottestyle.com\/wp-content\/uploads\/2018\/02\/Marcottestyle-klassieke-kasteelvilla-2-1-1024x683.jpg 1024w, https:\/\/marcottestyle.com\/wp-content\/uploads\/2018\/02\/Marcottestyle-klassieke-kasteelvilla-2-1-1280x853.jpg 1280w\" title=\"\">                <\/div>\n                            <\/div>\n                        <div class=\"etheme-post-content \">\n\t\t\t\t<span class=\"etheme-post-terms etheme-post-categories\"><a href=\"https:\/\/marcottestyle.com\/fr\/category\/style-classique\/\">Style classique<\/a><\/span><h3 class=\"etheme-post-title\"><a href=\"https:\/\/marcottestyle.com\/fr\/villa-chateau-oudenaarde\/\">villa ch\u00e2teau Oudenaarde<\/a><\/h3><div class=\"etheme-post-excerpt\">&nbsp;Gr\u00e2ce \u00e0 une repr\u00e9sentation en 3D, l&#8217;occupant de cette monumentale villa de ch\u00e2teau classique a pu imm\u00e9diatement se faire une id\u00e9e du nouveau look propos\u00e9...<\/div><a class=\"etheme-post-button\" href=\"https:\/\/marcottestyle.com\/fr\/villa-chateau-oudenaarde\/\"><span class=\"button-text\">En savoir plus<\/span><svg xmlns=\"http:\/\/www.w3.org\/2000\/svg\" width=\"1em\" height=\"1em\" viewBox=\"0 0 24 24\" fill=\"currentColor\"><path d=\"M23.928 11.832c-0.048-0.12-0.12-0.216-0.168-0.264l-7.776-8.16c-0.12-0.144-0.288-0.216-0.48-0.24-0.168 0-0.36 0.048-0.48 0.168-0.288 0.24-0.312 0.672-0.048 0.984l6.648 6.984h-20.904c-0.384 0-0.696 0.312-0.696 0.696s0.312 0.672 0.696 0.672h20.904l-6.624 7.008c-0.12 0.144-0.192 0.312-0.168 0.48 0 0.192 0.096 0.36 0.216 0.48 0.12 0.144 0.312 0.216 0.48 0.216 0.144 0 0.312-0.048 0.48-0.192l7.776-8.16c0 0 0.168-0.264 0.168-0.336 0.024-0.12 0.024-0.216-0.024-0.336z\"><\/path><\/svg><\/a>\t\t<div class=\"etheme-post-meta-data\">\n\t\t\t\t\t\t<span class=\"etheme-post-date\">\n\t\t<a href=\"https:\/\/marcottestyle.com\/fr\/2018\/02\/\"><svg version=\"1.1\" xmlns=\"http:\/\/www.w3.org\/2000\/svg\" width=\"1em\" height=\"1em\" viewBox=\"0 0 24 24\">\n<path d=\"M22.56 1.68h-2.568v-1.032c0-0.264-0.24-0.576-0.576-0.576h-2.76c-0.264 0-0.576 0.24-0.576 0.576v1.032h-8.28v-1.032c0-0.264-0.24-0.576-0.576-0.576h-2.712c-0.264 0-0.576 0.24-0.576 0.576v1.032h-2.496c-0.264 0-0.552 0.24-0.552 0.576v21.096c0 0.264 0.24 0.576 0.576 0.576h21.096c0.264 0 0.576-0.24 0.576-0.576v-21.12c-0.024-0.312-0.264-0.552-0.576-0.552zM22.032 7.080v15.72h-20.016v-15.72h20.016zM5.136 3.24v-2.040h1.632v2.064h-1.632zM17.232 3.24v-2.040h1.632v2.064h-1.632zM4.608 4.392h2.76c0.264 0 0.576-0.24 0.576-0.576v-1.032h8.256v1.032c0 0.264 0.24 0.576 0.576 0.576h2.736c0.264 0 0.576-0.24 0.576-0.576v-1.032h1.992v3.216h-20.064v-3.216h2.040v1.032c-0.024 0.264 0.216 0.576 0.552 0.576zM19.584 9.096h-15.168v11.664h15.192v-11.664zM18.48 17.232v2.424h-2.424v-2.424h2.424zM18.48 13.704v2.448h-2.424v-2.448h2.424zM18.48 10.176v2.448h-2.424v-2.448h2.424zM14.976 17.232v2.424h-2.4v-2.424h2.4zM14.976 13.704v2.448h-2.4v-2.448h2.4zM14.976 10.176v2.448h-2.4v-2.448h2.4zM9.024 12.624v-2.448h2.424v2.448h-2.424zM9.024 16.152v-2.448h2.424v2.448h-2.424zM11.448 17.232v2.424h-2.424v-2.424h2.424zM7.92 17.232v2.424h-2.424v-2.424h2.424zM7.944 13.704v2.448h-2.424v-2.448h2.424zM7.944 10.176v2.448h-2.424v-2.448h2.424z\"><\/path>\n<\/svg> 6 February 2018<\/a>\t\t\t<\/span>\n\t\t\t\t<\/div>\n\t\t            <\/div>\n\t\t\t\t<\/article>\n\t\t            <\/div>\n\t\t\t\t\t\t\t<\/div>\n\t\t\t\t<\/div>\n\t\t\t\t\t<\/div>\n\t\t\t\t<\/div>\n\t\t\t\t<\/div>\n\t\t","protected":false},"excerpt":{"rendered":"<p>Style classique Klassischer Stil Residenz des Botschafters Br\u00fcssel &nbsp;In diesem Ambassador-Haus sp\u00fcrt man sofort die stilvolle Kombination aus Retro- oder klassischem Hintergrund und einigen frischen&#8230;<\/p>\n","protected":false},"author":2,"featured_media":0,"parent":0,"menu_order":0,"comment_status":"closed","ping_status":"closed","template":"elementor_header_footer","meta":{"ngg_post_thumbnail":0,"footnotes":""},"class_list":["post-39850","page","type-page","status-publish","hentry"],"_links":{"self":[{"href":"https:\/\/marcottestyle.com\/fr\/wp-json\/wp\/v2\/pages\/39850","targetHints":{"allow":["GET"]}}],"collection":[{"href":"https:\/\/marcottestyle.com\/fr\/wp-json\/wp\/v2\/pages"}],"about":[{"href":"https:\/\/marcottestyle.com\/fr\/wp-json\/wp\/v2\/types\/page"}],"author":[{"embeddable":true,"href":"https:\/\/marcottestyle.com\/fr\/wp-json\/wp\/v2\/users\/2"}],"replies":[{"embeddable":true,"href":"https:\/\/marcottestyle.com\/fr\/wp-json\/wp\/v2\/comments?post=39850"}],"version-history":[{"count":1,"href":"https:\/\/marcottestyle.com\/fr\/wp-json\/wp\/v2\/pages\/39850\/revisions"}],"predecessor-version":[{"id":39851,"href":"https:\/\/marcottestyle.com\/fr\/wp-json\/wp\/v2\/pages\/39850\/revisions\/39851"}],"wp:attachment":[{"href":"https:\/\/marcottestyle.com\/fr\/wp-json\/wp\/v2\/media?parent=39850"}],"curies":[{"name":"wp","href":"https:\/\/api.w.org\/{rel}","templated":true}]}}