{"id":39857,"date":"2018-03-02T12:52:04","date_gmt":"2018-03-02T11:52:04","guid":{"rendered":"http:\/\/marcottestyle.com\/architecte-dinterieur-veurne\/"},"modified":"2018-03-02T12:52:04","modified_gmt":"2018-03-02T11:52:04","slug":"architecte-dinterieur-veurne","status":"publish","type":"page","link":"https:\/\/marcottestyle.com\/fr\/architecte-dinterieur-veurne\/","title":{"rendered":"Architecte d&#8217;int\u00e9rieur Veurne"},"content":{"rendered":"<p>L&#8217;un des plus grands sp\u00e9cialistes de la d\u00e9coration d&#8217;int\u00e9rieur dans la r\u00e9gion de Veurne est l&#8217;exp\u00e9riment\u00e9 Jean-Jacques Soenen.<br \/>\nCet <strong>architecte d&#8217;int\u00e9rieur<\/strong> et l&#8217;\u00e9g\u00e9rie de la c\u00e9l\u00e8bre soci\u00e9t\u00e9 Marcotte Style est un sp\u00e9cialiste de l&#8217;am\u00e9nagement complet ou partiel de votre int\u00e9rieur.<br \/>\nGr\u00e2ce aux techniques les plus r\u00e9centes, les designers de Marcotte Style mod\u00e8lent l&#8217;int\u00e9rieur de vos r\u00eaves.<br \/>\nL&#8217;architecte d&#8217;int\u00e9rieur Jean-Jacques Soenen de Marcotte Style est une autorit\u00e9 reconnue \u00e0 Veurne dans le domaine de l&#8217;am\u00e9nagement int\u00e9rieur d&#8217;appartements, de maisons et de villas.<br \/>\nQu&#8217;il s&#8217;agisse de l&#8217;<strong>am\u00e9nagement<\/strong> harmonieux d&#8217;une maison enti\u00e8re ou de l&#8217;am\u00e9nagement et de la d\u00e9coration d&#8217;une seule pi\u00e8ce, l&#8217;architecte d&#8217;int\u00e9rieur Soenen et son \u00e9quipe professionnelle travailleront avec vous pour obtenir un r\u00e9sultat optimal.<br \/>\nUne approche approfondie et un suivi responsable sont quelques-uns des nombreux atouts de l&#8217;architecte d&#8217;int\u00e9rieur de Marcotte Style. <\/p>\n<blockquote><p>Votre architecte d&#8217;int\u00e9rieur \u00e0 Veurne<\/p><\/blockquote>\n<p> Avec passion, dynamisme, cr\u00e9ativit\u00e9 et enthousiasme, Soenen pourra certainement mener \u00e0 bien votre projet gr\u00e2ce \u00e0 une collaboration honn\u00eate et claire sur la base d&#8217;accords pr\u00e9cis.<br \/>\nCette m\u00e9thode de travail a d\u00e9j\u00e0 donn\u00e9 lieu \u00e0 de nombreux clients satisfaits.        [seo-gallery type=&#8221;3-columns&#8221; taxonomy=&#8221;89&#8243; num=&#8221;4,10&#8243;]<\/p>\n<p class=\"tel\"><span class=\"prefix\">T\u00e9l\u00e9phone <\/span><a href=\"tel:003232304011\"><span class=\"value\">+32 3 230 40 11<\/span><\/a><\/p>\n<p class=\"tel tel-alt\"><span class=\"prefix\">GSM <\/span><a href=\"tel:0032497555505\"><span class=\"value\">+32 497 555 505<\/span><\/a><\/p>\n<p class=\"email-wrap\"><span class=\"prefix\">Courriel <\/span><a class=\"email\" href=\"mailto:info@marcottestyle.com\"><span class=\"value\">info@marcottestyle.com<\/span><\/a><\/p>\n<p>[form id=&#8221;simple&#8221;]<\/p>\n<p><!--more--><\/p>\n<p>[seo-wordcloud min=&#8221;3&#8243; max=&#8221;10&#8243; style=&#8221;default&#8221;]<\/p>\n<p><span style=\"font-weight: 400;\">Marcottestyle est synonyme d&#8217;am\u00e9nagement int\u00e9rieur homog\u00e8ne et en m\u00eame temps \u00e9l\u00e9gant pour chaque int\u00e9rieur.<br \/>\nEn un temps record, le manager Soenen a acquis une solide r\u00e9putation internationale gr\u00e2ce \u00e0 sa ma\u00eetrise de l&#8217;am\u00e9nagement int\u00e9rieur de restaurants, d&#8217;appartements, d&#8217;h\u00f4tels et m\u00eame d&#8217;ambassades.<br \/>\nNous pouvons garantir \u00e0 100 % un travail sur mesure de haute qualit\u00e9 qui r\u00e9pond aux besoins sp\u00e9cifiques du client, car nous ne travaillons qu&#8217;avec les meilleurs menuisiers et fabriques de meubles de haute technologie.  <\/span><\/p>\n","protected":false},"excerpt":{"rendered":"<p>L&#8217;un des plus grands sp\u00e9cialistes de la d\u00e9coration d&#8217;int\u00e9rieur dans la r\u00e9gion de Veurne est l&#8217;exp\u00e9riment\u00e9 Jean-Jacques Soenen. Cet architecte d&#8217;int\u00e9rieur et l&#8217;\u00e9g\u00e9rie de la&#8230;<\/p>\n","protected":false},"author":2,"featured_media":41812,"parent":0,"menu_order":2053,"comment_status":"closed","ping_status":"closed","template":"elementor_header_footer","meta":{"ngg_post_thumbnail":0,"footnotes":""},"class_list":["post-39857","page","type-page","status-publish","has-post-thumbnail","hentry"],"_links":{"self":[{"href":"https:\/\/marcottestyle.com\/fr\/wp-json\/wp\/v2\/pages\/39857","targetHints":{"allow":["GET"]}}],"collection":[{"href":"https:\/\/marcottestyle.com\/fr\/wp-json\/wp\/v2\/pages"}],"about":[{"href":"https:\/\/marcottestyle.com\/fr\/wp-json\/wp\/v2\/types\/page"}],"author":[{"embeddable":true,"href":"https:\/\/marcottestyle.com\/fr\/wp-json\/wp\/v2\/users\/2"}],"replies":[{"embeddable":true,"href":"https:\/\/marcottestyle.com\/fr\/wp-json\/wp\/v2\/comments?post=39857"}],"version-history":[{"count":0,"href":"https:\/\/marcottestyle.com\/fr\/wp-json\/wp\/v2\/pages\/39857\/revisions"}],"wp:featuredmedia":[{"embeddable":true,"href":"https:\/\/marcottestyle.com\/fr\/wp-json\/wp\/v2\/media\/41812"}],"wp:attachment":[{"href":"https:\/\/marcottestyle.com\/fr\/wp-json\/wp\/v2\/media?parent=39857"}],"curies":[{"name":"wp","href":"https:\/\/api.w.org\/{rel}","templated":true}]}}