{"id":39866,"date":"2018-03-02T12:52:04","date_gmt":"2018-03-02T11:52:04","guid":{"rendered":"http:\/\/marcottestyle.com\/architecte-dinterieur-waregem\/"},"modified":"2018-03-02T12:52:04","modified_gmt":"2018-03-02T11:52:04","slug":"architecte-dinterieur-waregem","status":"publish","type":"page","link":"https:\/\/marcottestyle.com\/fr\/architecte-dinterieur-waregem\/","title":{"rendered":"Architecte d&#8217;int\u00e9rieur Waregem"},"content":{"rendered":"<p>L&#8217;un des meilleurs architectes d&#8217;int\u00e9rieur pr\u00e8s de Waregem est le talentueux Jean-Jacques Soenen.<br \/>\nL&#8217;<strong>architecte d&#8217;int\u00e9rieur<\/strong> et l&#8217;\u00e9g\u00e9rie du tr\u00e8s appr\u00e9ci\u00e9 Marcotte Style est sp\u00e9cialis\u00e9 dans l&#8217;am\u00e9nagement partiel ou complet d&#8217;int\u00e9rieurs.<br \/>\nA l&#8217;aide des gadgets et des techniques les plus modernes, les designers de Marcotte Style mod\u00e8lent l&#8217;int\u00e9rieur de vos r\u00eaves.<br \/>\nL&#8217;architecte d&#8217;int\u00e9rieur de Marcotte Style, Jean-Jacques Soenen, est un nom bien connu \u00e0 Waregem dans le domaine de l&#8217;am\u00e9nagement int\u00e9rieur de maisons, d&#8217;appartements et de villas.<br \/>\nQu&#8217;il s&#8217;agisse de l&#8217;<strong>am\u00e9nagement<\/strong> harmonieux d&#8217;une maison enti\u00e8re ou de l&#8217;am\u00e9nagement et de la d\u00e9coration d&#8217;une seule pi\u00e8ce, l&#8217;architecte d&#8217;int\u00e9rieur Soenen et son \u00e9quipe professionnelle collaborent avec vous pour obtenir un r\u00e9sultat de r\u00eave.<br \/>\nUne approche professionnelle et un suivi responsable sont quelques-uns des nombreux atouts de l&#8217;architecte d&#8217;int\u00e9rieur de Marcotte Style. <\/p>\n<blockquote><p>Votre architecte d&#8217;int\u00e9rieur \u00e0 Waregem<\/p><\/blockquote>\n<p> Anim\u00e9 par une passion pure et beaucoup d&#8217;enthousiasme, Soenen sera toujours en mesure de r\u00e9aliser votre projet dans le cadre d&#8217;une collaboration honn\u00eate et claire, sur la base d&#8217;accords pr\u00e9cis.<br \/>\nCette m\u00e9thode de travail a d\u00e9j\u00e0 permis de satisfaire d&#8217;innombrables clients.        [seo-gallery type=&#8221;3-columns&#8221; taxonomy=&#8221;89&#8243; num=&#8221;4,10&#8243;]<\/p>\n<p class=\"tel\"><span class=\"prefix\">T\u00e9l\u00e9phone <\/span><a href=\"tel:003232304011\"><span class=\"value\">+32 3 230 40 11<\/span><\/a><\/p>\n<p class=\"tel tel-alt\"><span class=\"prefix\">GSM <\/span><a href=\"tel:0032497555505\"><span class=\"value\">+32 497 555 505<\/span><\/a><\/p>\n<p class=\"email-wrap\"><span class=\"prefix\">Courriel <\/span><a class=\"email\" href=\"mailto:info@marcottestyle.com\"><span class=\"value\">info@marcottestyle.com<\/span><\/a><\/p>\n<p>[form id=&#8221;simple&#8221;]<\/p>\n<p><!--more--><\/p>\n<p>[seo-wordcloud min=&#8221;3&#8243; max=&#8221;10&#8243; style=&#8221;default&#8221;]<\/p>\n<p><span style=\"font-weight: 400;\"><\/span><\/p>\n<h2><span style=\"font-weight: 400;\">Enthousiasme et passion<\/span><\/h2>\n<p><span style=\"font-weight: 400;\">En optant pour Marcottestyle, vous optez pour une approche globale de l&#8217;int\u00e9rieur, personnalis\u00e9e et finalis\u00e9e.<br \/>\nEn \u00e9troite collaboration avec le client, le manager Soenen sait comment choisir les bons accents et les int\u00e9grer dans un int\u00e9rieur de r\u00eave.<br \/>\nL&#8217;\u00e9quilibre et la perfection sont nos mots d&#8217;ordre.<br \/>\nMarcottestyle garantit un travail de qualit\u00e9, qu&#8217;il s&#8217;agisse d&#8217;une ou de plusieurs pi\u00e8ces \u00e0 am\u00e9nager.<br \/>\nEn \u00e9troite collaboration avec vous, nos designers passionn\u00e9s cr\u00e9ent un int\u00e9rieur de r\u00eave pour chaque situation unique.    <\/span><\/p>\n","protected":false},"excerpt":{"rendered":"<p>L&#8217;un des meilleurs architectes d&#8217;int\u00e9rieur pr\u00e8s de Waregem est le talentueux Jean-Jacques Soenen. L&#8217;architecte d&#8217;int\u00e9rieur et l&#8217;\u00e9g\u00e9rie du tr\u00e8s appr\u00e9ci\u00e9 Marcotte Style est sp\u00e9cialis\u00e9 dans&#8230;<\/p>\n","protected":false},"author":2,"featured_media":41840,"parent":0,"menu_order":2050,"comment_status":"closed","ping_status":"closed","template":"elementor_header_footer","meta":{"ngg_post_thumbnail":0,"footnotes":""},"class_list":["post-39866","page","type-page","status-publish","has-post-thumbnail","hentry"],"_links":{"self":[{"href":"https:\/\/marcottestyle.com\/fr\/wp-json\/wp\/v2\/pages\/39866","targetHints":{"allow":["GET"]}}],"collection":[{"href":"https:\/\/marcottestyle.com\/fr\/wp-json\/wp\/v2\/pages"}],"about":[{"href":"https:\/\/marcottestyle.com\/fr\/wp-json\/wp\/v2\/types\/page"}],"author":[{"embeddable":true,"href":"https:\/\/marcottestyle.com\/fr\/wp-json\/wp\/v2\/users\/2"}],"replies":[{"embeddable":true,"href":"https:\/\/marcottestyle.com\/fr\/wp-json\/wp\/v2\/comments?post=39866"}],"version-history":[{"count":0,"href":"https:\/\/marcottestyle.com\/fr\/wp-json\/wp\/v2\/pages\/39866\/revisions"}],"wp:featuredmedia":[{"embeddable":true,"href":"https:\/\/marcottestyle.com\/fr\/wp-json\/wp\/v2\/media\/41840"}],"wp:attachment":[{"href":"https:\/\/marcottestyle.com\/fr\/wp-json\/wp\/v2\/media?parent=39866"}],"curies":[{"name":"wp","href":"https:\/\/api.w.org\/{rel}","templated":true}]}}