{"id":39882,"date":"2018-03-02T12:52:04","date_gmt":"2018-03-02T11:52:04","guid":{"rendered":"http:\/\/marcottestyle.com\/architecte-dinterieur-newport\/"},"modified":"2018-03-02T12:52:04","modified_gmt":"2018-03-02T11:52:04","slug":"architecte-dinterieur-newport","status":"publish","type":"page","link":"https:\/\/marcottestyle.com\/fr\/architecte-dinterieur-newport\/","title":{"rendered":"Architecte d&#8217;int\u00e9rieur Newport"},"content":{"rendered":"<p>L&#8217;un des plus grands sp\u00e9cialistes de l&#8217;am\u00e9nagement int\u00e9rieur pr\u00e8s de Nieuport est le talentueux et exp\u00e9riment\u00e9 Jean-Jacques Soenen.<br \/>\nCet <strong>architecte d&#8217;int\u00e9rieur<\/strong>, qui est \u00e0 l&#8217;origine du c\u00e9l\u00e8bre Marcotte Style, est sp\u00e9cialis\u00e9 dans l&#8217;am\u00e9nagement partiel ou total de l&#8217;int\u00e9rieur.<br \/>\n\u00c0 l&#8217;aide des techniques les plus r\u00e9centes, les designers de Marcotte Style mod\u00e8lent l&#8217;int\u00e9rieur de vos r\u00eaves.<br \/>\nL&#8217;architecte d&#8217;int\u00e9rieur de Marcotte Style, Jean-Jacques Soenen, est un grand nom \u00e0 Nieuport dans le domaine de l&#8217;am\u00e9nagement int\u00e9rieur de villas, de maisons et d&#8217;appartements.<br \/>\nQu&#8217;il s&#8217;agisse de l&#8217;<strong>am\u00e9nagement<\/strong> harmonieux d&#8217;une maison enti\u00e8re ou de la d\u00e9coration d&#8217;une seule pi\u00e8ce, l&#8217;architecte d&#8217;int\u00e9rieur Jean-Jacques Soenen et ses collaborateurs travaillent avec vous pour obtenir un r\u00e9sultat parfait.<br \/>\nUne approche approfondie et un suivi responsable sont quelques-uns des nombreux atouts de l&#8217;architecte d&#8217;int\u00e9rieur de Marcotte Style. <\/p>\n<blockquote><p>Votre architecte d&#8217;int\u00e9rieur \u00e0 Nieuport<\/p><\/blockquote>\n<p> Avec une passion toujours pure, un enthousiasme contagieux, nous pourrons toujours mener \u00e0 bien votre projet dans le cadre d&#8217;une collaboration honn\u00eate sur la base d&#8217;accords clairs.<br \/>\nCette approche a d\u00e9j\u00e0 permis de satisfaire d&#8217;innombrables clients.        [seo-gallery type=&#8221;3-columns&#8221; taxonomy=&#8221;89&#8243; num=&#8221;4,10&#8243;]<\/p>\n<p class=\"tel\"><span class=\"prefix\">T\u00e9l\u00e9phone <\/span><a href=\"tel:003232304011\"><span class=\"value\">+32 3 230 40 11<\/span><\/a><\/p>\n<p class=\"tel tel-alt\"><span class=\"prefix\">GSM <\/span><a href=\"tel:0032497555505\"><span class=\"value\">+32 497 555 505<\/span><\/a><\/p>\n<p class=\"email-wrap\"><span class=\"prefix\">Courriel <\/span><a class=\"email\" href=\"mailto:info@marcottestyle.com\"><span class=\"value\">info@marcottestyle.com<\/span><\/a><\/p>\n<p>[form id=&#8221;simple&#8221;]<\/p>\n<p><!--more--><\/p>\n<p>[seo-wordcloud min=&#8221;3&#8243; max=&#8221;10&#8243; style=&#8221;default&#8221;]<\/p>\n<p><span style=\"font-weight: 400;\"><\/span><\/p>\n<h2><span style=\"font-weight: 400;\">Passion et enthousiasme<\/span><\/h2>\n<p><span style=\"font-weight: 400;\">Choisir Marcottestyle, c&#8217;est opter pour une approche compl\u00e8te et personnelle de votre int\u00e9rieur.<br \/>\nEn \u00e9troite collaboration avec le client, Jean Jacques Soenen sait comment choisir les accents appropri\u00e9s et les int\u00e9grer dans un int\u00e9rieur de r\u00eave.<br \/>\nL&#8217;\u00e9quilibre et la perfection sont nos mots d&#8217;ordre.<br \/>\nMarcottestyle garantit toujours un travail de qualit\u00e9, qu&#8217;il s&#8217;agisse d&#8217;une ou de plusieurs pi\u00e8ces \u00e0 meubler.<br \/>\nEn concertation \u00e9troite et claire avec vous, nos designers passionn\u00e9s cr\u00e9ent un int\u00e9rieur de r\u00eave pour chaque situation unique.    <\/span><\/p>\n","protected":false},"excerpt":{"rendered":"<p>L&#8217;un des plus grands sp\u00e9cialistes de l&#8217;am\u00e9nagement int\u00e9rieur pr\u00e8s de Nieuport est le talentueux et exp\u00e9riment\u00e9 Jean-Jacques Soenen. Cet architecte d&#8217;int\u00e9rieur, qui est \u00e0 l&#8217;origine&#8230;<\/p>\n","protected":false},"author":2,"featured_media":36729,"parent":0,"menu_order":2046,"comment_status":"closed","ping_status":"closed","template":"elementor_header_footer","meta":{"ngg_post_thumbnail":0,"footnotes":""},"class_list":["post-39882","page","type-page","status-publish","has-post-thumbnail","hentry"],"_links":{"self":[{"href":"https:\/\/marcottestyle.com\/fr\/wp-json\/wp\/v2\/pages\/39882","targetHints":{"allow":["GET"]}}],"collection":[{"href":"https:\/\/marcottestyle.com\/fr\/wp-json\/wp\/v2\/pages"}],"about":[{"href":"https:\/\/marcottestyle.com\/fr\/wp-json\/wp\/v2\/types\/page"}],"author":[{"embeddable":true,"href":"https:\/\/marcottestyle.com\/fr\/wp-json\/wp\/v2\/users\/2"}],"replies":[{"embeddable":true,"href":"https:\/\/marcottestyle.com\/fr\/wp-json\/wp\/v2\/comments?post=39882"}],"version-history":[{"count":0,"href":"https:\/\/marcottestyle.com\/fr\/wp-json\/wp\/v2\/pages\/39882\/revisions"}],"wp:featuredmedia":[{"embeddable":true,"href":"https:\/\/marcottestyle.com\/fr\/wp-json\/wp\/v2\/media\/36729"}],"wp:attachment":[{"href":"https:\/\/marcottestyle.com\/fr\/wp-json\/wp\/v2\/media?parent=39882"}],"curies":[{"name":"wp","href":"https:\/\/api.w.org\/{rel}","templated":true}]}}