{"id":39910,"date":"2018-03-02T12:52:04","date_gmt":"2018-03-02T11:52:04","guid":{"rendered":"http:\/\/marcottestyle.com\/architecte-dinterieur-maldegem\/"},"modified":"2018-03-02T12:52:04","modified_gmt":"2018-03-02T11:52:04","slug":"architecte-dinterieur-maldegem","status":"publish","type":"page","link":"https:\/\/marcottestyle.com\/fr\/architecte-dinterieur-maldegem\/","title":{"rendered":"Architecte d&#8217;int\u00e9rieur Maldegem"},"content":{"rendered":"<p>L&#8217;un des plus grands sp\u00e9cialistes de la d\u00e9coration d&#8217;int\u00e9rieur dans la r\u00e9gion de Maldegem est le talentueux et exp\u00e9riment\u00e9 Jean-Jacques Soenen.<br \/>\nL&#8217;<strong>architecte d&#8217;int\u00e9rieur<\/strong> et moteur du tr\u00e8s pris\u00e9 Marcotte Style est un sp\u00e9cialiste de l&#8217;am\u00e9nagement complet ou partiel de votre int\u00e9rieur.<br \/>\nGr\u00e2ce aux techniques les plus modernes, les designers de Marcotte Style mod\u00e8lent l&#8217;int\u00e9rieur de vos r\u00eaves.<br \/>\nL&#8217;architecte d&#8217;int\u00e9rieur de Marcotte Style, Soenen, est un grand nom \u00e0 Maldegem dans le domaine de l&#8217;am\u00e9nagement int\u00e9rieur de villas, d&#8217;appartements et de maisons.<br \/>\nQu&#8217;il s&#8217;agisse de l&#8217;<strong>am\u00e9nagement<\/strong> harmonieux de toute une maison ou de l&#8217;am\u00e9nagement et de la d\u00e9coration d&#8217;une seule pi\u00e8ce, l&#8217;architecte d&#8217;int\u00e9rieur Jean-Jacques Soenen et ses collaborateurs s&#8217;efforcent, en concertation avec vous, d&#8217;obtenir un r\u00e9sultat optimal.<br \/>\nUne approche professionnelle et un suivi responsable sont quelques-unes des caract\u00e9ristiques de l&#8217;architecte d&#8217;int\u00e9rieur de Marcotte Style. <\/p>\n<blockquote><p>Votre architecte d&#8217;int\u00e9rieur \u00e0 Maldegem<\/p><\/blockquote>\n<p> Avec une passion toujours intarissable et beaucoup d&#8217;enthousiasme, Soenen est toujours en mesure de mener \u00e0 bien le projet dans le cadre d&#8217;une collaboration claire et honn\u00eate, sur la base de laquelle des accords clairs sont bien entendu conclus.<br \/>\nCette fa\u00e7on de travailler a d\u00e9j\u00e0 donn\u00e9 lieu \u00e0 de nombreux clients satisfaits.        [seo-gallery type=&#8221;3-columns&#8221; taxonomy=&#8221;89&#8243; num=&#8221;4,10&#8243;]<\/p>\n<p class=\"tel\"><span class=\"prefix\">T\u00e9l\u00e9phone <\/span><a href=\"tel:003232304011\"><span class=\"value\">+32 3 230 40 11<\/span><\/a><\/p>\n<p class=\"tel tel-alt\"><span class=\"prefix\">GSM <\/span><a href=\"tel:0032497555505\"><span class=\"value\">+32 497 555 505<\/span><\/a><\/p>\n<p class=\"email-wrap\"><span class=\"prefix\">Courriel <\/span><a class=\"email\" href=\"mailto:info@marcottestyle.com\"><span class=\"value\">info@marcottestyle.com<\/span><\/a><\/p>\n<p>[form id=&#8221;simple&#8221;]<\/p>\n<p><!--more--><\/p>\n<p>[seo-wordcloud min=&#8221;3&#8243; max=&#8221;10&#8243; style=&#8221;default&#8221;]<\/p>\n<p><span style=\"font-weight: 400;\"><\/span><\/p>\n<h2><span style=\"font-weight: 400;\">Enthousiasme et passion<\/span><\/h2>\n<p><span style=\"font-weight: 400;\">Les personnes qui choisissent Marcottestyle optent pour une approche globale tr\u00e8s personnalis\u00e9e et d\u00e9taill\u00e9e de l&#8217;am\u00e9nagement int\u00e9rieur.<br \/>\nL&#8217;administrateur d\u00e9l\u00e9gu\u00e9 Jean Jacques Soenen allie un \u0153il exp\u00e9riment\u00e9 et exp\u00e9riment\u00e9 \u00e0 une oreille attentive aux souhaits du client.<br \/>\nQuel que soit le style choisi, nous visons avec vous la perfection \u00e9quilibr\u00e9e.<br \/>\nQue vous souhaitiez am\u00e9nager une ou plusieurs pi\u00e8ces, Marcottestyle vous livre toujours du sur-mesure de grande qualit\u00e9.<br \/>\nEn \u00e9troite collaboration avec vous, nos designers passionn\u00e9s cr\u00e9ent un int\u00e9rieur de r\u00eave pour chaque cas unique.    <\/span><\/p>\n","protected":false},"excerpt":{"rendered":"<p>L&#8217;un des plus grands sp\u00e9cialistes de la d\u00e9coration d&#8217;int\u00e9rieur dans la r\u00e9gion de Maldegem est le talentueux et exp\u00e9riment\u00e9 Jean-Jacques Soenen. L&#8217;architecte d&#8217;int\u00e9rieur et moteur&#8230;<\/p>\n","protected":false},"author":2,"featured_media":37205,"parent":0,"menu_order":2039,"comment_status":"closed","ping_status":"closed","template":"elementor_header_footer","meta":{"ngg_post_thumbnail":0,"footnotes":""},"class_list":["post-39910","page","type-page","status-publish","has-post-thumbnail","hentry"],"_links":{"self":[{"href":"https:\/\/marcottestyle.com\/fr\/wp-json\/wp\/v2\/pages\/39910","targetHints":{"allow":["GET"]}}],"collection":[{"href":"https:\/\/marcottestyle.com\/fr\/wp-json\/wp\/v2\/pages"}],"about":[{"href":"https:\/\/marcottestyle.com\/fr\/wp-json\/wp\/v2\/types\/page"}],"author":[{"embeddable":true,"href":"https:\/\/marcottestyle.com\/fr\/wp-json\/wp\/v2\/users\/2"}],"replies":[{"embeddable":true,"href":"https:\/\/marcottestyle.com\/fr\/wp-json\/wp\/v2\/comments?post=39910"}],"version-history":[{"count":0,"href":"https:\/\/marcottestyle.com\/fr\/wp-json\/wp\/v2\/pages\/39910\/revisions"}],"wp:featuredmedia":[{"embeddable":true,"href":"https:\/\/marcottestyle.com\/fr\/wp-json\/wp\/v2\/media\/37205"}],"wp:attachment":[{"href":"https:\/\/marcottestyle.com\/fr\/wp-json\/wp\/v2\/media?parent=39910"}],"curies":[{"name":"wp","href":"https:\/\/api.w.org\/{rel}","templated":true}]}}