{"id":5656,"date":"2018-02-12T16:57:45","date_gmt":"2018-02-12T15:57:45","guid":{"rendered":"http:\/\/marcottestyle.com\/?page_id=5656"},"modified":"2019-12-30T11:17:56","modified_gmt":"2019-12-30T10:17:56","slug":"devenir-partenaire","status":"publish","type":"page","link":"https:\/\/marcottestyle.com\/fr\/devenir-partenaire\/","title":{"rendered":"Devenir partenaire"},"content":{"rendered":"<h3>Devenez ambassadeur-partenaire de Marcottestyle<\/h3>\n<p>En tant qu&#8217;ambassadeur du style Marcotte, vous recevrez d&#8217;abord un prix int\u00e9ressant pour votre am\u00e9nagement d&#8217;int\u00e9rieur et ensuite vous recevrez une intervention financi\u00e8re attrayante pour chaque client que vous pr\u00e9sentez en faisant une visite (toujours sur rendez-vous) dans votre maison.<\/p>\n<p>De plus, si vous \u00eates un architecte d&#8217;int\u00e9rieur et que cela vous int\u00e9resse, vous pouvez commencer imm\u00e9diatement gr\u00e2ce \u00e0 notre exp\u00e9rience, notre savoir- faire, nos propres marques et notre support complet et notre propre logistique. \u00c9galement en tant qu&#8217;\u00e9pouse au foyer (o\u00f9 conjoint) o\u00f9 vous vous sentez simplement attir\u00e9 par les beaux int\u00e9rieurs, vous pouvez obtenir un revenu suppl\u00e9mentaire int\u00e9ressant et \u00e9galement faire meubler votre maison par Marcotte Style:<\/p>\n<ul>\n<li>Vous aimez les beaux int\u00e9rieurs et la d\u00e9coration et trouvez le style Marcotte aussi votre style.<\/li>\n<li><span style=\"display: inline !important; float: none; background-color: #ffffff; color: #000000; font-family: Arial,sans-serif; font-size: 18px; font-style: normal; font-variant: normal; font-weight: 400; letter-spacing: normal; orphans: 2; text-align: left; text-decoration: none; text-indent: 0px; text-transform: none; -webkit-text-stroke-width: 0px; white-space: normal; word-spacing: 0px;\">Vous \u00eates propri\u00e9taire d&#8217;une villa, d&#8217;une maison ou d&#8217;un appartement \u00e0 r\u00e9nover.<\/span><\/li>\n<li><span style=\"display: inline !important; float: none; background-color: #ffffff; color: #000000; font-family: Arial,sans-serif; font-size: 18px; font-style: normal; font-variant: normal; font-weight: 400; letter-spacing: normal; orphans: 2; text-align: left; text-decoration: none; text-indent: 0px; text-transform: none; -webkit-text-stroke-width: 0px; white-space: normal; word-spacing: 0px;\">Votre int\u00e9rieur sera compl\u00e8tement transform\u00e9 en Marcotte Style \u00e0 des conditions particuli\u00e8res.<\/span><\/li>\n<li><span style=\"display: inline !important; float: none; background-color: #ffffff; color: #000000; font-family: Arial,sans-serif; font-size: 18px; font-style: normal; font-variant: normal; font-weight: 400; letter-spacing: normal; orphans: 2; text-align: left; text-decoration: none; text-indent: 0px; text-transform: none; -webkit-text-stroke-width: 0px; white-space: normal; word-spacing: 0px;\">En tant que partenaire, vous ne montrerez votre propri\u00e9t\u00e9 \u00e0 des clients potentiels qu&#8217;apr\u00e8s rendez-vous en fonction de vos disponibilit\u00e9s.<\/span><\/li>\n<li><span style=\"display: inline !important; float: none; background-color: #ffffff; color: #000000; font-family: Arial,sans-serif; font-size: 18px; font-style: normal; font-variant: normal; font-weight: 400; letter-spacing: normal; orphans: 2; text-align: left; text-decoration: none; text-indent: 0px; text-transform: none; -webkit-text-stroke-width: 0px; white-space: normal; word-spacing: 0px;\">Vous \u00eates ordonn\u00e9 et garderez toujours votre maison attrayante \u00e0 chaque visite.<\/span><\/li>\n<li><span style=\"display: inline !important; float: none; background-color: #ffffff; color: #000000; font-family: Arial,sans-serif; font-size: 18px; font-style: normal; font-variant: normal; font-weight: 400; letter-spacing: normal; orphans: 2; text-align: left; text-decoration: none; text-indent: 0px; text-transform: none; -webkit-text-stroke-width: 0px; white-space: normal; word-spacing: 0px;\">Chaque client que vous apportez, se r\u00e9compense avec une belle commission. (une contribution encore plus \u00e9lev\u00e9e si le client est uniquement par votre intermediaire).<\/span><\/li>\n<li><span style=\"display: inline !important; float: none; background-color: #ffffff; color: #000000; font-family: Arial,sans-serif; font-size: 18px; font-style: normal; font-variant: normal; font-weight: 400; letter-spacing: normal; orphans: 2; text-align: left; text-decoration: none; text-indent: 0px; text-transform: none; -webkit-text-stroke-width: 0px; white-space: normal; word-spacing: 0px;\">Vous n&#8217;avez pas \u00e0 vous soucier de la poursuite du d\u00e9veloppement d&#8217;un projet global.<\/span><\/li>\n<li><span style=\"display: inline !important; float: none; background-color: #ffffff; color: #000000; font-family: Arial,sans-serif; font-size: 18px; font-style: normal; font-variant: normal; font-weight: 400; letter-spacing: normal; orphans: 2; text-align: left; text-decoration: none; text-indent: 0px; text-transform: none; -webkit-text-stroke-width: 0px; white-space: normal; word-spacing: 0px;\">Lorsque vous ne vendez que du mobilier \u00e0 travers votre intervention, il n&#8217;y a pas d&#8217;autre intervention de votre part: tout jusqu&#8217;\u00e0 la logistique: le transport, le stockage et l&#8217;organisation sont assur\u00e9s par Marcotte Style elle-m\u00eame.<\/span><\/li>\n<li style=\"text-align: left;\"><span style=\"display: inline !important; float: none; background-color: #ffffff; color: #000000; font-family: Arial,sans-serif; font-size: 18px; font-style: normal; font-variant: normal; font-weight: 400; letter-spacing: normal; orphans: 2; text-align: left; text-decoration: none; text-indent: 0px; text-transform: none; -webkit-text-stroke-width: 0px; white-space: normal; word-spacing: 0px;\">Pas de frais d&#8217;entr\u00e9e ou d&#8217;adh\u00e9sion: vous n&#8217;avez qu&#8217;\u00e0 investir dans votre propre int\u00e9rieur et vos meubles avec une remise sp\u00e9ciale.<\/span><\/li>\n<\/ul>\n<p>Int\u00e9ress\u00e9? \u00c9crivez-nous un e-mail avec quelques photos de votre maison avec adresse et avec autant d&#8217;informations que possible.<\/p>\n<p>[email]info@marcottestyle.com[\/email]<\/p>\n<p><!--more--><\/p>\n<h3>I. Pourquoi devenir ambassadeur Marcotte Style:<\/h3>\n<p>Le bonheur signifie d\u2019\u00eatre capable de faire ce que l\u2019on aime au quotidien, dans laquelle vous \u00eates dou\u00e9. Chez Marcotte Style, cela peut devenir votre quotidien.<\/p>\n<p>Si vous le style Marcotte est enti\u00e8rement le v\u00f4tre et choisissez de devenir ambassadeur de Marcottestyle , alors vous avez certainement fait un bon choix et c&#8217;est d\u00e9j\u00e0 la premi\u00e8re \u00e9tape pour obtenir un nouvel int\u00e9rieur en style Marcotte de mani\u00e8re int\u00e9ressante ou \u00e9ventuellement en tant qu&#8217;architecte d&#8217;int\u00e9rieur, vous pouvez imm\u00e9diatement d\u00e9marrer \u00e0 toute vitesse avec un concept durable.<\/p>\n<p>Le style Marcotte est synonyme d&#8217;un design int\u00e9rieur complet et harmonieux, o\u00f9 tout peut \u00eatre fait sur mesure, o\u00f9 tout s&#8217;accorde.<\/p>\n<h3>II. Comment travaillons-nous ensemble?<\/h3>\n<h4>Concept id\u00e9al non seulement pour un architecte d&#8217;int\u00e9rieur avec maison priv\u00e9e:<\/h4>\n<p>d&#8217;Notre approche unique du march\u00e9 d&#8217;am\u00e9nagement d&#8217;int\u00e9rieur est un concept non conventionnel: l&#8217;ambassadeur n&#8217;a qu&#8217;\u00e0 recevoir un client qui est envoy\u00e9 par nous pour voir la propri\u00e9t\u00e9 et nous faisons le reste. Si ce client conclut alors un contrat pour une conception globale et vous recevrez une intervention attractive. Si vous pouvez vous-m\u00eame pr\u00e9senter un client \u00e0 travers vos connaissances, alors l&#8217;intervention est en effet plus importante. Si le client ach\u00e8te finalement seulement un meuble, il reste toujours une intervention de notre part.<\/p>\n<h4>Pas de frais de transport et de stockage lors de la vente de meubles:<\/h4>\n<p>Pas de frais de transport ni de logistique pour l&#8217;ambassadeur:<br \/>\nSi seuls des meubles sont command\u00e9s, Marcotte Style les livrera directement et les d\u00e9ballera au client final dans un d\u00e9lai d&#8217;environ 4 \u00e0 8 semaines, sans aucun travail pour vous: il suffit de d&#8217;apperter le client.<br \/>\nLors d\u2019un projet d\u2019am\u00e9nagement global, tout sera d&#8217;abord collect\u00e9 et stock\u00e9 par Marcotte Style afin de pouvoir tout livrer au client final en une seule fois. Peu importe que les produits soient fabriqu\u00e9s par nous ou par un fournisseur externe, nous coordonnons tout et veillons \u00e0 ce que les produits soient livr\u00e9s \u00e0 votre client final en une seule livraison. Ce syst\u00e8me unique rend le processus plus efficace et plus rapide.<\/p>\n<h3>III. Notre style et notre concept?<\/h3>\n<h4>Produits pertinents s\u00e9lectionn\u00e9s:<\/h4>\n<p>Nous nous effor\u00e7ons de d\u00e9velopper uniquement des produits qui correspondent \u00e0 notre style, dans le respect du design, de la qualit\u00e9, \u00e0 un prix appropri\u00e9 et avec la possibilit\u00e9 de tout faire sur mesure. Par exemple, tous les meubles d&#8217;assise sont enti\u00e8rement constitu\u00e9s selon le choix du client avec non seulement plus de 250 couleurs standard, des tissus personnels ou \u00e9galement tous les types de couleurs pour la finition des pieds, avec ou sans passepoil dans d&#8217;autres couleurs et vous l&#8217;appelez. Tout cela g\u00e9n\u00e9ralement sans frais suppl\u00e9mentaires.<\/p>\n<h4>Prix de vente r\u00e9duits et abordables:<\/h4>\n<p>En apportant tout directement de l&#8217;usine au consommateur au fil du temps, sous notre propre gestion de Marcotte Style, nous pouvons offrir des prix attractifs qui ont d\u00e9j\u00e0 \u00e9t\u00e9 r\u00e9duits via la boutique en ligne et o\u00f9 l&#8217;ambassadeur n&#8217;a pas \u00e0 supporter de frais de logistique ou autres. Vous n&#8217;avez donc jamais \u00e0 vous discuter sur les prix mais vous concentrer uniquement sur l&#8217;apport de clients.<\/p>\n<h3>III. Notre soutien:<\/h3>\n<h4>A. savoir-faire et \u00e9thique:<\/h4>\n<p>Nous avons des ann\u00e9es d&#8217;exp\u00e9rience dans la production de meubles. Le g\u00e9rant de Marcotte Style, jean -Jacques Soenen a \u00e9t\u00e9 \u00e9troitement associ\u00e9 au mobilier de luxe et \u00e0 l&#8217;immobilier tout au long de sa vie. Gr\u00e2ce \u00e0 plus de 30 ans d&#8217;exp\u00e9rience et de savoir-faire, associ\u00e9s \u00e0 une coop\u00e9ration \u00e9troite avec nos partenaires de production de meubles et \u00e9galement \u00e0 une coop\u00e9ration \u00e9troite avec d&#8217;autres fournisseurs ou fabricants du monde entier, les avantages sont consid\u00e9rables. Nous avons d\u00e9lib\u00e9r\u00e9ment choisi de travailler uniquement avec un petit nombre de producteurs qui utilisent le m\u00eame standard de qualit\u00e9 \u00e9lev\u00e9 que nous. Ensemble, nous travaillons sur le d\u00e9veloppement de nouveaux mod\u00e8les et designs. Nous essaierons \u00e9galement toujours de pr\u00e9venir la pollution de l&#8217;environnement, la violation des droits de l&#8217;homme, les conditions de travail standard, etc. \u00e0 chaque production.<\/p>\n<h4>B. Outils de vente:<\/h4>\n<ul style=\"list-style-type: circle;\">\n<li><strong>Plans CAD<\/strong>: \u00c0 ce jour, chaque projet est enti\u00e8rement termin\u00e9 par Marcotte Style sur plan, vous n&#8217;avez donc rien \u00e0 faire pour un d\u00e9veloppement et le suivi ult\u00e9rieurs.<\/li>\n<li><strong>Style:<\/strong> \u00c9tant donn\u00e9 que votre maison a \u00e9t\u00e9 enti\u00e8rement meubl\u00e9e par Marcotte Style, on supposerait que tout est termin\u00e9, mais le suivi est toujours assur\u00e9, par exemple, en fournissant gratuitement des conseils pour la conception et le positionnement des articles nouvellement arriv\u00e9s.\u00a0 Le site Web est toujours l&#8217;outil le plus int\u00e9ressant, o\u00f9 il est facile d&#8217;assembler les meubles sur mesure sur la base des \u00e9chantillons de tissu et de bois r\u00e9els avec un effet visuel direct et un prix final correct.<\/li>\n<li>Analyse des chiffres de vente: Nous suivons constamment l&#8217;\u00e9volution de tous les ambassadeurs, apr\u00e8s quoi nous pr\u00e9parons et \u00e9valuons un rapport afin de pouvoir proposer les ajustements n\u00e9cessaires ou des am\u00e9liorations efficaces avec de nouveaux conseils, mais toujours <span style=\"text-decoration: underline;\">sans obligation<\/span>.<\/li>\n<\/ul>\n<h3>V. Marketing et publicit\u00e9:<\/h3>\n<p>En cr\u00e9ant un grand nombre d&#8217;ambassadeurs, la marque Marcotte Style gagnera automatiquement en notori\u00e9t\u00e9. Toutes les communications proviennent de nos valeurs de marque et se traduisent en une future plate-forme de communication mondiale uniforme via notre site Web, qui doit \u00eatre respect\u00e9e pour que la marque se distingue \u00e0 l&#8217;\u00e9chelle mondiale. Notre futur service marketing sera toujours en mesure d&#8217;aider tous les ambassadeurs dans toutes les communications, traiter avec les clients et les nouveaux produits, organiser des workshop, etc. sans aucune obligation.<\/p>\n<p>De plus, des actions sont toujours men\u00e9es \u00e0 travers le site Internet ainsi que des campagnes de publicit\u00e9 sans \u00e9clairage pour y rejoindre. Par exemple, nous pensons \u00e0 une communication de masse possible (int\u00e9rieur \u00e0 la t\u00e9l\u00e9vision &#8211; Internet &#8230;), des d\u00e9pliants, des activit\u00e9s en magasin avec des invitations VIP (faites toujours des ventes et des gens avec d&#8217;autres personnes), de la publicit\u00e9 ext\u00e9rieure (plaque signal\u00e9tique aust\u00e8re mais communicative c\u00f4t\u00e9 rue), e directe -mail, propre conception de page d&#8217;accueil par ambassadeur, newsletters, publicit\u00e9s et communiqu\u00e9s de presse, pour ne mettre qu&#8217;une petite s\u00e9lection de supports marketing en premier.<br \/>\nAppelez-nous ou <a href=\"https:\/\/marcottestyle.com\/fr\/contact\/\">contactez-nous<\/a> par mail &#8230;<\/p>\n<p>&nbsp;<\/p>\n<p>&nbsp;<\/p>\n<p>&nbsp;<\/p>\n<p>&nbsp;<\/p>\n","protected":false},"excerpt":{"rendered":"<p>Devenez ambassadeur-partenaire de Marcottestyle En tant qu&#8217;ambassadeur du style Marcotte, vous recevrez d&#8217;abord un prix int\u00e9ressant pour votre am\u00e9nagement d&#8217;int\u00e9rieur et ensuite vous recevrez une&#8230;<\/p>\n","protected":false},"author":2,"featured_media":0,"parent":0,"menu_order":2,"comment_status":"closed","ping_status":"closed","template":"elementor_header_footer","meta":{"ngg_post_thumbnail":0,"footnotes":""},"class_list":["post-5656","page","type-page","status-publish","hentry"],"_links":{"self":[{"href":"https:\/\/marcottestyle.com\/fr\/wp-json\/wp\/v2\/pages\/5656","targetHints":{"allow":["GET"]}}],"collection":[{"href":"https:\/\/marcottestyle.com\/fr\/wp-json\/wp\/v2\/pages"}],"about":[{"href":"https:\/\/marcottestyle.com\/fr\/wp-json\/wp\/v2\/types\/page"}],"author":[{"embeddable":true,"href":"https:\/\/marcottestyle.com\/fr\/wp-json\/wp\/v2\/users\/2"}],"replies":[{"embeddable":true,"href":"https:\/\/marcottestyle.com\/fr\/wp-json\/wp\/v2\/comments?post=5656"}],"version-history":[{"count":7,"href":"https:\/\/marcottestyle.com\/fr\/wp-json\/wp\/v2\/pages\/5656\/revisions"}],"predecessor-version":[{"id":12869,"href":"https:\/\/marcottestyle.com\/fr\/wp-json\/wp\/v2\/pages\/5656\/revisions\/12869"}],"wp:attachment":[{"href":"https:\/\/marcottestyle.com\/fr\/wp-json\/wp\/v2\/media?parent=5656"}],"curies":[{"name":"wp","href":"https:\/\/api.w.org\/{rel}","templated":true}]}}