{"id":5667,"date":"2018-02-13T09:37:34","date_gmt":"2018-02-13T08:37:34","guid":{"rendered":"http:\/\/marcottestyle.com\/?page_id=5667"},"modified":"2019-12-30T14:13:38","modified_gmt":"2019-12-30T13:13:38","slug":"interieur-modern","status":"publish","type":"page","link":"https:\/\/marcottestyle.com\/fr\/interieur-modern\/","title":{"rendered":"Interieur modern"},"content":{"rendered":"<p>Un int\u00e9rieur moderne se caract\u00e9rise par des lignes sobres et va montrer peu de rondeurs. Il doit se faire remarquer par la couleur et un int\u00e9rieur design. Les portes seront r\u00e9alis\u00e9es pour la plupart en verre ou en brillant. De grandes portes coulissantes lisses, sans poign\u00e9es, qui s\u2019ouvrent automatiquement, avec de grandes fen\u00eatres jusqu\u2019au sol vont donner le sentiment de vivre \u00e0 l\u2019ext\u00e9rieur. Ici, l\u2019entr\u00e9e de la lumi\u00e8re est extr\u00eamement importante.<\/p>\n<h3>Int\u00e9rieur moderne intime<\/h3>\n<p>L\u2019int\u00e9rieur moderne doit bien rester en harmonie avec l\u2019environnement, le jardin et la fa\u00e7ade de l\u2019habitation. Tous les espaces se situent pour la plupart du grand c\u00f4t\u00e9, et de ce fait, l\u2019architecte d\u2019int\u00e9rieur doit rester vigilant pour adoucir l\u2019aspect un peu froid en pr\u00e9voyant des tapis douillets ou une couleur accentu\u00e9e sur un pan de mur entier jusqu\u2019au plafond en hauteur. Tout doit rester allong\u00e9, rectiligne et sobre dans le design int\u00e9rieur. La table sera g\u00e9n\u00e9ralement pr\u00e9vue pour six ou huit personnes, avec des si\u00e8ges au design sobre d\u2019une couleur particuli\u00e8rement en harmonie. Tous les plans de la cuisine sont aussi de pr\u00e9f\u00e9rence les plus larges possibles et on y trouve toujours un pan de mur s\u00e9par\u00e9 avec trois appareils align\u00e9s. Les plans de travail sont fabriqu\u00e9s en RVS, en granit ou en c\u00e9ramique compos\u00e9e.<\/p>\n<p>[seo-gallery type=&#8221;3-columns&#8221; taxonomy=&#8221;38&#8243; num=&#8221;4,11&#8243;]<\/p>\n<h3>L\u2019int\u00e9rieur design, c\u2019est de l\u2019harmonie<\/h3>\n<p>Dans un tel int\u00e9rieur design, les couleurs, les meubles, les \u00e9toffes et l\u2019\u00e9clairage doivent composer un ensemble en totale harmonie. Un bon int\u00e9rieur moderne doit \u00eatre fonctionnel et vous aller comme un gant. Contrairement \u00e0 ce que pensent beaucoup de gens, un int\u00e9rieur, c\u2019est bien plus que seulement les meubles que vous achetez. L\u2019int\u00e9rieur d\u2019une maison, ce sont des murs, des sols, des escaliers, des couleurs, des fen\u00eatres, des plafonds, des tapis, de l\u2019\u00e9clairage &#8230; et tout ceci en harmonie. .<\/p>\n<p>Contactez-nous\u00a0sans engagement out\u00a0d\u00e9couvrez nos r\u00e9alisations<\/p>\n<h3>Int\u00e9rieur moderne<\/h3>\n<p>Quiconque a pens\u00e9 \u00e0 un int\u00e9rieur moderne ou contemporain pour sa maison pourra sans aucun doute trouver l&#8217;inspiration ou des id\u00e9es (l\u00e2ches). Il n&#8217;y a pas de p\u00e9nurie de belles photos, d&#8217;id\u00e9es, de magazines vivants, de blogs vivants, de tests d&#8217;\u00e9pingles, ou sur des int\u00e9rieurs modernes. Mais int\u00e9grer tout intelligemment dans un concept global pratique, homog\u00e8ne, bien agenc\u00e9 et serr\u00e9 demande beaucoup de savoir-faire et de connaissances. L&#8217;art d&#8217;un int\u00e9rieur moderne pour faire les bons choix, choisir les bonnes couleurs et mat\u00e9riaux, combiner les bons meubles et les placer au bon endroit, c&#8217;est ce que les professionnels de Marcotte Style connaissent mieux que quiconque.<\/p>\n<h3>Design d&#8217;int\u00e9rieur moderne<\/h3>\n<p>Nos architectes d&#8217;int\u00e9rieur ont d\u00e9j\u00e0 con\u00e7u des dizaines, voire des centaines d&#8217;int\u00e9rieurs modernes. Tant pour les villas de luxe, les h\u00f4tels, les restaurants, les b\u00e2timents des ambassades que pour les appartements ou les maisons ordinaires. Si les designers Marcotte se mettent au travail avec les ingr\u00e9dients solides d&#8217;un int\u00e9rieur au look contemporain (lignes \u00e9pur\u00e9es, mobilier design sur mesure compact, durable et subtil en mat\u00e9riaux durables), le r\u00e9sultat est visible.<\/p>\n<h3>Int\u00e9rieur moderne avec mobilier sur mesure<\/h3>\n<p>Pour commencer, Marcotte Style a acc\u00e8s \u00e0 des collections haut de gamme de renom avec les derni\u00e8res tendances (dont une tr\u00e8s vaste collection propre). De plus, gr\u00e2ce \u00e0 leur perspicacit\u00e9, leur exp\u00e9rience et leur cr\u00e9ativit\u00e9, les architectes d&#8217;int\u00e9rieur savent toujours r\u00e9aliser un int\u00e9rieur de r\u00eave moderne dans chaque pi\u00e8ce \u00e0 meubler. Jean Jacques Soenen et son \u00e9quipe ont plus que m\u00e9rit\u00e9 leurs galons et rel\u00e8vent constamment la barre.<\/p>\n<h3>Design d&#8217;int\u00e9rieur pour un int\u00e9rieur moderne<\/h3>\n<p>Un design int\u00e9rieur \u00e9l\u00e9gant et homog\u00e8ne dans un int\u00e9rieur moderne est la sp\u00e9cialit\u00e9 par excellence de nos designers passionn\u00e9s. La convivialit\u00e9 du client est centrale. Soenen combine une bonne oreille d&#8217;\u00e9coute avec une bonne oreille d&#8217;\u00e9coute aux souhaits du client. Les int\u00e9rieurs modernes de Marcotte d\u00e9gagent une classe pure.<\/p>\n<h3>Design d&#8217;int\u00e9rieur moderne<\/h3>\n<p>Quiconque souhaite meubler sa maison ou une ou plusieurs pi\u00e8ces \/ pi\u00e8ces de mani\u00e8re \u00e9quilibr\u00e9e et r\u00e9ussie dans un style frais et moderne est venu au bon endroit chez les meilleurs cr\u00e9ateurs de Marcotte Style. La combinaison de meubles, archers, rideaux, accessoires pour la maison de diverses collections haut de gamme et notre propre collection nous permet de cr\u00e9er des int\u00e9rieurs sup\u00e9rieurs uniques dans un style moderne. Nous visons toujours un design int\u00e9rieur harmonieux et \u00e9quilibr\u00e9. Dans nos salles d&#8217;exposition, vous pouvez d\u00e9j\u00e0 trouver l&#8217;inspiration n\u00e9cessaire.<\/p>\n<h3>Cuisines, chambres, salles \u00e0 manger et salles de bain modernes<\/h3>\n<p>Dans les cuisines, salles de bain, salles \u00e0 manger, chambres ou autres espaces modernes, vous et vos invit\u00e9s vous sentirez imm\u00e9diatement chez vous dans l&#8217;atmosph\u00e8re d\u00e9tendue et apaisante qui caract\u00e9rise nos int\u00e9rieurs modernes con\u00e7us \u00e0 la perfection. Esth\u00e9tique, design intelligent, utilisation intelligente des espaces vont de pair avec l&#8217;\u00e9vocation de la bonne atmosph\u00e8re et de la sensation.<br \/>\n<a href=\"https:\/\/marcottestyle.com\/fr\/contact\/\">Contactez-nous<\/a> ou<a href=\"https:\/\/marcottestyle.com\/fr\/portfolio\/villa-moderne-renovee-a-wilrijk\/\"> consultez nos r\u00e9f\u00e9rences<\/a> sans engagement<\/p>\n<blockquote><p>Recherchez-vous des meubles modernes? Notre int\u00e9rieur moderne sera une valeur ajout\u00e9e dans votre maison. D\u00e9couvrez nos int\u00e9rieurs modernes!<\/p><\/blockquote>\n<p>[seo-gallery type=&#8221;4-columns&#8221; taxonomy=&#8221;38&#8243; num=&#8221;4,11&#8243;]<\/p>\n","protected":false},"excerpt":{"rendered":"<p>Un int\u00e9rieur moderne se caract\u00e9rise par des lignes sobres et va montrer peu de rondeurs. Il doit se faire remarquer par la couleur et un&#8230;<\/p>\n","protected":false},"author":2,"featured_media":0,"parent":0,"menu_order":10,"comment_status":"closed","ping_status":"closed","template":"elementor_header_footer","meta":{"ngg_post_thumbnail":0,"footnotes":""},"class_list":["post-5667","page","type-page","status-publish","hentry"],"_links":{"self":[{"href":"https:\/\/marcottestyle.com\/fr\/wp-json\/wp\/v2\/pages\/5667","targetHints":{"allow":["GET"]}}],"collection":[{"href":"https:\/\/marcottestyle.com\/fr\/wp-json\/wp\/v2\/pages"}],"about":[{"href":"https:\/\/marcottestyle.com\/fr\/wp-json\/wp\/v2\/types\/page"}],"author":[{"embeddable":true,"href":"https:\/\/marcottestyle.com\/fr\/wp-json\/wp\/v2\/users\/2"}],"replies":[{"embeddable":true,"href":"https:\/\/marcottestyle.com\/fr\/wp-json\/wp\/v2\/comments?post=5667"}],"version-history":[{"count":6,"href":"https:\/\/marcottestyle.com\/fr\/wp-json\/wp\/v2\/pages\/5667\/revisions"}],"predecessor-version":[{"id":13121,"href":"https:\/\/marcottestyle.com\/fr\/wp-json\/wp\/v2\/pages\/5667\/revisions\/13121"}],"wp:attachment":[{"href":"https:\/\/marcottestyle.com\/fr\/wp-json\/wp\/v2\/media?parent=5667"}],"curies":[{"name":"wp","href":"https:\/\/api.w.org\/{rel}","templated":true}]}}