{"id":5673,"date":"2018-02-13T09:35:41","date_gmt":"2018-02-13T08:35:41","guid":{"rendered":"http:\/\/marcottestyle.com\/?page_id=5673"},"modified":"2025-02-12T21:26:24","modified_gmt":"2025-02-12T20:26:24","slug":"interieur-contemporain","status":"publish","type":"page","link":"https:\/\/marcottestyle.com\/fr\/interieur-contemporain\/","title":{"rendered":"Int\u00e9rieur contemporain"},"content":{"rendered":"\t\t<div data-elementor-type=\"wp-page\" data-elementor-id=\"5673\" class=\"elementor elementor-5673 elementor-5361\" data-elementor-settings=\"{&quot;ha_cmc_init_switcher&quot;:&quot;no&quot;}\" data-elementor-post-type=\"page\">\n\t\t\t\t<div class=\"elementor-element elementor-element-d92af0c e-flex e-con-boxed e-con e-parent\" data-id=\"d92af0c\" data-element_type=\"container\" data-e-type=\"container\" data-settings=\"{&quot;_ha_eqh_enable&quot;:false}\">\n\t\t\t\t\t<div class=\"e-con-inner\">\n\t\t\t\t<div class=\"elementor-element elementor-element-0a06155 elementor-widget elementor-widget-spacer\" data-id=\"0a06155\" data-element_type=\"widget\" data-e-type=\"widget\" data-widget_type=\"spacer.default\">\n\t\t\t\t<div class=\"elementor-widget-container\">\n\t\t\t\t\t\t\t<div class=\"elementor-spacer\">\n\t\t\t<div class=\"elementor-spacer-inner\"><\/div>\n\t\t<\/div>\n\t\t\t\t\t\t<\/div>\n\t\t\t\t<\/div>\n\t\t\t\t\t<\/div>\n\t\t\t\t<\/div>\n\t\t<div class=\"elementor-element elementor-element-9347b59 e-flex e-con-boxed e-con e-parent\" data-id=\"9347b59\" data-element_type=\"container\" data-e-type=\"container\" data-settings=\"{&quot;_ha_eqh_enable&quot;:false}\">\n\t\t\t\t\t<div class=\"e-con-inner\">\n\t\t\t\t<div class=\"elementor-element elementor-element-e01ad49 elementor-align-left elementor-widget elementor-widget-etheme_advanced_headline\" data-id=\"e01ad49\" data-element_type=\"widget\" data-e-type=\"widget\" data-widget_type=\"etheme_advanced_headline.default\">\n\t\t\t\t<div class=\"elementor-widget-container\">\n\t\t\t\t\t        \n        <div class=\"etheme-a-h-wrapper\">\n        \n            \n\t\t\t\n        <h2 class=\"etheme-advanced-headline etheme-advanced-headline-mask\">\n\n            INT\u00c9RIEUR CONTEMPORAIN\n        <\/h2>\n\t\t\n                    \n        <\/div>\n        \n\t\t\t\t\t\t<\/div>\n\t\t\t\t<\/div>\n\t\t\t\t\t<\/div>\n\t\t\t\t<\/div>\n\t\t<div class=\"elementor-element elementor-element-5617a84 e-flex e-con-boxed e-con e-parent\" data-id=\"5617a84\" data-element_type=\"container\" data-e-type=\"container\" data-settings=\"{&quot;_ha_eqh_enable&quot;:false}\">\n\t\t\t\t\t<div class=\"e-con-inner\">\n\t\t\t\t<div class=\"elementor-element elementor-element-6b01b15 elementor-widget elementor-widget-text-editor\" data-id=\"6b01b15\" data-element_type=\"widget\" data-e-type=\"widget\" data-widget_type=\"text-editor.default\">\n\t\t\t\t<div class=\"elementor-widget-container\">\n\t\t\t\t\t\t\t\t\t<p>L&#8217;habitat contemporain est synonyme d&#8217;un style quelque peu \u00e9pur\u00e9, o\u00f9 le design subtil doit \u00eatre int\u00e9gr\u00e9. Avec un bon architecte d&#8217;int\u00e9rieur, le tableau s&#8217;embo\u00eete toujours : service, mobilier, couleurs, \u00e9clairage, armoires sur mesure, rideaux&#8230; tout forme un tout parfaitement harmonieux. L&#8217;int\u00e9rieur contemporain est tout \u00e0 fait appropri\u00e9. Laissez donc toujours un architecte d&#8217;int\u00e9rieur s&#8217;occuper de ce type d&#8217;am\u00e9nagement. L&#8217;int\u00e9rieur doit rester un concept global o\u00f9 tout s&#8217;harmonise. Pas trop moderne, mais certainement pas trop r\u00e9tro.     <\/p>\n\t\t\t\t\t\t\t\t<\/div>\n\t\t\t\t<\/div>\n\t\t\t\t\t<\/div>\n\t\t\t\t<\/div>\n\t\t<div class=\"elementor-element elementor-element-680cced e-flex e-con-boxed e-con e-parent\" data-id=\"680cced\" data-element_type=\"container\" data-e-type=\"container\" data-settings=\"{&quot;_ha_eqh_enable&quot;:false}\">\n\t\t\t\t\t<div class=\"e-con-inner\">\n\t\t\t\t<div class=\"elementor-element elementor-element-9b00f73 elementor-align-left elementor-widget elementor-widget-etheme_advanced_headline\" data-id=\"9b00f73\" data-element_type=\"widget\" data-e-type=\"widget\" data-widget_type=\"etheme_advanced_headline.default\">\n\t\t\t\t<div class=\"elementor-widget-container\">\n\t\t\t\t\t        \n        <div class=\"etheme-a-h-wrapper\">\n        \n            \n\t\t\t\n        <h2 class=\"etheme-advanced-headline etheme-advanced-headline-mask\">\n\n            L'harmonie au service de la vie contemporaine\n        <\/h2>\n\t\t\n                    \n        <\/div>\n        \n\t\t\t\t\t\t<\/div>\n\t\t\t\t<\/div>\n\t\t\t\t\t<\/div>\n\t\t\t\t<\/div>\n\t\t<div class=\"elementor-element elementor-element-309177c e-flex e-con-boxed e-con e-parent\" data-id=\"309177c\" data-element_type=\"container\" data-e-type=\"container\" data-settings=\"{&quot;_ha_eqh_enable&quot;:false}\">\n\t\t\t\t\t<div class=\"e-con-inner\">\n\t\t\t\t<div class=\"elementor-element elementor-element-bf433b8 elementor-widget elementor-widget-text-editor\" data-id=\"bf433b8\" data-element_type=\"widget\" data-e-type=\"widget\" data-widget_type=\"text-editor.default\">\n\t\t\t\t<div class=\"elementor-widget-container\">\n\t\t\t\t\t\t\t\t\t<p>Les int\u00e9rieurs contemporains constituent une base solide pour votre maison et l&#8217;avenir. Un look uniforme qui donne l&#8217;impression d&#8217;\u00eatre plus riche qu&#8217;il ne l&#8217;est financi\u00e8rement. Dans le style de l&#8217;habitat contemporain, la fusion \u00e9l\u00e9gante de la cuisine et du salon reste \u00e9galement une id\u00e9e fructueuse. Les plafonds suspendus avec \u00e9clairage indirect cr\u00e9ent \u00e9galement une impression d&#8217;exclusivit\u00e9 et peuvent ainsi d\u00e9limiter deux pi\u00e8ces. Ici aussi, l&#8217;architecte d&#8217;int\u00e9rieur veillera toujours \u00e0 une harmonie parfaite o\u00f9 tout est en \u00e9quilibre.    <\/p>\n\t\t\t\t\t\t\t\t<\/div>\n\t\t\t\t<\/div>\n\t\t\t\t\t<\/div>\n\t\t\t\t<\/div>\n\t\t<div class=\"elementor-element elementor-element-fa9ea39 e-flex e-con-boxed e-con e-parent\" data-id=\"fa9ea39\" data-element_type=\"container\" data-e-type=\"container\" data-settings=\"{&quot;_ha_eqh_enable&quot;:false}\">\n\t\t\t\t\t<div class=\"e-con-inner\">\n\t\t\t\t<div class=\"elementor-element elementor-element-1ac23ad elementor-widget elementor-widget-text-editor\" data-id=\"1ac23ad\" data-element_type=\"widget\" data-e-type=\"widget\" data-widget_type=\"text-editor.default\">\n\t\t\t\t<div class=\"elementor-widget-container\">\n\t\t\t\t\t\t\t\t\t<p>L&#8217;int\u00e9rieur contemporain de Marcotte Style est \u00e9pur\u00e9 et suit les tendances actuelles !<\/p>\n\t\t\t\t\t\t\t\t<\/div>\n\t\t\t\t<\/div>\n\t\t\t\t\t<\/div>\n\t\t\t\t<\/div>\n\t\t<div class=\"elementor-element elementor-element-1bf80aa e-flex e-con-boxed e-con e-parent\" data-id=\"1bf80aa\" data-element_type=\"container\" data-e-type=\"container\" data-settings=\"{&quot;_ha_eqh_enable&quot;:false}\">\n\t\t\t\t\t<div class=\"e-con-inner\">\n\t\t\t\t<div class=\"elementor-element elementor-element-34a800f elementor-widget elementor-widget-text-editor\" data-id=\"34a800f\" data-element_type=\"widget\" data-e-type=\"widget\" data-widget_type=\"text-editor.default\">\n\t\t\t\t<div class=\"elementor-widget-container\">\n\t\t\t\t\t\t\t\t\t<p>N&#8217;h\u00e9sitez pas \u00e0 <a href=\"https:\/\/marcottestyle.com\/contact\/\">nous<\/a> contacter ou \u00e0 consulter nos <a href=\"https:\/\/marcottestyle.com\/portfolio\/\">r\u00e9alisations<\/a>.<\/p>\n\t\t\t\t\t\t\t\t<\/div>\n\t\t\t\t<\/div>\n\t\t\t\t\t<\/div>\n\t\t\t\t<\/div>\n\t\t<div class=\"elementor-element elementor-element-55b4fab e-flex e-con-boxed e-con e-parent\" data-id=\"55b4fab\" data-element_type=\"container\" data-e-type=\"container\" data-settings=\"{&quot;_ha_eqh_enable&quot;:false}\">\n\t\t\t\t\t<div class=\"e-con-inner\">\n\t\t\t\t<div class=\"elementor-element elementor-element-bf243f2 elementor-widget elementor-widget-shortcode\" data-id=\"bf243f2\" data-element_type=\"widget\" data-e-type=\"widget\" data-widget_type=\"shortcode.default\">\n\t\t\t\t<div class=\"elementor-widget-container\">\n\t\t\t\t\t\t\t<div class=\"elementor-shortcode\">ngg_shortcode_0_placeholder<\/div>\n\t\t\t\t\t\t<\/div>\n\t\t\t\t<\/div>\n\t\t\t\t<div class=\"elementor-element elementor-element-e4cbaa1 elementor-widget elementor-widget-spacer\" data-id=\"e4cbaa1\" data-element_type=\"widget\" data-e-type=\"widget\" data-widget_type=\"spacer.default\">\n\t\t\t\t<div class=\"elementor-widget-container\">\n\t\t\t\t\t\t\t<div class=\"elementor-spacer\">\n\t\t\t<div class=\"elementor-spacer-inner\"><\/div>\n\t\t<\/div>\n\t\t\t\t\t\t<\/div>\n\t\t\t\t<\/div>\n\t\t\t\t\t<\/div>\n\t\t\t\t<\/div>\n\t\t<div class=\"elementor-element elementor-element-69a44fd e-flex e-con-boxed e-con e-parent\" data-id=\"69a44fd\" data-element_type=\"container\" data-e-type=\"container\" data-settings=\"{&quot;_ha_eqh_enable&quot;:false}\">\n\t\t\t\t\t<div class=\"e-con-inner\">\n\t\t\t\t<div class=\"elementor-element elementor-element-5919e70 elementor-align-left elementor-widget elementor-widget-etheme_advanced_headline\" data-id=\"5919e70\" data-element_type=\"widget\" data-e-type=\"widget\" data-widget_type=\"etheme_advanced_headline.default\">\n\t\t\t\t<div class=\"elementor-widget-container\">\n\t\t\t\t\t        \n        <div class=\"etheme-a-h-wrapper\">\n        \n            \n\t\t\t\n        <h2 class=\"etheme-advanced-headline etheme-advanced-headline-mask\">\n\n            Marcottestyle et style contemporain :\n        <\/h2>\n\t\t\n                    \n        <\/div>\n        \n\t\t\t\t\t\t<\/div>\n\t\t\t\t<\/div>\n\t\t\t\t\t<\/div>\n\t\t\t\t<\/div>\n\t\t<div class=\"elementor-element elementor-element-e75d3ed e-flex e-con-boxed e-con e-parent\" data-id=\"e75d3ed\" data-element_type=\"container\" data-e-type=\"container\" data-settings=\"{&quot;_ha_eqh_enable&quot;:false}\">\n\t\t\t\t\t<div class=\"e-con-inner\">\n\t\t\t\t<div class=\"elementor-element elementor-element-74194e8 elementor-widget elementor-widget-text-editor\" data-id=\"74194e8\" data-element_type=\"widget\" data-e-type=\"widget\" data-widget_type=\"text-editor.default\">\n\t\t\t\t<div class=\"elementor-widget-container\">\n\t\t\t\t\t\t\t\t\t<p>Avec sa passion pour le style contemporain et sa passion pour l&#8217;artisanat virtuose, Marcottestyle fait la diff\u00e9rence. Le style contemporain cr\u00e9e des lignes l\u00e9g\u00e8rement plus \u00e9pur\u00e9es et un aspect plus moderne qu&#8217;un style campagnard ou classique. <\/p>\n<p>Nous savons comment relier les points. C&#8217;est pourquoi chaque int\u00e9rieur fait l&#8217;objet d&#8217;une discussion approfondie avec le propri\u00e9taire avant que le projet ne soit minutieusement \u00e9labor\u00e9. Nous aimons \u00eatre impliqu\u00e9s d\u00e8s le d\u00e9but du projet afin d&#8217;obtenir un beau r\u00e9sultat dans un style contemporain.  <\/p>\n<p>Dans un int\u00e9rieur contemporain, l&#8217;architecte d&#8217;int\u00e9rieur veillera toujours \u00e0 ce que le style conserve une unit\u00e9 o\u00f9 le confort et l&#8217;esth\u00e9tique sont combin\u00e9s \u00e0 l&#8217;utilit\u00e9 pratique.<\/p>\n\t\t\t\t\t\t\t\t<\/div>\n\t\t\t\t<\/div>\n\t\t\t\t\t<\/div>\n\t\t\t\t<\/div>\n\t\t<div class=\"elementor-element elementor-element-dd8cb02 e-flex e-con-boxed e-con e-parent\" data-id=\"dd8cb02\" data-element_type=\"container\" data-e-type=\"container\" data-settings=\"{&quot;_ha_eqh_enable&quot;:false}\">\n\t\t\t\t\t<div class=\"e-con-inner\">\n\t\t\t\t<div class=\"elementor-element elementor-element-a593fd9 elementor-widget elementor-widget-spacer\" data-id=\"a593fd9\" data-element_type=\"widget\" data-e-type=\"widget\" data-widget_type=\"spacer.default\">\n\t\t\t\t<div class=\"elementor-widget-container\">\n\t\t\t\t\t\t\t<div class=\"elementor-spacer\">\n\t\t\t<div class=\"elementor-spacer-inner\"><\/div>\n\t\t<\/div>\n\t\t\t\t\t\t<\/div>\n\t\t\t\t<\/div>\n\t\t\t\t\t<\/div>\n\t\t\t\t<\/div>\n\t\t\t\t<\/div>\n\t\t","protected":false},"excerpt":{"rendered":"<p>INT\u00c9RIEUR CONTEMPORAIN L&#8217;habitat contemporain est synonyme d&#8217;un style quelque peu \u00e9pur\u00e9, o\u00f9 le design subtil doit \u00eatre int\u00e9gr\u00e9. Avec un bon architecte d&#8217;int\u00e9rieur, le tableau&#8230;<\/p>\n","protected":false},"author":2,"featured_media":0,"parent":0,"menu_order":9,"comment_status":"closed","ping_status":"closed","template":"elementor_header_footer","meta":{"ngg_post_thumbnail":0,"footnotes":""},"class_list":["post-5673","page","type-page","status-publish","hentry"],"_links":{"self":[{"href":"https:\/\/marcottestyle.com\/fr\/wp-json\/wp\/v2\/pages\/5673","targetHints":{"allow":["GET"]}}],"collection":[{"href":"https:\/\/marcottestyle.com\/fr\/wp-json\/wp\/v2\/pages"}],"about":[{"href":"https:\/\/marcottestyle.com\/fr\/wp-json\/wp\/v2\/types\/page"}],"author":[{"embeddable":true,"href":"https:\/\/marcottestyle.com\/fr\/wp-json\/wp\/v2\/users\/2"}],"replies":[{"embeddable":true,"href":"https:\/\/marcottestyle.com\/fr\/wp-json\/wp\/v2\/comments?post=5673"}],"version-history":[{"count":5,"href":"https:\/\/marcottestyle.com\/fr\/wp-json\/wp\/v2\/pages\/5673\/revisions"}],"predecessor-version":[{"id":13234,"href":"https:\/\/marcottestyle.com\/fr\/wp-json\/wp\/v2\/pages\/5673\/revisions\/13234"}],"wp:attachment":[{"href":"https:\/\/marcottestyle.com\/fr\/wp-json\/wp\/v2\/media?parent=5673"}],"curies":[{"name":"wp","href":"https:\/\/api.w.org\/{rel}","templated":true}]}}