{"id":5676,"date":"2018-02-13T09:31:36","date_gmt":"2018-02-13T08:31:36","guid":{"rendered":"http:\/\/marcottestyle.com\/?page_id=5676"},"modified":"2025-02-12T21:26:50","modified_gmt":"2025-02-12T20:26:50","slug":"interieur-cottage","status":"publish","type":"page","link":"https:\/\/marcottestyle.com\/fr\/interieur-cottage\/","title":{"rendered":"Int\u00e9rieur du chalet"},"content":{"rendered":"\t\t<div data-elementor-type=\"wp-page\" data-elementor-id=\"5676\" class=\"elementor elementor-5676 elementor-5357\" data-elementor-settings=\"{&quot;ha_cmc_init_switcher&quot;:&quot;no&quot;}\" data-elementor-post-type=\"page\">\n\t\t\t\t<div class=\"elementor-element elementor-element-58375fa e-flex e-con-boxed e-con e-parent\" data-id=\"58375fa\" data-element_type=\"container\" data-e-type=\"container\" data-settings=\"{&quot;_ha_eqh_enable&quot;:false}\">\n\t\t\t\t\t<div class=\"e-con-inner\">\n\t\t\t\t<div class=\"elementor-element elementor-element-2daf192 elementor-widget elementor-widget-spacer\" data-id=\"2daf192\" data-element_type=\"widget\" data-e-type=\"widget\" data-widget_type=\"spacer.default\">\n\t\t\t\t<div class=\"elementor-widget-container\">\n\t\t\t\t\t\t\t<div class=\"elementor-spacer\">\n\t\t\t<div class=\"elementor-spacer-inner\"><\/div>\n\t\t<\/div>\n\t\t\t\t\t\t<\/div>\n\t\t\t\t<\/div>\n\t\t\t\t\t<\/div>\n\t\t\t\t<\/div>\n\t\t<div class=\"elementor-element elementor-element-82a5acc e-flex e-con-boxed e-con e-parent\" data-id=\"82a5acc\" data-element_type=\"container\" data-e-type=\"container\" data-settings=\"{&quot;_ha_eqh_enable&quot;:false}\">\n\t\t\t\t\t<div class=\"e-con-inner\">\n\t\t\t\t<div class=\"elementor-element elementor-element-0e878b6 elementor-align-left elementor-widget elementor-widget-etheme_advanced_headline\" data-id=\"0e878b6\" data-element_type=\"widget\" data-e-type=\"widget\" data-widget_type=\"etheme_advanced_headline.default\">\n\t\t\t\t<div class=\"elementor-widget-container\">\n\t\t\t\t\t        \n        <div class=\"etheme-a-h-wrapper\">\n        \n            \n\t\t\t\n        <h2 class=\"etheme-advanced-headline etheme-advanced-headline-mask\">\n\n            INT\u00c9RIEUR DU CHALET\n        <\/h2>\n\t\t\n                    \n        <\/div>\n        \n\t\t\t\t\t\t<\/div>\n\t\t\t\t<\/div>\n\t\t\t\t\t<\/div>\n\t\t\t\t<\/div>\n\t\t<div class=\"elementor-element elementor-element-3e5ebe2 e-flex e-con-boxed e-con e-parent\" data-id=\"3e5ebe2\" data-element_type=\"container\" data-e-type=\"container\" data-settings=\"{&quot;_ha_eqh_enable&quot;:false}\">\n\t\t\t\t\t<div class=\"e-con-inner\">\n\t\t\t\t<div class=\"elementor-element elementor-element-2f7a4c6 elementor-widget elementor-widget-text-editor\" data-id=\"2f7a4c6\" data-element_type=\"widget\" data-e-type=\"widget\" data-widget_type=\"text-editor.default\">\n\t\t\t\t<div class=\"elementor-widget-container\">\n\t\t\t\t\t\t\t\t\t<p>Aujourd&#8217;hui, c&#8217;est toujours l&#8217;un des styles les plus populaires : le style cottage. Les int\u00e9rieurs peuvent faire beaucoup pour contrer l&#8217;agitation et le stress de chacun d&#8217;entre nous. C&#8217;est un grand bonheur de pouvoir rentrer chez soi dans un int\u00e9rieur unique et chaleureux. Ce style de d\u00e9coration int\u00e9rieure est tr\u00e8s proche du style Marcotte. Des couleurs douces et des meubles tels que des si\u00e8ges confortables en tissu avec une d\u00e9coration appropri\u00e9e cr\u00e9ent une sorte de look vintage. En fonction de vos go\u00fbts et des caract\u00e9ristiques architecturales de votre maison, vous pouvez choisir diff\u00e9rentes combinaisons de couleurs douces pour compl\u00e9ter votre int\u00e9rieur de cottage. L\u00e0 encore, il est tr\u00e8s avantageux de pouvoir compter sur un sp\u00e9cialiste de la d\u00e9coration d&#8217;int\u00e9rieur qui vous donnera les bons conseils pour \u00e9viter toute d\u00e9ception.      <\/p>\n\t\t\t\t\t\t\t\t<\/div>\n\t\t\t\t<\/div>\n\t\t\t\t\t<\/div>\n\t\t\t\t<\/div>\n\t\t<div class=\"elementor-element elementor-element-5f43a23 e-flex e-con-boxed e-con e-parent\" data-id=\"5f43a23\" data-element_type=\"container\" data-e-type=\"container\" data-settings=\"{&quot;_ha_eqh_enable&quot;:false}\">\n\t\t\t\t\t<div class=\"e-con-inner\">\n\t\t\t\t<div class=\"elementor-element elementor-element-27aa6fa elementor-widget elementor-widget-shortcode\" data-id=\"27aa6fa\" data-element_type=\"widget\" data-e-type=\"widget\" data-widget_type=\"shortcode.default\">\n\t\t\t\t<div class=\"elementor-widget-container\">\n\t\t\t\t\t\t\t<div class=\"elementor-shortcode\">ngg_shortcode_0_placeholder<\/div>\n\t\t\t\t\t\t<\/div>\n\t\t\t\t<\/div>\n\t\t\t\t<div class=\"elementor-element elementor-element-a43c27b elementor-widget elementor-widget-spacer\" data-id=\"a43c27b\" data-element_type=\"widget\" data-e-type=\"widget\" data-widget_type=\"spacer.default\">\n\t\t\t\t<div class=\"elementor-widget-container\">\n\t\t\t\t\t\t\t<div class=\"elementor-spacer\">\n\t\t\t<div class=\"elementor-spacer-inner\"><\/div>\n\t\t<\/div>\n\t\t\t\t\t\t<\/div>\n\t\t\t\t<\/div>\n\t\t\t\t\t<\/div>\n\t\t\t\t<\/div>\n\t\t<div class=\"elementor-element elementor-element-c6b8355 e-flex e-con-boxed e-con e-parent\" data-id=\"c6b8355\" data-element_type=\"container\" data-e-type=\"container\" data-settings=\"{&quot;_ha_eqh_enable&quot;:false}\">\n\t\t\t\t\t<div class=\"e-con-inner\">\n\t\t\t\t<div class=\"elementor-element elementor-element-02ab610 elementor-align-left elementor-widget elementor-widget-etheme_advanced_headline\" data-id=\"02ab610\" data-element_type=\"widget\" data-e-type=\"widget\" data-widget_type=\"etheme_advanced_headline.default\">\n\t\t\t\t<div class=\"elementor-widget-container\">\n\t\t\t\t\t        \n        <div class=\"etheme-a-h-wrapper\">\n        \n            \n\t\t\t\n        <h2 class=\"etheme-advanced-headline etheme-advanced-headline-mask\">\n\n            Nous rendons justice \u00e0 l'int\u00e9rieur de votre chalet.\n        <\/h2>\n\t\t\n                    \n        <\/div>\n        \n\t\t\t\t\t\t<\/div>\n\t\t\t\t<\/div>\n\t\t\t\t\t<\/div>\n\t\t\t\t<\/div>\n\t\t<div class=\"elementor-element elementor-element-bcc7f78 e-flex e-con-boxed e-con e-parent\" data-id=\"bcc7f78\" data-element_type=\"container\" data-e-type=\"container\" data-settings=\"{&quot;_ha_eqh_enable&quot;:false}\">\n\t\t\t\t\t<div class=\"e-con-inner\">\n\t\t\t\t<div class=\"elementor-element elementor-element-2fde13d elementor-widget elementor-widget-text-editor\" data-id=\"2fde13d\" data-element_type=\"widget\" data-e-type=\"widget\" data-widget_type=\"text-editor.default\">\n\t\t\t\t<div class=\"elementor-widget-container\">\n\t\t\t\t\t\t\t\t\t<p>Les lambris et les plafonds en bois avec des poutres sont \u00e9galement typiques de ce style familier. En fonction de la combinaison des couleurs et des textures, ces \u00e9l\u00e9ments conf\u00e8rent \u00e0 la maison une identit\u00e9 propre et une ambiance chaleureuse. Le blanc cass\u00e9 est le plus souvent utilis\u00e9 pour le plafond. Cela donne \u00e0 la maison l&#8217;aspect typique d&#8217;un int\u00e9rieur de cottage. Marcotte Style distribue \u00e9galement des meubles assortis. Ils sont g\u00e9n\u00e9ralement fabriqu\u00e9s en ch\u00eane massif blanchi \u00e0 l&#8217;ammoniaque, ce qui leur conf\u00e8re un aspect plus ancien. N&#8217;achetez pas non plus les premiers meubles de cottage, mais uniquement des sp\u00e9cimens solides qui peuvent habiller un peu l&#8217;int\u00e9rieur. D\u00e8s le premier pas dans la maison, vous pouvez sentir qu&#8217;un bon architecte d&#8217;int\u00e9rieur a fait justice \u00e0 l&#8217;int\u00e9rieur.       <\/p>\n\t\t\t\t\t\t\t\t<\/div>\n\t\t\t\t<\/div>\n\t\t\t\t\t<\/div>\n\t\t\t\t<\/div>\n\t\t<div class=\"elementor-element elementor-element-c1c2dff e-flex e-con-boxed e-con e-parent\" data-id=\"c1c2dff\" data-element_type=\"container\" data-e-type=\"container\" data-settings=\"{&quot;_ha_eqh_enable&quot;:false}\">\n\t\t\t\t\t<div class=\"e-con-inner\">\n\t\t\t\t<div class=\"elementor-element elementor-element-f652824 elementor-widget elementor-widget-text-editor\" data-id=\"f652824\" data-element_type=\"widget\" data-e-type=\"widget\" data-widget_type=\"text-editor.default\">\n\t\t\t\t<div class=\"elementor-widget-container\">\n\t\t\t\t\t\t\t\t\t<p>L&#8217;int\u00e9rieur de votre cottage vous permet d&#8217;\u00e9chapper au stress de la vie quotidienne. Nous cr\u00e9ons ainsi le sentiment de &#8220;maison&#8221; douillette auquel tout le monde a droit. <\/p>\n\t\t\t\t\t\t\t\t<\/div>\n\t\t\t\t<\/div>\n\t\t\t\t\t<\/div>\n\t\t\t\t<\/div>\n\t\t<div class=\"elementor-element elementor-element-d8ee353 e-flex e-con-boxed e-con e-parent\" data-id=\"d8ee353\" data-element_type=\"container\" data-e-type=\"container\" data-settings=\"{&quot;_ha_eqh_enable&quot;:false}\">\n\t\t\t\t\t<div class=\"e-con-inner\">\n\t\t\t\t<div class=\"elementor-element elementor-element-ed6c970 elementor-widget elementor-widget-text-editor\" data-id=\"ed6c970\" data-element_type=\"widget\" data-e-type=\"widget\" data-widget_type=\"text-editor.default\">\n\t\t\t\t<div class=\"elementor-widget-container\">\n\t\t\t\t\t\t\t\t\t<p>N&#8217;h\u00e9sitez pas \u00e0 <a href=\"https:\/\/marcottestyle.com\/contact\/\">nous<\/a> contacter ou \u00e0 consulter nos <a href=\"https:\/\/marcottestyle.com\/portfolio\/\">r\u00e9alisations<\/a>.<\/p>\n\t\t\t\t\t\t\t\t<\/div>\n\t\t\t\t<\/div>\n\t\t\t\t\t<\/div>\n\t\t\t\t<\/div>\n\t\t<div class=\"elementor-element elementor-element-74b3982 e-flex e-con-boxed e-con e-parent\" data-id=\"74b3982\" data-element_type=\"container\" data-e-type=\"container\" data-settings=\"{&quot;_ha_eqh_enable&quot;:false}\">\n\t\t\t\t\t<div class=\"e-con-inner\">\n\t\t\t\t<div class=\"elementor-element elementor-element-6079373 elementor-widget elementor-widget-spacer\" data-id=\"6079373\" data-element_type=\"widget\" data-e-type=\"widget\" data-widget_type=\"spacer.default\">\n\t\t\t\t<div class=\"elementor-widget-container\">\n\t\t\t\t\t\t\t<div class=\"elementor-spacer\">\n\t\t\t<div class=\"elementor-spacer-inner\"><\/div>\n\t\t<\/div>\n\t\t\t\t\t\t<\/div>\n\t\t\t\t<\/div>\n\t\t\t\t\t<\/div>\n\t\t\t\t<\/div>\n\t\t\t\t<\/div>\n\t\t","protected":false},"excerpt":{"rendered":"<p>INT\u00c9RIEUR DU CHALET Aujourd&#8217;hui, c&#8217;est toujours l&#8217;un des styles les plus populaires : le style cottage. Les int\u00e9rieurs peuvent faire beaucoup pour contrer l&#8217;agitation et&#8230;<\/p>\n","protected":false},"author":2,"featured_media":0,"parent":0,"menu_order":7,"comment_status":"closed","ping_status":"closed","template":"elementor_header_footer","meta":{"ngg_post_thumbnail":0,"footnotes":""},"class_list":["post-5676","page","type-page","status-publish","hentry"],"_links":{"self":[{"href":"https:\/\/marcottestyle.com\/fr\/wp-json\/wp\/v2\/pages\/5676","targetHints":{"allow":["GET"]}}],"collection":[{"href":"https:\/\/marcottestyle.com\/fr\/wp-json\/wp\/v2\/pages"}],"about":[{"href":"https:\/\/marcottestyle.com\/fr\/wp-json\/wp\/v2\/types\/page"}],"author":[{"embeddable":true,"href":"https:\/\/marcottestyle.com\/fr\/wp-json\/wp\/v2\/users\/2"}],"replies":[{"embeddable":true,"href":"https:\/\/marcottestyle.com\/fr\/wp-json\/wp\/v2\/comments?post=5676"}],"version-history":[{"count":5,"href":"https:\/\/marcottestyle.com\/fr\/wp-json\/wp\/v2\/pages\/5676\/revisions"}],"predecessor-version":[{"id":6353,"href":"https:\/\/marcottestyle.com\/fr\/wp-json\/wp\/v2\/pages\/5676\/revisions\/6353"}],"wp:attachment":[{"href":"https:\/\/marcottestyle.com\/fr\/wp-json\/wp\/v2\/media?parent=5676"}],"curies":[{"name":"wp","href":"https:\/\/api.w.org\/{rel}","templated":true}]}}