{"id":5683,"date":"2018-02-12T17:19:38","date_gmt":"2018-02-12T16:19:38","guid":{"rendered":"http:\/\/marcottestyle.com\/?page_id=5683"},"modified":"2020-01-02T15:08:13","modified_gmt":"2020-01-02T14:08:13","slug":"new-york-style","status":"publish","type":"page","link":"https:\/\/marcottestyle.com\/fr\/new-york-style\/","title":{"rendered":"New York Style"},"content":{"rendered":"<p>Qui ne peut pas r\u00eaver une fois d\u2019un penthouse dans la 5\u00e8me avenue \u00e0 New York. Ce style est plut\u00f4t extravagant sans pour autant \u00eatre kitch. Marcottestyle ne va en tout cas jamais vers l&#8217;exub\u00e9rance mais reste toujours dans l&#8217;opulence sobre classique et chic. Toutes pi\u00e8ce sera \u00e9quip\u00e9e au minimum de syst\u00e8me de musique de haute qualit\u00e9 avec commande \u00e0 distance, de l\u2019air conditionn\u00e9 aux volets automatiques ; tout restera d\u2019une certaine fa\u00e7on un peu remarquable. L&#8217;architecte d&#8217;int\u00e9rieur devra suivre le hi-tec \u00e0 la lettre. Les baffles de musiques ou les bouches d\u2019a\u00e9rations devront toujours \u00eatre bien dissimul\u00e9 dans les plafonds ou murs. Une t\u00e9l\u00e9vision qui se glisse automatiquement hors d\u2019un meuble avec commande \u00e0 distance et le faite d\u2019avoir une musique connect\u00e9 avec internet qui vous permet de recevoir la musique de votre style pr\u00e9f\u00e9r\u00e9 : jazz, top 100, Crooze, Classique, hip-hop,&#8230; \u00e0 partir de votre IPhone, accentue le style New York.<\/p>\n<p>Le style m\u00e9tropolitain se penche pr\u00e8s de celui-ci, parce qu\u2019elle aussi se situe autour du luxe et du confort. Mais le style New York ne porte aucune attention aux paillettes et glamour avec des effets m\u00e9talliques qui apporteraient un peu trop de brillance dans l\u2019int\u00e9rieur. Marcottestyle se distance quelque part de ce style qui est de toute fa\u00e7on un peu trop kitch.<\/p>\n<div>[seo-gallery type=&#8221;3-columns&#8221; taxonomy=&#8221;91&#8243; num=&#8221;4,11&#8243;]<\/div>\n<p>Le Style New York est donc \u00e9galement un style pour impressionner les visiteurs de fa\u00e7on sobre et \u00e9l\u00e9gant, o\u00f9 \u00e0 nouveau tous les meubles, d\u00e9coration d\u2019origine ethnique ou classique font remonter le sentiment d&#8217;un citoyen du monde avec go\u00fbt et classe.<\/p>\n<p>Un tel style s\u2019entend combin\u00e9 avec un th\u00e8me contrast\u00e9, des couleurs et du nickel m\u00e9lang\u00e9s avec certains \u00e9l\u00e9ments r\u00e9tro nostalgiques. Ici nous ne pouvons pas exp\u00e9rimenter. Tout doit rester subtil. G\u00e9n\u00e9ralement l\u2019uniquement fa\u00e7on d\u2019obtenir le r\u00e9sultat attendu est de passer par un d\u00e9corateur d&#8217;int\u00e9rieur exp\u00e9riment\u00e9.<\/p>\n<p>Contactez-nous\u00a0sans engagement ou\u00a0d\u00e9couvrez nos r\u00e9alisations.\u00a0 \u00cates-vous attir\u00e9 par le style vintage industriel d&#8217;un loft new-yorkais et vous ne savez pas comment int\u00e9grer ce style dans votre maison? <a href=\"https:\/\/marcottestyle.com\/fr\/contact\/\">Contactez<\/a> ensuite le sp\u00e9cialiste du style new-yorkais ou du Marcottestyle.<\/p>\n","protected":false},"excerpt":{"rendered":"<p>Qui ne peut pas r\u00eaver une fois d\u2019un penthouse dans la 5\u00e8me avenue \u00e0 New York. Ce style est plut\u00f4t extravagant sans pour autant \u00eatre&#8230;<\/p>\n","protected":false},"author":2,"featured_media":0,"parent":0,"menu_order":1,"comment_status":"closed","ping_status":"closed","template":"elementor_header_footer","meta":{"ngg_post_thumbnail":0,"footnotes":""},"class_list":["post-5683","page","type-page","status-publish","hentry"],"_links":{"self":[{"href":"https:\/\/marcottestyle.com\/fr\/wp-json\/wp\/v2\/pages\/5683","targetHints":{"allow":["GET"]}}],"collection":[{"href":"https:\/\/marcottestyle.com\/fr\/wp-json\/wp\/v2\/pages"}],"about":[{"href":"https:\/\/marcottestyle.com\/fr\/wp-json\/wp\/v2\/types\/page"}],"author":[{"embeddable":true,"href":"https:\/\/marcottestyle.com\/fr\/wp-json\/wp\/v2\/users\/2"}],"replies":[{"embeddable":true,"href":"https:\/\/marcottestyle.com\/fr\/wp-json\/wp\/v2\/comments?post=5683"}],"version-history":[{"count":4,"href":"https:\/\/marcottestyle.com\/fr\/wp-json\/wp\/v2\/pages\/5683\/revisions"}],"predecessor-version":[{"id":13351,"href":"https:\/\/marcottestyle.com\/fr\/wp-json\/wp\/v2\/pages\/5683\/revisions\/13351"}],"wp:attachment":[{"href":"https:\/\/marcottestyle.com\/fr\/wp-json\/wp\/v2\/media?parent=5683"}],"curies":[{"name":"wp","href":"https:\/\/api.w.org\/{rel}","templated":true}]}}