{"id":5686,"date":"2018-02-12T17:23:35","date_gmt":"2018-02-12T16:23:35","guid":{"rendered":"http:\/\/marcottestyle.com\/?page_id=5686"},"modified":"2025-02-12T21:28:55","modified_gmt":"2025-02-12T20:28:55","slug":"interieur-retro-design","status":"publish","type":"page","link":"https:\/\/marcottestyle.com\/fr\/interieur-retro-design\/","title":{"rendered":"Int\u00e9rieur r\u00e9tro"},"content":{"rendered":"\t\t<div data-elementor-type=\"wp-page\" data-elementor-id=\"5686\" class=\"elementor elementor-5686 elementor-5350\" data-elementor-settings=\"{&quot;ha_cmc_init_switcher&quot;:&quot;no&quot;}\" data-elementor-post-type=\"page\">\n\t\t\t\t<div class=\"elementor-element elementor-element-ccb6c35 e-flex e-con-boxed e-con e-parent\" data-id=\"ccb6c35\" data-element_type=\"container\" data-e-type=\"container\" data-settings=\"{&quot;_ha_eqh_enable&quot;:false}\">\n\t\t\t\t\t<div class=\"e-con-inner\">\n\t\t\t\t<div class=\"elementor-element elementor-element-39877a4 elementor-widget elementor-widget-spacer\" data-id=\"39877a4\" data-element_type=\"widget\" data-e-type=\"widget\" data-widget_type=\"spacer.default\">\n\t\t\t\t<div class=\"elementor-widget-container\">\n\t\t\t\t\t\t\t<div class=\"elementor-spacer\">\n\t\t\t<div class=\"elementor-spacer-inner\"><\/div>\n\t\t<\/div>\n\t\t\t\t\t\t<\/div>\n\t\t\t\t<\/div>\n\t\t\t\t\t<\/div>\n\t\t\t\t<\/div>\n\t\t<div class=\"elementor-element elementor-element-4b57bd9 e-flex e-con-boxed e-con e-parent\" data-id=\"4b57bd9\" data-element_type=\"container\" data-e-type=\"container\" data-settings=\"{&quot;_ha_eqh_enable&quot;:false}\">\n\t\t\t\t\t<div class=\"e-con-inner\">\n\t\t\t\t<div class=\"elementor-element elementor-element-bed0cb7 elementor-align-left elementor-widget elementor-widget-etheme_advanced_headline\" data-id=\"bed0cb7\" data-element_type=\"widget\" data-e-type=\"widget\" data-widget_type=\"etheme_advanced_headline.default\">\n\t\t\t\t<div class=\"elementor-widget-container\">\n\t\t\t\t\t        \n        <div class=\"etheme-a-h-wrapper\">\n        \n            \n\t\t\t\n        <h2 class=\"etheme-advanced-headline etheme-advanced-headline-mask\">\n\n            DESIGN R\u00c9TRO INT\u00c9RIEUR\n        <\/h2>\n\t\t\n                    \n        <\/div>\n        \n\t\t\t\t\t\t<\/div>\n\t\t\t\t<\/div>\n\t\t\t\t\t<\/div>\n\t\t\t\t<\/div>\n\t\t<div class=\"elementor-element elementor-element-c7eb98e e-flex e-con-boxed e-con e-parent\" data-id=\"c7eb98e\" data-element_type=\"container\" data-e-type=\"container\" data-settings=\"{&quot;_ha_eqh_enable&quot;:false}\">\n\t\t\t\t\t<div class=\"e-con-inner\">\n\t\t\t\t<div class=\"elementor-element elementor-element-bd4cb6e elementor-widget elementor-widget-text-editor\" data-id=\"bd4cb6e\" data-element_type=\"widget\" data-e-type=\"widget\" data-widget_type=\"text-editor.default\">\n\t\t\t\t<div class=\"elementor-widget-container\">\n\t\t\t\t\t\t\t\t\t<p>Outre l&#8217;aspect innovant du mobilier, le lien explicite entre le pass\u00e9 et le pr\u00e9sent est tout \u00e0 fait fascinant. Ici, quelque part, comme avec le style m\u00e9tropolitain, on va cr\u00e9er la libert\u00e9 de combiner la d\u00e9coration, les couleurs et les mat\u00e9riaux de plusieurs styles, sans \u00eatre d\u00e9rangeant. Au contraire : le design r\u00e9tro fera para\u00eetre les pr\u00e9cieuses antiquit\u00e9s un peu plus jeunes et plus fra\u00eeches. Un int\u00e9rieur r\u00e9tro avec des meubles contemporains ou modernes ici et l\u00e0 est m\u00eame tr\u00e8s \u00e9l\u00e9gant !   <\/p>\n\t\t\t\t\t\t\t\t<\/div>\n\t\t\t\t<\/div>\n\t\t\t\t\t<\/div>\n\t\t\t\t<\/div>\n\t\t<div class=\"elementor-element elementor-element-574ccfd e-flex e-con-boxed e-con e-parent\" data-id=\"574ccfd\" data-element_type=\"container\" data-e-type=\"container\" data-settings=\"{&quot;_ha_eqh_enable&quot;:false}\">\n\t\t\t\t\t<div class=\"e-con-inner\">\n\t\t\t\t<div class=\"elementor-element elementor-element-85d6dbe elementor-widget elementor-widget-shortcode\" data-id=\"85d6dbe\" data-element_type=\"widget\" data-e-type=\"widget\" data-widget_type=\"shortcode.default\">\n\t\t\t\t<div class=\"elementor-widget-container\">\n\t\t\t\t\t\t\t<div class=\"elementor-shortcode\">ngg_shortcode_0_placeholder<\/div>\n\t\t\t\t\t\t<\/div>\n\t\t\t\t<\/div>\n\t\t\t\t<div class=\"elementor-element elementor-element-3b1483d elementor-widget elementor-widget-spacer\" data-id=\"3b1483d\" data-element_type=\"widget\" data-e-type=\"widget\" data-widget_type=\"spacer.default\">\n\t\t\t\t<div class=\"elementor-widget-container\">\n\t\t\t\t\t\t\t<div class=\"elementor-spacer\">\n\t\t\t<div class=\"elementor-spacer-inner\"><\/div>\n\t\t<\/div>\n\t\t\t\t\t\t<\/div>\n\t\t\t\t<\/div>\n\t\t\t\t\t<\/div>\n\t\t\t\t<\/div>\n\t\t<div class=\"elementor-element elementor-element-4c02317 e-flex e-con-boxed e-con e-parent\" data-id=\"4c02317\" data-element_type=\"container\" data-e-type=\"container\" data-settings=\"{&quot;_ha_eqh_enable&quot;:false}\">\n\t\t\t\t\t<div class=\"e-con-inner\">\n\t\t\t\t<div class=\"elementor-element elementor-element-281e565 elementor-align-left elementor-widget elementor-widget-etheme_advanced_headline\" data-id=\"281e565\" data-element_type=\"widget\" data-e-type=\"widget\" data-widget_type=\"etheme_advanced_headline.default\">\n\t\t\t\t<div class=\"elementor-widget-container\">\n\t\t\t\t\t        \n        <div class=\"etheme-a-h-wrapper\">\n        \n            \n\t\t\t\n        <h2 class=\"etheme-advanced-headline etheme-advanced-headline-mask\">\n\n            Caract\u00e9ristiques des int\u00e9rieurs r\u00e9tro\n        <\/h2>\n\t\t\n                    \n        <\/div>\n        \n\t\t\t\t\t\t<\/div>\n\t\t\t\t<\/div>\n\t\t\t\t\t<\/div>\n\t\t\t\t<\/div>\n\t\t<div class=\"elementor-element elementor-element-eb27491 e-flex e-con-boxed e-con e-parent\" data-id=\"eb27491\" data-element_type=\"container\" data-e-type=\"container\" data-settings=\"{&quot;_ha_eqh_enable&quot;:false}\">\n\t\t\t\t\t<div class=\"e-con-inner\">\n\t\t\t\t<div class=\"elementor-element elementor-element-64a9858 elementor-widget elementor-widget-text-editor\" data-id=\"64a9858\" data-element_type=\"widget\" data-e-type=\"widget\" data-widget_type=\"text-editor.default\">\n\t\t\t\t<div class=\"elementor-widget-container\">\n\t\t\t\t\t\t\t\t\t<p>Contrairement au style m\u00e9tropolitain, qui va combiner beaucoup de paillettes et de glamour, d&#8217;effets m\u00e9talliques et de verre, un int\u00e9rieur innovant de style r\u00e9tro va plut\u00f4t dans le sens d&#8217;un chic sobre, en revalorisant des meubles, des objets ou des ornements muraux anciens existants en les int\u00e9grant dans un cadre contemporain. Il s&#8217;agit d&#8217;un style distingu\u00e9, avec des rideaux, une d\u00e9coration et des meubles riches, m\u00e9lang\u00e9s \u00e0 des \u00e9l\u00e9ments plus contemporains. Toutefois, ce d\u00e9cor peut \u00eatre aussi moderne ou classique que vous le souhaitez.  <\/p>\n\t\t\t\t\t\t\t\t<\/div>\n\t\t\t\t<\/div>\n\t\t\t\t\t<\/div>\n\t\t\t\t<\/div>\n\t\t<div class=\"elementor-element elementor-element-d39ff02 e-flex e-con-boxed e-con e-parent\" data-id=\"d39ff02\" data-element_type=\"container\" data-e-type=\"container\" data-settings=\"{&quot;_ha_eqh_enable&quot;:false}\">\n\t\t\t\t\t<div class=\"e-con-inner\">\n\t\t\t\t<div class=\"elementor-element elementor-element-470fd46 elementor-align-left elementor-widget elementor-widget-etheme_advanced_headline\" data-id=\"470fd46\" data-element_type=\"widget\" data-e-type=\"widget\" data-widget_type=\"etheme_advanced_headline.default\">\n\t\t\t\t<div class=\"elementor-widget-container\">\n\t\t\t\t\t        \n        <div class=\"etheme-a-h-wrapper\">\n        \n            \n\t\t\t\n        <h2 class=\"etheme-advanced-headline etheme-advanced-headline-mask\">\n\n            Une maison de ville avec un int\u00e9rieur au design r\u00e9tro :\n        <\/h2>\n\t\t\n                    \n        <\/div>\n        \n\t\t\t\t\t\t<\/div>\n\t\t\t\t<\/div>\n\t\t\t\t\t<\/div>\n\t\t\t\t<\/div>\n\t\t<div class=\"elementor-element elementor-element-8cc4ffe e-flex e-con-boxed e-con e-parent\" data-id=\"8cc4ffe\" data-element_type=\"container\" data-e-type=\"container\" data-settings=\"{&quot;_ha_eqh_enable&quot;:false}\">\n\t\t\t\t\t<div class=\"e-con-inner\">\n\t\t\t\t<div class=\"elementor-element elementor-element-9cb9cc5 elementor-widget elementor-widget-text-editor\" data-id=\"9cb9cc5\" data-element_type=\"widget\" data-e-type=\"widget\" data-widget_type=\"text-editor.default\">\n\t\t\t\t<div class=\"elementor-widget-container\">\n\t\t\t\t\t\t\t\t\t<p>Une maison de ma\u00eetre au pass\u00e9 nostalgique doit \u00eatre respect\u00e9e et red\u00e9cor\u00e9e en son honneur. Lors de la r\u00e9novation d&#8217;une telle demeure, il est \u00e9vident que quelques meubles anciens sont indispensables. Un d\u00e9corateur d&#8217;int\u00e9rieur renomm\u00e9 tel que Marcottestyle est le mieux plac\u00e9 pour pr\u00e9server tout l&#8217;honneur d&#8217;un manoir et illuminer une telle maison avec de nouvelles peintures fra\u00eeches. La d\u00e9coration avec de beaux rideaux et tapis am\u00e9liorera certainement l&#8217;int\u00e9rieur. Marcottestyle sait mieux que quiconque comment combiner le style r\u00e9tro ou classique avec des \u00e9l\u00e9ments plus jeunes et frais sans tomber dans l&#8217;exc\u00e8s.    <\/p>\n\t\t\t\t\t\t\t\t<\/div>\n\t\t\t\t<\/div>\n\t\t\t\t\t<\/div>\n\t\t\t\t<\/div>\n\t\t<div class=\"elementor-element elementor-element-072a759 e-flex e-con-boxed e-con e-parent\" data-id=\"072a759\" data-element_type=\"container\" data-e-type=\"container\" data-settings=\"{&quot;_ha_eqh_enable&quot;:false}\">\n\t\t\t\t\t<div class=\"e-con-inner\">\n\t\t\t\t<div class=\"elementor-element elementor-element-4adfa5c elementor-widget elementor-widget-spacer\" data-id=\"4adfa5c\" data-element_type=\"widget\" data-e-type=\"widget\" data-widget_type=\"spacer.default\">\n\t\t\t\t<div class=\"elementor-widget-container\">\n\t\t\t\t\t\t\t<div class=\"elementor-spacer\">\n\t\t\t<div class=\"elementor-spacer-inner\"><\/div>\n\t\t<\/div>\n\t\t\t\t\t\t<\/div>\n\t\t\t\t<\/div>\n\t\t\t\t\t<\/div>\n\t\t\t\t<\/div>\n\t\t\t\t<\/div>\n\t\t","protected":false},"excerpt":{"rendered":"<p>DESIGN R\u00c9TRO INT\u00c9RIEUR Outre l&#8217;aspect innovant du mobilier, le lien explicite entre le pass\u00e9 et le pr\u00e9sent est tout \u00e0 fait fascinant. Ici, quelque part,&#8230;<\/p>\n","protected":false},"author":2,"featured_media":0,"parent":0,"menu_order":4,"comment_status":"closed","ping_status":"closed","template":"elementor_header_footer","meta":{"ngg_post_thumbnail":0,"footnotes":""},"class_list":["post-5686","page","type-page","status-publish","hentry"],"_links":{"self":[{"href":"https:\/\/marcottestyle.com\/fr\/wp-json\/wp\/v2\/pages\/5686","targetHints":{"allow":["GET"]}}],"collection":[{"href":"https:\/\/marcottestyle.com\/fr\/wp-json\/wp\/v2\/pages"}],"about":[{"href":"https:\/\/marcottestyle.com\/fr\/wp-json\/wp\/v2\/types\/page"}],"author":[{"embeddable":true,"href":"https:\/\/marcottestyle.com\/fr\/wp-json\/wp\/v2\/users\/2"}],"replies":[{"embeddable":true,"href":"https:\/\/marcottestyle.com\/fr\/wp-json\/wp\/v2\/comments?post=5686"}],"version-history":[{"count":3,"href":"https:\/\/marcottestyle.com\/fr\/wp-json\/wp\/v2\/pages\/5686\/revisions"}],"predecessor-version":[{"id":13291,"href":"https:\/\/marcottestyle.com\/fr\/wp-json\/wp\/v2\/pages\/5686\/revisions\/13291"}],"wp:attachment":[{"href":"https:\/\/marcottestyle.com\/fr\/wp-json\/wp\/v2\/media?parent=5686"}],"curies":[{"name":"wp","href":"https:\/\/api.w.org\/{rel}","templated":true}]}}