{"id":5688,"date":"2018-02-12T17:22:45","date_gmt":"2018-02-12T16:22:45","guid":{"rendered":"http:\/\/marcottestyle.com\/?page_id=5688"},"modified":"2025-02-12T21:28:46","modified_gmt":"2025-02-12T20:28:46","slug":"interieur-cottage-campagnard","status":"publish","type":"page","link":"https:\/\/marcottestyle.com\/fr\/interieur-cottage-campagnard\/","title":{"rendered":"Int\u00e9rieur rural"},"content":{"rendered":"\t\t<div data-elementor-type=\"wp-page\" data-elementor-id=\"5688\" class=\"elementor elementor-5688 elementor-5348\" data-elementor-settings=\"{&quot;ha_cmc_init_switcher&quot;:&quot;no&quot;}\" data-elementor-post-type=\"page\">\n\t\t\t\t<div class=\"elementor-element elementor-element-fea6c54 e-flex e-con-boxed e-con e-parent\" data-id=\"fea6c54\" data-element_type=\"container\" data-e-type=\"container\" data-settings=\"{&quot;_ha_eqh_enable&quot;:false}\">\n\t\t\t\t\t<div class=\"e-con-inner\">\n\t\t\t\t<div class=\"elementor-element elementor-element-7b0fa9c elementor-widget elementor-widget-spacer\" data-id=\"7b0fa9c\" data-element_type=\"widget\" data-e-type=\"widget\" data-widget_type=\"spacer.default\">\n\t\t\t\t<div class=\"elementor-widget-container\">\n\t\t\t\t\t\t\t<div class=\"elementor-spacer\">\n\t\t\t<div class=\"elementor-spacer-inner\"><\/div>\n\t\t<\/div>\n\t\t\t\t\t\t<\/div>\n\t\t\t\t<\/div>\n\t\t\t\t\t<\/div>\n\t\t\t\t<\/div>\n\t\t<div class=\"elementor-element elementor-element-7ed8b59 e-flex e-con-boxed e-con e-parent\" data-id=\"7ed8b59\" data-element_type=\"container\" data-e-type=\"container\" data-settings=\"{&quot;_ha_eqh_enable&quot;:false}\">\n\t\t\t\t\t<div class=\"e-con-inner\">\n\t\t\t\t<div class=\"elementor-element elementor-element-541b0bd elementor-align-left elementor-widget elementor-widget-etheme_advanced_headline\" data-id=\"541b0bd\" data-element_type=\"widget\" data-e-type=\"widget\" data-widget_type=\"etheme_advanced_headline.default\">\n\t\t\t\t<div class=\"elementor-widget-container\">\n\t\t\t\t\t        \n        <div class=\"etheme-a-h-wrapper\">\n        \n            \n\t\t\t\n        <h2 class=\"etheme-advanced-headline etheme-advanced-headline-mask\">\n\n            RURAL INTERIOR\n        <\/h2>\n\t\t\n                    \n        <\/div>\n        \n\t\t\t\t\t\t<\/div>\n\t\t\t\t<\/div>\n\t\t\t\t\t<\/div>\n\t\t\t\t<\/div>\n\t\t<div class=\"elementor-element elementor-element-d24034b e-flex e-con-boxed e-con e-parent\" data-id=\"d24034b\" data-element_type=\"container\" data-e-type=\"container\" data-settings=\"{&quot;_ha_eqh_enable&quot;:false}\">\n\t\t\t\t\t<div class=\"e-con-inner\">\n\t\t\t\t<div class=\"elementor-element elementor-element-2d55344 elementor-widget elementor-widget-text-editor\" data-id=\"2d55344\" data-element_type=\"widget\" data-e-type=\"widget\" data-widget_type=\"text-editor.default\">\n\t\t\t\t<div class=\"elementor-widget-container\">\n\t\t\t\t\t\t\t\t\t<p>D\u00e9corer un int\u00e9rieur campagnard \u00e9l\u00e9gant dans le style cottage anglais, style long island ou autre style classique est un d\u00e9fi que Marcotte Style peut relever comme aucun autre. Trouver l&#8217;inspiration, parcourir l&#8217;internet, les blogs sur la maison et la d\u00e9coration, pinterest, etc. pour trouver de bonnes id\u00e9es de d\u00e9coration int\u00e9rieure est une chose, mais les mettre en pratique et les r\u00e9unir pour former un beau concept global en est une autre. <\/p>\n\t\t\t\t\t\t\t\t<\/div>\n\t\t\t\t<\/div>\n\t\t\t\t\t<\/div>\n\t\t\t\t<\/div>\n\t\t<div class=\"elementor-element elementor-element-e6a6a3f e-flex e-con-boxed e-con e-parent\" data-id=\"e6a6a3f\" data-element_type=\"container\" data-e-type=\"container\" data-settings=\"{&quot;_ha_eqh_enable&quot;:false}\">\n\t\t\t\t\t<div class=\"e-con-inner\">\n\t\t\t\t<div class=\"elementor-element elementor-element-70bb434 elementor-align-left elementor-widget elementor-widget-etheme_advanced_headline\" data-id=\"70bb434\" data-element_type=\"widget\" data-e-type=\"widget\" data-widget_type=\"etheme_advanced_headline.default\">\n\t\t\t\t<div class=\"elementor-widget-container\">\n\t\t\t\t\t        \n        <div class=\"etheme-a-h-wrapper\">\n        \n            \n\t\t\t\n        <h2 class=\"etheme-advanced-headline etheme-advanced-headline-mask\">\n\n            Des int\u00e9rieurs ruraux harmonieux\n        <\/h2>\n\t\t\n                    \n        <\/div>\n        \n\t\t\t\t\t\t<\/div>\n\t\t\t\t<\/div>\n\t\t\t\t\t<\/div>\n\t\t\t\t<\/div>\n\t\t<div class=\"elementor-element elementor-element-98525bb e-flex e-con-boxed e-con e-parent\" data-id=\"98525bb\" data-element_type=\"container\" data-e-type=\"container\" data-settings=\"{&quot;_ha_eqh_enable&quot;:false}\">\n\t\t\t\t\t<div class=\"e-con-inner\">\n\t\t\t\t<div class=\"elementor-element elementor-element-a6460a1 elementor-widget elementor-widget-text-editor\" data-id=\"a6460a1\" data-element_type=\"widget\" data-e-type=\"widget\" data-widget_type=\"text-editor.default\">\n\t\t\t\t<div class=\"elementor-widget-container\">\n\t\t\t\t\t\t\t\t\t<p>Les experts en d\u00e9coration d&#8217;int\u00e9rieur de Marcotte Style ont un sens in\u00e9gal\u00e9 des int\u00e9rieurs ruraux. Jean Jacques Soenen de Marcotte Style s&#8217;est forg\u00e9 une solide r\u00e9putation dans le domaine de la d\u00e9coration d&#8217;int\u00e9rieur \u00e9l\u00e9gante et harmonieuse pour les int\u00e9rieurs ruraux. En concertation avec le client, les designers passionn\u00e9s de Marcotte Style r\u00e9alisent l&#8217;int\u00e9rieur rural dont vous r\u00eavez.  <\/p>\n\t\t\t\t\t\t\t\t<\/div>\n\t\t\t\t<\/div>\n\t\t\t\t\t<\/div>\n\t\t\t\t<\/div>\n\t\t<div class=\"elementor-element elementor-element-ebc267b e-flex e-con-boxed e-con e-parent\" data-id=\"ebc267b\" data-element_type=\"container\" data-e-type=\"container\" data-settings=\"{&quot;_ha_eqh_enable&quot;:false}\">\n\t\t\t\t\t<div class=\"e-con-inner\">\n\t\t\t\t<div class=\"elementor-element elementor-element-b5766d9 elementor-align-left elementor-widget elementor-widget-etheme_advanced_headline\" data-id=\"b5766d9\" data-element_type=\"widget\" data-e-type=\"widget\" data-widget_type=\"etheme_advanced_headline.default\">\n\t\t\t\t<div class=\"elementor-widget-container\">\n\t\t\t\t\t        \n        <div class=\"etheme-a-h-wrapper\">\n        \n            \n\t\t\t\n        <h2 class=\"etheme-advanced-headline etheme-advanced-headline-mask\">\n\n            Am\u00e9nagement d'int\u00e9rieurs ruraux\n        <\/h2>\n\t\t\n                    \n        <\/div>\n        \n\t\t\t\t\t\t<\/div>\n\t\t\t\t<\/div>\n\t\t\t\t\t<\/div>\n\t\t\t\t<\/div>\n\t\t<div class=\"elementor-element elementor-element-df39d99 e-flex e-con-boxed e-con e-parent\" data-id=\"df39d99\" data-element_type=\"container\" data-e-type=\"container\" data-settings=\"{&quot;_ha_eqh_enable&quot;:false}\">\n\t\t\t\t\t<div class=\"e-con-inner\">\n\t\t\t\t<div class=\"elementor-element elementor-element-92b9d5d elementor-widget elementor-widget-text-editor\" data-id=\"92b9d5d\" data-element_type=\"widget\" data-e-type=\"widget\" data-widget_type=\"text-editor.default\">\n\t\t\t\t<div class=\"elementor-widget-container\">\n\t\t\t\t\t\t\t\t\t<p>L&#8217;am\u00e9nagement complet ou partiel d&#8217;habitations, d&#8217;h\u00f4tels, de restaurants, de villas et m\u00eame d&#8217;ambassades en Belgique et \u00e0 l&#8217;\u00e9tranger est le c\u0153ur de m\u00e9tier de Marcotte Style. Nos experts en d\u00e9coration d&#8217;int\u00e9rieur sont plus que quiconque au fait des derni\u00e8res tendances en mati\u00e8re d&#8217;int\u00e9rieurs ruraux. En tenant compte des moindres d\u00e9tails et facettes (poign\u00e9es, rev\u00eatements muraux, combinaisons de couleurs, design intelligent, etc.), nos experts en d\u00e9coration d&#8217;int\u00e9rieur s&#8217;efforcent toujours de cr\u00e9er des int\u00e9rieurs \u00e9l\u00e9gants, pratiques et agr\u00e9ables. ), nos experts en am\u00e9nagement int\u00e9rieur s&#8217;efforcent toujours de cr\u00e9er des int\u00e9rieurs \u00e9l\u00e9gants, pratiques et agr\u00e9ables, en \u00e9troite collaboration avec le client.   <\/p>\n\t\t\t\t\t\t\t\t<\/div>\n\t\t\t\t<\/div>\n\t\t\t\t\t<\/div>\n\t\t\t\t<\/div>\n\t\t<div class=\"elementor-element elementor-element-8eb3a79 e-flex e-con-boxed e-con e-parent\" data-id=\"8eb3a79\" data-element_type=\"container\" data-e-type=\"container\" data-settings=\"{&quot;_ha_eqh_enable&quot;:false}\">\n\t\t\t\t\t<div class=\"e-con-inner\">\n\t\t\t\t<div class=\"elementor-element elementor-element-4b1e31c elementor-widget elementor-widget-shortcode\" data-id=\"4b1e31c\" data-element_type=\"widget\" data-e-type=\"widget\" data-widget_type=\"shortcode.default\">\n\t\t\t\t<div class=\"elementor-widget-container\">\n\t\t\t\t\t\t\t<div class=\"elementor-shortcode\">ngg_shortcode_0_placeholder<\/div>\n\t\t\t\t\t\t<\/div>\n\t\t\t\t<\/div>\n\t\t\t\t<div class=\"elementor-element elementor-element-d86f383 elementor-widget elementor-widget-spacer\" data-id=\"d86f383\" data-element_type=\"widget\" data-e-type=\"widget\" data-widget_type=\"spacer.default\">\n\t\t\t\t<div class=\"elementor-widget-container\">\n\t\t\t\t\t\t\t<div class=\"elementor-spacer\">\n\t\t\t<div class=\"elementor-spacer-inner\"><\/div>\n\t\t<\/div>\n\t\t\t\t\t\t<\/div>\n\t\t\t\t<\/div>\n\t\t\t\t\t<\/div>\n\t\t\t\t<\/div>\n\t\t<div class=\"elementor-element elementor-element-eba7e1c e-flex e-con-boxed e-con e-parent\" data-id=\"eba7e1c\" data-element_type=\"container\" data-e-type=\"container\" data-settings=\"{&quot;_ha_eqh_enable&quot;:false}\">\n\t\t\t\t\t<div class=\"e-con-inner\">\n\t\t\t\t<div class=\"elementor-element elementor-element-a37329a elementor-align-left elementor-widget elementor-widget-etheme_advanced_headline\" data-id=\"a37329a\" data-element_type=\"widget\" data-e-type=\"widget\" data-widget_type=\"etheme_advanced_headline.default\">\n\t\t\t\t<div class=\"elementor-widget-container\">\n\t\t\t\t\t        \n        <div class=\"etheme-a-h-wrapper\">\n        \n            \n\t\t\t\n        <h2 class=\"etheme-advanced-headline etheme-advanced-headline-mask\">\n\n            Meubles pour int\u00e9rieurs campagnards\n        <\/h2>\n\t\t\n                    \n        <\/div>\n        \n\t\t\t\t\t\t<\/div>\n\t\t\t\t<\/div>\n\t\t\t\t\t<\/div>\n\t\t\t\t<\/div>\n\t\t<div class=\"elementor-element elementor-element-c7f41de e-flex e-con-boxed e-con e-parent\" data-id=\"c7f41de\" data-element_type=\"container\" data-e-type=\"container\" data-settings=\"{&quot;_ha_eqh_enable&quot;:false}\">\n\t\t\t\t\t<div class=\"e-con-inner\">\n\t\t\t\t<div class=\"elementor-element elementor-element-9aec6d9 elementor-widget elementor-widget-text-editor\" data-id=\"9aec6d9\" data-element_type=\"widget\" data-e-type=\"widget\" data-widget_type=\"text-editor.default\">\n\t\t\t\t<div class=\"elementor-widget-container\">\n\t\t\t\t\t\t\t\t\t<p>Comme Marcotte propose des meubles, des rideaux, des tapis, des tentures, des volets et des accessoires pour la maison issus des derni\u00e8res grandes collections, nous pouvons faire des merveilles en termes d&#8217;ameublement total dans tous les types d&#8217;int\u00e9rieurs ruraux. Nous sommes d&#8217;ailleurs particuli\u00e8rement fiers de notre propre collection haut de gamme (meubles sur mesure !). En outre, la combinaison de nos propres meubles de notre collection de pointe avec les meilleures pi\u00e8ces d&#8217;autres fournisseurs de pointe permet \u00e0 nos designers exp\u00e9riment\u00e9s de mettre en valeur les int\u00e9rieurs ruraux qui veulent rayonner d&#8217;une classe absolue. Avantage suppl\u00e9mentaire : sur les pi\u00e8ces de notre propre collection, vous b\u00e9n\u00e9ficiez d&#8217;une r\u00e9duction suppl\u00e9mentaire qui peut neutraliser compl\u00e8tement le prix. Si vous choisissez de travailler avec Marcotte Style pour cr\u00e9er un int\u00e9rieur rural, vous ne le regretterez pas.    <\/p>\n\t\t\t\t\t\t\t\t<\/div>\n\t\t\t\t<\/div>\n\t\t\t\t\t<\/div>\n\t\t\t\t<\/div>\n\t\t<div class=\"elementor-element elementor-element-bc64699 e-flex e-con-boxed e-con e-parent\" data-id=\"bc64699\" data-element_type=\"container\" data-e-type=\"container\" data-settings=\"{&quot;_ha_eqh_enable&quot;:false}\">\n\t\t\t\t\t<div class=\"e-con-inner\">\n\t\t\t\t<div class=\"elementor-element elementor-element-7a09405 elementor-align-left elementor-widget elementor-widget-etheme_advanced_headline\" data-id=\"7a09405\" data-element_type=\"widget\" data-e-type=\"widget\" data-widget_type=\"etheme_advanced_headline.default\">\n\t\t\t\t<div class=\"elementor-widget-container\">\n\t\t\t\t\t        \n        <div class=\"etheme-a-h-wrapper\">\n        \n            \n\t\t\t\n        <h2 class=\"etheme-advanced-headline etheme-advanced-headline-mask\">\n\n            Int\u00e9rieur rural dans une maison de ville\n        <\/h2>\n\t\t\n                    \n        <\/div>\n        \n\t\t\t\t\t\t<\/div>\n\t\t\t\t<\/div>\n\t\t\t\t\t<\/div>\n\t\t\t\t<\/div>\n\t\t<div class=\"elementor-element elementor-element-f223a29 e-flex e-con-boxed e-con e-parent\" data-id=\"f223a29\" data-element_type=\"container\" data-e-type=\"container\" data-settings=\"{&quot;_ha_eqh_enable&quot;:false}\">\n\t\t\t\t\t<div class=\"e-con-inner\">\n\t\t\t\t<div class=\"elementor-element elementor-element-6414e8a elementor-widget elementor-widget-text-editor\" data-id=\"6414e8a\" data-element_type=\"widget\" data-e-type=\"widget\" data-widget_type=\"text-editor.default\">\n\t\t\t\t<div class=\"elementor-widget-container\">\n\t\t\t\t\t\t\t\t\t<p>Quand on pense \u00e0 un int\u00e9rieur rural, on pense imm\u00e9diatement \u00e0 des clich\u00e9s tels que la chemin\u00e9e confortable, le fauteuil en tissu, etc. Mais ceux qui osent envisager un int\u00e9rieur campagnard avec des \u00e9l\u00e9ments plus modernes et frais (pensez au style plus a\u00e9r\u00e9 de Long Island, par exemple) peuvent combiner le meilleur des deux mondes. Marcotte Style poss\u00e8de le savoir-faire, l&#8217;exp\u00e9rience et les mat\u00e9riaux n\u00e9cessaires pour trouver un \u00e9quilibre \u00e9clectique unique dans lequel un style d&#8217;int\u00e9rieur rural est int\u00e9gr\u00e9 de mani\u00e8re homog\u00e8ne dans un ensemble \u00e9clectique. Chez Marcotte Style, rural n&#8217;est pas synonyme de ringard. Au contraire.    <\/p>\n<p>Mais comme vous pouvez le constater, il est tout \u00e0 fait possible de &#8220;vivre \u00e0 la campagne&#8221; en ville. En effet, vous pouvez cr\u00e9er un int\u00e9rieur rural n&#8217;importe o\u00f9, m\u00eame dans un appartement ou une maison de ville.<\/p>\n\t\t\t\t\t\t\t\t<\/div>\n\t\t\t\t<\/div>\n\t\t\t\t\t<\/div>\n\t\t\t\t<\/div>\n\t\t<div class=\"elementor-element elementor-element-b8824c8 e-flex e-con-boxed e-con e-parent\" data-id=\"b8824c8\" data-element_type=\"container\" data-e-type=\"container\" data-settings=\"{&quot;_ha_eqh_enable&quot;:false}\">\n\t\t\t\t\t<div class=\"e-con-inner\">\n\t\t\t\t<div class=\"elementor-element elementor-element-b85b7a9 elementor-widget elementor-widget-spacer\" data-id=\"b85b7a9\" data-element_type=\"widget\" data-e-type=\"widget\" data-widget_type=\"spacer.default\">\n\t\t\t\t<div class=\"elementor-widget-container\">\n\t\t\t\t\t\t\t<div class=\"elementor-spacer\">\n\t\t\t<div class=\"elementor-spacer-inner\"><\/div>\n\t\t<\/div>\n\t\t\t\t\t\t<\/div>\n\t\t\t\t<\/div>\n\t\t\t\t\t<\/div>\n\t\t\t\t<\/div>\n\t\t\t\t<\/div>\n\t\t","protected":false},"excerpt":{"rendered":"<p>RURAL INTERIOR D\u00e9corer un int\u00e9rieur campagnard \u00e9l\u00e9gant dans le style cottage anglais, style long island ou autre style classique est un d\u00e9fi que Marcotte Style&#8230;<\/p>\n","protected":false},"author":2,"featured_media":0,"parent":0,"menu_order":3,"comment_status":"closed","ping_status":"closed","template":"elementor_header_footer","meta":{"ngg_post_thumbnail":0,"footnotes":""},"class_list":["post-5688","page","type-page","status-publish","hentry"],"_links":{"self":[{"href":"https:\/\/marcottestyle.com\/fr\/wp-json\/wp\/v2\/pages\/5688","targetHints":{"allow":["GET"]}}],"collection":[{"href":"https:\/\/marcottestyle.com\/fr\/wp-json\/wp\/v2\/pages"}],"about":[{"href":"https:\/\/marcottestyle.com\/fr\/wp-json\/wp\/v2\/types\/page"}],"author":[{"embeddable":true,"href":"https:\/\/marcottestyle.com\/fr\/wp-json\/wp\/v2\/users\/2"}],"replies":[{"embeddable":true,"href":"https:\/\/marcottestyle.com\/fr\/wp-json\/wp\/v2\/comments?post=5688"}],"version-history":[{"count":2,"href":"https:\/\/marcottestyle.com\/fr\/wp-json\/wp\/v2\/pages\/5688\/revisions"}],"predecessor-version":[{"id":5820,"href":"https:\/\/marcottestyle.com\/fr\/wp-json\/wp\/v2\/pages\/5688\/revisions\/5820"}],"wp:attachment":[{"href":"https:\/\/marcottestyle.com\/fr\/wp-json\/wp\/v2\/media?parent=5688"}],"curies":[{"name":"wp","href":"https:\/\/api.w.org\/{rel}","templated":true}]}}