{"id":5689,"date":"2018-02-13T09:33:58","date_gmt":"2018-02-13T08:33:58","guid":{"rendered":"http:\/\/marcottestyle.com\/?page_id=5689"},"modified":"2018-02-21T15:41:03","modified_gmt":"2018-02-21T14:41:03","slug":"style-du-sud","status":"publish","type":"page","link":"https:\/\/marcottestyle.com\/fr\/style-du-sud\/","title":{"rendered":"Style du sud"},"content":{"rendered":"<p>Les vacances, la mer et le soleil doivent \u00eatre le premier sentiment dans ce style. L&#8217;int\u00e9rieur peut alors anticiper sur le contemporain moderne et pourquoi pas sur une version personnalis\u00e9e du style cottage avec beaucoup de couleurs claire. L\u2019architecte d\u2019int\u00e9rieur mettra l&#8217;accent sur la vie en plein air. Les terrasses vont donc jouer un r\u00f4le primordial avec ses meubles de jardin. L\u2019am\u00e9nagement de l&#8217;int\u00e9rieur devient donc une extension de l&#8217;ext\u00e9rieur. Les deux vont main dans la main, o\u00f9 le seuil entre eux dispara\u00eet pour en faire une unit\u00e9. C&#8217;est une chose harmonieuse. Cette unit\u00e9 sera prolong\u00e9e \u00e9galement dans les couleurs qui se fondent l\u2019un dans l\u2019autre, aussi bien \u00e0 l\u2019int\u00e9rieur que l\u2019ext\u00e9rieur.<\/p>\n<p>[seo-gallery type=&#8221;3-columns&#8221; taxonomy=&#8221;96&#8243; num=&#8221;4,11&#8243;]<\/p>\n<p>Contactez-nous\u00a0sans engagement ou\u00a0d\u00e9couvrez nos r\u00e9alisations<\/p>\n","protected":false},"excerpt":{"rendered":"<p>Les vacances, la mer et le soleil doivent \u00eatre le premier sentiment dans ce style. L&#8217;int\u00e9rieur peut alors anticiper sur le contemporain moderne et pourquoi&#8230;<\/p>\n","protected":false},"author":2,"featured_media":0,"parent":0,"menu_order":8,"comment_status":"closed","ping_status":"closed","template":"elementor_header_footer","meta":{"ngg_post_thumbnail":0,"footnotes":""},"class_list":["post-5689","page","type-page","status-publish","hentry"],"_links":{"self":[{"href":"https:\/\/marcottestyle.com\/fr\/wp-json\/wp\/v2\/pages\/5689","targetHints":{"allow":["GET"]}}],"collection":[{"href":"https:\/\/marcottestyle.com\/fr\/wp-json\/wp\/v2\/pages"}],"about":[{"href":"https:\/\/marcottestyle.com\/fr\/wp-json\/wp\/v2\/types\/page"}],"author":[{"embeddable":true,"href":"https:\/\/marcottestyle.com\/fr\/wp-json\/wp\/v2\/users\/2"}],"replies":[{"embeddable":true,"href":"https:\/\/marcottestyle.com\/fr\/wp-json\/wp\/v2\/comments?post=5689"}],"version-history":[{"count":2,"href":"https:\/\/marcottestyle.com\/fr\/wp-json\/wp\/v2\/pages\/5689\/revisions"}],"predecessor-version":[{"id":5691,"href":"https:\/\/marcottestyle.com\/fr\/wp-json\/wp\/v2\/pages\/5689\/revisions\/5691"}],"wp:attachment":[{"href":"https:\/\/marcottestyle.com\/fr\/wp-json\/wp\/v2\/media?parent=5689"}],"curies":[{"name":"wp","href":"https:\/\/api.w.org\/{rel}","templated":true}]}}