{"id":5692,"date":"2018-02-12T17:24:46","date_gmt":"2018-02-12T16:24:46","guid":{"rendered":"http:\/\/marcottestyle.com\/?page_id=5692"},"modified":"2019-12-31T14:49:51","modified_gmt":"2019-12-31T13:49:51","slug":"interieur-campagnard-contemporain","status":"publish","type":"page","link":"https:\/\/marcottestyle.com\/fr\/interieur-campagnard-contemporain\/","title":{"rendered":"Int\u00e9rieur campagnard contemporain"},"content":{"rendered":"<p>Le style campagnard, ex\u00e9cut\u00e9 dans un style contemporain, apporte g\u00e9n\u00e9ralement une maison contemporaine un peu de confort. La maison doit bien s\u00fbr rester en harmonie avec l&#8217;environnement. Un m\u00e9lange de style contemporain et champ\u00eatre est donc parfois tr\u00e8s agr\u00e9able. Le confort chaleureux d&#8217;un c\u00f4t\u00e9 et le confort \u00e9l\u00e9gant se compl\u00e8tent mutuellement.<\/p>\n<p>[seo-gallery type=&#8221;3-columns&#8221; taxonomy=&#8221;94&#8243; num=&#8221;4,11&#8243;]<\/p>\n<h3>Int\u00e9rieur \u00e9l\u00e9gant et rural<\/h3>\n<p>C&#8217;est un style id\u00e9al si vous voulez faire un compromis entre deux styles originaux. Le consultant d&#8217;int\u00e9rieur devra soigneusement tout coordonner \u00e0 nouveau. Le mobilier joue un r\u00f4le tr\u00e8s important dans ce style. Par exemple, une unit\u00e9 murale avec TV int\u00e9gr\u00e9e qui fait dispara\u00eetre l&#8217;unit\u00e9 \u00e0 travers un mur mur\u00e9. Jouer avec les couleurs est un autre \u00e9l\u00e9ment important de ce style. De cette fa\u00e7on, diff\u00e9rentes couleurs pastel claires peuvent am\u00e9liorer la sensation de l&#8217;int\u00e9rieur. Une brillance \u00e9lev\u00e9e peut \u00e9galement s&#8217;appliquer, de sorte que le m\u00e9lange de gadgets de haute technologie et de panneaux chauds ordinaires peut aller de pair. De cette fa\u00e7on, Marcotte cr\u00e9e un style que nous appelons \u00e9l\u00e9gant \u00e0 l&#8217;\u00e9chelle international : le style rural contemporain.<\/p>\n<blockquote><p><span style=\"display: inline !important; float: none; background-color: #ffffff; color: #000000; font-family: Arial,sans-serif; font-size: 22.53px; font-style: normal; font-variant: normal; font-weight: 400; letter-spacing: normal; orphans: 2; text-align: center; text-decoration: none; text-indent: 0px; text-transform: none; -webkit-text-stroke-width: 0px; white-space: normal; word-spacing: 0px;\">Vivre \u00e0 la campagne? Un style contemporain qui respire les charmes de la vieille Angleterre. Le mobilier sp\u00e9cialement con\u00e7u rend l&#8217;image compl\u00e8te.<\/span><\/p><\/blockquote>\n<p>[seo-gallery type=&#8221;4-columns&#8221; taxonomy=&#8221;94&#8243; num=&#8221;4,11&#8243;]<\/p>\n<h3>Een perfect hedendaags landelijk interieur:<\/h3>\n<p>Un int\u00e9rieur rural parfaitement contemporain:<br \/>\nMarcottestyle reste certainement l&#8217;architecte d&#8217;int\u00e9rieur le plus acclam\u00e9, sp\u00e9cialis\u00e9 dans le style chaleureux de style champ\u00eatre. Au cours des derni\u00e8res ann\u00e9es, seules des lignes \u00e9pur\u00e9es ont \u00e9t\u00e9 ajout\u00e9es \u00e0 ce style afin d&#8217;arriver \u00e0 un compromis plus en phase avec le style contemporain. Contemporain et national font une belle combinaison avec toujours un clin d&#8217;\u0153il au national. Le confort et la sensation chaleureuse d&#8217;un int\u00e9rieur de style champ\u00eatre continuent donc de jouer son r\u00f4le ici. Chez Marcottestyle, chaque maison totalement meubl\u00e9e est une unit\u00e9 de confort avec une sensation chaleureuse et confortable.<br \/>\nJetez un coup d&#8217;\u0153il \u00e0 certains am\u00e9nagements d\u2019int\u00e9rieur que <a href=\"https:\/\/marcottestyle.com\/fr\/portfolio\/\">Marcottestyle a pu r\u00e9aliser au cours<\/a> des 15 derni\u00e8res ann\u00e9es.<\/p>\n<p>&nbsp;<\/p>\n","protected":false},"excerpt":{"rendered":"<p>Le style campagnard, ex\u00e9cut\u00e9 dans un style contemporain, apporte g\u00e9n\u00e9ralement une maison contemporaine un peu de confort. La maison doit bien s\u00fbr rester en harmonie&#8230;<\/p>\n","protected":false},"author":2,"featured_media":0,"parent":0,"menu_order":5,"comment_status":"closed","ping_status":"closed","template":"elementor_header_footer","meta":{"ngg_post_thumbnail":0,"footnotes":""},"class_list":["post-5692","page","type-page","status-publish","hentry"],"_links":{"self":[{"href":"https:\/\/marcottestyle.com\/fr\/wp-json\/wp\/v2\/pages\/5692","targetHints":{"allow":["GET"]}}],"collection":[{"href":"https:\/\/marcottestyle.com\/fr\/wp-json\/wp\/v2\/pages"}],"about":[{"href":"https:\/\/marcottestyle.com\/fr\/wp-json\/wp\/v2\/types\/page"}],"author":[{"embeddable":true,"href":"https:\/\/marcottestyle.com\/fr\/wp-json\/wp\/v2\/users\/2"}],"replies":[{"embeddable":true,"href":"https:\/\/marcottestyle.com\/fr\/wp-json\/wp\/v2\/comments?post=5692"}],"version-history":[{"count":6,"href":"https:\/\/marcottestyle.com\/fr\/wp-json\/wp\/v2\/pages\/5692\/revisions"}],"predecessor-version":[{"id":13227,"href":"https:\/\/marcottestyle.com\/fr\/wp-json\/wp\/v2\/pages\/5692\/revisions\/13227"}],"wp:attachment":[{"href":"https:\/\/marcottestyle.com\/fr\/wp-json\/wp\/v2\/media?parent=5692"}],"curies":[{"name":"wp","href":"https:\/\/api.w.org\/{rel}","templated":true}]}}